{"id":1473,"date":"2018-05-14T11:15:22","date_gmt":"2018-05-14T14:15:22","guid":{"rendered":"http:\/\/gbnet.com.br\/v3\/?page_id=1473"},"modified":"2021-11-12T09:00:04","modified_gmt":"2021-11-12T12:00:04","slug":"printevolve","status":"publish","type":"page","link":"http:\/\/gbnet.com.br\/v3\/printevolve\/","title":{"rendered":"PrintEvolve"},"content":{"rendered":"<p class=\"TextoNormal\"><strong>A Suite PrintEvolve \u00e9 a solu\u00e7\u00e3o \u201call-in-one\u201d para qualquer organiza\u00e7\u00e3o que procura otimizar o seu ambiente de impress\u00e3o e permitir\u00e1 facilmente:<\/strong><\/p>\n<ul class=\"TextoPequenoBold\">\n<li>\n<div align=\"justify\">Manter uma consci\u00eancia permanente de atividade das impressoras e Multi-funcionais, melhorando o controle e bilhetagem;<\/div>\n<\/li>\n<li>\n<div align=\"justify\">Gerenciar proativamente a atividade do usu\u00e1rio para diminuir os custos e reduzir o desperd\u00edcio;<\/div>\n<\/li>\n<li>\n<div align=\"justify\">Direcionar e rotear dinamicamente os trabalhos de impress\u00e3o para uma maior efici\u00eancia e seguran\u00e7a.<\/div>\n<\/li>\n<\/ul>\n<p class=\"TextoNormal\">Por ser uma das solu\u00e7\u00f5es mais completas e robustas do mercado, \u00e9 utilizada mundialmente pela HP em seus clientes e projetos, e tamb\u00e9m por diversas revendas e empresas de Outsourcing.<\/p>\n<p>Veja abaixo o que essa suite pode oferecer para a sua empresa ou projeto de outsourcing de impress\u00e3o:<\/p>\n<p class=\"TextoNormal\"><a href=\"https:\/\/i0.wp.com\/www.gbnet.com.br\/blog\/wp-content\/uploads\/PEjobaccounting.png\"><img data-recalc-dims=\"1\" loading=\"lazy\" decoding=\"async\" title=\"PE-job-accounting\" src=\"https:\/\/i0.wp.com\/www.gbnet.com.br\/blog\/wp-content\/uploads\/PEjobaccounting_thumb.png?resize=100%2C116\" alt=\"PE-job-accounting\" width=\"100\" height=\"116\" align=\"left\" border=\"0\" \/><\/a>1.\u00a0\u00a0<strong>Bilhetagem\u00a0<\/strong>: Atrav\u00e9s do software\u00a0Megatrack, a contabiliza\u00e7\u00e3o de todas as p\u00e1ginas impressas no ambiente pode ser realizada de forma segura e eficaz, garantido um perfeito ciclo de administra\u00e7\u00e3o da impress\u00e3o corporativa. Dessa maneira ser\u00e1 poss\u00edvel dizer por exemplo quantas p\u00e1ginas coloridas e quantas PB um usu\u00e1rio, grupo de usu\u00e1rios ou departamento imprimiu e quanto isso custou.<\/p>\n<p class=\"TextoNormal\"><a href=\"https:\/\/i0.wp.com\/www.gbnet.com.br\/blog\/wp-content\/uploads\/peipm.png\"><img data-recalc-dims=\"1\" loading=\"lazy\" decoding=\"async\" title=\"pe-ipm\" src=\"https:\/\/i0.wp.com\/www.gbnet.com.br\/blog\/wp-content\/uploads\/peipm_thumb.png?resize=100%2C116\" alt=\"pe-ipm\" width=\"100\" height=\"116\" align=\"left\" border=\"0\" \/><\/a>2.\u00a0<strong>Pol\u00edtica de Impress\u00e3o<\/strong>: O solu\u00e7\u00e3o\u00a0IPM (Intelligent Print Management)\u00a0permite aplicar regras para as pol\u00edticas de impress\u00e3o, de forma compuls\u00f3ria ou n\u00e3o. Exemplos de regras: for\u00e7ar as impress\u00f5es em duplex e economode afim de reduzir custos, automaticamente direcionar impress\u00f5es volumosas para uma impressora com melhor custo p\u00e1gina, bloquear as impress\u00f5es de e-mails para um departamento ou grupo de usu\u00e1rios, imprimir login do usu\u00e1rio no rodap\u00e9 da p\u00e1gina impressa e etc.<\/p>\n<p class=\"TextoNormal\"><a href=\"https:\/\/i0.wp.com\/www.gbnet.com.br\/blog\/wp-content\/uploads\/pedpr.png\"><img data-recalc-dims=\"1\" loading=\"lazy\" decoding=\"async\" title=\"pe-dpr\" src=\"https:\/\/i0.wp.com\/www.gbnet.com.br\/blog\/wp-content\/uploads\/pedpr_thumb.png?resize=100%2C116\" alt=\"pe-dpr\" width=\"100\" height=\"116\" align=\"left\" border=\"0\" \/><\/a>3.\u00a0<strong>Pull Printing<\/strong>: A gest\u00e3o do parque de multifuncionais ganha for\u00e7a com o uso do\u00a0Dynamic Print Routing (DPR), que trabalha com a tecnologia Pull Printing na qual h\u00e1 uma \u00fanica fila de impress\u00e3o. Isso permite que um usu\u00e1rio mande uma impress\u00e3o e a retire na impressora que desejar e quando quiser, de forma segura, seja atrav\u00e9s de um PIN num\u00e9rico, Crach\u00e1 de proximidade ou at\u00e9 mesmo utilizando o seu smartphone ou tablet.<\/p>\n<p class=\"TextoNormal\"><a href=\"https:\/\/i0.wp.com\/www.gbnet.com.br\/blog\/wp-content\/uploads\/peda.png\"><img data-recalc-dims=\"1\" loading=\"lazy\" decoding=\"async\" title=\"pe-da\" src=\"https:\/\/i0.wp.com\/www.gbnet.com.br\/blog\/wp-content\/uploads\/peda_thumb.png?resize=100%2C116\" alt=\"pe-da\" width=\"100\" height=\"116\" align=\"left\" border=\"0\" \/><\/a>4.\u00a0<strong>An\u00e1lise do Ambiente de Impress\u00e3o<\/strong>: O\u00a0Device Analysis\u00a0permite, de forma simples, fazer uma an\u00e1lise e auditoria do ambiente encontrando seus pontos fracos ou potenciais de melhoria. Exibe atrav\u00e9s de gr\u00e1ficos e relat\u00f3rios informa\u00e7\u00f5es importantes que ir\u00e3o ajudar sua empresa a tomar decis\u00f5es quanto ao parque de impress\u00e3o, como por exemplo: custo impress\u00e3o colorido x mono, gest\u00e3o\/controle de consum\u00edveis, n\u00famero MFP x impressoras, p\u00e1ginas duplex x simples, etc.<\/p>\n<p class=\"TextoNormal\" align=\"justify\"><strong>Com essa poderosa suite o PrintEvolve est\u00e1 pronto para assumir seu ambiente de impress\u00e3o e elev\u00e1-lo para novos n\u00edveis de efici\u00eancia, seguran\u00e7a e produtividade.<\/strong><\/p>\n<p class=\"TextoNormal\" align=\"justify\">Para maiores detalhes dessa solu\u00e7\u00e3o entre em contato.<\/p>\n","protected":false},"excerpt":{"rendered":"<p>A Suite PrintEvolve \u00e9 a solu\u00e7\u00e3o \u201call-in-one\u201d para qualquer organiza\u00e7\u00e3o que procura otimizar o seu ambiente de impress\u00e3o e permitir\u00e1 facilmente: Manter uma consci\u00eancia permanente de atividade das impressoras e Multi-funcionais, melhorando o controle e bilhetagem; Gerenciar proativamente a atividade do usu\u00e1rio para diminuir os custos e reduzir o desperd\u00edcio; Direcionar e rotear dinamicamente os &hellip;<\/p>\n","protected":false},"author":1,"featured_media":0,"parent":0,"menu_order":0,"comment_status":"closed","ping_status":"closed","template":"","meta":{"_acf_changed":false,"jetpack_post_was_ever_published":false,"_joinchat":[],"footnotes":""},"class_list":["post-1473","page","type-page","status-publish","hentry"],"acf":[],"yoast_head":"<!-- This site is optimized with the Yoast SEO plugin v27.4 - https:\/\/yoast.com\/product\/yoast-seo-wordpress\/ -->\n<title>PrintEvolve -<\/title>\n<meta name=\"robots\" content=\"index, follow, max-snippet:-1, max-image-preview:large, max-video-preview:-1\" \/>\n<link rel=\"canonical\" href=\"http:\/\/gbnet.com.br\/v3\/printevolve\/\" \/>\n<meta property=\"og:locale\" content=\"pt_BR\" \/>\n<meta property=\"og:type\" content=\"article\" \/>\n<meta property=\"og:title\" content=\"PrintEvolve -\" \/>\n<meta property=\"og:description\" content=\"A Suite PrintEvolve \u00e9 a solu\u00e7\u00e3o \u201call-in-one\u201d para qualquer organiza\u00e7\u00e3o que procura otimizar o seu ambiente de impress\u00e3o e permitir\u00e1 facilmente: Manter uma consci\u00eancia permanente de atividade das impressoras e Multi-funcionais, melhorando o controle e bilhetagem; Gerenciar proativamente a atividade do usu\u00e1rio para diminuir os custos e reduzir o desperd\u00edcio; Direcionar e rotear dinamicamente os &hellip;\" \/>\n<meta property=\"og:url\" content=\"http:\/\/gbnet.com.br\/v3\/printevolve\/\" \/>\n<meta property=\"article:modified_time\" content=\"2021-11-12T12:00:04+00:00\" \/>\n<meta property=\"og:image\" content=\"http:\/\/www.gbnet.com.br\/blog\/wp-content\/uploads\/PEjobaccounting_thumb.png\" \/>\n<meta name=\"twitter:card\" content=\"summary_large_image\" \/>\n<meta name=\"twitter:label1\" content=\"Est. tempo de leitura\" \/>\n\t<meta name=\"twitter:data1\" content=\"3 minutos\" \/>\n<script type=\"application\/ld+json\" class=\"yoast-schema-graph\">{\"@context\":\"https:\\\/\\\/schema.org\",\"@graph\":[{\"@type\":\"WebPage\",\"@id\":\"http:\\\/\\\/gbnet.com.br\\\/v3\\\/printevolve\\\/\",\"url\":\"http:\\\/\\\/gbnet.com.br\\\/v3\\\/printevolve\\\/\",\"name\":\"PrintEvolve -\",\"isPartOf\":{\"@id\":\"http:\\\/\\\/gbnet.com.br\\\/v3\\\/#website\"},\"primaryImageOfPage\":{\"@id\":\"http:\\\/\\\/gbnet.com.br\\\/v3\\\/printevolve\\\/#primaryimage\"},\"image\":{\"@id\":\"http:\\\/\\\/gbnet.com.br\\\/v3\\\/printevolve\\\/#primaryimage\"},\"thumbnailUrl\":\"http:\\\/\\\/www.gbnet.com.br\\\/blog\\\/wp-content\\\/uploads\\\/PEjobaccounting_thumb.png\",\"datePublished\":\"2018-05-14T14:15:22+00:00\",\"dateModified\":\"2021-11-12T12:00:04+00:00\",\"breadcrumb\":{\"@id\":\"http:\\\/\\\/gbnet.com.br\\\/v3\\\/printevolve\\\/#breadcrumb\"},\"inLanguage\":\"pt-BR\",\"potentialAction\":[{\"@type\":\"ReadAction\",\"target\":[\"http:\\\/\\\/gbnet.com.br\\\/v3\\\/printevolve\\\/\"]}]},{\"@type\":\"ImageObject\",\"inLanguage\":\"pt-BR\",\"@id\":\"http:\\\/\\\/gbnet.com.br\\\/v3\\\/printevolve\\\/#primaryimage\",\"url\":\"http:\\\/\\\/www.gbnet.com.br\\\/blog\\\/wp-content\\\/uploads\\\/PEjobaccounting_thumb.png\",\"contentUrl\":\"http:\\\/\\\/www.gbnet.com.br\\\/blog\\\/wp-content\\\/uploads\\\/PEjobaccounting_thumb.png\"},{\"@type\":\"BreadcrumbList\",\"@id\":\"http:\\\/\\\/gbnet.com.br\\\/v3\\\/printevolve\\\/#breadcrumb\",\"itemListElement\":[{\"@type\":\"ListItem\",\"position\":1,\"name\":\"In\u00edcio\",\"item\":\"http:\\\/\\\/gbnet.com.br\\\/v3\\\/\"},{\"@type\":\"ListItem\",\"position\":2,\"name\":\"PrintEvolve\"}]},{\"@type\":\"WebSite\",\"@id\":\"http:\\\/\\\/gbnet.com.br\\\/v3\\\/#website\",\"url\":\"http:\\\/\\\/gbnet.com.br\\\/v3\\\/\",\"name\":\"\",\"description\":\"Transformamos dados em informa\u00e7\u00f5es - GB Network &amp; Print\",\"publisher\":{\"@id\":\"http:\\\/\\\/gbnet.com.br\\\/v3\\\/#organization\"},\"potentialAction\":[{\"@type\":\"SearchAction\",\"target\":{\"@type\":\"EntryPoint\",\"urlTemplate\":\"http:\\\/\\\/gbnet.com.br\\\/v3\\\/?s={search_term_string}\"},\"query-input\":{\"@type\":\"PropertyValueSpecification\",\"valueRequired\":true,\"valueName\":\"search_term_string\"}}],\"inLanguage\":\"pt-BR\"},{\"@type\":\"Organization\",\"@id\":\"http:\\\/\\\/gbnet.com.br\\\/v3\\\/#organization\",\"name\":\"GB Network & Print\",\"url\":\"http:\\\/\\\/gbnet.com.br\\\/v3\\\/\",\"logo\":{\"@type\":\"ImageObject\",\"inLanguage\":\"pt-BR\",\"@id\":\"http:\\\/\\\/gbnet.com.br\\\/v3\\\/#\\\/schema\\\/logo\\\/image\\\/\",\"url\":\"https:\\\/\\\/i0.wp.com\\\/gbnet.com.br\\\/v3\\\/wp-content\\\/uploads\\\/2018\\\/03\\\/logoGB-OK-e1521838575299.png?fit=120%2C122\",\"contentUrl\":\"https:\\\/\\\/i0.wp.com\\\/gbnet.com.br\\\/v3\\\/wp-content\\\/uploads\\\/2018\\\/03\\\/logoGB-OK-e1521838575299.png?fit=120%2C122\",\"width\":120,\"height\":122,\"caption\":\"GB Network & Print\"},\"image\":{\"@id\":\"http:\\\/\\\/gbnet.com.br\\\/v3\\\/#\\\/schema\\\/logo\\\/image\\\/\"}}]}<\/script>\n<!-- \/ Yoast SEO plugin. -->","yoast_head_json":{"title":"PrintEvolve -","robots":{"index":"index","follow":"follow","max-snippet":"max-snippet:-1","max-image-preview":"max-image-preview:large","max-video-preview":"max-video-preview:-1"},"canonical":"http:\/\/gbnet.com.br\/v3\/printevolve\/","og_locale":"pt_BR","og_type":"article","og_title":"PrintEvolve -","og_description":"A Suite PrintEvolve \u00e9 a solu\u00e7\u00e3o \u201call-in-one\u201d para qualquer organiza\u00e7\u00e3o que procura otimizar o seu ambiente de impress\u00e3o e permitir\u00e1 facilmente: Manter uma consci\u00eancia permanente de atividade das impressoras e Multi-funcionais, melhorando o controle e bilhetagem; Gerenciar proativamente a atividade do usu\u00e1rio para diminuir os custos e reduzir o desperd\u00edcio; Direcionar e rotear dinamicamente os &hellip;","og_url":"http:\/\/gbnet.com.br\/v3\/printevolve\/","article_modified_time":"2021-11-12T12:00:04+00:00","og_image":[{"url":"http:\/\/www.gbnet.com.br\/blog\/wp-content\/uploads\/PEjobaccounting_thumb.png","type":"","width":"","height":""}],"twitter_card":"summary_large_image","twitter_misc":{"Est. tempo de leitura":"3 minutos"},"schema":{"@context":"https:\/\/schema.org","@graph":[{"@type":"WebPage","@id":"http:\/\/gbnet.com.br\/v3\/printevolve\/","url":"http:\/\/gbnet.com.br\/v3\/printevolve\/","name":"PrintEvolve -","isPartOf":{"@id":"http:\/\/gbnet.com.br\/v3\/#website"},"primaryImageOfPage":{"@id":"http:\/\/gbnet.com.br\/v3\/printevolve\/#primaryimage"},"image":{"@id":"http:\/\/gbnet.com.br\/v3\/printevolve\/#primaryimage"},"thumbnailUrl":"http:\/\/www.gbnet.com.br\/blog\/wp-content\/uploads\/PEjobaccounting_thumb.png","datePublished":"2018-05-14T14:15:22+00:00","dateModified":"2021-11-12T12:00:04+00:00","breadcrumb":{"@id":"http:\/\/gbnet.com.br\/v3\/printevolve\/#breadcrumb"},"inLanguage":"pt-BR","potentialAction":[{"@type":"ReadAction","target":["http:\/\/gbnet.com.br\/v3\/printevolve\/"]}]},{"@type":"ImageObject","inLanguage":"pt-BR","@id":"http:\/\/gbnet.com.br\/v3\/printevolve\/#primaryimage","url":"http:\/\/www.gbnet.com.br\/blog\/wp-content\/uploads\/PEjobaccounting_thumb.png","contentUrl":"http:\/\/www.gbnet.com.br\/blog\/wp-content\/uploads\/PEjobaccounting_thumb.png"},{"@type":"BreadcrumbList","@id":"http:\/\/gbnet.com.br\/v3\/printevolve\/#breadcrumb","itemListElement":[{"@type":"ListItem","position":1,"name":"In\u00edcio","item":"http:\/\/gbnet.com.br\/v3\/"},{"@type":"ListItem","position":2,"name":"PrintEvolve"}]},{"@type":"WebSite","@id":"http:\/\/gbnet.com.br\/v3\/#website","url":"http:\/\/gbnet.com.br\/v3\/","name":"","description":"Transformamos dados em informa\u00e7\u00f5es - GB Network &amp; Print","publisher":{"@id":"http:\/\/gbnet.com.br\/v3\/#organization"},"potentialAction":[{"@type":"SearchAction","target":{"@type":"EntryPoint","urlTemplate":"http:\/\/gbnet.com.br\/v3\/?s={search_term_string}"},"query-input":{"@type":"PropertyValueSpecification","valueRequired":true,"valueName":"search_term_string"}}],"inLanguage":"pt-BR"},{"@type":"Organization","@id":"http:\/\/gbnet.com.br\/v3\/#organization","name":"GB Network & Print","url":"http:\/\/gbnet.com.br\/v3\/","logo":{"@type":"ImageObject","inLanguage":"pt-BR","@id":"http:\/\/gbnet.com.br\/v3\/#\/schema\/logo\/image\/","url":"https:\/\/i0.wp.com\/gbnet.com.br\/v3\/wp-content\/uploads\/2018\/03\/logoGB-OK-e1521838575299.png?fit=120%2C122","contentUrl":"https:\/\/i0.wp.com\/gbnet.com.br\/v3\/wp-content\/uploads\/2018\/03\/logoGB-OK-e1521838575299.png?fit=120%2C122","width":120,"height":122,"caption":"GB Network & Print"},"image":{"@id":"http:\/\/gbnet.com.br\/v3\/#\/schema\/logo\/image\/"}}]}},"jetpack_sharing_enabled":true,"jetpack_shortlink":"https:\/\/wp.me\/Pagaz2-nL","jetpack-related-posts":[{"id":1492,"url":"http:\/\/gbnet.com.br\/v3\/dadosvariaveis\/","url_meta":{"origin":1473,"position":0},"title":"VDP","author":"","date":false,"format":false,"excerpt":"N\u00e3o importa qual sua necessidade com rela\u00e7\u00e3o gera\u00e7\u00e3o e impress\u00e3o de dados vari\u00e1veis. A GB Network & Print, pioneira e l\u00edder nesse segmento, tem a solu\u00e7\u00e3o que voc\u00ea procura: As solu\u00e7\u00f5es de VDP (Variable Data Print) visam a impress\u00e3o de documentos e formul\u00e1rios com dados vari\u00e1veis facilitando assim a comunica\u00e7\u00e3o\u2026","rel":"","context":"Post similar","block_context":{"text":"Post similar","link":""},"img":{"alt_text":"","src":"https:\/\/i0.wp.com\/www.gbnet.com.br\/v2\/images\/vdp_340x120.png?resize=350%2C200","width":350,"height":200},"classes":[]},{"id":1587,"url":"http:\/\/gbnet.com.br\/v3\/rda-rapid-device-analysis\/","url_meta":{"origin":1473,"position":1},"title":"RDA &#8211; Rapid Device Analysis","author":"","date":false,"format":false,"excerpt":"Rapid Device Analysis Ferramenta produzida pela Capella Technologies, o Rapid Device Analysis ( RDA) permite que a empresa analise rapidamente o desempenho do parque de impress\u00e3o atrav\u00e9s da rede. O RDA fornece um estudo detalhado sobre o volume de impress\u00e3o, apresentando relat\u00f3rios estat\u00edsticos que confrontam valores de duas datas distintas,\u2026","rel":"","context":"Post similar","block_context":{"text":"Post similar","link":""},"img":{"alt_text":"IPM, Gerenciamento de impress\u00e3o, gerenciar jobs, capella, gerenciamento inteligente, impressao com inteligencia, inteligente, redu\u00e7\u00e3o de custos com impress\u00e3o, redu\u00e7\u00e3o dos custos de impress\u00e3o, economia de custos com impress\u00e3o, economia com custos de impress\u00e3o, redu\u00e7\u00e3o de custos, economia de custos, economizar custos, reduzir custos com impress\u00e3o, reduzir custos de impress\u00e3o, economizar custos com impress\u00e3o, economizar custos de impress\u00e3o, reduzir custos com suprimento, economizar custos com suprimento, economia com suprimento, reduzir custos com tonner, economizar custos com tonner, economia com tonner, reduzir gastos com tonner, economizar gastos com tonner, organizar as impress\u00f5es, regras nas impress\u00f5es, imprimir organizado","src":"https:\/\/i0.wp.com\/www.gbnet.com.br\/v2\/images\/rda_diagram_small.gif?resize=350%2C200","width":350,"height":200},"classes":[]},{"id":2309,"url":"http:\/\/gbnet.com.br\/v3\/readypdf-software-para-otimizacao-de-documentos-pdf\/","url_meta":{"origin":1473,"position":2},"title":"ReadyPDF \u2013 Software para otimiza\u00e7\u00e3o de documentos PDF","author":"","date":false,"format":false,"excerpt":"ReadyPDF \u00e9 a mais recente inova\u00e7\u00e3o da Solimar, empresa americana l\u00edder em tratamento de dados, a qual a GB \u00e9 distribuidor no Brasil. Com o ReadyPDF voc\u00ea otimiza arquivos PDF para que sejam processados com mais efici\u00eancia, seja para envio por meio eletr\u00f4nico, arquivamento ou impress\u00e3o em produ\u00e7\u00e3o. O ReadyPDF\u2026","rel":"","context":"Post similar","block_context":{"text":"Post similar","link":""},"img":{"alt_text":"","src":"https:\/\/i0.wp.com\/gbnet.com.br\/v3\/wp-content\/uploads\/2021\/02\/ReadyPDF.png?resize=350%2C200","width":350,"height":200,"srcset":"https:\/\/i0.wp.com\/gbnet.com.br\/v3\/wp-content\/uploads\/2021\/02\/ReadyPDF.png?resize=350%2C200 1x, https:\/\/i0.wp.com\/gbnet.com.br\/v3\/wp-content\/uploads\/2021\/02\/ReadyPDF.png?resize=525%2C300 1.5x"},"classes":[]},{"id":1582,"url":"http:\/\/gbnet.com.br\/v3\/ipm-intelligent-print-management\/","url_meta":{"origin":1473,"position":3},"title":"IPM &#8211; Intelligent Print Management","author":"","date":false,"format":false,"excerpt":"Gerenciamento de Impress\u00e3o O IPM \u00e9 a solu\u00e7\u00e3o para impress\u00e3o baseada em \"regras de neg\u00f3cio\" que podem fazer seu cliente economizar dinheiro e otimizar o ambiente de impress\u00e3o. As regras de neg\u00f3cio s\u00e3o simples: a administra\u00e7\u00e3o sobre as atividades de impress\u00e3o pode ser centralizada, especificando n\u00famero de p\u00e1ginas a serem\u2026","rel":"","context":"Post similar","block_context":{"text":"Post similar","link":""},"img":{"alt_text":"","src":"https:\/\/i0.wp.com\/gbnet.com.br\/v3\/wp-content\/uploads\/2018\/07\/IPM.jpg?resize=350%2C200","width":350,"height":200},"classes":[]},{"id":1589,"url":"http:\/\/gbnet.com.br\/v3\/solucoes-lrs\/","url_meta":{"origin":1473,"position":4},"title":"Solu\u00e7\u00f5es LRS","author":"","date":false,"format":false,"excerpt":"\"Desde o in\u00edcio de 2014 GB Network & Print se tornou Distribudor das solu\u00e7\u00f5es LRS no Brasil.\" Em 1979,\u00a0tr\u00eas consultores independentes juntaram esfor\u00e7os para estabelecer a Levi, Ray & Shoup, Inc. - LRS\u00ae. Juntos, eles constru\u00edram uma reputa\u00e7\u00e3o como provedores de servi\u00e7os e sistemas para uma variedade de empresas e\u2026","rel":"","context":"Post similar","block_context":{"text":"Post similar","link":""},"img":{"alt_text":"Fonte Barcode","src":"https:\/\/i0.wp.com\/www.gbnet.com.br\/v2\/images\/LRS_VPSX.png?resize=350%2C200","width":350,"height":200},"classes":[]},{"id":1477,"url":"http:\/\/gbnet.com.br\/v3\/tonermircmagnetico\/","url_meta":{"origin":1473,"position":5},"title":"Toner Magn\u00e9tico","author":"","date":false,"format":false,"excerpt":"Toner MICR A impress\u00e3o magn\u00e9tica, tamb\u00e9m conhecida como\u00a0MICR, visa a seguran\u00e7a contra fraudes uma vez que utiliza-se um toner especial e a leitura pode ser feita em um leitor magn\u00e9tico, como o dos bancos. No Brasil o Tonner\u00a0MICR\u00a0\u00e9 utilizado principalmente na impress\u00e3o de cheques, crach\u00e1s, ingressos e vales (exemplo: vales\u2026","rel":"","context":"Post similar","block_context":{"text":"Post similar","link":""},"img":{"alt_text":"","src":"https:\/\/i0.wp.com\/www.gbnet.com.br\/v2\/images\/fontemicr_toner_small.png?resize=350%2C200","width":350,"height":200},"classes":[]}],"_links":{"self":[{"href":"http:\/\/gbnet.com.br\/v3\/wp-json\/wp\/v2\/pages\/1473","targetHints":{"allow":["GET"]}}],"collection":[{"href":"http:\/\/gbnet.com.br\/v3\/wp-json\/wp\/v2\/pages"}],"about":[{"href":"http:\/\/gbnet.com.br\/v3\/wp-json\/wp\/v2\/types\/page"}],"author":[{"embeddable":true,"href":"http:\/\/gbnet.com.br\/v3\/wp-json\/wp\/v2\/users\/1"}],"replies":[{"embeddable":true,"href":"http:\/\/gbnet.com.br\/v3\/wp-json\/wp\/v2\/comments?post=1473"}],"version-history":[{"count":4,"href":"http:\/\/gbnet.com.br\/v3\/wp-json\/wp\/v2\/pages\/1473\/revisions"}],"predecessor-version":[{"id":2429,"href":"http:\/\/gbnet.com.br\/v3\/wp-json\/wp\/v2\/pages\/1473\/revisions\/2429"}],"wp:attachment":[{"href":"http:\/\/gbnet.com.br\/v3\/wp-json\/wp\/v2\/media?parent=1473"}],"curies":[{"name":"wp","href":"https:\/\/api.w.org\/{rel}","templated":true}]}}