{"id":1477,"date":"2018-05-14T11:55:31","date_gmt":"2018-05-14T14:55:31","guid":{"rendered":"http:\/\/gbnet.com.br\/v3\/?page_id=1477"},"modified":"2019-07-30T10:33:46","modified_gmt":"2019-07-30T13:33:46","slug":"tonermircmagnetico","status":"publish","type":"page","link":"http:\/\/gbnet.com.br\/v3\/tonermircmagnetico\/","title":{"rendered":"Toner Magn\u00e9tico"},"content":{"rendered":"<p class=\"Subtitulo\">Toner MICR<\/p>\n<p align=\"center\"><img data-recalc-dims=\"1\" loading=\"lazy\" decoding=\"async\" src=\"https:\/\/i0.wp.com\/www.gbnet.com.br\/v2\/images\/fontemicr_toner_small.png?resize=300%2C195\" width=\"300\" height=\"195\" border=\"0\" \/><\/p>\n<p class=\"TextoNormal\">A impress\u00e3o magn\u00e9tica, tamb\u00e9m conhecida como\u00a0<strong>MICR<\/strong>, visa a seguran\u00e7a contra fraudes uma vez que utiliza-se um toner especial e a leitura pode ser feita em um leitor magn\u00e9tico, como o dos bancos.<\/p>\n<p class=\"TextoNormal\">No Brasil o Tonner\u00a0<strong>MICR<\/strong>\u00a0\u00e9 utilizado principalmente na impress\u00e3o de cheques, crach\u00e1s, ingressos e vales (exemplo: vales transporte e vales refei\u00e7\u00e3o).<\/p>\n<p class=\"TextoNormal\">Dispomos de toner magn\u00e9tico para a maioria das impressoras laser do mercado.<\/p>\n<p class=\"TextoNormal\"><a href=\"https:\/\/gbnet.minhalojanouol.com.br\/departamento\/67437\/02\/tonnermaismicr\">Compre agora pela nossa loja!<\/a><\/p>\n<p class=\"Subtitulo\">Fonte CMC7<\/p>\n<p align=\"center\"><a title=\"Impress\u00e3o de seguran\u00e7a utilizando a fonte CMC7 e o toner magn\u00e9tico\" href=\"https:\/\/i0.wp.com\/www.gbnet.com.br\/v2\/images\/fontemicr_cheque_big.png\" rel=\"lightbox\"><img data-recalc-dims=\"1\" loading=\"lazy\" decoding=\"async\" src=\"https:\/\/i0.wp.com\/www.gbnet.com.br\/v2\/images\/fontemicr_cheque_small.png?resize=320%2C142\" width=\"320\" height=\"142\" border=\"0\" \/><\/a><\/p>\n<p class=\"TextoBold\">OPCIONAL<\/p>\n<p class=\"TextoNormal\">Tamb\u00e9m comercializamos o fonte do caracter especial CMC7, o mesmo encontrado na \u00e1rea inferior dos cheques, comumente utilizado para a impress\u00e3o de tickets de entrada e ingressos.<\/p>\n<ul class=\"ItemLista3\">\n<li>\u00a0Demo da fonte no padr\u00e3o PCL\u00a0<a href=\"http:\/\/www.gbnet.com.br\/v2\/pdfs%20&amp;%20zips\/cmc7_pcl.zip\"><img data-recalc-dims=\"1\" loading=\"lazy\" decoding=\"async\" src=\"https:\/\/i0.wp.com\/www.gbnet.com.br\/v2\/images\/icoZIP.GIF?resize=16%2C16\" width=\"16\" height=\"16\" border=\"0\" \/><\/a><\/li>\n<li>\u00a0Demo da fonte no padr\u00e3o True Type\u00a0<a href=\"http:\/\/www.gbnet.com.br\/v2\/pdfs%20&amp;%20zips\/cmc7_ttf.zip\"><img data-recalc-dims=\"1\" loading=\"lazy\" decoding=\"async\" src=\"https:\/\/i0.wp.com\/www.gbnet.com.br\/v2\/images\/icoZIP.GIF?resize=16%2C16\" width=\"16\" height=\"16\" border=\"0\" \/><\/a><\/li>\n<\/ul>\n","protected":false},"excerpt":{"rendered":"<p>Toner MICR A impress\u00e3o magn\u00e9tica, tamb\u00e9m conhecida como\u00a0MICR, visa a seguran\u00e7a contra fraudes uma vez que utiliza-se um toner especial e a leitura pode ser feita em um leitor magn\u00e9tico, como o dos bancos. No Brasil o Tonner\u00a0MICR\u00a0\u00e9 utilizado principalmente na impress\u00e3o de cheques, crach\u00e1s, ingressos e vales (exemplo: vales transporte e vales refei\u00e7\u00e3o). Dispomos &hellip;<\/p>\n","protected":false},"author":1,"featured_media":0,"parent":0,"menu_order":0,"comment_status":"closed","ping_status":"closed","template":"","meta":{"_acf_changed":false,"jetpack_post_was_ever_published":false,"_joinchat":[],"footnotes":""},"class_list":["post-1477","page","type-page","status-publish","hentry"],"acf":[],"yoast_head":"<!-- This site is optimized with the Yoast SEO plugin v27.4 - https:\/\/yoast.com\/product\/yoast-seo-wordpress\/ -->\n<title>Toner Magn\u00e9tico -<\/title>\n<meta name=\"robots\" content=\"index, follow, max-snippet:-1, max-image-preview:large, max-video-preview:-1\" \/>\n<link rel=\"canonical\" href=\"http:\/\/gbnet.com.br\/v3\/tonermircmagnetico\/\" \/>\n<meta property=\"og:locale\" content=\"pt_BR\" \/>\n<meta property=\"og:type\" content=\"article\" \/>\n<meta property=\"og:title\" content=\"Toner Magn\u00e9tico -\" \/>\n<meta property=\"og:description\" content=\"Toner MICR A impress\u00e3o magn\u00e9tica, tamb\u00e9m conhecida como\u00a0MICR, visa a seguran\u00e7a contra fraudes uma vez que utiliza-se um toner especial e a leitura pode ser feita em um leitor magn\u00e9tico, como o dos bancos. No Brasil o Tonner\u00a0MICR\u00a0\u00e9 utilizado principalmente na impress\u00e3o de cheques, crach\u00e1s, ingressos e vales (exemplo: vales transporte e vales refei\u00e7\u00e3o). Dispomos &hellip;\" \/>\n<meta property=\"og:url\" content=\"http:\/\/gbnet.com.br\/v3\/tonermircmagnetico\/\" \/>\n<meta property=\"article:modified_time\" content=\"2019-07-30T13:33:46+00:00\" \/>\n<meta property=\"og:image\" content=\"http:\/\/www.gbnet.com.br\/v2\/images\/fontemicr_toner_small.png\" \/>\n<meta name=\"twitter:card\" content=\"summary_large_image\" \/>\n<meta name=\"twitter:label1\" content=\"Est. tempo de leitura\" \/>\n\t<meta name=\"twitter:data1\" content=\"1 minuto\" \/>\n<script type=\"application\/ld+json\" class=\"yoast-schema-graph\">{\"@context\":\"https:\\\/\\\/schema.org\",\"@graph\":[{\"@type\":\"WebPage\",\"@id\":\"http:\\\/\\\/gbnet.com.br\\\/v3\\\/tonermircmagnetico\\\/\",\"url\":\"http:\\\/\\\/gbnet.com.br\\\/v3\\\/tonermircmagnetico\\\/\",\"name\":\"Toner Magn\u00e9tico -\",\"isPartOf\":{\"@id\":\"http:\\\/\\\/gbnet.com.br\\\/v3\\\/#website\"},\"primaryImageOfPage\":{\"@id\":\"http:\\\/\\\/gbnet.com.br\\\/v3\\\/tonermircmagnetico\\\/#primaryimage\"},\"image\":{\"@id\":\"http:\\\/\\\/gbnet.com.br\\\/v3\\\/tonermircmagnetico\\\/#primaryimage\"},\"thumbnailUrl\":\"http:\\\/\\\/www.gbnet.com.br\\\/v2\\\/images\\\/fontemicr_toner_small.png\",\"datePublished\":\"2018-05-14T14:55:31+00:00\",\"dateModified\":\"2019-07-30T13:33:46+00:00\",\"breadcrumb\":{\"@id\":\"http:\\\/\\\/gbnet.com.br\\\/v3\\\/tonermircmagnetico\\\/#breadcrumb\"},\"inLanguage\":\"pt-BR\",\"potentialAction\":[{\"@type\":\"ReadAction\",\"target\":[\"http:\\\/\\\/gbnet.com.br\\\/v3\\\/tonermircmagnetico\\\/\"]}]},{\"@type\":\"ImageObject\",\"inLanguage\":\"pt-BR\",\"@id\":\"http:\\\/\\\/gbnet.com.br\\\/v3\\\/tonermircmagnetico\\\/#primaryimage\",\"url\":\"http:\\\/\\\/www.gbnet.com.br\\\/v2\\\/images\\\/fontemicr_toner_small.png\",\"contentUrl\":\"http:\\\/\\\/www.gbnet.com.br\\\/v2\\\/images\\\/fontemicr_toner_small.png\"},{\"@type\":\"BreadcrumbList\",\"@id\":\"http:\\\/\\\/gbnet.com.br\\\/v3\\\/tonermircmagnetico\\\/#breadcrumb\",\"itemListElement\":[{\"@type\":\"ListItem\",\"position\":1,\"name\":\"In\u00edcio\",\"item\":\"http:\\\/\\\/gbnet.com.br\\\/v3\\\/\"},{\"@type\":\"ListItem\",\"position\":2,\"name\":\"Toner Magn\u00e9tico\"}]},{\"@type\":\"WebSite\",\"@id\":\"http:\\\/\\\/gbnet.com.br\\\/v3\\\/#website\",\"url\":\"http:\\\/\\\/gbnet.com.br\\\/v3\\\/\",\"name\":\"\",\"description\":\"Transformamos dados em informa\u00e7\u00f5es - GB Network &amp; Print\",\"publisher\":{\"@id\":\"http:\\\/\\\/gbnet.com.br\\\/v3\\\/#organization\"},\"potentialAction\":[{\"@type\":\"SearchAction\",\"target\":{\"@type\":\"EntryPoint\",\"urlTemplate\":\"http:\\\/\\\/gbnet.com.br\\\/v3\\\/?s={search_term_string}\"},\"query-input\":{\"@type\":\"PropertyValueSpecification\",\"valueRequired\":true,\"valueName\":\"search_term_string\"}}],\"inLanguage\":\"pt-BR\"},{\"@type\":\"Organization\",\"@id\":\"http:\\\/\\\/gbnet.com.br\\\/v3\\\/#organization\",\"name\":\"GB Network & Print\",\"url\":\"http:\\\/\\\/gbnet.com.br\\\/v3\\\/\",\"logo\":{\"@type\":\"ImageObject\",\"inLanguage\":\"pt-BR\",\"@id\":\"http:\\\/\\\/gbnet.com.br\\\/v3\\\/#\\\/schema\\\/logo\\\/image\\\/\",\"url\":\"https:\\\/\\\/i0.wp.com\\\/gbnet.com.br\\\/v3\\\/wp-content\\\/uploads\\\/2018\\\/03\\\/logoGB-OK-e1521838575299.png?fit=120%2C122\",\"contentUrl\":\"https:\\\/\\\/i0.wp.com\\\/gbnet.com.br\\\/v3\\\/wp-content\\\/uploads\\\/2018\\\/03\\\/logoGB-OK-e1521838575299.png?fit=120%2C122\",\"width\":120,\"height\":122,\"caption\":\"GB Network & Print\"},\"image\":{\"@id\":\"http:\\\/\\\/gbnet.com.br\\\/v3\\\/#\\\/schema\\\/logo\\\/image\\\/\"}}]}<\/script>\n<!-- \/ Yoast SEO plugin. -->","yoast_head_json":{"title":"Toner Magn\u00e9tico -","robots":{"index":"index","follow":"follow","max-snippet":"max-snippet:-1","max-image-preview":"max-image-preview:large","max-video-preview":"max-video-preview:-1"},"canonical":"http:\/\/gbnet.com.br\/v3\/tonermircmagnetico\/","og_locale":"pt_BR","og_type":"article","og_title":"Toner Magn\u00e9tico -","og_description":"Toner MICR A impress\u00e3o magn\u00e9tica, tamb\u00e9m conhecida como\u00a0MICR, visa a seguran\u00e7a contra fraudes uma vez que utiliza-se um toner especial e a leitura pode ser feita em um leitor magn\u00e9tico, como o dos bancos. No Brasil o Tonner\u00a0MICR\u00a0\u00e9 utilizado principalmente na impress\u00e3o de cheques, crach\u00e1s, ingressos e vales (exemplo: vales transporte e vales refei\u00e7\u00e3o). Dispomos &hellip;","og_url":"http:\/\/gbnet.com.br\/v3\/tonermircmagnetico\/","article_modified_time":"2019-07-30T13:33:46+00:00","og_image":[{"url":"http:\/\/www.gbnet.com.br\/v2\/images\/fontemicr_toner_small.png","type":"","width":"","height":""}],"twitter_card":"summary_large_image","twitter_misc":{"Est. tempo de leitura":"1 minuto"},"schema":{"@context":"https:\/\/schema.org","@graph":[{"@type":"WebPage","@id":"http:\/\/gbnet.com.br\/v3\/tonermircmagnetico\/","url":"http:\/\/gbnet.com.br\/v3\/tonermircmagnetico\/","name":"Toner Magn\u00e9tico -","isPartOf":{"@id":"http:\/\/gbnet.com.br\/v3\/#website"},"primaryImageOfPage":{"@id":"http:\/\/gbnet.com.br\/v3\/tonermircmagnetico\/#primaryimage"},"image":{"@id":"http:\/\/gbnet.com.br\/v3\/tonermircmagnetico\/#primaryimage"},"thumbnailUrl":"http:\/\/www.gbnet.com.br\/v2\/images\/fontemicr_toner_small.png","datePublished":"2018-05-14T14:55:31+00:00","dateModified":"2019-07-30T13:33:46+00:00","breadcrumb":{"@id":"http:\/\/gbnet.com.br\/v3\/tonermircmagnetico\/#breadcrumb"},"inLanguage":"pt-BR","potentialAction":[{"@type":"ReadAction","target":["http:\/\/gbnet.com.br\/v3\/tonermircmagnetico\/"]}]},{"@type":"ImageObject","inLanguage":"pt-BR","@id":"http:\/\/gbnet.com.br\/v3\/tonermircmagnetico\/#primaryimage","url":"http:\/\/www.gbnet.com.br\/v2\/images\/fontemicr_toner_small.png","contentUrl":"http:\/\/www.gbnet.com.br\/v2\/images\/fontemicr_toner_small.png"},{"@type":"BreadcrumbList","@id":"http:\/\/gbnet.com.br\/v3\/tonermircmagnetico\/#breadcrumb","itemListElement":[{"@type":"ListItem","position":1,"name":"In\u00edcio","item":"http:\/\/gbnet.com.br\/v3\/"},{"@type":"ListItem","position":2,"name":"Toner Magn\u00e9tico"}]},{"@type":"WebSite","@id":"http:\/\/gbnet.com.br\/v3\/#website","url":"http:\/\/gbnet.com.br\/v3\/","name":"","description":"Transformamos dados em informa\u00e7\u00f5es - GB Network &amp; Print","publisher":{"@id":"http:\/\/gbnet.com.br\/v3\/#organization"},"potentialAction":[{"@type":"SearchAction","target":{"@type":"EntryPoint","urlTemplate":"http:\/\/gbnet.com.br\/v3\/?s={search_term_string}"},"query-input":{"@type":"PropertyValueSpecification","valueRequired":true,"valueName":"search_term_string"}}],"inLanguage":"pt-BR"},{"@type":"Organization","@id":"http:\/\/gbnet.com.br\/v3\/#organization","name":"GB Network & Print","url":"http:\/\/gbnet.com.br\/v3\/","logo":{"@type":"ImageObject","inLanguage":"pt-BR","@id":"http:\/\/gbnet.com.br\/v3\/#\/schema\/logo\/image\/","url":"https:\/\/i0.wp.com\/gbnet.com.br\/v3\/wp-content\/uploads\/2018\/03\/logoGB-OK-e1521838575299.png?fit=120%2C122","contentUrl":"https:\/\/i0.wp.com\/gbnet.com.br\/v3\/wp-content\/uploads\/2018\/03\/logoGB-OK-e1521838575299.png?fit=120%2C122","width":120,"height":122,"caption":"GB Network & Print"},"image":{"@id":"http:\/\/gbnet.com.br\/v3\/#\/schema\/logo\/image\/"}}]}},"jetpack_sharing_enabled":true,"jetpack_shortlink":"https:\/\/wp.me\/Pagaz2-nP","jetpack-related-posts":[{"id":1473,"url":"http:\/\/gbnet.com.br\/v3\/printevolve\/","url_meta":{"origin":1477,"position":0},"title":"PrintEvolve","author":"","date":false,"format":false,"excerpt":"A Suite PrintEvolve \u00e9 a solu\u00e7\u00e3o \u201call-in-one\u201d para qualquer organiza\u00e7\u00e3o que procura otimizar o seu ambiente de impress\u00e3o e permitir\u00e1 facilmente: Manter uma consci\u00eancia permanente de atividade das impressoras e Multi-funcionais, melhorando o controle e bilhetagem; Gerenciar proativamente a atividade do usu\u00e1rio para diminuir os custos e reduzir o desperd\u00edcio;\u2026","rel":"","context":"Post similar","block_context":{"text":"Post similar","link":""},"img":{"alt_text":"PE-job-accounting","src":"https:\/\/i0.wp.com\/www.gbnet.com.br\/blog\/wp-content\/uploads\/PEjobaccounting_thumb.png?resize=350%2C200","width":350,"height":200},"classes":[]},{"id":1492,"url":"http:\/\/gbnet.com.br\/v3\/dadosvariaveis\/","url_meta":{"origin":1477,"position":1},"title":"VDP","author":"","date":false,"format":false,"excerpt":"N\u00e3o importa qual sua necessidade com rela\u00e7\u00e3o gera\u00e7\u00e3o e impress\u00e3o de dados vari\u00e1veis. A GB Network & Print, pioneira e l\u00edder nesse segmento, tem a solu\u00e7\u00e3o que voc\u00ea procura: As solu\u00e7\u00f5es de VDP (Variable Data Print) visam a impress\u00e3o de documentos e formul\u00e1rios com dados vari\u00e1veis facilitando assim a comunica\u00e7\u00e3o\u2026","rel":"","context":"Post similar","block_context":{"text":"Post similar","link":""},"img":{"alt_text":"","src":"https:\/\/i0.wp.com\/www.gbnet.com.br\/v2\/images\/vdp_340x120.png?resize=350%2C200","width":350,"height":200},"classes":[]},{"id":1707,"url":"http:\/\/gbnet.com.br\/v3\/modulos-para-impressao-de-codigo-de-barras\/","url_meta":{"origin":1477,"position":2},"title":"M\u00f3dulos para impress\u00e3o de C\u00f3digo de Barras","author":"","date":false,"format":false,"excerpt":"A solu\u00e7\u00e3o de m\u00f3dulos para impress\u00e3o de c\u00f3digo de barras, distribuida no Brasil pela GB Network & Print, \u00e9 o caminho mais f\u00e1cil e rent\u00e1vel para produzir etiquetas de alta qualidade com c\u00f3digos de barras ou documentos que contenham um ou mais tipos diferentes de c\u00f3digo de barras. M\u00f3dulo interno:\u2026","rel":"","context":"Post similar","block_context":{"text":"Post similar","link":""},"img":{"alt_text":"BarcodeJet Bardimm SAP","src":"https:\/\/i0.wp.com\/www.gbnet.com.br\/v2\/images\/barcodejet_interno.jpg?resize=350%2C200","width":350,"height":200},"classes":[]},{"id":1516,"url":"http:\/\/gbnet.com.br\/v3\/escapee\/","url_meta":{"origin":1477,"position":3},"title":"EscapeE","author":"","date":false,"format":false,"excerpt":"Al\u00e9m de checar a impress\u00e3o, com o\u00a0EscapeE\u00a0tamb\u00e9m \u00e9 poss\u00edvel compartilhar eletronicamente os arquivos PCL, extrair e exportar dados, re-imprimir partes de um documento e tamb\u00e9m convert\u00ea-lo para diversos formatos, como TIFF e PDF, para arquivamento, ou IMG e AFP, para impress\u00e3o em equipamentos de produ\u00e7\u00e3o Xerox e IBM. Criar um\u2026","rel":"","context":"Post similar","block_context":{"text":"Post similar","link":""},"img":{"alt_text":"","src":"https:\/\/i0.wp.com\/www.gbnet.com.br\/v2\/images\/logo_redtitan_72x60.png?resize=350%2C200","width":350,"height":200},"classes":[]},{"id":2309,"url":"http:\/\/gbnet.com.br\/v3\/readypdf-software-para-otimizacao-de-documentos-pdf\/","url_meta":{"origin":1477,"position":4},"title":"ReadyPDF \u2013 Software para otimiza\u00e7\u00e3o de documentos PDF","author":"","date":false,"format":false,"excerpt":"ReadyPDF \u00e9 a mais recente inova\u00e7\u00e3o da Solimar, empresa americana l\u00edder em tratamento de dados, a qual a GB \u00e9 distribuidor no Brasil. Com o ReadyPDF voc\u00ea otimiza arquivos PDF para que sejam processados com mais efici\u00eancia, seja para envio por meio eletr\u00f4nico, arquivamento ou impress\u00e3o em produ\u00e7\u00e3o. O ReadyPDF\u2026","rel":"","context":"Post similar","block_context":{"text":"Post similar","link":""},"img":{"alt_text":"","src":"https:\/\/i0.wp.com\/gbnet.com.br\/v3\/wp-content\/uploads\/2021\/02\/ReadyPDF.png?resize=350%2C200","width":350,"height":200,"srcset":"https:\/\/i0.wp.com\/gbnet.com.br\/v3\/wp-content\/uploads\/2021\/02\/ReadyPDF.png?resize=350%2C200 1x, https:\/\/i0.wp.com\/gbnet.com.br\/v3\/wp-content\/uploads\/2021\/02\/ReadyPDF.png?resize=525%2C300 1.5x"},"classes":[]},{"id":1587,"url":"http:\/\/gbnet.com.br\/v3\/rda-rapid-device-analysis\/","url_meta":{"origin":1477,"position":5},"title":"RDA &#8211; Rapid Device Analysis","author":"","date":false,"format":false,"excerpt":"Rapid Device Analysis Ferramenta produzida pela Capella Technologies, o Rapid Device Analysis ( RDA) permite que a empresa analise rapidamente o desempenho do parque de impress\u00e3o atrav\u00e9s da rede. O RDA fornece um estudo detalhado sobre o volume de impress\u00e3o, apresentando relat\u00f3rios estat\u00edsticos que confrontam valores de duas datas distintas,\u2026","rel":"","context":"Post similar","block_context":{"text":"Post similar","link":""},"img":{"alt_text":"IPM, Gerenciamento de impress\u00e3o, gerenciar jobs, capella, gerenciamento inteligente, impressao com inteligencia, inteligente, redu\u00e7\u00e3o de custos com impress\u00e3o, redu\u00e7\u00e3o dos custos de impress\u00e3o, economia de custos com impress\u00e3o, economia com custos de impress\u00e3o, redu\u00e7\u00e3o de custos, economia de custos, economizar custos, reduzir custos com impress\u00e3o, reduzir custos de impress\u00e3o, economizar custos com impress\u00e3o, economizar custos de impress\u00e3o, reduzir custos com suprimento, economizar custos com suprimento, economia com suprimento, reduzir custos com tonner, economizar custos com tonner, economia com tonner, reduzir gastos com tonner, economizar gastos com tonner, organizar as impress\u00f5es, regras nas impress\u00f5es, imprimir organizado","src":"https:\/\/i0.wp.com\/www.gbnet.com.br\/v2\/images\/rda_diagram_small.gif?resize=350%2C200","width":350,"height":200},"classes":[]}],"_links":{"self":[{"href":"http:\/\/gbnet.com.br\/v3\/wp-json\/wp\/v2\/pages\/1477","targetHints":{"allow":["GET"]}}],"collection":[{"href":"http:\/\/gbnet.com.br\/v3\/wp-json\/wp\/v2\/pages"}],"about":[{"href":"http:\/\/gbnet.com.br\/v3\/wp-json\/wp\/v2\/types\/page"}],"author":[{"embeddable":true,"href":"http:\/\/gbnet.com.br\/v3\/wp-json\/wp\/v2\/users\/1"}],"replies":[{"embeddable":true,"href":"http:\/\/gbnet.com.br\/v3\/wp-json\/wp\/v2\/comments?post=1477"}],"version-history":[{"count":3,"href":"http:\/\/gbnet.com.br\/v3\/wp-json\/wp\/v2\/pages\/1477\/revisions"}],"predecessor-version":[{"id":2088,"href":"http:\/\/gbnet.com.br\/v3\/wp-json\/wp\/v2\/pages\/1477\/revisions\/2088"}],"wp:attachment":[{"href":"http:\/\/gbnet.com.br\/v3\/wp-json\/wp\/v2\/media?parent=1477"}],"curies":[{"name":"wp","href":"https:\/\/api.w.org\/{rel}","templated":true}]}}