{"id":1480,"date":"2018-05-14T15:57:29","date_gmt":"2018-05-14T18:57:29","guid":{"rendered":"http:\/\/gbnet.com.br\/v3\/?page_id=1480"},"modified":"2022-12-07T11:13:45","modified_gmt":"2022-12-07T14:13:45","slug":"codigodebarras","status":"publish","type":"page","link":"http:\/\/gbnet.com.br\/v3\/codigodebarras\/","title":{"rendered":"Fonte de C\u00f3digo de Barras DUN 14 para Windows TTF, PCL, Xerox"},"content":{"rendered":"<div id=\"pl-1480\" class=\"panel-layout\">\n<div id=\"pg-1480-0\" class=\"panel-grid panel-no-style\">\n<div id=\"pgc-1480-0-0\" class=\"panel-grid-cell\" data-weight=\"1\">\n<div id=\"panel-1480-0-0-0\" class=\"so-panel widget widget_sow-editor panel-first-child\" data-index=\"0\">\n<div class=\"so-widget-sow-editor so-widget-sow-editor-base\">\n<div class=\"siteorigin-widget-tinymce textwidget\">\n<p class=\"Subtitulo\" align=\"center\"><img data-recalc-dims=\"1\" loading=\"lazy\" decoding=\"async\" class=\"alignleft\" src=\"https:\/\/i0.wp.com\/www.gbnet.com.br\/v2\/images\/code39_GB.gif?resize=175%2C57\" alt=\"codigos barcodes\" width=\"175\" height=\"57\" \/><\/p>\n<p class=\"TextoNormal\" align=\"justify\">A GB Network &amp; Print \u00e9 uma empresa nacional l\u00edder em solu\u00e7\u00f5es de c\u00f3digos de barras para impressoras laser ou jato de tinta. Atuando no mercado desde 1995, as solu\u00e7\u00f5es da GB j\u00e1 foram implantadas em milhares de clientes no Brasil, desde microempresas at\u00e9 grandes corpora\u00e7\u00f5es.<\/p>\n<p class=\"TextoNormal\" align=\"justify\"><strong>Selecione o modelo de c\u00f3digo de barras abaixo para mais informa\u00e7\u00f5es:<\/strong><\/p>\n<p class=\"TextoNormal\" align=\"justify\"><a href=\"http:\/\/gbnet.com.br\/v3\/codigo-de-barras-intercalado-2-de-5\/\"><img loading=\"lazy\" decoding=\"async\" class=\"alignnone\" src=\"https:\/\/i0.wp.com\/www.gbnet.com.br\/v2\/fonte_codigo_barras_intercalado_2_de_5_ttf_febraban_gbnet.fw.png?w=1140\" alt=\"codigo de barras code 128, c\u00f3digos de barras ean128, c\u00f3digo de barras, EAN, EAN 128, danfe, dacte, CTe, NFe, NF e, CT e, code 128, codigo 128, barcode,barcode 128 Subset C, c\u00f3digo de barras 128 Subset C, fonts, fonte PCL, fonte truetype, xerox, GS1-128, GS1 128\" width=\"380\" height=\"380\" \/><\/a><a href=\"http:\/\/gbnet.com.br\/v3\/codigo-de-barras-dun-14-itf-14-gs1-14\/\"><img loading=\"lazy\" decoding=\"async\" class=\"alignnone\" src=\"https:\/\/i0.wp.com\/www.gbnet.com.br\/v2\/fonte_itf_dun_14_codigo_barras_gbnet_ttf_380.fw.png?resize=380%2C380\" alt=\"codigo de barras DUN14, codigo de barras EAN14 , c\u00f3digos de barras EAN 14, c\u00f3digo de barras DUN 14, BARCODE EAN 14, BARCODE DUN 14, fonte truetype, Shipping Container Code, C\u00f3digo de barras container, DUN 14, dun14, fonte dun14, codigo barras dun14, GS1, EAN 14, ean 14, gtin 14,GTIN 14, UCC 14, UPC 14, ucc 14, upc 14, itf 14, ITF 14, EAN-14, ean-14, gtin-14,GTIN-14, UCC-14, UPC-14, ucc-14, upc-14, itf-14, ITF-14\" width=\"372\" height=\"372\" \/><\/a>\u00a0 \u00a0<a href=\"http:\/\/gbnet.com.br\/v3\/codigo-de-barras-code-39-codigo-3-de-9\/\"><img loading=\"lazy\" decoding=\"async\" class=\"alignnone\" src=\"https:\/\/i0.wp.com\/www.gbnet.com.br\/v2\/fonte_code_39_codigo_barras_true_type_gbnet_380.fw.png?resize=336%2C336\" alt=\"codigo de barras code39, c\u00f3digos de barras code 39, c\u00f3digo de barras, EAN,CODE 3 0F 9, LOGMARS, code 39, c\u00f3digo de barras code 39, fonts, fonte PCL, fonte truetype, xerox\" width=\"368\" height=\"368\" \/><\/a>\u00a0 \u00a0<a href=\"http:\/\/gbnet.com.br\/v3\/codigo-de-barras-ean-13-gs1-13\/\"><img loading=\"lazy\" decoding=\"async\" class=\"alignnone\" src=\"https:\/\/i0.wp.com\/gbnet.com.br\/v2\/ean13-gs1-codigo-barras-produto-gbnet-380.jpg?w=1140\" alt=\"fonte codigo de barras gs1 ean 13 windows true type\" width=\"380\" height=\"380\" \/><\/a><\/p>\n<p align=\"justify\"><a href=\"http:\/\/gbnet.com.br\/v3\/codigo-de-barras-code-128-gs1-128\/\"><img loading=\"lazy\" decoding=\"async\" class=\"alignnone\" src=\"https:\/\/i0.wp.com\/gbnet.com.br\/v2\/gs1-128-code-128-gbnet-codigo-barras-ttf-380.fw.png?w=1140\" alt=\"codigo de barras code 128, c\u00f3digos de barras ean128, c\u00f3digo de barras, EAN, EAN 128, danfe, dacte, CTe, NFe, NF e, CT e, code 128, codigo 128, barcode,barcode 128 Subset C, c\u00f3digo de barras 128 Subset C, fonts, fonte PCL, fonte truetype, xerox, GS1-128, GS1 128\" width=\"380\" height=\"380\" \/><\/a><\/p>\n<p class=\"TextoNormal\" align=\"justify\">A GB tem a solu\u00e7\u00e3o para a impress\u00e3o do c\u00f3digo de barras que a sua empresa precisa: boleto banc\u00e1rio, produtos comercializados, controle interno, etc. Disponibilizamos os modelos abaixo descritos nos seguintes padr\u00f5es:<\/p>\n<ul class=\"ItemLista3\">\n<li class=\"ItemLista3\">\n<div align=\"justify\">True Type\/TTF: usado em todo o ambiente Windows (para impressoras laser e desk jet).<\/div>\n<\/li>\n<li>\n<div align=\"justify\">PCL: para ambientes Windows, DOS, Unix, Linux, e outros &#8230; (impressoras laser compat\u00edveis).<\/div>\n<\/li>\n<li>\n<div align=\"justify\">PS: para linguagem Post Script, tendo a op\u00e7\u00e3o de alguns modelos serem utilizados em Oracle.<\/div>\n<\/li>\n<\/ul>\n<\/div>\n<\/div>\n<\/div>\n<div id=\"panel-1480-0-0-1\" class=\"so-panel widget widget_sow-image panel-last-child\" data-index=\"1\" data-style=\"{&quot;background_image_attachment&quot;:false,&quot;background_display&quot;:&quot;tile&quot;,&quot;featured_widgets&quot;:&quot;&quot;}\"><a href=\"http:\/\/gbnet.com.br\/v3\/comprar-fonte-de-codigo-de-barras\/\"><img data-recalc-dims=\"1\" loading=\"lazy\" decoding=\"async\" class=\"aligncenter\" src=\"https:\/\/i0.wp.com\/gbnet.com.br\/v2\/comprar-2.png?resize=174%2C54\" alt=\"comprar fonte ean 128 gs1\" width=\"174\" height=\"54\" \/><\/a><\/div>\n<\/div>\n<\/div>\n<\/div>\n","protected":false},"excerpt":{"rendered":"<p>A GB Network &amp; Print \u00e9 uma empresa nacional l\u00edder em solu\u00e7\u00f5es de c\u00f3digos de barras para impressoras laser ou jato de tinta. Atuando no mercado desde 1995, as solu\u00e7\u00f5es da GB j\u00e1 foram implantadas em milhares de clientes no Brasil, desde microempresas at\u00e9 grandes corpora\u00e7\u00f5es. Selecione o modelo de c\u00f3digo de barras abaixo para &hellip;<\/p>\n","protected":false},"author":1,"featured_media":0,"parent":0,"menu_order":0,"comment_status":"closed","ping_status":"closed","template":"","meta":{"_acf_changed":false,"jetpack_post_was_ever_published":false,"_joinchat":[],"footnotes":""},"class_list":["post-1480","page","type-page","status-publish","hentry"],"acf":[],"yoast_head":"<!-- This site is optimized with the Yoast SEO plugin v27.4 - https:\/\/yoast.com\/product\/yoast-seo-wordpress\/ -->\n<title>Fonte de C\u00f3digo de Barras DUN 14 para Windows TTF, PCL, Xerox -<\/title>\n<meta name=\"robots\" content=\"index, follow, max-snippet:-1, max-image-preview:large, max-video-preview:-1\" \/>\n<link rel=\"canonical\" href=\"http:\/\/gbnet.com.br\/v3\/codigodebarras\/\" \/>\n<meta property=\"og:locale\" content=\"pt_BR\" \/>\n<meta property=\"og:type\" content=\"article\" \/>\n<meta property=\"og:title\" content=\"Fonte de C\u00f3digo de Barras DUN 14 para Windows TTF, PCL, Xerox -\" \/>\n<meta property=\"og:description\" content=\"A GB Network &amp; Print \u00e9 uma empresa nacional l\u00edder em solu\u00e7\u00f5es de c\u00f3digos de barras para impressoras laser ou jato de tinta. Atuando no mercado desde 1995, as solu\u00e7\u00f5es da GB j\u00e1 foram implantadas em milhares de clientes no Brasil, desde microempresas at\u00e9 grandes corpora\u00e7\u00f5es. Selecione o modelo de c\u00f3digo de barras abaixo para &hellip;\" \/>\n<meta property=\"og:url\" content=\"http:\/\/gbnet.com.br\/v3\/codigodebarras\/\" \/>\n<meta property=\"article:modified_time\" content=\"2022-12-07T14:13:45+00:00\" \/>\n<meta property=\"og:image\" content=\"http:\/\/www.gbnet.com.br\/v2\/images\/code39_GB.gif\" \/>\n<meta name=\"twitter:card\" content=\"summary_large_image\" \/>\n<meta name=\"twitter:label1\" content=\"Est. tempo de leitura\" \/>\n\t<meta name=\"twitter:data1\" content=\"3 minutos\" \/>\n<script type=\"application\/ld+json\" class=\"yoast-schema-graph\">{\"@context\":\"https:\\\/\\\/schema.org\",\"@graph\":[{\"@type\":\"WebPage\",\"@id\":\"http:\\\/\\\/gbnet.com.br\\\/v3\\\/codigodebarras\\\/\",\"url\":\"http:\\\/\\\/gbnet.com.br\\\/v3\\\/codigodebarras\\\/\",\"name\":\"Fonte de C\u00f3digo de Barras DUN 14 para Windows TTF, PCL, Xerox -\",\"isPartOf\":{\"@id\":\"http:\\\/\\\/gbnet.com.br\\\/v3\\\/#website\"},\"primaryImageOfPage\":{\"@id\":\"http:\\\/\\\/gbnet.com.br\\\/v3\\\/codigodebarras\\\/#primaryimage\"},\"image\":{\"@id\":\"http:\\\/\\\/gbnet.com.br\\\/v3\\\/codigodebarras\\\/#primaryimage\"},\"thumbnailUrl\":\"http:\\\/\\\/www.gbnet.com.br\\\/v2\\\/images\\\/code39_GB.gif\",\"datePublished\":\"2018-05-14T18:57:29+00:00\",\"dateModified\":\"2022-12-07T14:13:45+00:00\",\"breadcrumb\":{\"@id\":\"http:\\\/\\\/gbnet.com.br\\\/v3\\\/codigodebarras\\\/#breadcrumb\"},\"inLanguage\":\"pt-BR\",\"potentialAction\":[{\"@type\":\"ReadAction\",\"target\":[\"http:\\\/\\\/gbnet.com.br\\\/v3\\\/codigodebarras\\\/\"]}]},{\"@type\":\"ImageObject\",\"inLanguage\":\"pt-BR\",\"@id\":\"http:\\\/\\\/gbnet.com.br\\\/v3\\\/codigodebarras\\\/#primaryimage\",\"url\":\"http:\\\/\\\/www.gbnet.com.br\\\/v2\\\/images\\\/code39_GB.gif\",\"contentUrl\":\"http:\\\/\\\/www.gbnet.com.br\\\/v2\\\/images\\\/code39_GB.gif\"},{\"@type\":\"BreadcrumbList\",\"@id\":\"http:\\\/\\\/gbnet.com.br\\\/v3\\\/codigodebarras\\\/#breadcrumb\",\"itemListElement\":[{\"@type\":\"ListItem\",\"position\":1,\"name\":\"In\u00edcio\",\"item\":\"http:\\\/\\\/gbnet.com.br\\\/v3\\\/\"},{\"@type\":\"ListItem\",\"position\":2,\"name\":\"Fonte de C\u00f3digo de Barras DUN 14 para Windows TTF, PCL, Xerox\"}]},{\"@type\":\"WebSite\",\"@id\":\"http:\\\/\\\/gbnet.com.br\\\/v3\\\/#website\",\"url\":\"http:\\\/\\\/gbnet.com.br\\\/v3\\\/\",\"name\":\"\",\"description\":\"Transformamos dados em informa\u00e7\u00f5es - GB Network &amp; Print\",\"publisher\":{\"@id\":\"http:\\\/\\\/gbnet.com.br\\\/v3\\\/#organization\"},\"potentialAction\":[{\"@type\":\"SearchAction\",\"target\":{\"@type\":\"EntryPoint\",\"urlTemplate\":\"http:\\\/\\\/gbnet.com.br\\\/v3\\\/?s={search_term_string}\"},\"query-input\":{\"@type\":\"PropertyValueSpecification\",\"valueRequired\":true,\"valueName\":\"search_term_string\"}}],\"inLanguage\":\"pt-BR\"},{\"@type\":\"Organization\",\"@id\":\"http:\\\/\\\/gbnet.com.br\\\/v3\\\/#organization\",\"name\":\"GB Network & Print\",\"url\":\"http:\\\/\\\/gbnet.com.br\\\/v3\\\/\",\"logo\":{\"@type\":\"ImageObject\",\"inLanguage\":\"pt-BR\",\"@id\":\"http:\\\/\\\/gbnet.com.br\\\/v3\\\/#\\\/schema\\\/logo\\\/image\\\/\",\"url\":\"https:\\\/\\\/i0.wp.com\\\/gbnet.com.br\\\/v3\\\/wp-content\\\/uploads\\\/2018\\\/03\\\/logoGB-OK-e1521838575299.png?fit=120%2C122\",\"contentUrl\":\"https:\\\/\\\/i0.wp.com\\\/gbnet.com.br\\\/v3\\\/wp-content\\\/uploads\\\/2018\\\/03\\\/logoGB-OK-e1521838575299.png?fit=120%2C122\",\"width\":120,\"height\":122,\"caption\":\"GB Network & Print\"},\"image\":{\"@id\":\"http:\\\/\\\/gbnet.com.br\\\/v3\\\/#\\\/schema\\\/logo\\\/image\\\/\"}}]}<\/script>\n<!-- \/ Yoast SEO plugin. -->","yoast_head_json":{"title":"Fonte de C\u00f3digo de Barras DUN 14 para Windows TTF, PCL, Xerox -","robots":{"index":"index","follow":"follow","max-snippet":"max-snippet:-1","max-image-preview":"max-image-preview:large","max-video-preview":"max-video-preview:-1"},"canonical":"http:\/\/gbnet.com.br\/v3\/codigodebarras\/","og_locale":"pt_BR","og_type":"article","og_title":"Fonte de C\u00f3digo de Barras DUN 14 para Windows TTF, PCL, Xerox -","og_description":"A GB Network &amp; Print \u00e9 uma empresa nacional l\u00edder em solu\u00e7\u00f5es de c\u00f3digos de barras para impressoras laser ou jato de tinta. Atuando no mercado desde 1995, as solu\u00e7\u00f5es da GB j\u00e1 foram implantadas em milhares de clientes no Brasil, desde microempresas at\u00e9 grandes corpora\u00e7\u00f5es. Selecione o modelo de c\u00f3digo de barras abaixo para &hellip;","og_url":"http:\/\/gbnet.com.br\/v3\/codigodebarras\/","article_modified_time":"2022-12-07T14:13:45+00:00","og_image":[{"url":"http:\/\/www.gbnet.com.br\/v2\/images\/code39_GB.gif","type":"","width":"","height":""}],"twitter_card":"summary_large_image","twitter_misc":{"Est. tempo de leitura":"3 minutos"},"schema":{"@context":"https:\/\/schema.org","@graph":[{"@type":"WebPage","@id":"http:\/\/gbnet.com.br\/v3\/codigodebarras\/","url":"http:\/\/gbnet.com.br\/v3\/codigodebarras\/","name":"Fonte de C\u00f3digo de Barras DUN 14 para Windows TTF, PCL, Xerox -","isPartOf":{"@id":"http:\/\/gbnet.com.br\/v3\/#website"},"primaryImageOfPage":{"@id":"http:\/\/gbnet.com.br\/v3\/codigodebarras\/#primaryimage"},"image":{"@id":"http:\/\/gbnet.com.br\/v3\/codigodebarras\/#primaryimage"},"thumbnailUrl":"http:\/\/www.gbnet.com.br\/v2\/images\/code39_GB.gif","datePublished":"2018-05-14T18:57:29+00:00","dateModified":"2022-12-07T14:13:45+00:00","breadcrumb":{"@id":"http:\/\/gbnet.com.br\/v3\/codigodebarras\/#breadcrumb"},"inLanguage":"pt-BR","potentialAction":[{"@type":"ReadAction","target":["http:\/\/gbnet.com.br\/v3\/codigodebarras\/"]}]},{"@type":"ImageObject","inLanguage":"pt-BR","@id":"http:\/\/gbnet.com.br\/v3\/codigodebarras\/#primaryimage","url":"http:\/\/www.gbnet.com.br\/v2\/images\/code39_GB.gif","contentUrl":"http:\/\/www.gbnet.com.br\/v2\/images\/code39_GB.gif"},{"@type":"BreadcrumbList","@id":"http:\/\/gbnet.com.br\/v3\/codigodebarras\/#breadcrumb","itemListElement":[{"@type":"ListItem","position":1,"name":"In\u00edcio","item":"http:\/\/gbnet.com.br\/v3\/"},{"@type":"ListItem","position":2,"name":"Fonte de C\u00f3digo de Barras DUN 14 para Windows TTF, PCL, Xerox"}]},{"@type":"WebSite","@id":"http:\/\/gbnet.com.br\/v3\/#website","url":"http:\/\/gbnet.com.br\/v3\/","name":"","description":"Transformamos dados em informa\u00e7\u00f5es - GB Network &amp; Print","publisher":{"@id":"http:\/\/gbnet.com.br\/v3\/#organization"},"potentialAction":[{"@type":"SearchAction","target":{"@type":"EntryPoint","urlTemplate":"http:\/\/gbnet.com.br\/v3\/?s={search_term_string}"},"query-input":{"@type":"PropertyValueSpecification","valueRequired":true,"valueName":"search_term_string"}}],"inLanguage":"pt-BR"},{"@type":"Organization","@id":"http:\/\/gbnet.com.br\/v3\/#organization","name":"GB Network & Print","url":"http:\/\/gbnet.com.br\/v3\/","logo":{"@type":"ImageObject","inLanguage":"pt-BR","@id":"http:\/\/gbnet.com.br\/v3\/#\/schema\/logo\/image\/","url":"https:\/\/i0.wp.com\/gbnet.com.br\/v3\/wp-content\/uploads\/2018\/03\/logoGB-OK-e1521838575299.png?fit=120%2C122","contentUrl":"https:\/\/i0.wp.com\/gbnet.com.br\/v3\/wp-content\/uploads\/2018\/03\/logoGB-OK-e1521838575299.png?fit=120%2C122","width":120,"height":122,"caption":"GB Network & Print"},"image":{"@id":"http:\/\/gbnet.com.br\/v3\/#\/schema\/logo\/image\/"}}]}},"jetpack_sharing_enabled":true,"jetpack_shortlink":"https:\/\/wp.me\/Pagaz2-nS","jetpack-related-posts":[{"id":1560,"url":"http:\/\/gbnet.com.br\/v3\/codigo-de-barras-intercalado-2-de-5\/","url_meta":{"origin":1480,"position":0},"title":"C\u00f3digo de Barras Intercalado 2 de 5 FEBRABAN","author":"","date":false,"format":false,"excerpt":"O INTERCALADO 2 DE 5 \u00e9 o c\u00f3digo de barras padr\u00e3o da FEBRABAN no Brasil para utiliza\u00e7\u00e3o em boletos banc\u00e1rios e documentos de cobran\u00e7a. Este \u00e9 um c\u00f3digo de barras num\u00e9rico usado para codifica\u00e7\u00e3o de pares de n\u00fameros em um formato de c\u00f3digo de barras de alta densidade. Cada par\u2026","rel":"","context":"Post similar","block_context":{"text":"Post similar","link":""},"img":{"alt_text":"","src":"https:\/\/i0.wp.com\/gbnet.com.br\/v3\/wp-content\/uploads\/2022\/10\/Geracao-codigo-de-barras-caso-sucesso-fontes-bardimm-vdp-pcl-julho-22.jpg?resize=350%2C200","width":350,"height":200,"srcset":"https:\/\/i0.wp.com\/gbnet.com.br\/v3\/wp-content\/uploads\/2022\/10\/Geracao-codigo-de-barras-caso-sucesso-fontes-bardimm-vdp-pcl-julho-22.jpg?resize=350%2C200 1x, https:\/\/i0.wp.com\/gbnet.com.br\/v3\/wp-content\/uploads\/2022\/10\/Geracao-codigo-de-barras-caso-sucesso-fontes-bardimm-vdp-pcl-julho-22.jpg?resize=525%2C300 1.5x, https:\/\/i0.wp.com\/gbnet.com.br\/v3\/wp-content\/uploads\/2022\/10\/Geracao-codigo-de-barras-caso-sucesso-fontes-bardimm-vdp-pcl-julho-22.jpg?resize=700%2C400 2x, https:\/\/i0.wp.com\/gbnet.com.br\/v3\/wp-content\/uploads\/2022\/10\/Geracao-codigo-de-barras-caso-sucesso-fontes-bardimm-vdp-pcl-julho-22.jpg?resize=1050%2C600 3x"},"classes":[]},{"id":1570,"url":"http:\/\/gbnet.com.br\/v3\/codigo-de-barras-qrcode\/","url_meta":{"origin":1480,"position":1},"title":"C\u00f3digo de Barras QRCode","author":"","date":false,"format":false,"excerpt":"QRCODE O C\u00f3digo de barras QR\u00a0CODE \u00e9 um c\u00f3digo de barras bidimensional que pode ser facilmente escaneado usando a maioria dos celulares modernos equipados com c\u00e2mera. Esse c\u00f3digo \u00e9 convertido num peda\u00e7o de texto (interativo), um endere\u00e7o\u00a0URL, um n\u00famero de telefone, uma localiza\u00e7\u00e3o\u00a0georreferenciada, um e-mail, um contato ou um SMS.\u2026","rel":"","context":"Post similar","block_context":{"text":"Post similar","link":""},"img":{"alt_text":"codigo de barras boleto, codigo de barras febraban, barcode febraban, c\u00f3digos de barras, c\u00f3digo de barras, Interleaved 2 of 5, Febraban, Intercalado 2 de 5, c\u00f3digo de barras de boleto banc\u00e1rio, barcode boleto banc\u00e1rio, I 2 de 5, I 2 of 5, I2 de 5, I2 of 5, c\u00f3digo de barras febraban, c\u00f3digo do boleto","src":"https:\/\/i0.wp.com\/www.gbnet.com.br\/v2\/images\/barcode_qrcode.png?resize=350%2C200","width":350,"height":200},"classes":[]},{"id":1562,"url":"http:\/\/gbnet.com.br\/v3\/codigo-de-barras-postnet\/","url_meta":{"origin":1480,"position":2},"title":"C\u00f3digo de barras PostNet","author":"","date":false,"format":false,"excerpt":"POSTNET O c\u00f3digo de barras utilizado mundialmente para a postagem de correspond\u00eancias. Recentemente o Correio Brasileiro adotou o uso deste modelo. Solu\u00e7\u00f5es GB para gera\u00e7\u00e3o e impress\u00e3o do C\u00f3digo de Barras Modelo POSTNET 1. Fontes de c\u00f3digo de barras nos formatos: Windows Truetype (TTF) com ou sem convers\u00e3o via DLL;\u2026","rel":"","context":"Post similar","block_context":{"text":"Post similar","link":""},"img":{"alt_text":"codigo de barras correios, c\u00f3digos de barras, c\u00f3digo de barras, Post Net, Correios, Postnet, c\u00f3digo de barras dos Correios, barcode postnet, barcode correios","src":"https:\/\/i0.wp.com\/www.gbnet.com.br\/v2\/images\/fonte_cepnet_postnet_codigo_barras_correios_true_type_gbnet_380.fw.png?resize=350%2C200","width":350,"height":200},"classes":[]},{"id":1572,"url":"http:\/\/gbnet.com.br\/v3\/codigo-de-barras-pdf-417\/","url_meta":{"origin":1480,"position":3},"title":"C\u00f3digo de Barras PDF 417","author":"","date":false,"format":false,"excerpt":"PDF-417 A nova fonte de c\u00f3digo de barras PDF 417 apresenta uma grande vantagem por sua capacidade de impress\u00e3o bidimensional e a possibilidade de trabalhar com at\u00e9 1000 caracteres em uma \u00e1rea de impress\u00e3o pequena, aproximadamente 24mm x 61mm. Dispon\u00edvel para MS Windows, UNIX e outros sistemas operacionais; nos padr\u00f5es\u2026","rel":"","context":"Post similar","block_context":{"text":"Post similar","link":""},"img":{"alt_text":"codigo de barras pdf417, c\u00f3digos de barras pdf 417, c\u00f3digo de barras 2d, EAN, pdf 417, barcode bidimensional, c\u00f3digo de barras 2, PDF 417, fonts, fonte PCL, fonte truetype","src":"https:\/\/i0.wp.com\/www.gbnet.com.br\/v2\/images\/barcode_pdf417.png?resize=350%2C200","width":350,"height":200},"classes":[]},{"id":1551,"url":"http:\/\/gbnet.com.br\/v3\/codigo-de-barras-code-39-codigo-3-de-9\/","url_meta":{"origin":1480,"position":4},"title":"C\u00f3digo de Barras Code 39 \/ C\u00f3digo 3 de 9","author":"","date":false,"format":false,"excerpt":"CODE 39 Tamb\u00e9m chamado de CODE 3 0F 9 ou LOGMARS. O c\u00f3digo de barras CODE 39 \u00e9 utilizado geralmente em etiquetas na \u00e1rea de invent\u00e1rios e aplica\u00e7\u00f5es industriais. Alfanum\u00e9rico e de f\u00e1cil utiliza\u00e7\u00e3o, foi projetado sem a necessidade do c\u00e1lculo do d\u00edgito verificador. A Fonte da GB, tanto TTF\u2026","rel":"","context":"Post similar","block_context":{"text":"Post similar","link":""},"img":{"alt_text":"codigo de barras code39, c\u00f3digos de barras code 39, c\u00f3digo de barras, EAN,CODE 3 0F 9, LOGMARS, code 39, c\u00f3digo de barras code 39, fonts, fonte PCL, fonte truetype, xerox","src":"https:\/\/i0.wp.com\/www.gbnet.com.br\/v2\/fonte_code_39_codigo_barras_true_type_gbnet_380.fw.png?resize=350%2C200","width":350,"height":200},"classes":[]},{"id":1568,"url":"http:\/\/gbnet.com.br\/v3\/codigo-de-barras-datamatrix\/","url_meta":{"origin":1480,"position":5},"title":"C\u00f3digo de Barras DataMatrix","author":"","date":false,"format":false,"excerpt":"DATAMATRIX DataMatrix \u00e9 uma simbologia de c\u00f3digo de barras 2D (bidimensional) e que pode armazenar at\u00e9 cerca de 2.000 caracteres. Tamb\u00e9m conhecido por Data Matrix, ECC200 (terminologias em ingl\u00eas). A vers\u00e3o DataMatrix ECC200 suporta a verifica\u00e7\u00e3o de erros de codifica\u00e7\u00e3o avan\u00e7ada e algoritmos de corre\u00e7\u00e3o (reed-solomon). Esses algoritmos permitem o\u2026","rel":"","context":"Post similar","block_context":{"text":"Post similar","link":""},"img":{"alt_text":"codigo de barras boleto, codigo de barras febraban, barcode febraban, c\u00f3digos de barras, c\u00f3digo de barras, Interleaved 2 of 5, Febraban, Intercalado 2 de 5, c\u00f3digo de barras de boleto banc\u00e1rio, barcode boleto banc\u00e1rio, I 2 de 5, I 2 of 5, I2 de 5, I2 of 5, c\u00f3digo de barras febraban, c\u00f3digo do boleto","src":"https:\/\/i0.wp.com\/www.gbnet.com.br\/v2\/images\/codigo_de_barras_fontes_DATAMATRIX-gb.png?resize=350%2C200","width":350,"height":200},"classes":[]}],"_links":{"self":[{"href":"http:\/\/gbnet.com.br\/v3\/wp-json\/wp\/v2\/pages\/1480","targetHints":{"allow":["GET"]}}],"collection":[{"href":"http:\/\/gbnet.com.br\/v3\/wp-json\/wp\/v2\/pages"}],"about":[{"href":"http:\/\/gbnet.com.br\/v3\/wp-json\/wp\/v2\/types\/page"}],"author":[{"embeddable":true,"href":"http:\/\/gbnet.com.br\/v3\/wp-json\/wp\/v2\/users\/1"}],"replies":[{"embeddable":true,"href":"http:\/\/gbnet.com.br\/v3\/wp-json\/wp\/v2\/comments?post=1480"}],"version-history":[{"count":14,"href":"http:\/\/gbnet.com.br\/v3\/wp-json\/wp\/v2\/pages\/1480\/revisions"}],"predecessor-version":[{"id":2580,"href":"http:\/\/gbnet.com.br\/v3\/wp-json\/wp\/v2\/pages\/1480\/revisions\/2580"}],"wp:attachment":[{"href":"http:\/\/gbnet.com.br\/v3\/wp-json\/wp\/v2\/media?parent=1480"}],"curies":[{"name":"wp","href":"https:\/\/api.w.org\/{rel}","templated":true}]}}