{"id":1492,"date":"2018-06-29T12:02:13","date_gmt":"2018-06-29T15:02:13","guid":{"rendered":"http:\/\/gbnet.com.br\/v3\/?page_id=1492"},"modified":"2018-12-20T15:34:53","modified_gmt":"2018-12-20T18:34:53","slug":"dadosvariaveis","status":"publish","type":"page","link":"http:\/\/gbnet.com.br\/v3\/dadosvariaveis\/","title":{"rendered":"VDP"},"content":{"rendered":"<p class=\"Subtitulo\"><strong>N\u00e3o importa qual sua necessidade com rela\u00e7\u00e3o gera\u00e7\u00e3o e impress\u00e3o de dados vari\u00e1veis. A GB Network &amp; Print, pioneira e l\u00edder nesse segmento, tem a solu\u00e7\u00e3o que voc\u00ea procura:<\/strong><\/p>\n<div align=\"center\"><img data-recalc-dims=\"1\" loading=\"lazy\" decoding=\"async\" src=\"https:\/\/i0.wp.com\/www.gbnet.com.br\/v2\/images\/vdp_340x120.png?resize=340%2C120\" width=\"340\" height=\"120\"><\/div>\n<p class=\"TextoNormal\">As solu\u00e7\u00f5es de VDP (Variable Data Print) visam a impress\u00e3o de documentos e formul\u00e1rios com dados vari\u00e1veis facilitando assim a comunica\u00e7\u00e3o das empresas com seus clientes. Podemos encontrar esse tipo de solu\u00e7\u00e3o em diversos tipos de documentos que atualmente s\u00e3o emitidos por quase todas os bureaus de impress\u00e3o do Brasil. Alguns exemplos bastante conhecidos desses documentos s\u00e3o:<\/p>\n<div>\n<ul class=\"ItemLista3\">\n<li>Boleto de cobran\u00e7a<\/li>\n<li>Contas de \u00e1gua, luz, celular e g\u00e1s<\/li>\n<li>Pedido de Compra<\/li>\n<li>Relat\u00f3rios internos<\/li>\n<li>Etiquetas, etc.<\/li>\n<\/ul>\n<\/div>\n<div>\n<p><b class=\"SubtituloBox\">Solu\u00e7\u00f5es<\/b><\/p>\n<\/div>\n<p>O mercado de VDP possui diversas solu\u00e7\u00f5es diferentes que se adequam \u00e0s necessidades de cada empresa. Veja abaixo as solu\u00e7\u00f5es de VDP que a GB pode lhe oferecer:<\/p>\n<p><strong>Programa\u00e7\u00e3o PCL<\/strong><\/p>\n<p align=\"center\"><a href=\"https:\/\/i0.wp.com\/www.gbnet.com.br\/v2\/images\/PCL_diagram_big.png\" rel=\"lightbox\"><img data-recalc-dims=\"1\" loading=\"lazy\" decoding=\"async\" src=\"https:\/\/i0.wp.com\/www.gbnet.com.br\/v2\/images\/PCL_diagram_small.png?resize=320%2C213\" width=\"320\" height=\"213\" border=\"0\"><\/a><\/p>\n<p class=\"TextoNormal\">A GB Network &amp; Print \u00e9 a empresa Brasileira n\u00famero 1 no desenvolvimento de aplica\u00e7\u00f5es PCL para impressoras laser. Com mais de 17 anos mercado e profissionais com mais de 20 anos de conhecimento nessa linguagem, nossa empresa pode oferecer os seguintes servi\u00e7os:<\/p>\n<div>\n<ul class=\"Legendas\">\n<li>&nbsp;Consultoria em programa\u00e7\u00e3o PCL;<\/li>\n<li>&nbsp;Convers\u00e3o para PCL de logotipos gerados em softwares gr\u00e1ficos (ex.: Corel Draw);<\/li>\n<li>&nbsp;Desenvolvimento de formul\u00e1rios em PCL5 para impressoras laser e implanta\u00e7\u00e3o em qualquer sist. operacional e linguagem de programa\u00e7\u00e3o;<\/li>\n<li>&nbsp;Formul\u00e1rios com gr\u00e1ficos em Unix, AS\/400 e Mainframe;<\/li>\n<li>&nbsp;Desenvolvimento e convers\u00e3o de fontes espec\u00edficos;<\/li>\n<li>&nbsp;Convers\u00e3o de fontes desenvolvidos em outras linguagens de impress\u00e3o (DJDE, Metacode, XES, AFP, PCL, etc), para PCL;<\/li>\n<\/ul>\n<\/div>\n<p><strong>Solimar<\/strong><\/p>\n<p><img data-recalc-dims=\"1\" decoding=\"async\" src=\"https:\/\/i0.wp.com\/www.gbnet.com.br\/v2\/images\/solimar_diagram_small.png?w=1140\"><\/p>\n<p class=\"TextoNormal\"><span class=\"TextoBold\">Solimar Systems<\/span>&nbsp;tem uma completa su\u00edte de produtos para convers\u00e3o de linguagens de impress\u00e3o, gerenciamento de ambientes de impress\u00e3o, reengenharia de documentos (p\u00f3s-processamento) e distribui\u00e7\u00e3o eletr\u00f4nica de documentos.<\/p>\n<table style=\"height: 227px;\" border=\"0\" width=\"517\" cellspacing=\"0\" cellpadding=\"5\" align=\"center\">\n<tbody>\n<tr>\n<td colspan=\"3\">Clique nos links abaixo e conhe\u00e7a um pouco mais sobre o potencial de cada produto&nbsp;<span class=\"TextoBold\">Solimar<\/span>:<\/td>\n<\/tr>\n<tr bgcolor=\"#FFFFFF\">\n<td width=\"110\">\n<div align=\"center\">\n<p><img data-recalc-dims=\"1\" decoding=\"async\" src=\"https:\/\/i0.wp.com\/www.gbnet.com.br\/v2\/images\/logo_spde.png?w=1140\"><\/p>\n<p><a class=\"ItemLista4\" href=\"http:\/\/gbnet.com.br\/v3\/solimar-print-director-enterprise-spde\/\">Convers\u00e3o e Gerenciamento<\/a><\/p>\n<\/div>\n<\/td>\n<td width=\"110\">\n<div align=\"center\"><img data-recalc-dims=\"1\" decoding=\"async\" src=\"https:\/\/i0.wp.com\/www.gbnet.com.br\/v2\/images\/logo_rubika.png?w=1140\"><\/div>\n<div align=\"center\"><a class=\"ItemLista4\" href=\"http:\/\/gbnet.com.br\/v3\/rubika-processamento-de-pdf\/\">Processamento<\/a><\/div>\n<\/td>\n<td width=\"110\">\n<div align=\"center\"><img data-recalc-dims=\"1\" decoding=\"async\" src=\"https:\/\/i0.wp.com\/www.gbnet.com.br\/v2\/images\/logo_solsearcher.png?w=1140\"><\/div>\n<div align=\"center\"><a class=\"ItemLista4\" href=\"http:\/\/gbnet.com.br\/v3\/solsearcher-enterprise\/\">Distribui\u00e7\u00e3o Eletr\u00f4nica<\/a><\/div>\n<\/td>\n<\/tr>\n<\/tbody>\n<\/table>\n<p><strong>Formport Server<\/strong><\/p>\n<div>\n<div class=\"Subtitulo\"><a href=\"https:\/\/i0.wp.com\/www.gbnet.com.br\/v2\/images\/formport_big.png\" rel=\"lightbox\"><img data-recalc-dims=\"1\" loading=\"lazy\" decoding=\"async\" src=\"https:\/\/i0.wp.com\/www.gbnet.com.br\/v2\/images\/formport_small.png?resize=270%2C131\" width=\"270\" height=\"131\" border=\"0\"><\/a><br \/>\nSolu\u00e7\u00e3o de dados vari\u00e1veis para a substitui\u00e7\u00e3o de impressoras matriciais e formul\u00e1rios pr\u00e9-impressos para laser, de maneira f\u00e1cil e r\u00e1pida, fazendo a impress\u00e3o de formul\u00e1rios, logotipos, assinaturas eletr\u00f4nicas, c\u00f3digos de barras, entre outros com grande qualidade de impress\u00e3o. Este software \u00e9 compat\u00edvel com qualquer impressora laser PCL5 ou 6 e ainda permite os seguintes recursos:<\/div>\n<div>\n<ul class=\"ItemLista3\">\n<li>&nbsp;Agente de Fax: envia documentos no formato apropriado para um servidor de Fax;<\/li>\n<li>&nbsp;Agente PDF: gera um PDF automaticamente de qualquer documento que foi impresso ou n\u00e3o;<\/li>\n<li>&nbsp;Agente de E-mail: envia um e-mail para um \u00fanico usu\u00e1rio ou um grupo de usu\u00e1rios podendo anexar documentos PDF ou TIFF gerados pela solu\u00e7\u00e3o;<\/li>\n<li>&nbsp;Agente de FTP: envia automaticamente documentos no formato PDF ou TIFF para um serivdor de FTP;<\/li>\n<li>&nbsp;Gerenciador de impress\u00e3o; permite estipular hor\u00e1rios espec\u00edficos para a impress\u00e3o de determinados processos;<\/li>\n<li>&nbsp;Agente de Criptografia: envia impress\u00f5es seguras (criptografadas) para uma impressora laser HP.Necessita do m\u00f3dulo SECURE JET;<\/li>\n<li>&nbsp;Backup: realiza o arquivamento autom\u00e1tico dos documentos processados pela solu\u00e7\u00e3o.<\/li>\n<\/ul>\n<p><strong>Planet Press<\/strong><\/p>\n<p align=\"center\"><a title=\"Importe dados de qualquer origem e utilize-os em documentos personalizados, com alta qualidade!\" href=\"https:\/\/i0.wp.com\/www.gbnet.com.br\/v2\/images\/ppress_diagram_big.jpg\" rel=\"lightbox\"><img data-recalc-dims=\"1\" loading=\"lazy\" decoding=\"async\" src=\"https:\/\/i0.wp.com\/www.gbnet.com.br\/v2\/images\/ppress_diagram_small.jpg?resize=320%2C159\" width=\"320\" height=\"159\" border=\"0\"><\/a><\/p>\n<p>&nbsp;<\/p>\n<ul class=\"ItemLista\">\n<li>&nbsp;Imprima documentos complexos em alta velocidade;<\/li>\n<li>&nbsp;Modernize-se com impressoras de sistema aberto flex\u00edveis;<\/li>\n<li>&nbsp;Acabe com caros documentos e formul\u00e1rios pr\u00e9-impressos;<\/li>\n<li>&nbsp;Reduza o custo operacional comum \u00e0 impress\u00e3o;<\/li>\n<li>&nbsp;Implemente regras e condi\u00e7\u00f5es para direcionar melhor a mensagem aos seus clientes;<\/li>\n<li>&nbsp;Melhore sua produtividade e imagem corporativa;<\/li>\n<li>&nbsp;De forma inteligente, procure atingir os interesses pessoais de seus clientes, moldando o conte\u00fado baseado nos dados de cada cliente;<\/li>\n<\/ul>\n<p class=\"TextoBold\">Crie documentos personalizados e transacionais com dados vari\u00e1veis com o PlanetPress.<\/p>\n<p class=\"TextoBold\">Tudo, desde uma simples fus\u00e3o de correspond\u00eancia at\u00e9 documentos transacionais que variam completamente em tamanho e forma podem ser criados com o PlanetPress.<\/p>\n<p class=\"TextoNormal\">Comece com uma p\u00e1gina em branco e como plano de fundo insira uma imagem PDF ou EPS, ou elabore um novo, personalizado a partir do zero.<\/p>\n<p class=\"TextoNormal\">Mapeamento f\u00e1cil do tipo &#8220;arrastar e soltar&#8221; de campos de dados de vari\u00e1veis, mesclados com textos est\u00e1ticos.<\/p>\n<p class=\"TextoNormal\">Insira mensagens de dados, gr\u00e1ficos, gr\u00e1ficos de setores vari\u00e1veis e c\u00f3digos de barra usados internacionalmente.<\/p>\n<p class=\"TextoNormal\">Os documentos podem se impressos em sistemas abertos de impress\u00e3o ou integrados em um fluxo de trabalho de processo de distribui\u00e7\u00e3o automatizado atrav\u00e9s do PlanetPress Watch ou do PlanetPress Server.<\/p>\n<p class=\"TextoBold\">Informa\u00e7\u00f5es Adicionais<\/p>\n<div>\n<ul class=\"ItemLista3\">\n<li>Folder PlanetPress&nbsp;&nbsp;<a href=\"http:\/\/www.gbnet.com.br\/v2\/pdfs%20&amp;%20zips\/PPress_Port.pdf\" target=\"_blank\" rel=\"noopener\"><img data-recalc-dims=\"1\" loading=\"lazy\" decoding=\"async\" src=\"https:\/\/i0.wp.com\/www.gbnet.com.br\/v2\/images\/icoPDF.gif?resize=14%2C16\" width=\"14\" height=\"16\" border=\"0\"><\/a><\/li>\n<\/ul>\n<\/div>\n<p><strong>GMC<\/strong><\/p>\n<\/div>\n<p align=\"center\"><a href=\"https:\/\/i0.wp.com\/www.gbnet.com.br\/v2\/images\/gmc_exemplo_big.jpg\" rel=\"lightbox\"><img data-recalc-dims=\"1\" loading=\"lazy\" decoding=\"async\" src=\"https:\/\/i0.wp.com\/www.gbnet.com.br\/v2\/images\/gmc_exemplo_small.jpg?resize=350%2C186\" width=\"350\" height=\"186\" border=\"0\"><\/a><\/p>\n<p class=\"TextoBold\">Atrav\u00e9s do PrintNet, um extrato de cart\u00e3o de cr\u00e9dito, por exemplo, pode ser apresentado de forma muito mais clara de se compreender, al\u00e9m de incluir an\u00fancios personalizados, baseados nas caracter\u00edsticas de cada cliente!<\/p>\n<p align=\"center\"><img data-recalc-dims=\"1\" loading=\"lazy\" decoding=\"async\" src=\"https:\/\/i0.wp.com\/www.gbnet.com.br\/v2\/images\/logo_gmc_240.png?resize=200%2C65\" width=\"200\" height=\"65\"><\/p>\n<p class=\"textoNormal\">A<span class=\"TextoBold\">GMC Software Technology<\/span>&nbsp;auxilia empresas a implementarem programas de comunica\u00e7\u00e3o personalizada de alto impacto, que aumentam a satisfa\u00e7\u00e3o e fidelidade do cliente, orientam quanto a aquisi\u00e7\u00e3o de novos clientes, aumentam a produtividade e reduzem os custos.<\/p>\n<p class=\"textoNormal\">Normalmente atingindo um retorno sobre investimento de 6 a 12 meses com melhoria de prazo de execu\u00e7\u00e3o de at\u00e9 400%, o<span class=\"TextoBold\">PrintNet GMC<\/span>&nbsp;\u00e9 uma solu\u00e7\u00e3o ideal para provedores terceirizados e organiza\u00e7\u00f5es envolvidas na comunica\u00e7\u00e3o com o cliente.<\/p>\n<p class=\"textoNormal\">Se sua empresa est\u00e1 procurando novas ferramentas que possibilitem um servi\u00e7o B2C mais eficiente n\u00e3o deixe de nos chamar para uma apresenta\u00e7\u00e3o para mostrarmos os benef\u00edcios de uma eficiente aplica\u00e7\u00e3o transpromo.<\/p>\n<p class=\"TextoPequenoBold\">Aten\u00e7\u00e3o: se sua empresa \u00e9 uma gr\u00e1fica r\u00e1pida ou bureau de impress\u00e3o, voc\u00ea est\u00e1 perdendo tempo e dinheiro se n\u00e3o tem um sistema eficiente para aplica\u00e7\u00f5es transpromo! Essa \u00e9 a nova demanda do mercado!<\/p>\n<\/div>\n","protected":false},"excerpt":{"rendered":"<p>N\u00e3o importa qual sua necessidade com rela\u00e7\u00e3o gera\u00e7\u00e3o e impress\u00e3o de dados vari\u00e1veis. A GB Network &amp; Print, pioneira e l\u00edder nesse segmento, tem a solu\u00e7\u00e3o que voc\u00ea procura: As solu\u00e7\u00f5es de VDP (Variable Data Print) visam a impress\u00e3o de documentos e formul\u00e1rios com dados vari\u00e1veis facilitando assim a comunica\u00e7\u00e3o das empresas com seus clientes. &hellip;<\/p>\n","protected":false},"author":1,"featured_media":0,"parent":0,"menu_order":0,"comment_status":"closed","ping_status":"closed","template":"","meta":{"_acf_changed":false,"jetpack_post_was_ever_published":false,"_joinchat":[],"footnotes":""},"class_list":["post-1492","page","type-page","status-publish","hentry"],"acf":[],"yoast_head":"<!-- This site is optimized with the Yoast SEO plugin v27.4 - https:\/\/yoast.com\/product\/yoast-seo-wordpress\/ -->\n<title>VDP -<\/title>\n<meta name=\"robots\" content=\"index, follow, max-snippet:-1, max-image-preview:large, max-video-preview:-1\" \/>\n<link rel=\"canonical\" href=\"http:\/\/gbnet.com.br\/v3\/dadosvariaveis\/\" \/>\n<meta property=\"og:locale\" content=\"pt_BR\" \/>\n<meta property=\"og:type\" content=\"article\" \/>\n<meta property=\"og:title\" content=\"VDP -\" \/>\n<meta property=\"og:description\" content=\"N\u00e3o importa qual sua necessidade com rela\u00e7\u00e3o gera\u00e7\u00e3o e impress\u00e3o de dados vari\u00e1veis. A GB Network &amp; Print, pioneira e l\u00edder nesse segmento, tem a solu\u00e7\u00e3o que voc\u00ea procura: As solu\u00e7\u00f5es de VDP (Variable Data Print) visam a impress\u00e3o de documentos e formul\u00e1rios com dados vari\u00e1veis facilitando assim a comunica\u00e7\u00e3o das empresas com seus clientes. &hellip;\" \/>\n<meta property=\"og:url\" content=\"http:\/\/gbnet.com.br\/v3\/dadosvariaveis\/\" \/>\n<meta property=\"article:modified_time\" content=\"2018-12-20T18:34:53+00:00\" \/>\n<meta property=\"og:image\" content=\"http:\/\/www.gbnet.com.br\/v2\/images\/vdp_340x120.png\" \/>\n<meta name=\"twitter:card\" content=\"summary_large_image\" \/>\n<meta name=\"twitter:label1\" content=\"Est. tempo de leitura\" \/>\n\t<meta name=\"twitter:data1\" content=\"5 minutos\" \/>\n<script type=\"application\/ld+json\" class=\"yoast-schema-graph\">{\"@context\":\"https:\\\/\\\/schema.org\",\"@graph\":[{\"@type\":\"WebPage\",\"@id\":\"http:\\\/\\\/gbnet.com.br\\\/v3\\\/dadosvariaveis\\\/\",\"url\":\"http:\\\/\\\/gbnet.com.br\\\/v3\\\/dadosvariaveis\\\/\",\"name\":\"VDP -\",\"isPartOf\":{\"@id\":\"http:\\\/\\\/gbnet.com.br\\\/v3\\\/#website\"},\"primaryImageOfPage\":{\"@id\":\"http:\\\/\\\/gbnet.com.br\\\/v3\\\/dadosvariaveis\\\/#primaryimage\"},\"image\":{\"@id\":\"http:\\\/\\\/gbnet.com.br\\\/v3\\\/dadosvariaveis\\\/#primaryimage\"},\"thumbnailUrl\":\"http:\\\/\\\/www.gbnet.com.br\\\/v2\\\/images\\\/vdp_340x120.png\",\"datePublished\":\"2018-06-29T15:02:13+00:00\",\"dateModified\":\"2018-12-20T18:34:53+00:00\",\"breadcrumb\":{\"@id\":\"http:\\\/\\\/gbnet.com.br\\\/v3\\\/dadosvariaveis\\\/#breadcrumb\"},\"inLanguage\":\"pt-BR\",\"potentialAction\":[{\"@type\":\"ReadAction\",\"target\":[\"http:\\\/\\\/gbnet.com.br\\\/v3\\\/dadosvariaveis\\\/\"]}]},{\"@type\":\"ImageObject\",\"inLanguage\":\"pt-BR\",\"@id\":\"http:\\\/\\\/gbnet.com.br\\\/v3\\\/dadosvariaveis\\\/#primaryimage\",\"url\":\"http:\\\/\\\/www.gbnet.com.br\\\/v2\\\/images\\\/vdp_340x120.png\",\"contentUrl\":\"http:\\\/\\\/www.gbnet.com.br\\\/v2\\\/images\\\/vdp_340x120.png\"},{\"@type\":\"BreadcrumbList\",\"@id\":\"http:\\\/\\\/gbnet.com.br\\\/v3\\\/dadosvariaveis\\\/#breadcrumb\",\"itemListElement\":[{\"@type\":\"ListItem\",\"position\":1,\"name\":\"In\u00edcio\",\"item\":\"http:\\\/\\\/gbnet.com.br\\\/v3\\\/\"},{\"@type\":\"ListItem\",\"position\":2,\"name\":\"VDP\"}]},{\"@type\":\"WebSite\",\"@id\":\"http:\\\/\\\/gbnet.com.br\\\/v3\\\/#website\",\"url\":\"http:\\\/\\\/gbnet.com.br\\\/v3\\\/\",\"name\":\"\",\"description\":\"Transformamos dados em informa\u00e7\u00f5es - GB Network &amp; Print\",\"publisher\":{\"@id\":\"http:\\\/\\\/gbnet.com.br\\\/v3\\\/#organization\"},\"potentialAction\":[{\"@type\":\"SearchAction\",\"target\":{\"@type\":\"EntryPoint\",\"urlTemplate\":\"http:\\\/\\\/gbnet.com.br\\\/v3\\\/?s={search_term_string}\"},\"query-input\":{\"@type\":\"PropertyValueSpecification\",\"valueRequired\":true,\"valueName\":\"search_term_string\"}}],\"inLanguage\":\"pt-BR\"},{\"@type\":\"Organization\",\"@id\":\"http:\\\/\\\/gbnet.com.br\\\/v3\\\/#organization\",\"name\":\"GB Network & Print\",\"url\":\"http:\\\/\\\/gbnet.com.br\\\/v3\\\/\",\"logo\":{\"@type\":\"ImageObject\",\"inLanguage\":\"pt-BR\",\"@id\":\"http:\\\/\\\/gbnet.com.br\\\/v3\\\/#\\\/schema\\\/logo\\\/image\\\/\",\"url\":\"https:\\\/\\\/i0.wp.com\\\/gbnet.com.br\\\/v3\\\/wp-content\\\/uploads\\\/2018\\\/03\\\/logoGB-OK-e1521838575299.png?fit=120%2C122\",\"contentUrl\":\"https:\\\/\\\/i0.wp.com\\\/gbnet.com.br\\\/v3\\\/wp-content\\\/uploads\\\/2018\\\/03\\\/logoGB-OK-e1521838575299.png?fit=120%2C122\",\"width\":120,\"height\":122,\"caption\":\"GB Network & Print\"},\"image\":{\"@id\":\"http:\\\/\\\/gbnet.com.br\\\/v3\\\/#\\\/schema\\\/logo\\\/image\\\/\"}}]}<\/script>\n<!-- \/ Yoast SEO plugin. -->","yoast_head_json":{"title":"VDP -","robots":{"index":"index","follow":"follow","max-snippet":"max-snippet:-1","max-image-preview":"max-image-preview:large","max-video-preview":"max-video-preview:-1"},"canonical":"http:\/\/gbnet.com.br\/v3\/dadosvariaveis\/","og_locale":"pt_BR","og_type":"article","og_title":"VDP -","og_description":"N\u00e3o importa qual sua necessidade com rela\u00e7\u00e3o gera\u00e7\u00e3o e impress\u00e3o de dados vari\u00e1veis. A GB Network &amp; Print, pioneira e l\u00edder nesse segmento, tem a solu\u00e7\u00e3o que voc\u00ea procura: As solu\u00e7\u00f5es de VDP (Variable Data Print) visam a impress\u00e3o de documentos e formul\u00e1rios com dados vari\u00e1veis facilitando assim a comunica\u00e7\u00e3o das empresas com seus clientes. &hellip;","og_url":"http:\/\/gbnet.com.br\/v3\/dadosvariaveis\/","article_modified_time":"2018-12-20T18:34:53+00:00","og_image":[{"url":"http:\/\/www.gbnet.com.br\/v2\/images\/vdp_340x120.png","type":"","width":"","height":""}],"twitter_card":"summary_large_image","twitter_misc":{"Est. tempo de leitura":"5 minutos"},"schema":{"@context":"https:\/\/schema.org","@graph":[{"@type":"WebPage","@id":"http:\/\/gbnet.com.br\/v3\/dadosvariaveis\/","url":"http:\/\/gbnet.com.br\/v3\/dadosvariaveis\/","name":"VDP -","isPartOf":{"@id":"http:\/\/gbnet.com.br\/v3\/#website"},"primaryImageOfPage":{"@id":"http:\/\/gbnet.com.br\/v3\/dadosvariaveis\/#primaryimage"},"image":{"@id":"http:\/\/gbnet.com.br\/v3\/dadosvariaveis\/#primaryimage"},"thumbnailUrl":"http:\/\/www.gbnet.com.br\/v2\/images\/vdp_340x120.png","datePublished":"2018-06-29T15:02:13+00:00","dateModified":"2018-12-20T18:34:53+00:00","breadcrumb":{"@id":"http:\/\/gbnet.com.br\/v3\/dadosvariaveis\/#breadcrumb"},"inLanguage":"pt-BR","potentialAction":[{"@type":"ReadAction","target":["http:\/\/gbnet.com.br\/v3\/dadosvariaveis\/"]}]},{"@type":"ImageObject","inLanguage":"pt-BR","@id":"http:\/\/gbnet.com.br\/v3\/dadosvariaveis\/#primaryimage","url":"http:\/\/www.gbnet.com.br\/v2\/images\/vdp_340x120.png","contentUrl":"http:\/\/www.gbnet.com.br\/v2\/images\/vdp_340x120.png"},{"@type":"BreadcrumbList","@id":"http:\/\/gbnet.com.br\/v3\/dadosvariaveis\/#breadcrumb","itemListElement":[{"@type":"ListItem","position":1,"name":"In\u00edcio","item":"http:\/\/gbnet.com.br\/v3\/"},{"@type":"ListItem","position":2,"name":"VDP"}]},{"@type":"WebSite","@id":"http:\/\/gbnet.com.br\/v3\/#website","url":"http:\/\/gbnet.com.br\/v3\/","name":"","description":"Transformamos dados em informa\u00e7\u00f5es - GB Network &amp; Print","publisher":{"@id":"http:\/\/gbnet.com.br\/v3\/#organization"},"potentialAction":[{"@type":"SearchAction","target":{"@type":"EntryPoint","urlTemplate":"http:\/\/gbnet.com.br\/v3\/?s={search_term_string}"},"query-input":{"@type":"PropertyValueSpecification","valueRequired":true,"valueName":"search_term_string"}}],"inLanguage":"pt-BR"},{"@type":"Organization","@id":"http:\/\/gbnet.com.br\/v3\/#organization","name":"GB Network & Print","url":"http:\/\/gbnet.com.br\/v3\/","logo":{"@type":"ImageObject","inLanguage":"pt-BR","@id":"http:\/\/gbnet.com.br\/v3\/#\/schema\/logo\/image\/","url":"https:\/\/i0.wp.com\/gbnet.com.br\/v3\/wp-content\/uploads\/2018\/03\/logoGB-OK-e1521838575299.png?fit=120%2C122","contentUrl":"https:\/\/i0.wp.com\/gbnet.com.br\/v3\/wp-content\/uploads\/2018\/03\/logoGB-OK-e1521838575299.png?fit=120%2C122","width":120,"height":122,"caption":"GB Network & Print"},"image":{"@id":"http:\/\/gbnet.com.br\/v3\/#\/schema\/logo\/image\/"}}]}},"jetpack_sharing_enabled":true,"jetpack_shortlink":"https:\/\/wp.me\/Pagaz2-o4","jetpack-related-posts":[{"id":1311,"url":"http:\/\/gbnet.com.br\/v3\/","url_meta":{"origin":1492,"position":0},"title":"Home","author":"","date":false,"format":false,"excerpt":"Leitura de Gabaritos C\u00f3digo de Barras Dados Vari\u00e1veis Automa\u00e7\u00e3o de PDFs Gest\u00e3o de Documentos Seguran\u00e7a de Documentos Parceiros Nossos Valores e Compromisso Transformar necessidades e desejos de clientes e parceiros na melhor solu\u00e7\u00e3o tecnol\u00f3gica.\u00a0Ser refer\u00eancia no mercado como empresa de solu\u00e7\u00f5es, fiel aos valores, buscando crescer e conquistar sua posi\u00e7\u00e3o\u2026","rel":"","context":"Post similar","block_context":{"text":"Post similar","link":""},"img":{"alt_text":"","src":"https:\/\/i0.wp.com\/gbnet.com.br\/v3\/wp-content\/uploads\/2018\/08\/S%C3%A3o-Paulo-Zona-Sul.jpg?resize=350%2C200","width":350,"height":200,"srcset":"https:\/\/i0.wp.com\/gbnet.com.br\/v3\/wp-content\/uploads\/2018\/08\/S%C3%A3o-Paulo-Zona-Sul.jpg?resize=350%2C200 1x, https:\/\/i0.wp.com\/gbnet.com.br\/v3\/wp-content\/uploads\/2018\/08\/S%C3%A3o-Paulo-Zona-Sul.jpg?resize=525%2C300 1.5x, https:\/\/i0.wp.com\/gbnet.com.br\/v3\/wp-content\/uploads\/2018\/08\/S%C3%A3o-Paulo-Zona-Sul.jpg?resize=700%2C400 2x"},"classes":[]},{"id":1758,"url":"http:\/\/gbnet.com.br\/v3\/fontes-e-modulos-para-impressao-de-codigo-de-barras-1d-e-2-d\/","url_meta":{"origin":1492,"position":1},"title":"Fontes e m\u00f3dulos para impress\u00e3o de c\u00f3digo de barras 1D e 2 D","author":"","date":false,"format":false,"excerpt":"Para impress\u00e3o de c\u00f3digo de barras temos diversas solu\u00e7\u00f5es, fontes no padr\u00e3o TrueType ou PCL, m\u00f3dulos interno em impressoras ou externos que s\u00e3o acoplados na rede, Maquina Virtual para fazer essa convers\u00e3o usando a tecnologia BARDIMM e software de dados vari\u00e1veis. Entre em contato para entendermos melhor a sua necessidade\u2026","rel":"","context":"Post similar","block_context":{"text":"Post similar","link":""},"img":{"alt_text":"","src":"https:\/\/i0.wp.com\/gbnet.com.br\/v3\/wp-content\/uploads\/2018\/12\/Solu%C3%A7%C3%B5esCodigodeBarras2.fw_.png?resize=350%2C200","width":350,"height":200,"srcset":"https:\/\/i0.wp.com\/gbnet.com.br\/v3\/wp-content\/uploads\/2018\/12\/Solu%C3%A7%C3%B5esCodigodeBarras2.fw_.png?resize=350%2C200 1x, https:\/\/i0.wp.com\/gbnet.com.br\/v3\/wp-content\/uploads\/2018\/12\/Solu%C3%A7%C3%B5esCodigodeBarras2.fw_.png?resize=525%2C300 1.5x"},"classes":[]},{"id":2168,"url":"http:\/\/gbnet.com.br\/v3\/planetpress\/","url_meta":{"origin":1492,"position":2},"title":"Servi\u00e7os PlanetPress e OL Connect","author":"","date":false,"format":false,"excerpt":"Treinamento, capacita\u00e7\u00e3o e consultoria de PlanetPress\u00ae Connect A 25 anos no mercado de software de dados vari\u00e1veis, a GB Network \u00e9 revenda autorizada do PlanetPress\u00ae Connect no Brasil. Possu\u00edmos profissionais capacitados e com grande experi\u00eancia no produto, o que nos permitiu implementar centenas de projetos, assim como ministrar diversos treinamentos\u2026","rel":"","context":"Post similar","block_context":{"text":"Post similar","link":""},"img":{"alt_text":"","src":"https:\/\/i0.wp.com\/gbnet.com.br\/v3\/wp-content\/uploads\/2020\/07\/Logos-Planet-Plress-1.png?resize=350%2C200","width":350,"height":200,"srcset":"https:\/\/i0.wp.com\/gbnet.com.br\/v3\/wp-content\/uploads\/2020\/07\/Logos-Planet-Plress-1.png?resize=350%2C200 1x, https:\/\/i0.wp.com\/gbnet.com.br\/v3\/wp-content\/uploads\/2020\/07\/Logos-Planet-Plress-1.png?resize=525%2C300 1.5x"},"classes":[]},{"id":1589,"url":"http:\/\/gbnet.com.br\/v3\/solucoes-lrs\/","url_meta":{"origin":1492,"position":3},"title":"Solu\u00e7\u00f5es LRS","author":"","date":false,"format":false,"excerpt":"\"Desde o in\u00edcio de 2014 GB Network & Print se tornou Distribudor das solu\u00e7\u00f5es LRS no Brasil.\" Em 1979,\u00a0tr\u00eas consultores independentes juntaram esfor\u00e7os para estabelecer a Levi, Ray & Shoup, Inc. - LRS\u00ae. Juntos, eles constru\u00edram uma reputa\u00e7\u00e3o como provedores de servi\u00e7os e sistemas para uma variedade de empresas e\u2026","rel":"","context":"Post similar","block_context":{"text":"Post similar","link":""},"img":{"alt_text":"Fonte Barcode","src":"https:\/\/i0.wp.com\/www.gbnet.com.br\/v2\/images\/LRS_VPSX.png?resize=350%2C200","width":350,"height":200},"classes":[]},{"id":1595,"url":"http:\/\/gbnet.com.br\/v3\/sobre-a-gb\/","url_meta":{"origin":1492,"position":4},"title":"Sobre a GB","author":"","date":false,"format":false,"excerpt":"A GB iniciou suas atividades em 1995 em S\u00e3o Paulo, capital, onde est\u00e1 estabelecida h\u00e1 20 anos, atuando no mercado de consultoria em TI, auxiliando clientes de todos os tamanhos e diversos segmentos. Refer\u00eancia em solu\u00e7\u00f5es de impress\u00e3o, transforma\u00e7\u00e3o de dados e gera\u00e7\u00e3o de informa\u00e7\u00e3o, a GB tem parceria com\u2026","rel":"","context":"Post similar","block_context":{"text":"Post similar","link":""},"img":{"alt_text":"","src":"","width":0,"height":0},"classes":[]},{"id":1578,"url":"http:\/\/gbnet.com.br\/v3\/modulos-capella\/","url_meta":{"origin":1492,"position":5},"title":"M\u00f3dulos Capella","author":"","date":false,"format":false,"excerpt":"As solu\u00e7\u00f5es e os produtos da Capella Technologies s\u00e3o criados para melhorar, acompanhar e tornar segura a impress\u00e3o de documentos, sem que sejam precisas mudan\u00e7as significativas nos sistemas e equipamentos da sua empresa. Isso significa que voc\u00ea pode melhorar o custo-benef\u00edcio de suas impress\u00f5es, enquanto potencializa seu investimento atual em\u2026","rel":"","context":"Post similar","block_context":{"text":"Post similar","link":""},"img":{"alt_text":"","src":"https:\/\/i0.wp.com\/www.gbnet.com.br\/v2\/images\/logo_capella_160x50.png?resize=350%2C200","width":350,"height":200},"classes":[]}],"_links":{"self":[{"href":"http:\/\/gbnet.com.br\/v3\/wp-json\/wp\/v2\/pages\/1492","targetHints":{"allow":["GET"]}}],"collection":[{"href":"http:\/\/gbnet.com.br\/v3\/wp-json\/wp\/v2\/pages"}],"about":[{"href":"http:\/\/gbnet.com.br\/v3\/wp-json\/wp\/v2\/types\/page"}],"author":[{"embeddable":true,"href":"http:\/\/gbnet.com.br\/v3\/wp-json\/wp\/v2\/users\/1"}],"replies":[{"embeddable":true,"href":"http:\/\/gbnet.com.br\/v3\/wp-json\/wp\/v2\/comments?post=1492"}],"version-history":[{"count":9,"href":"http:\/\/gbnet.com.br\/v3\/wp-json\/wp\/v2\/pages\/1492\/revisions"}],"predecessor-version":[{"id":1806,"href":"http:\/\/gbnet.com.br\/v3\/wp-json\/wp\/v2\/pages\/1492\/revisions\/1806"}],"wp:attachment":[{"href":"http:\/\/gbnet.com.br\/v3\/wp-json\/wp\/v2\/media?parent=1492"}],"curies":[{"name":"wp","href":"https:\/\/api.w.org\/{rel}","templated":true}]}}