{"id":1498,"date":"2018-06-29T14:56:15","date_gmt":"2018-06-29T17:56:15","guid":{"rendered":"http:\/\/gbnet.com.br\/v3\/?page_id=1498"},"modified":"2019-09-10T17:46:41","modified_gmt":"2019-09-10T20:46:41","slug":"solimar-print-director-enterprise-spde","status":"publish","type":"page","link":"http:\/\/gbnet.com.br\/v3\/solimar-print-director-enterprise-spde\/","title":{"rendered":"Solimar Print Director Enterprise (SPDE)"},"content":{"rendered":"<div align=\"center\"><img data-recalc-dims=\"1\" loading=\"lazy\" decoding=\"async\" src=\"https:\/\/i0.wp.com\/www.gbnet.com.br\/v2\/images\/logo_spde.png?resize=110%2C140\" width=\"110\" height=\"140\" \/><\/div>\n<p class=\"TextoNormal\"><span class=\"TextoBoldInt\">Solimar Print Director Enterprise (SPDE)<\/span>\u00a0\u00e9 um conjunto de programas destinados a transformar seu servidor em uma poderosa ferramenta de gest\u00e3o e impress\u00e3o de documentos.<\/p>\n<p class=\"TextoNormal\">SPDE roda em Windows 8.x ou 10 (vers\u00e3o Professional) ou Windows Server 2008R2 ou superior e se conecta a computadores, impressoras de produ\u00e7\u00e3o e de escrit\u00f3rio que, em circunst\u00e2ncias normais, n\u00e3o poderiam ter interface uns com os outros.<\/p>\n<p class=\"TextoNormal\"><span class=\"TextoBoldInt\">SPDE<\/span>\u00a0tamb\u00e9m permite imprimir a partir de m\u00faltiplos computadores para m\u00faltiplos dispositivos simultaneamente. Ela tamb\u00e9m pode executar m\u00faltiplas rotinas de convers\u00e3o em cada processo de impress\u00e3o de arquivo.<\/p>\n<p class=\"TextoNormal\">Ao combinar diferentes entradas, sa\u00eddas, e convers\u00f5es,<span class=\"TextoBoldInt\">SPDE<\/span>\u00a0torna-se um poderoso gerenciador que conecta seus sistemas com a produ\u00e7\u00e3o em impressoras conforme sua empresa necessita. Ao crescerem suas necessidades, voc\u00ea poder\u00e1 adicionar m\u00f3dulos de software, instalando entradas e sa\u00eddas adicionais ou novas tipos de convers\u00e3o.<\/p>\n\n\n<h3 class=\"wp-block-heading\"> Tabela de convers\u00f5es <\/h3>\n\n\n\n<figure class=\"wp-block-image\"><img data-recalc-dims=\"1\" loading=\"lazy\" decoding=\"async\" width=\"869\" height=\"456\" data-attachment-id=\"1971\" data-permalink=\"http:\/\/gbnet.com.br\/v3\/solimar-print-director-enterprise-spde\/attachment\/spde-tabela-conversao\/\" data-orig-file=\"https:\/\/i0.wp.com\/gbnet.com.br\/v3\/wp-content\/uploads\/2019\/02\/SPDE-Tabela-Conversao.jpg?fit=869%2C456\" data-orig-size=\"869,456\" data-comments-opened=\"1\" data-image-meta=\"{&quot;aperture&quot;:&quot;0&quot;,&quot;credit&quot;:&quot;&quot;,&quot;camera&quot;:&quot;&quot;,&quot;caption&quot;:&quot;&quot;,&quot;created_timestamp&quot;:&quot;0&quot;,&quot;copyright&quot;:&quot;&quot;,&quot;focal_length&quot;:&quot;0&quot;,&quot;iso&quot;:&quot;0&quot;,&quot;shutter_speed&quot;:&quot;0&quot;,&quot;title&quot;:&quot;&quot;,&quot;orientation&quot;:&quot;0&quot;}\" data-image-title=\"SPDE Tabela Conversao\" data-image-description=\"\" data-image-caption=\"\" data-large-file=\"https:\/\/i0.wp.com\/gbnet.com.br\/v3\/wp-content\/uploads\/2019\/02\/SPDE-Tabela-Conversao.jpg?fit=869%2C456\" src=\"https:\/\/i0.wp.com\/gbnet.com.br\/v3\/wp-content\/uploads\/2019\/02\/SPDE-Tabela-Conversao.jpg?resize=869%2C456\" alt=\"\" class=\"wp-image-1971\" srcset=\"https:\/\/i0.wp.com\/gbnet.com.br\/v3\/wp-content\/uploads\/2019\/02\/SPDE-Tabela-Conversao.jpg?w=869 869w, https:\/\/i0.wp.com\/gbnet.com.br\/v3\/wp-content\/uploads\/2019\/02\/SPDE-Tabela-Conversao.jpg?resize=300%2C157 300w, https:\/\/i0.wp.com\/gbnet.com.br\/v3\/wp-content\/uploads\/2019\/02\/SPDE-Tabela-Conversao.jpg?resize=768%2C403 768w, https:\/\/i0.wp.com\/gbnet.com.br\/v3\/wp-content\/uploads\/2019\/02\/SPDE-Tabela-Conversao.jpg?resize=540%2C283 540w\" sizes=\"auto, (max-width: 869px) 100vw, 869px\" \/><\/figure>\n\n\n\n<h3 class=\"wp-block-heading\">Diagrama de Opera\u00e7\u00f5es SPDE<\/h3>\n\n\n\n<figure class=\"wp-block-image\"><img data-recalc-dims=\"1\" loading=\"lazy\" decoding=\"async\" width=\"890\" height=\"948\" data-attachment-id=\"1972\" data-permalink=\"http:\/\/gbnet.com.br\/v3\/solimar-print-director-enterprise-spde\/attachment\/workflow\/\" data-orig-file=\"https:\/\/i0.wp.com\/gbnet.com.br\/v3\/wp-content\/uploads\/2019\/02\/Workflow.jpg?fit=890%2C948\" data-orig-size=\"890,948\" data-comments-opened=\"1\" data-image-meta=\"{&quot;aperture&quot;:&quot;0&quot;,&quot;credit&quot;:&quot;&quot;,&quot;camera&quot;:&quot;&quot;,&quot;caption&quot;:&quot;&quot;,&quot;created_timestamp&quot;:&quot;0&quot;,&quot;copyright&quot;:&quot;&quot;,&quot;focal_length&quot;:&quot;0&quot;,&quot;iso&quot;:&quot;0&quot;,&quot;shutter_speed&quot;:&quot;0&quot;,&quot;title&quot;:&quot;&quot;,&quot;orientation&quot;:&quot;0&quot;}\" data-image-title=\"Workflow\" data-image-description=\"\" data-image-caption=\"\" data-large-file=\"https:\/\/i0.wp.com\/gbnet.com.br\/v3\/wp-content\/uploads\/2019\/02\/Workflow.jpg?fit=890%2C948\" src=\"https:\/\/i0.wp.com\/gbnet.com.br\/v3\/wp-content\/uploads\/2019\/02\/Workflow.jpg?resize=890%2C948\" alt=\"\" class=\"wp-image-1972\" srcset=\"https:\/\/i0.wp.com\/gbnet.com.br\/v3\/wp-content\/uploads\/2019\/02\/Workflow.jpg?w=890 890w, https:\/\/i0.wp.com\/gbnet.com.br\/v3\/wp-content\/uploads\/2019\/02\/Workflow.jpg?resize=282%2C300 282w, https:\/\/i0.wp.com\/gbnet.com.br\/v3\/wp-content\/uploads\/2019\/02\/Workflow.jpg?resize=768%2C818 768w, https:\/\/i0.wp.com\/gbnet.com.br\/v3\/wp-content\/uploads\/2019\/02\/Workflow.jpg?resize=507%2C540 507w\" sizes=\"auto, (max-width: 890px) 100vw, 890px\" \/><\/figure>\n","protected":false},"excerpt":{"rendered":"<p>Solimar Print Director Enterprise (SPDE)\u00a0\u00e9 um conjunto de programas destinados a transformar seu servidor em uma poderosa ferramenta de gest\u00e3o e impress\u00e3o de documentos. SPDE roda em Windows 8.x ou 10 (vers\u00e3o Professional) ou Windows Server 2008R2 ou superior e se conecta a computadores, impressoras de produ\u00e7\u00e3o e de escrit\u00f3rio que, em circunst\u00e2ncias normais, n\u00e3o &hellip;<\/p>\n","protected":false},"author":1,"featured_media":0,"parent":0,"menu_order":0,"comment_status":"closed","ping_status":"closed","template":"","meta":{"_acf_changed":false,"jetpack_post_was_ever_published":false,"_joinchat":[],"footnotes":""},"class_list":["post-1498","page","type-page","status-publish","hentry"],"acf":[],"yoast_head":"<!-- This site is optimized with the Yoast SEO plugin v27.4 - https:\/\/yoast.com\/product\/yoast-seo-wordpress\/ -->\n<title>Solimar Print Director Enterprise (SPDE) -<\/title>\n<meta name=\"robots\" content=\"index, follow, max-snippet:-1, max-image-preview:large, max-video-preview:-1\" \/>\n<link rel=\"canonical\" href=\"http:\/\/gbnet.com.br\/v3\/solimar-print-director-enterprise-spde\/\" \/>\n<meta property=\"og:locale\" content=\"pt_BR\" \/>\n<meta property=\"og:type\" content=\"article\" \/>\n<meta property=\"og:title\" content=\"Solimar Print Director Enterprise (SPDE) -\" \/>\n<meta property=\"og:description\" content=\"Solimar Print Director Enterprise (SPDE)\u00a0\u00e9 um conjunto de programas destinados a transformar seu servidor em uma poderosa ferramenta de gest\u00e3o e impress\u00e3o de documentos. SPDE roda em Windows 8.x ou 10 (vers\u00e3o Professional) ou Windows Server 2008R2 ou superior e se conecta a computadores, impressoras de produ\u00e7\u00e3o e de escrit\u00f3rio que, em circunst\u00e2ncias normais, n\u00e3o &hellip;\" \/>\n<meta property=\"og:url\" content=\"http:\/\/gbnet.com.br\/v3\/solimar-print-director-enterprise-spde\/\" \/>\n<meta property=\"article:modified_time\" content=\"2019-09-10T20:46:41+00:00\" \/>\n<meta property=\"og:image\" content=\"http:\/\/www.gbnet.com.br\/v2\/images\/logo_spde.png\" \/>\n<meta name=\"twitter:card\" content=\"summary_large_image\" \/>\n<meta name=\"twitter:label1\" content=\"Est. tempo de leitura\" \/>\n\t<meta name=\"twitter:data1\" content=\"1 minuto\" \/>\n<script type=\"application\/ld+json\" class=\"yoast-schema-graph\">{\"@context\":\"https:\\\/\\\/schema.org\",\"@graph\":[{\"@type\":\"WebPage\",\"@id\":\"http:\\\/\\\/gbnet.com.br\\\/v3\\\/solimar-print-director-enterprise-spde\\\/\",\"url\":\"http:\\\/\\\/gbnet.com.br\\\/v3\\\/solimar-print-director-enterprise-spde\\\/\",\"name\":\"Solimar Print Director Enterprise (SPDE) -\",\"isPartOf\":{\"@id\":\"http:\\\/\\\/gbnet.com.br\\\/v3\\\/#website\"},\"primaryImageOfPage\":{\"@id\":\"http:\\\/\\\/gbnet.com.br\\\/v3\\\/solimar-print-director-enterprise-spde\\\/#primaryimage\"},\"image\":{\"@id\":\"http:\\\/\\\/gbnet.com.br\\\/v3\\\/solimar-print-director-enterprise-spde\\\/#primaryimage\"},\"thumbnailUrl\":\"http:\\\/\\\/www.gbnet.com.br\\\/v2\\\/images\\\/logo_spde.png\",\"datePublished\":\"2018-06-29T17:56:15+00:00\",\"dateModified\":\"2019-09-10T20:46:41+00:00\",\"breadcrumb\":{\"@id\":\"http:\\\/\\\/gbnet.com.br\\\/v3\\\/solimar-print-director-enterprise-spde\\\/#breadcrumb\"},\"inLanguage\":\"pt-BR\",\"potentialAction\":[{\"@type\":\"ReadAction\",\"target\":[\"http:\\\/\\\/gbnet.com.br\\\/v3\\\/solimar-print-director-enterprise-spde\\\/\"]}]},{\"@type\":\"ImageObject\",\"inLanguage\":\"pt-BR\",\"@id\":\"http:\\\/\\\/gbnet.com.br\\\/v3\\\/solimar-print-director-enterprise-spde\\\/#primaryimage\",\"url\":\"http:\\\/\\\/www.gbnet.com.br\\\/v2\\\/images\\\/logo_spde.png\",\"contentUrl\":\"http:\\\/\\\/www.gbnet.com.br\\\/v2\\\/images\\\/logo_spde.png\"},{\"@type\":\"BreadcrumbList\",\"@id\":\"http:\\\/\\\/gbnet.com.br\\\/v3\\\/solimar-print-director-enterprise-spde\\\/#breadcrumb\",\"itemListElement\":[{\"@type\":\"ListItem\",\"position\":1,\"name\":\"In\u00edcio\",\"item\":\"http:\\\/\\\/gbnet.com.br\\\/v3\\\/\"},{\"@type\":\"ListItem\",\"position\":2,\"name\":\"Solimar Print Director Enterprise (SPDE)\"}]},{\"@type\":\"WebSite\",\"@id\":\"http:\\\/\\\/gbnet.com.br\\\/v3\\\/#website\",\"url\":\"http:\\\/\\\/gbnet.com.br\\\/v3\\\/\",\"name\":\"\",\"description\":\"Transformamos dados em informa\u00e7\u00f5es - GB Network &amp; Print\",\"publisher\":{\"@id\":\"http:\\\/\\\/gbnet.com.br\\\/v3\\\/#organization\"},\"potentialAction\":[{\"@type\":\"SearchAction\",\"target\":{\"@type\":\"EntryPoint\",\"urlTemplate\":\"http:\\\/\\\/gbnet.com.br\\\/v3\\\/?s={search_term_string}\"},\"query-input\":{\"@type\":\"PropertyValueSpecification\",\"valueRequired\":true,\"valueName\":\"search_term_string\"}}],\"inLanguage\":\"pt-BR\"},{\"@type\":\"Organization\",\"@id\":\"http:\\\/\\\/gbnet.com.br\\\/v3\\\/#organization\",\"name\":\"GB Network & Print\",\"url\":\"http:\\\/\\\/gbnet.com.br\\\/v3\\\/\",\"logo\":{\"@type\":\"ImageObject\",\"inLanguage\":\"pt-BR\",\"@id\":\"http:\\\/\\\/gbnet.com.br\\\/v3\\\/#\\\/schema\\\/logo\\\/image\\\/\",\"url\":\"https:\\\/\\\/i0.wp.com\\\/gbnet.com.br\\\/v3\\\/wp-content\\\/uploads\\\/2018\\\/03\\\/logoGB-OK-e1521838575299.png?fit=120%2C122\",\"contentUrl\":\"https:\\\/\\\/i0.wp.com\\\/gbnet.com.br\\\/v3\\\/wp-content\\\/uploads\\\/2018\\\/03\\\/logoGB-OK-e1521838575299.png?fit=120%2C122\",\"width\":120,\"height\":122,\"caption\":\"GB Network & Print\"},\"image\":{\"@id\":\"http:\\\/\\\/gbnet.com.br\\\/v3\\\/#\\\/schema\\\/logo\\\/image\\\/\"}}]}<\/script>\n<!-- \/ Yoast SEO plugin. -->","yoast_head_json":{"title":"Solimar Print Director Enterprise (SPDE) -","robots":{"index":"index","follow":"follow","max-snippet":"max-snippet:-1","max-image-preview":"max-image-preview:large","max-video-preview":"max-video-preview:-1"},"canonical":"http:\/\/gbnet.com.br\/v3\/solimar-print-director-enterprise-spde\/","og_locale":"pt_BR","og_type":"article","og_title":"Solimar Print Director Enterprise (SPDE) -","og_description":"Solimar Print Director Enterprise (SPDE)\u00a0\u00e9 um conjunto de programas destinados a transformar seu servidor em uma poderosa ferramenta de gest\u00e3o e impress\u00e3o de documentos. SPDE roda em Windows 8.x ou 10 (vers\u00e3o Professional) ou Windows Server 2008R2 ou superior e se conecta a computadores, impressoras de produ\u00e7\u00e3o e de escrit\u00f3rio que, em circunst\u00e2ncias normais, n\u00e3o &hellip;","og_url":"http:\/\/gbnet.com.br\/v3\/solimar-print-director-enterprise-spde\/","article_modified_time":"2019-09-10T20:46:41+00:00","og_image":[{"url":"http:\/\/www.gbnet.com.br\/v2\/images\/logo_spde.png","type":"","width":"","height":""}],"twitter_card":"summary_large_image","twitter_misc":{"Est. tempo de leitura":"1 minuto"},"schema":{"@context":"https:\/\/schema.org","@graph":[{"@type":"WebPage","@id":"http:\/\/gbnet.com.br\/v3\/solimar-print-director-enterprise-spde\/","url":"http:\/\/gbnet.com.br\/v3\/solimar-print-director-enterprise-spde\/","name":"Solimar Print Director Enterprise (SPDE) -","isPartOf":{"@id":"http:\/\/gbnet.com.br\/v3\/#website"},"primaryImageOfPage":{"@id":"http:\/\/gbnet.com.br\/v3\/solimar-print-director-enterprise-spde\/#primaryimage"},"image":{"@id":"http:\/\/gbnet.com.br\/v3\/solimar-print-director-enterprise-spde\/#primaryimage"},"thumbnailUrl":"http:\/\/www.gbnet.com.br\/v2\/images\/logo_spde.png","datePublished":"2018-06-29T17:56:15+00:00","dateModified":"2019-09-10T20:46:41+00:00","breadcrumb":{"@id":"http:\/\/gbnet.com.br\/v3\/solimar-print-director-enterprise-spde\/#breadcrumb"},"inLanguage":"pt-BR","potentialAction":[{"@type":"ReadAction","target":["http:\/\/gbnet.com.br\/v3\/solimar-print-director-enterprise-spde\/"]}]},{"@type":"ImageObject","inLanguage":"pt-BR","@id":"http:\/\/gbnet.com.br\/v3\/solimar-print-director-enterprise-spde\/#primaryimage","url":"http:\/\/www.gbnet.com.br\/v2\/images\/logo_spde.png","contentUrl":"http:\/\/www.gbnet.com.br\/v2\/images\/logo_spde.png"},{"@type":"BreadcrumbList","@id":"http:\/\/gbnet.com.br\/v3\/solimar-print-director-enterprise-spde\/#breadcrumb","itemListElement":[{"@type":"ListItem","position":1,"name":"In\u00edcio","item":"http:\/\/gbnet.com.br\/v3\/"},{"@type":"ListItem","position":2,"name":"Solimar Print Director Enterprise (SPDE)"}]},{"@type":"WebSite","@id":"http:\/\/gbnet.com.br\/v3\/#website","url":"http:\/\/gbnet.com.br\/v3\/","name":"","description":"Transformamos dados em informa\u00e7\u00f5es - GB Network &amp; Print","publisher":{"@id":"http:\/\/gbnet.com.br\/v3\/#organization"},"potentialAction":[{"@type":"SearchAction","target":{"@type":"EntryPoint","urlTemplate":"http:\/\/gbnet.com.br\/v3\/?s={search_term_string}"},"query-input":{"@type":"PropertyValueSpecification","valueRequired":true,"valueName":"search_term_string"}}],"inLanguage":"pt-BR"},{"@type":"Organization","@id":"http:\/\/gbnet.com.br\/v3\/#organization","name":"GB Network & Print","url":"http:\/\/gbnet.com.br\/v3\/","logo":{"@type":"ImageObject","inLanguage":"pt-BR","@id":"http:\/\/gbnet.com.br\/v3\/#\/schema\/logo\/image\/","url":"https:\/\/i0.wp.com\/gbnet.com.br\/v3\/wp-content\/uploads\/2018\/03\/logoGB-OK-e1521838575299.png?fit=120%2C122","contentUrl":"https:\/\/i0.wp.com\/gbnet.com.br\/v3\/wp-content\/uploads\/2018\/03\/logoGB-OK-e1521838575299.png?fit=120%2C122","width":120,"height":122,"caption":"GB Network & Print"},"image":{"@id":"http:\/\/gbnet.com.br\/v3\/#\/schema\/logo\/image\/"}}]}},"jetpack_sharing_enabled":true,"jetpack_shortlink":"https:\/\/wp.me\/Pagaz2-oa","jetpack-related-posts":[{"id":1492,"url":"http:\/\/gbnet.com.br\/v3\/dadosvariaveis\/","url_meta":{"origin":1498,"position":0},"title":"VDP","author":"","date":false,"format":false,"excerpt":"N\u00e3o importa qual sua necessidade com rela\u00e7\u00e3o gera\u00e7\u00e3o e impress\u00e3o de dados vari\u00e1veis. A GB Network & Print, pioneira e l\u00edder nesse segmento, tem a solu\u00e7\u00e3o que voc\u00ea procura: As solu\u00e7\u00f5es de VDP (Variable Data Print) visam a impress\u00e3o de documentos e formul\u00e1rios com dados vari\u00e1veis facilitando assim a comunica\u00e7\u00e3o\u2026","rel":"","context":"Post similar","block_context":{"text":"Post similar","link":""},"img":{"alt_text":"","src":"https:\/\/i0.wp.com\/www.gbnet.com.br\/v2\/images\/vdp_340x120.png?resize=350%2C200","width":350,"height":200},"classes":[]},{"id":2309,"url":"http:\/\/gbnet.com.br\/v3\/readypdf-software-para-otimizacao-de-documentos-pdf\/","url_meta":{"origin":1498,"position":1},"title":"ReadyPDF \u2013 Software para otimiza\u00e7\u00e3o de documentos PDF","author":"","date":false,"format":false,"excerpt":"ReadyPDF \u00e9 a mais recente inova\u00e7\u00e3o da Solimar, empresa americana l\u00edder em tratamento de dados, a qual a GB \u00e9 distribuidor no Brasil. Com o ReadyPDF voc\u00ea otimiza arquivos PDF para que sejam processados com mais efici\u00eancia, seja para envio por meio eletr\u00f4nico, arquivamento ou impress\u00e3o em produ\u00e7\u00e3o. O ReadyPDF\u2026","rel":"","context":"Post similar","block_context":{"text":"Post similar","link":""},"img":{"alt_text":"","src":"https:\/\/i0.wp.com\/gbnet.com.br\/v3\/wp-content\/uploads\/2021\/02\/ReadyPDF.png?resize=350%2C200","width":350,"height":200,"srcset":"https:\/\/i0.wp.com\/gbnet.com.br\/v3\/wp-content\/uploads\/2021\/02\/ReadyPDF.png?resize=350%2C200 1x, https:\/\/i0.wp.com\/gbnet.com.br\/v3\/wp-content\/uploads\/2021\/02\/ReadyPDF.png?resize=525%2C300 1.5x"},"classes":[]},{"id":1516,"url":"http:\/\/gbnet.com.br\/v3\/escapee\/","url_meta":{"origin":1498,"position":2},"title":"EscapeE","author":"","date":false,"format":false,"excerpt":"Al\u00e9m de checar a impress\u00e3o, com o\u00a0EscapeE\u00a0tamb\u00e9m \u00e9 poss\u00edvel compartilhar eletronicamente os arquivos PCL, extrair e exportar dados, re-imprimir partes de um documento e tamb\u00e9m convert\u00ea-lo para diversos formatos, como TIFF e PDF, para arquivamento, ou IMG e AFP, para impress\u00e3o em equipamentos de produ\u00e7\u00e3o Xerox e IBM. Criar um\u2026","rel":"","context":"Post similar","block_context":{"text":"Post similar","link":""},"img":{"alt_text":"","src":"https:\/\/i0.wp.com\/www.gbnet.com.br\/v2\/images\/logo_redtitan_72x60.png?resize=350%2C200","width":350,"height":200},"classes":[]},{"id":1473,"url":"http:\/\/gbnet.com.br\/v3\/printevolve\/","url_meta":{"origin":1498,"position":3},"title":"PrintEvolve","author":"","date":false,"format":false,"excerpt":"A Suite PrintEvolve \u00e9 a solu\u00e7\u00e3o \u201call-in-one\u201d para qualquer organiza\u00e7\u00e3o que procura otimizar o seu ambiente de impress\u00e3o e permitir\u00e1 facilmente: Manter uma consci\u00eancia permanente de atividade das impressoras e Multi-funcionais, melhorando o controle e bilhetagem; Gerenciar proativamente a atividade do usu\u00e1rio para diminuir os custos e reduzir o desperd\u00edcio;\u2026","rel":"","context":"Post similar","block_context":{"text":"Post similar","link":""},"img":{"alt_text":"PE-job-accounting","src":"https:\/\/i0.wp.com\/www.gbnet.com.br\/blog\/wp-content\/uploads\/PEjobaccounting_thumb.png?resize=350%2C200","width":350,"height":200},"classes":[]},{"id":2206,"url":"http:\/\/gbnet.com.br\/v3\/bardimm-solucao-para-impressao-de-codigo-de-barras-no-sap-windows-oracle-e-outros-erps\/","url_meta":{"origin":1498,"position":4},"title":"BarDIMM solu\u00e7\u00e3o para impress\u00e3o de c\u00f3digo de barras no SAP, Windows, Oracle e outros ERPs","author":"","date":false,"format":false,"excerpt":"As solu\u00e7\u00f5es Jetmobile BarDIMM Pro e BarDIMM Box s\u00e3o solu\u00e7\u00f5es de c\u00f3digos de barras inteligentes, independentes de plataforma, para impressoras a laser, copiadoras e impressoras a jato de tinta compat\u00edveis com PCL5. Permite imprimir c\u00f3digos de barras no SAP, Windows e outros ERPs com muita facilidade, sem usar nenhum middleware.\u2026","rel":"","context":"Post similar","block_context":{"text":"Post similar","link":""},"img":{"alt_text":"","src":"https:\/\/i0.wp.com\/gbnet.com.br\/v3\/wp-content\/uploads\/2020\/09\/Barcode.jpg?resize=350%2C200","width":350,"height":200,"srcset":"https:\/\/i0.wp.com\/gbnet.com.br\/v3\/wp-content\/uploads\/2020\/09\/Barcode.jpg?resize=350%2C200 1x, https:\/\/i0.wp.com\/gbnet.com.br\/v3\/wp-content\/uploads\/2020\/09\/Barcode.jpg?resize=525%2C300 1.5x, https:\/\/i0.wp.com\/gbnet.com.br\/v3\/wp-content\/uploads\/2020\/09\/Barcode.jpg?resize=700%2C400 2x, https:\/\/i0.wp.com\/gbnet.com.br\/v3\/wp-content\/uploads\/2020\/09\/Barcode.jpg?resize=1050%2C600 3x, https:\/\/i0.wp.com\/gbnet.com.br\/v3\/wp-content\/uploads\/2020\/09\/Barcode.jpg?resize=1400%2C800 4x"},"classes":[]},{"id":1589,"url":"http:\/\/gbnet.com.br\/v3\/solucoes-lrs\/","url_meta":{"origin":1498,"position":5},"title":"Solu\u00e7\u00f5es LRS","author":"","date":false,"format":false,"excerpt":"\"Desde o in\u00edcio de 2014 GB Network & Print se tornou Distribudor das solu\u00e7\u00f5es LRS no Brasil.\" Em 1979,\u00a0tr\u00eas consultores independentes juntaram esfor\u00e7os para estabelecer a Levi, Ray & Shoup, Inc. - LRS\u00ae. Juntos, eles constru\u00edram uma reputa\u00e7\u00e3o como provedores de servi\u00e7os e sistemas para uma variedade de empresas e\u2026","rel":"","context":"Post similar","block_context":{"text":"Post similar","link":""},"img":{"alt_text":"Fonte Barcode","src":"https:\/\/i0.wp.com\/www.gbnet.com.br\/v2\/images\/LRS_VPSX.png?resize=350%2C200","width":350,"height":200},"classes":[]}],"_links":{"self":[{"href":"http:\/\/gbnet.com.br\/v3\/wp-json\/wp\/v2\/pages\/1498","targetHints":{"allow":["GET"]}}],"collection":[{"href":"http:\/\/gbnet.com.br\/v3\/wp-json\/wp\/v2\/pages"}],"about":[{"href":"http:\/\/gbnet.com.br\/v3\/wp-json\/wp\/v2\/types\/page"}],"author":[{"embeddable":true,"href":"http:\/\/gbnet.com.br\/v3\/wp-json\/wp\/v2\/users\/1"}],"replies":[{"embeddable":true,"href":"http:\/\/gbnet.com.br\/v3\/wp-json\/wp\/v2\/comments?post=1498"}],"version-history":[{"count":4,"href":"http:\/\/gbnet.com.br\/v3\/wp-json\/wp\/v2\/pages\/1498\/revisions"}],"predecessor-version":[{"id":2096,"href":"http:\/\/gbnet.com.br\/v3\/wp-json\/wp\/v2\/pages\/1498\/revisions\/2096"}],"wp:attachment":[{"href":"http:\/\/gbnet.com.br\/v3\/wp-json\/wp\/v2\/media?parent=1498"}],"curies":[{"name":"wp","href":"https:\/\/api.w.org\/{rel}","templated":true}]}}