{"id":1500,"date":"2018-06-29T15:04:51","date_gmt":"2018-06-29T18:04:51","guid":{"rendered":"http:\/\/gbnet.com.br\/v3\/?page_id=1500"},"modified":"2018-06-29T15:04:51","modified_gmt":"2018-06-29T18:04:51","slug":"rubika-processamento-de-pdf","status":"publish","type":"page","link":"http:\/\/gbnet.com.br\/v3\/rubika-processamento-de-pdf\/","title":{"rendered":"Rubika Processamento de PDF"},"content":{"rendered":"<div align=\"center\">\n<table border=\"0\" width=\"270\" cellspacing=\"0\" cellpadding=\"10\">\n<tbody>\n<tr>\n<td>\n<div align=\"left\"><img data-recalc-dims=\"1\" loading=\"lazy\" decoding=\"async\" src=\"https:\/\/i0.wp.com\/www.gbnet.com.br\/v2\/images\/logo_rubika.png?resize=110%2C140\" width=\"110\" height=\"140\" \/><\/div>\n<\/td>\n<td>\n<div align=\"right\"><img data-recalc-dims=\"1\" loading=\"lazy\" decoding=\"async\" src=\"https:\/\/i0.wp.com\/www.gbnet.com.br\/v2\/images\/logo_acrobat.png?resize=110%2C140\" width=\"110\" height=\"140\" \/><\/div>\n<\/td>\n<\/tr>\n<\/tbody>\n<\/table>\n<\/div>\n<div align=\"center\"><\/div>\n<p class=\"TextoNormal\">A necessidade de centrais de impress\u00e3o serem mais produtivas e eficientes, levou \u00e0\u00a0<span class=\"TextoBoldInt\">Solimar<\/span>\u00a0ao desenvolvimento do\u00a0<span class=\"TextoBoldInt\">Rubika<\/span>. Atrav\u00e9s de um sistema de c\u00f3digo aberto, usando o documento PDF como base,\u00a0<span class=\"TextoBoldInt\">Rubika<\/span>\u00a0permitem que organiza\u00e7\u00f5es maximizem seus investimentos com a racionaliza\u00e7\u00e3o da produ\u00e7\u00e3o de documentos que podem ser p\u00f3s-processados ao inv\u00e9s de redesenhados.<\/p>\n<p class=\"TextoNormal\">Com um sistema modular, atrav\u00e9s do\u00a0<span class=\"TextoBoldInt\">Rubika<\/span>\u00a0\u00e9 poss\u00edvel adicionar cores aos documentos, inserir imagens parametrizadas para aplica\u00e7\u00f5es transpromo, corrigir endere\u00e7os postais, concatenar e\/ou aglutinar documentos, adicionar c\u00f3digos de barras e OMR, entre outras fun\u00e7\u00f5es.<\/p>\n<div align=\"center\"><a href=\"https:\/\/i0.wp.com\/www.gbnet.com.br\/v2\/images\/rubika_big.png\" rel=\"lightbox\"><img data-recalc-dims=\"1\" loading=\"lazy\" decoding=\"async\" src=\"https:\/\/i0.wp.com\/www.gbnet.com.br\/v2\/images\/rubika_small.png?resize=350%2C221\" width=\"350\" height=\"221\" border=\"0\" \/><\/a><\/div>\n","protected":false},"excerpt":{"rendered":"<p>A necessidade de centrais de impress\u00e3o serem mais produtivas e eficientes, levou \u00e0\u00a0Solimar\u00a0ao desenvolvimento do\u00a0Rubika. Atrav\u00e9s de um sistema de c\u00f3digo aberto, usando o documento PDF como base,\u00a0Rubika\u00a0permitem que organiza\u00e7\u00f5es maximizem seus investimentos com a racionaliza\u00e7\u00e3o da produ\u00e7\u00e3o de documentos que podem ser p\u00f3s-processados ao inv\u00e9s de redesenhados. Com um sistema modular, atrav\u00e9s do\u00a0Rubika\u00a0\u00e9 poss\u00edvel &hellip;<\/p>\n","protected":false},"author":1,"featured_media":0,"parent":0,"menu_order":0,"comment_status":"closed","ping_status":"closed","template":"","meta":{"_acf_changed":false,"jetpack_post_was_ever_published":false,"_joinchat":[],"footnotes":""},"class_list":["post-1500","page","type-page","status-publish","hentry"],"acf":[],"yoast_head":"<!-- This site is optimized with the Yoast SEO plugin v27.4 - https:\/\/yoast.com\/product\/yoast-seo-wordpress\/ -->\n<title>Rubika Processamento de PDF -<\/title>\n<meta name=\"robots\" content=\"index, follow, max-snippet:-1, max-image-preview:large, max-video-preview:-1\" \/>\n<link rel=\"canonical\" href=\"http:\/\/gbnet.com.br\/v3\/rubika-processamento-de-pdf\/\" \/>\n<meta property=\"og:locale\" content=\"pt_BR\" \/>\n<meta property=\"og:type\" content=\"article\" \/>\n<meta property=\"og:title\" content=\"Rubika Processamento de PDF -\" \/>\n<meta property=\"og:description\" content=\"A necessidade de centrais de impress\u00e3o serem mais produtivas e eficientes, levou \u00e0\u00a0Solimar\u00a0ao desenvolvimento do\u00a0Rubika. Atrav\u00e9s de um sistema de c\u00f3digo aberto, usando o documento PDF como base,\u00a0Rubika\u00a0permitem que organiza\u00e7\u00f5es maximizem seus investimentos com a racionaliza\u00e7\u00e3o da produ\u00e7\u00e3o de documentos que podem ser p\u00f3s-processados ao inv\u00e9s de redesenhados. Com um sistema modular, atrav\u00e9s do\u00a0Rubika\u00a0\u00e9 poss\u00edvel &hellip;\" \/>\n<meta property=\"og:url\" content=\"http:\/\/gbnet.com.br\/v3\/rubika-processamento-de-pdf\/\" \/>\n<meta property=\"og:image\" content=\"http:\/\/www.gbnet.com.br\/v2\/images\/logo_rubika.png\" \/>\n<meta name=\"twitter:card\" content=\"summary_large_image\" \/>\n<meta name=\"twitter:label1\" content=\"Est. tempo de leitura\" \/>\n\t<meta name=\"twitter:data1\" content=\"1 minuto\" \/>\n<script type=\"application\/ld+json\" class=\"yoast-schema-graph\">{\"@context\":\"https:\\\/\\\/schema.org\",\"@graph\":[{\"@type\":\"WebPage\",\"@id\":\"http:\\\/\\\/gbnet.com.br\\\/v3\\\/rubika-processamento-de-pdf\\\/\",\"url\":\"http:\\\/\\\/gbnet.com.br\\\/v3\\\/rubika-processamento-de-pdf\\\/\",\"name\":\"Rubika Processamento de PDF -\",\"isPartOf\":{\"@id\":\"http:\\\/\\\/gbnet.com.br\\\/v3\\\/#website\"},\"primaryImageOfPage\":{\"@id\":\"http:\\\/\\\/gbnet.com.br\\\/v3\\\/rubika-processamento-de-pdf\\\/#primaryimage\"},\"image\":{\"@id\":\"http:\\\/\\\/gbnet.com.br\\\/v3\\\/rubika-processamento-de-pdf\\\/#primaryimage\"},\"thumbnailUrl\":\"http:\\\/\\\/www.gbnet.com.br\\\/v2\\\/images\\\/logo_rubika.png\",\"datePublished\":\"2018-06-29T18:04:51+00:00\",\"breadcrumb\":{\"@id\":\"http:\\\/\\\/gbnet.com.br\\\/v3\\\/rubika-processamento-de-pdf\\\/#breadcrumb\"},\"inLanguage\":\"pt-BR\",\"potentialAction\":[{\"@type\":\"ReadAction\",\"target\":[\"http:\\\/\\\/gbnet.com.br\\\/v3\\\/rubika-processamento-de-pdf\\\/\"]}]},{\"@type\":\"ImageObject\",\"inLanguage\":\"pt-BR\",\"@id\":\"http:\\\/\\\/gbnet.com.br\\\/v3\\\/rubika-processamento-de-pdf\\\/#primaryimage\",\"url\":\"http:\\\/\\\/www.gbnet.com.br\\\/v2\\\/images\\\/logo_rubika.png\",\"contentUrl\":\"http:\\\/\\\/www.gbnet.com.br\\\/v2\\\/images\\\/logo_rubika.png\"},{\"@type\":\"BreadcrumbList\",\"@id\":\"http:\\\/\\\/gbnet.com.br\\\/v3\\\/rubika-processamento-de-pdf\\\/#breadcrumb\",\"itemListElement\":[{\"@type\":\"ListItem\",\"position\":1,\"name\":\"In\u00edcio\",\"item\":\"http:\\\/\\\/gbnet.com.br\\\/v3\\\/\"},{\"@type\":\"ListItem\",\"position\":2,\"name\":\"Rubika Processamento de PDF\"}]},{\"@type\":\"WebSite\",\"@id\":\"http:\\\/\\\/gbnet.com.br\\\/v3\\\/#website\",\"url\":\"http:\\\/\\\/gbnet.com.br\\\/v3\\\/\",\"name\":\"\",\"description\":\"Transformamos dados em informa\u00e7\u00f5es - GB Network &amp; Print\",\"publisher\":{\"@id\":\"http:\\\/\\\/gbnet.com.br\\\/v3\\\/#organization\"},\"potentialAction\":[{\"@type\":\"SearchAction\",\"target\":{\"@type\":\"EntryPoint\",\"urlTemplate\":\"http:\\\/\\\/gbnet.com.br\\\/v3\\\/?s={search_term_string}\"},\"query-input\":{\"@type\":\"PropertyValueSpecification\",\"valueRequired\":true,\"valueName\":\"search_term_string\"}}],\"inLanguage\":\"pt-BR\"},{\"@type\":\"Organization\",\"@id\":\"http:\\\/\\\/gbnet.com.br\\\/v3\\\/#organization\",\"name\":\"GB Network & Print\",\"url\":\"http:\\\/\\\/gbnet.com.br\\\/v3\\\/\",\"logo\":{\"@type\":\"ImageObject\",\"inLanguage\":\"pt-BR\",\"@id\":\"http:\\\/\\\/gbnet.com.br\\\/v3\\\/#\\\/schema\\\/logo\\\/image\\\/\",\"url\":\"https:\\\/\\\/i0.wp.com\\\/gbnet.com.br\\\/v3\\\/wp-content\\\/uploads\\\/2018\\\/03\\\/logoGB-OK-e1521838575299.png?fit=120%2C122\",\"contentUrl\":\"https:\\\/\\\/i0.wp.com\\\/gbnet.com.br\\\/v3\\\/wp-content\\\/uploads\\\/2018\\\/03\\\/logoGB-OK-e1521838575299.png?fit=120%2C122\",\"width\":120,\"height\":122,\"caption\":\"GB Network & Print\"},\"image\":{\"@id\":\"http:\\\/\\\/gbnet.com.br\\\/v3\\\/#\\\/schema\\\/logo\\\/image\\\/\"}}]}<\/script>\n<!-- \/ Yoast SEO plugin. -->","yoast_head_json":{"title":"Rubika Processamento de PDF -","robots":{"index":"index","follow":"follow","max-snippet":"max-snippet:-1","max-image-preview":"max-image-preview:large","max-video-preview":"max-video-preview:-1"},"canonical":"http:\/\/gbnet.com.br\/v3\/rubika-processamento-de-pdf\/","og_locale":"pt_BR","og_type":"article","og_title":"Rubika Processamento de PDF -","og_description":"A necessidade de centrais de impress\u00e3o serem mais produtivas e eficientes, levou \u00e0\u00a0Solimar\u00a0ao desenvolvimento do\u00a0Rubika. Atrav\u00e9s de um sistema de c\u00f3digo aberto, usando o documento PDF como base,\u00a0Rubika\u00a0permitem que organiza\u00e7\u00f5es maximizem seus investimentos com a racionaliza\u00e7\u00e3o da produ\u00e7\u00e3o de documentos que podem ser p\u00f3s-processados ao inv\u00e9s de redesenhados. Com um sistema modular, atrav\u00e9s do\u00a0Rubika\u00a0\u00e9 poss\u00edvel &hellip;","og_url":"http:\/\/gbnet.com.br\/v3\/rubika-processamento-de-pdf\/","og_image":[{"url":"http:\/\/www.gbnet.com.br\/v2\/images\/logo_rubika.png","type":"","width":"","height":""}],"twitter_card":"summary_large_image","twitter_misc":{"Est. tempo de leitura":"1 minuto"},"schema":{"@context":"https:\/\/schema.org","@graph":[{"@type":"WebPage","@id":"http:\/\/gbnet.com.br\/v3\/rubika-processamento-de-pdf\/","url":"http:\/\/gbnet.com.br\/v3\/rubika-processamento-de-pdf\/","name":"Rubika Processamento de PDF -","isPartOf":{"@id":"http:\/\/gbnet.com.br\/v3\/#website"},"primaryImageOfPage":{"@id":"http:\/\/gbnet.com.br\/v3\/rubika-processamento-de-pdf\/#primaryimage"},"image":{"@id":"http:\/\/gbnet.com.br\/v3\/rubika-processamento-de-pdf\/#primaryimage"},"thumbnailUrl":"http:\/\/www.gbnet.com.br\/v2\/images\/logo_rubika.png","datePublished":"2018-06-29T18:04:51+00:00","breadcrumb":{"@id":"http:\/\/gbnet.com.br\/v3\/rubika-processamento-de-pdf\/#breadcrumb"},"inLanguage":"pt-BR","potentialAction":[{"@type":"ReadAction","target":["http:\/\/gbnet.com.br\/v3\/rubika-processamento-de-pdf\/"]}]},{"@type":"ImageObject","inLanguage":"pt-BR","@id":"http:\/\/gbnet.com.br\/v3\/rubika-processamento-de-pdf\/#primaryimage","url":"http:\/\/www.gbnet.com.br\/v2\/images\/logo_rubika.png","contentUrl":"http:\/\/www.gbnet.com.br\/v2\/images\/logo_rubika.png"},{"@type":"BreadcrumbList","@id":"http:\/\/gbnet.com.br\/v3\/rubika-processamento-de-pdf\/#breadcrumb","itemListElement":[{"@type":"ListItem","position":1,"name":"In\u00edcio","item":"http:\/\/gbnet.com.br\/v3\/"},{"@type":"ListItem","position":2,"name":"Rubika Processamento de PDF"}]},{"@type":"WebSite","@id":"http:\/\/gbnet.com.br\/v3\/#website","url":"http:\/\/gbnet.com.br\/v3\/","name":"","description":"Transformamos dados em informa\u00e7\u00f5es - GB Network &amp; Print","publisher":{"@id":"http:\/\/gbnet.com.br\/v3\/#organization"},"potentialAction":[{"@type":"SearchAction","target":{"@type":"EntryPoint","urlTemplate":"http:\/\/gbnet.com.br\/v3\/?s={search_term_string}"},"query-input":{"@type":"PropertyValueSpecification","valueRequired":true,"valueName":"search_term_string"}}],"inLanguage":"pt-BR"},{"@type":"Organization","@id":"http:\/\/gbnet.com.br\/v3\/#organization","name":"GB Network & Print","url":"http:\/\/gbnet.com.br\/v3\/","logo":{"@type":"ImageObject","inLanguage":"pt-BR","@id":"http:\/\/gbnet.com.br\/v3\/#\/schema\/logo\/image\/","url":"https:\/\/i0.wp.com\/gbnet.com.br\/v3\/wp-content\/uploads\/2018\/03\/logoGB-OK-e1521838575299.png?fit=120%2C122","contentUrl":"https:\/\/i0.wp.com\/gbnet.com.br\/v3\/wp-content\/uploads\/2018\/03\/logoGB-OK-e1521838575299.png?fit=120%2C122","width":120,"height":122,"caption":"GB Network & Print"},"image":{"@id":"http:\/\/gbnet.com.br\/v3\/#\/schema\/logo\/image\/"}}]}},"jetpack_sharing_enabled":true,"jetpack_shortlink":"https:\/\/wp.me\/Pagaz2-oc","jetpack-related-posts":[{"id":1508,"url":"http:\/\/gbnet.com.br\/v3\/gerenciamento-de-documentos\/","url_meta":{"origin":1500,"position":0},"title":"Gerenciamento de Documentos","author":"","date":false,"format":false,"excerpt":"A GB Network & Print, pioneira e l\u00edder nesse segmento, tem a solu\u00e7\u00e3o que voc\u00ea procura: Solu\u00e7\u00e3o processar, compartilhar digitalmente arquivos,\u00a0 extrair e exportar dados, re-imprimir partes de um documento e ainda convert\u00ea-lo para diversos formatos. Clique aqui para mais informa\u00e7\u00f5es... Solu\u00e7\u00e3o que permite compartilhar eletronicamente arquivos PCL, extrair e\u2026","rel":"","context":"Post similar","block_context":{"text":"Post similar","link":""},"img":{"alt_text":"","src":"https:\/\/i0.wp.com\/gbnet.com.br\/v3\/wp-content\/uploads\/2018\/06\/AccuRoute.jpg?resize=350%2C200","width":350,"height":200},"classes":[]},{"id":1502,"url":"http:\/\/gbnet.com.br\/v3\/solsearcher-enterprise\/","url_meta":{"origin":1500,"position":1},"title":"SOLsearcher Enterprise","author":"","date":false,"format":false,"excerpt":"SOLsearcher Enterprise\u00a0\u00e9 um sistema poderoso e altamente seguro de distribui\u00e7\u00e3o eletr\u00f4nica de documentos, com apresenta\u00e7\u00e3o web, que permite \u00e0s organiza\u00e7\u00f5es uma solu\u00e7\u00e3o eficaz para indexa\u00e7\u00e3o, armazenamento, pesquisa e recupera\u00e7\u00e3o de grandes cole\u00e7\u00f5es de documentos transacionais e que podem ser processados em velocidade de produ\u00e7\u00e3o. Projetado para complementar ou substituir processos\u2026","rel":"","context":"Post similar","block_context":{"text":"Post similar","link":""},"img":{"alt_text":"","src":"https:\/\/i0.wp.com\/www.gbnet.com.br\/v2\/images\/logo_solsearcher.png?resize=350%2C200","width":350,"height":200},"classes":[]},{"id":1492,"url":"http:\/\/gbnet.com.br\/v3\/dadosvariaveis\/","url_meta":{"origin":1500,"position":2},"title":"VDP","author":"","date":false,"format":false,"excerpt":"N\u00e3o importa qual sua necessidade com rela\u00e7\u00e3o gera\u00e7\u00e3o e impress\u00e3o de dados vari\u00e1veis. A GB Network & Print, pioneira e l\u00edder nesse segmento, tem a solu\u00e7\u00e3o que voc\u00ea procura: As solu\u00e7\u00f5es de VDP (Variable Data Print) visam a impress\u00e3o de documentos e formul\u00e1rios com dados vari\u00e1veis facilitando assim a comunica\u00e7\u00e3o\u2026","rel":"","context":"Post similar","block_context":{"text":"Post similar","link":""},"img":{"alt_text":"","src":"https:\/\/i0.wp.com\/www.gbnet.com.br\/v2\/images\/vdp_340x120.png?resize=350%2C200","width":350,"height":200},"classes":[]},{"id":1589,"url":"http:\/\/gbnet.com.br\/v3\/solucoes-lrs\/","url_meta":{"origin":1500,"position":3},"title":"Solu\u00e7\u00f5es LRS","author":"","date":false,"format":false,"excerpt":"\"Desde o in\u00edcio de 2014 GB Network & Print se tornou Distribudor das solu\u00e7\u00f5es LRS no Brasil.\" Em 1979,\u00a0tr\u00eas consultores independentes juntaram esfor\u00e7os para estabelecer a Levi, Ray & Shoup, Inc. - LRS\u00ae. Juntos, eles constru\u00edram uma reputa\u00e7\u00e3o como provedores de servi\u00e7os e sistemas para uma variedade de empresas e\u2026","rel":"","context":"Post similar","block_context":{"text":"Post similar","link":""},"img":{"alt_text":"Fonte Barcode","src":"https:\/\/i0.wp.com\/www.gbnet.com.br\/v2\/images\/LRS_VPSX.png?resize=350%2C200","width":350,"height":200},"classes":[]},{"id":2776,"url":"http:\/\/gbnet.com.br\/v3\/transforme-o-microsoft-word-em-um-poderoso-processador-de-dados-variaveis\/","url_meta":{"origin":1500,"position":4},"title":"Transforme o Microsoft Word em um Poderoso Processador de Dados Vari\u00e1veis","author":"","date":false,"format":false,"excerpt":"Imagine a possibilidade de produzir milhares de documentos em PDF personalizados em poucos minutos, diretamente do Microsoft Word. Com nossa nova solu\u00e7\u00e3o, isso n\u00e3o \u00e9 apenas poss\u00edvel \u2014 \u00e9 incrivelmente f\u00e1cil e eficiente. Solu\u00e7\u00e3o R\u00e1pida e Poderosa para Dados Vari\u00e1veis Para quem utiliza o recurso de Correspond\u00eancia do Word para\u2026","rel":"","context":"Post similar","block_context":{"text":"Post similar","link":""},"img":{"alt_text":"Transforme o MS Word em um Poderoso Processador de Dados Vari\u00e1veis","src":"https:\/\/i0.wp.com\/gbnet.com.br\/v3\/wp-content\/uploads\/2025\/01\/Transforme-o-Word-num-Poderoso-Processador-de-Dados-Variaveis.jpg?fit=1080%2C1080&resize=350%2C200","width":350,"height":200,"srcset":"https:\/\/i0.wp.com\/gbnet.com.br\/v3\/wp-content\/uploads\/2025\/01\/Transforme-o-Word-num-Poderoso-Processador-de-Dados-Variaveis.jpg?fit=1080%2C1080&resize=350%2C200 1x, https:\/\/i0.wp.com\/gbnet.com.br\/v3\/wp-content\/uploads\/2025\/01\/Transforme-o-Word-num-Poderoso-Processador-de-Dados-Variaveis.jpg?fit=1080%2C1080&resize=525%2C300 1.5x, https:\/\/i0.wp.com\/gbnet.com.br\/v3\/wp-content\/uploads\/2025\/01\/Transforme-o-Word-num-Poderoso-Processador-de-Dados-Variaveis.jpg?fit=1080%2C1080&resize=700%2C400 2x, https:\/\/i0.wp.com\/gbnet.com.br\/v3\/wp-content\/uploads\/2025\/01\/Transforme-o-Word-num-Poderoso-Processador-de-Dados-Variaveis.jpg?fit=1080%2C1080&resize=1050%2C600 3x"},"classes":[]},{"id":1510,"url":"http:\/\/gbnet.com.br\/v3\/accuroute\/","url_meta":{"origin":1500,"position":5},"title":"AccuRoute","author":"","date":false,"format":false,"excerpt":"Upland AccuRoute plataforma de captura de documentos O software AccuRoute \u00e9 uma solu\u00e7\u00e3o enterprise de workflow, que permite a organiza\u00e7\u00f5es de todos os tamanhos, capturar, processar e guardar documentos de forma centralizada. Excepcionalmente flex\u00edvel, ele faz a captura de documentos distribu\u00eddos atrav\u00e9s de uma infra-estrutura de software altamente escal\u00e1vel, com\u2026","rel":"","context":"Post similar","block_context":{"text":"Post similar","link":""},"img":{"alt_text":"","src":"https:\/\/i0.wp.com\/www.gbnet.com.br\/v2\/images\/omtool_accuroute_pdf_pesquisavel_OCR_img1.jpg?resize=350%2C200","width":350,"height":200,"srcset":"https:\/\/i0.wp.com\/www.gbnet.com.br\/v2\/images\/omtool_accuroute_pdf_pesquisavel_OCR_img1.jpg?resize=350%2C200 1x, https:\/\/i0.wp.com\/www.gbnet.com.br\/v2\/images\/omtool_accuroute_pdf_pesquisavel_OCR_img1.jpg?resize=525%2C300 1.5x"},"classes":[]}],"_links":{"self":[{"href":"http:\/\/gbnet.com.br\/v3\/wp-json\/wp\/v2\/pages\/1500","targetHints":{"allow":["GET"]}}],"collection":[{"href":"http:\/\/gbnet.com.br\/v3\/wp-json\/wp\/v2\/pages"}],"about":[{"href":"http:\/\/gbnet.com.br\/v3\/wp-json\/wp\/v2\/types\/page"}],"author":[{"embeddable":true,"href":"http:\/\/gbnet.com.br\/v3\/wp-json\/wp\/v2\/users\/1"}],"replies":[{"embeddable":true,"href":"http:\/\/gbnet.com.br\/v3\/wp-json\/wp\/v2\/comments?post=1500"}],"version-history":[{"count":1,"href":"http:\/\/gbnet.com.br\/v3\/wp-json\/wp\/v2\/pages\/1500\/revisions"}],"predecessor-version":[{"id":1501,"href":"http:\/\/gbnet.com.br\/v3\/wp-json\/wp\/v2\/pages\/1500\/revisions\/1501"}],"wp:attachment":[{"href":"http:\/\/gbnet.com.br\/v3\/wp-json\/wp\/v2\/media?parent=1500"}],"curies":[{"name":"wp","href":"https:\/\/api.w.org\/{rel}","templated":true}]}}