{"id":1508,"date":"2018-06-29T15:29:57","date_gmt":"2018-06-29T18:29:57","guid":{"rendered":"http:\/\/gbnet.com.br\/v3\/?page_id=1508"},"modified":"2019-01-03T09:58:26","modified_gmt":"2019-01-03T12:58:26","slug":"gerenciamento-de-documentos","status":"publish","type":"page","link":"http:\/\/gbnet.com.br\/v3\/gerenciamento-de-documentos\/","title":{"rendered":"Gerenciamento de Documentos"},"content":{"rendered":"<div id=\"pl-1508\" class=\"panel-layout\">\n<div id=\"pg-1508-0\" class=\"panel-grid panel-no-style\">\n<div id=\"pgc-1508-0-0\" class=\"panel-grid-cell\" data-weight=\"1\">\n<div id=\"panel-1508-0-0-0\" class=\"so-panel widget widget_sow-editor panel-first-child panel-last-child\" data-index=\"0\" data-style=\"{&quot;background_image_attachment&quot;:false,&quot;background_display&quot;:&quot;tile&quot;,&quot;featured_widgets&quot;:&quot;&quot;}\">\n<div class=\"so-widget-sow-editor so-widget-sow-editor-base\">\n<div class=\"siteorigin-widget-tinymce textwidget\">\n<p class=\"Subtitulo\"><strong>A GB Network &amp; Print, pioneira e l\u00edder nesse segmento, tem a solu\u00e7\u00e3o que voc\u00ea procura:<\/strong><\/p>\n<p><img data-recalc-dims=\"1\" loading=\"lazy\" decoding=\"async\" data-attachment-id=\"1515\" data-permalink=\"http:\/\/gbnet.com.br\/v3\/gerenciamento-de-documentos\/attachment\/accuroute-2\/\" data-orig-file=\"https:\/\/i0.wp.com\/gbnet.com.br\/v3\/wp-content\/uploads\/2018\/06\/AccuRoute.jpg?fit=254%2C62\" data-orig-size=\"254,62\" data-comments-opened=\"1\" data-image-meta=\"{&quot;aperture&quot;:&quot;0&quot;,&quot;credit&quot;:&quot;&quot;,&quot;camera&quot;:&quot;&quot;,&quot;caption&quot;:&quot;&quot;,&quot;created_timestamp&quot;:&quot;0&quot;,&quot;copyright&quot;:&quot;&quot;,&quot;focal_length&quot;:&quot;0&quot;,&quot;iso&quot;:&quot;0&quot;,&quot;shutter_speed&quot;:&quot;0&quot;,&quot;title&quot;:&quot;&quot;,&quot;orientation&quot;:&quot;0&quot;}\" data-image-title=\"AccuRoute\" data-image-description=\"\" data-image-caption=\"\" data-large-file=\"https:\/\/i0.wp.com\/gbnet.com.br\/v3\/wp-content\/uploads\/2018\/06\/AccuRoute.jpg?fit=254%2C62\" class=\" wp-image-1515 alignleft\" src=\"https:\/\/i0.wp.com\/gbnet.com.br\/v3\/wp-content\/uploads\/2018\/06\/AccuRoute.jpg?resize=205%2C50\" alt=\"\" width=\"205\" height=\"50\" \/>Solu\u00e7\u00e3o processar, compartilhar digitalmente arquivos,\u00a0 extrair e exportar dados, re-imprimir partes de um documento e ainda convert\u00ea-lo para diversos formatos.<br \/>\n<a href=\"http:\/\/gbnet.com.br\/v3\/accuroute\/\" target=\"_self\"><strong>Clique aqui para mais informa\u00e7\u00f5es&#8230;<\/strong><\/a><\/p>\n<p><img data-recalc-dims=\"1\" loading=\"lazy\" decoding=\"async\" data-attachment-id=\"1514\" data-permalink=\"http:\/\/gbnet.com.br\/v3\/gerenciamento-de-documentos\/attachment\/redtitan\/\" data-orig-file=\"https:\/\/i0.wp.com\/gbnet.com.br\/v3\/wp-content\/uploads\/2018\/06\/Redtitan.jpg?fit=181%2C112\" data-orig-size=\"181,112\" data-comments-opened=\"1\" data-image-meta=\"{&quot;aperture&quot;:&quot;0&quot;,&quot;credit&quot;:&quot;&quot;,&quot;camera&quot;:&quot;&quot;,&quot;caption&quot;:&quot;&quot;,&quot;created_timestamp&quot;:&quot;0&quot;,&quot;copyright&quot;:&quot;&quot;,&quot;focal_length&quot;:&quot;0&quot;,&quot;iso&quot;:&quot;0&quot;,&quot;shutter_speed&quot;:&quot;0&quot;,&quot;title&quot;:&quot;&quot;,&quot;orientation&quot;:&quot;0&quot;}\" data-image-title=\"Redtitan\" data-image-description=\"\" data-image-caption=\"\" data-large-file=\"https:\/\/i0.wp.com\/gbnet.com.br\/v3\/wp-content\/uploads\/2018\/06\/Redtitan.jpg?fit=181%2C112\" class=\"wp-image-1514 alignleft\" src=\"https:\/\/i0.wp.com\/gbnet.com.br\/v3\/wp-content\/uploads\/2018\/06\/Redtitan.jpg?resize=161%2C100\" alt=\"\" width=\"161\" height=\"100\" \/><\/p>\n<p class=\"TextoNormal\" align=\"justify\">Solu\u00e7\u00e3o que permite compartilhar eletronicamente arquivos PCL, extrair e exportar dados, re-imprimir partes de um documento e ainda convert\u00ea-lo para diversos formatos, como TIFF, PDF, IMG e AFP.<\/p>\n<p class=\"TextoNormal\" align=\"justify\"><a href=\"http:\/\/gbnet.com.br\/v3\/escapee\/\" target=\"_self\"><strong>Clique aqui para mais informa\u00e7\u00f5es&#8230;<\/strong><\/a><\/p>\n<\/div>\n<\/div>\n<\/div>\n<\/div>\n<\/div>\n<\/div>\n<div id=\"pl-1508\" class=\"panel-layout\">\n<div id=\"pg-1508-0\" class=\"panel-grid panel-no-style\">\n<div id=\"pgc-1508-0-0\" class=\"panel-grid-cell\" data-weight=\"1\">\n<div id=\"panel-1508-0-0-0\" class=\"so-panel widget widget_sow-editor panel-first-child panel-last-child\" data-index=\"0\" data-style=\"{&quot;background_image_attachment&quot;:false,&quot;background_display&quot;:&quot;tile&quot;,&quot;featured_widgets&quot;:&quot;&quot;}\">\n<div class=\"so-widget-sow-editor so-widget-sow-editor-base\">\n<div class=\"siteorigin-widget-tinymce textwidget\">\n<p><img data-recalc-dims=\"1\" decoding=\"async\" class=\"alignleft\" src=\"https:\/\/i0.wp.com\/www.gbnet.com.br\/v2\/images\/logo_solsearcher.png?w=1140\" \/><\/p>\n<p align=\"justify\">Sistema poderoso e altamente seguro de GED, com apresenta\u00e7\u00e3o web, que permite \u00e0s organiza\u00e7\u00f5es uma solu\u00e7\u00e3o eficaz para indexa\u00e7\u00e3o, armazenamento, pesquisa e recupera\u00e7\u00e3o de grandes cole\u00e7\u00f5es de documentos transacionais.<\/p>\n<p class=\"TextoNormal\" align=\"justify\"><a href=\"http:\/\/gbnet.com.br\/v3\/solsearcher-enterprise\/\" target=\"_self\"><strong>Clique aqui para mais informa\u00e7\u00f5es&#8230;<\/strong><\/a><\/p>\n<p><img data-recalc-dims=\"1\" decoding=\"async\" class=\"alignleft\" src=\"https:\/\/i0.wp.com\/www.gbnet.com.br\/v2\/images\/logo_rubika.png?w=1140\" \/><\/p>\n<p align=\"justify\">Usando o documento PDF como base, o Rubika permitem que documentos PDF possam ser p\u00f3s-processados ao inv\u00e9s de redesenhados, inserindo ou removendo vari\u00e1veis e novos layouts.<\/p>\n<p class=\"TextoNormal\" align=\"justify\"><a href=\"http:\/\/gbnet.com.br\/v3\/rubika-processamento-de-pdf\/\" target=\"_self\"><strong>Clique aqui para mais informa\u00e7\u00f5es&#8230;<\/strong><\/a><\/p>\n<\/div>\n<\/div>\n<\/div>\n<\/div>\n<\/div>\n<\/div>\n","protected":false},"excerpt":{"rendered":"<p>A GB Network &amp; Print, pioneira e l\u00edder nesse segmento, tem a solu\u00e7\u00e3o que voc\u00ea procura: Solu\u00e7\u00e3o processar, compartilhar digitalmente arquivos,\u00a0 extrair e exportar dados, re-imprimir partes de um documento e ainda convert\u00ea-lo para diversos formatos. Clique aqui para mais informa\u00e7\u00f5es&#8230; Solu\u00e7\u00e3o que permite compartilhar eletronicamente arquivos PCL, extrair e exportar dados, re-imprimir partes de &hellip;<\/p>\n","protected":false},"author":1,"featured_media":0,"parent":0,"menu_order":0,"comment_status":"closed","ping_status":"closed","template":"","meta":{"_acf_changed":false,"jetpack_post_was_ever_published":false,"_joinchat":[],"footnotes":""},"class_list":["post-1508","page","type-page","status-publish","hentry"],"acf":[],"yoast_head":"<!-- This site is optimized with the Yoast SEO plugin v27.4 - https:\/\/yoast.com\/product\/yoast-seo-wordpress\/ -->\n<title>Gerenciamento de Documentos -<\/title>\n<meta name=\"robots\" content=\"index, follow, max-snippet:-1, max-image-preview:large, max-video-preview:-1\" \/>\n<link rel=\"canonical\" href=\"http:\/\/gbnet.com.br\/v3\/gerenciamento-de-documentos\/\" \/>\n<meta property=\"og:locale\" content=\"pt_BR\" \/>\n<meta property=\"og:type\" content=\"article\" \/>\n<meta property=\"og:title\" content=\"Gerenciamento de Documentos -\" \/>\n<meta property=\"og:description\" content=\"A GB Network &amp; Print, pioneira e l\u00edder nesse segmento, tem a solu\u00e7\u00e3o que voc\u00ea procura: Solu\u00e7\u00e3o processar, compartilhar digitalmente arquivos,\u00a0 extrair e exportar dados, re-imprimir partes de um documento e ainda convert\u00ea-lo para diversos formatos. Clique aqui para mais informa\u00e7\u00f5es&#8230; Solu\u00e7\u00e3o que permite compartilhar eletronicamente arquivos PCL, extrair e exportar dados, re-imprimir partes de &hellip;\" \/>\n<meta property=\"og:url\" content=\"http:\/\/gbnet.com.br\/v3\/gerenciamento-de-documentos\/\" \/>\n<meta property=\"article:modified_time\" content=\"2019-01-03T12:58:26+00:00\" \/>\n<meta property=\"og:image\" content=\"http:\/\/gbnet.com.br\/v3\/wp-content\/uploads\/2018\/06\/AccuRoute.jpg\" \/>\n<meta name=\"twitter:card\" content=\"summary_large_image\" \/>\n<meta name=\"twitter:label1\" content=\"Est. tempo de leitura\" \/>\n\t<meta name=\"twitter:data1\" content=\"1 minuto\" \/>\n<script type=\"application\/ld+json\" class=\"yoast-schema-graph\">{\"@context\":\"https:\\\/\\\/schema.org\",\"@graph\":[{\"@type\":\"WebPage\",\"@id\":\"http:\\\/\\\/gbnet.com.br\\\/v3\\\/gerenciamento-de-documentos\\\/\",\"url\":\"http:\\\/\\\/gbnet.com.br\\\/v3\\\/gerenciamento-de-documentos\\\/\",\"name\":\"Gerenciamento de Documentos -\",\"isPartOf\":{\"@id\":\"http:\\\/\\\/gbnet.com.br\\\/v3\\\/#website\"},\"primaryImageOfPage\":{\"@id\":\"http:\\\/\\\/gbnet.com.br\\\/v3\\\/gerenciamento-de-documentos\\\/#primaryimage\"},\"image\":{\"@id\":\"http:\\\/\\\/gbnet.com.br\\\/v3\\\/gerenciamento-de-documentos\\\/#primaryimage\"},\"thumbnailUrl\":\"http:\\\/\\\/gbnet.com.br\\\/v3\\\/wp-content\\\/uploads\\\/2018\\\/06\\\/AccuRoute.jpg\",\"datePublished\":\"2018-06-29T18:29:57+00:00\",\"dateModified\":\"2019-01-03T12:58:26+00:00\",\"breadcrumb\":{\"@id\":\"http:\\\/\\\/gbnet.com.br\\\/v3\\\/gerenciamento-de-documentos\\\/#breadcrumb\"},\"inLanguage\":\"pt-BR\",\"potentialAction\":[{\"@type\":\"ReadAction\",\"target\":[\"http:\\\/\\\/gbnet.com.br\\\/v3\\\/gerenciamento-de-documentos\\\/\"]}]},{\"@type\":\"ImageObject\",\"inLanguage\":\"pt-BR\",\"@id\":\"http:\\\/\\\/gbnet.com.br\\\/v3\\\/gerenciamento-de-documentos\\\/#primaryimage\",\"url\":\"https:\\\/\\\/i0.wp.com\\\/gbnet.com.br\\\/v3\\\/wp-content\\\/uploads\\\/2018\\\/06\\\/AccuRoute.jpg?fit=254%2C62\",\"contentUrl\":\"https:\\\/\\\/i0.wp.com\\\/gbnet.com.br\\\/v3\\\/wp-content\\\/uploads\\\/2018\\\/06\\\/AccuRoute.jpg?fit=254%2C62\",\"width\":254,\"height\":62},{\"@type\":\"BreadcrumbList\",\"@id\":\"http:\\\/\\\/gbnet.com.br\\\/v3\\\/gerenciamento-de-documentos\\\/#breadcrumb\",\"itemListElement\":[{\"@type\":\"ListItem\",\"position\":1,\"name\":\"In\u00edcio\",\"item\":\"http:\\\/\\\/gbnet.com.br\\\/v3\\\/\"},{\"@type\":\"ListItem\",\"position\":2,\"name\":\"Gerenciamento de Documentos\"}]},{\"@type\":\"WebSite\",\"@id\":\"http:\\\/\\\/gbnet.com.br\\\/v3\\\/#website\",\"url\":\"http:\\\/\\\/gbnet.com.br\\\/v3\\\/\",\"name\":\"\",\"description\":\"Transformamos dados em informa\u00e7\u00f5es - GB Network &amp; Print\",\"publisher\":{\"@id\":\"http:\\\/\\\/gbnet.com.br\\\/v3\\\/#organization\"},\"potentialAction\":[{\"@type\":\"SearchAction\",\"target\":{\"@type\":\"EntryPoint\",\"urlTemplate\":\"http:\\\/\\\/gbnet.com.br\\\/v3\\\/?s={search_term_string}\"},\"query-input\":{\"@type\":\"PropertyValueSpecification\",\"valueRequired\":true,\"valueName\":\"search_term_string\"}}],\"inLanguage\":\"pt-BR\"},{\"@type\":\"Organization\",\"@id\":\"http:\\\/\\\/gbnet.com.br\\\/v3\\\/#organization\",\"name\":\"GB Network & Print\",\"url\":\"http:\\\/\\\/gbnet.com.br\\\/v3\\\/\",\"logo\":{\"@type\":\"ImageObject\",\"inLanguage\":\"pt-BR\",\"@id\":\"http:\\\/\\\/gbnet.com.br\\\/v3\\\/#\\\/schema\\\/logo\\\/image\\\/\",\"url\":\"https:\\\/\\\/i0.wp.com\\\/gbnet.com.br\\\/v3\\\/wp-content\\\/uploads\\\/2018\\\/03\\\/logoGB-OK-e1521838575299.png?fit=120%2C122\",\"contentUrl\":\"https:\\\/\\\/i0.wp.com\\\/gbnet.com.br\\\/v3\\\/wp-content\\\/uploads\\\/2018\\\/03\\\/logoGB-OK-e1521838575299.png?fit=120%2C122\",\"width\":120,\"height\":122,\"caption\":\"GB Network & Print\"},\"image\":{\"@id\":\"http:\\\/\\\/gbnet.com.br\\\/v3\\\/#\\\/schema\\\/logo\\\/image\\\/\"}}]}<\/script>\n<!-- \/ Yoast SEO plugin. -->","yoast_head_json":{"title":"Gerenciamento de Documentos -","robots":{"index":"index","follow":"follow","max-snippet":"max-snippet:-1","max-image-preview":"max-image-preview:large","max-video-preview":"max-video-preview:-1"},"canonical":"http:\/\/gbnet.com.br\/v3\/gerenciamento-de-documentos\/","og_locale":"pt_BR","og_type":"article","og_title":"Gerenciamento de Documentos -","og_description":"A GB Network &amp; Print, pioneira e l\u00edder nesse segmento, tem a solu\u00e7\u00e3o que voc\u00ea procura: Solu\u00e7\u00e3o processar, compartilhar digitalmente arquivos,\u00a0 extrair e exportar dados, re-imprimir partes de um documento e ainda convert\u00ea-lo para diversos formatos. Clique aqui para mais informa\u00e7\u00f5es&#8230; Solu\u00e7\u00e3o que permite compartilhar eletronicamente arquivos PCL, extrair e exportar dados, re-imprimir partes de &hellip;","og_url":"http:\/\/gbnet.com.br\/v3\/gerenciamento-de-documentos\/","article_modified_time":"2019-01-03T12:58:26+00:00","og_image":[{"url":"http:\/\/gbnet.com.br\/v3\/wp-content\/uploads\/2018\/06\/AccuRoute.jpg","type":"","width":"","height":""}],"twitter_card":"summary_large_image","twitter_misc":{"Est. tempo de leitura":"1 minuto"},"schema":{"@context":"https:\/\/schema.org","@graph":[{"@type":"WebPage","@id":"http:\/\/gbnet.com.br\/v3\/gerenciamento-de-documentos\/","url":"http:\/\/gbnet.com.br\/v3\/gerenciamento-de-documentos\/","name":"Gerenciamento de Documentos -","isPartOf":{"@id":"http:\/\/gbnet.com.br\/v3\/#website"},"primaryImageOfPage":{"@id":"http:\/\/gbnet.com.br\/v3\/gerenciamento-de-documentos\/#primaryimage"},"image":{"@id":"http:\/\/gbnet.com.br\/v3\/gerenciamento-de-documentos\/#primaryimage"},"thumbnailUrl":"http:\/\/gbnet.com.br\/v3\/wp-content\/uploads\/2018\/06\/AccuRoute.jpg","datePublished":"2018-06-29T18:29:57+00:00","dateModified":"2019-01-03T12:58:26+00:00","breadcrumb":{"@id":"http:\/\/gbnet.com.br\/v3\/gerenciamento-de-documentos\/#breadcrumb"},"inLanguage":"pt-BR","potentialAction":[{"@type":"ReadAction","target":["http:\/\/gbnet.com.br\/v3\/gerenciamento-de-documentos\/"]}]},{"@type":"ImageObject","inLanguage":"pt-BR","@id":"http:\/\/gbnet.com.br\/v3\/gerenciamento-de-documentos\/#primaryimage","url":"https:\/\/i0.wp.com\/gbnet.com.br\/v3\/wp-content\/uploads\/2018\/06\/AccuRoute.jpg?fit=254%2C62","contentUrl":"https:\/\/i0.wp.com\/gbnet.com.br\/v3\/wp-content\/uploads\/2018\/06\/AccuRoute.jpg?fit=254%2C62","width":254,"height":62},{"@type":"BreadcrumbList","@id":"http:\/\/gbnet.com.br\/v3\/gerenciamento-de-documentos\/#breadcrumb","itemListElement":[{"@type":"ListItem","position":1,"name":"In\u00edcio","item":"http:\/\/gbnet.com.br\/v3\/"},{"@type":"ListItem","position":2,"name":"Gerenciamento de Documentos"}]},{"@type":"WebSite","@id":"http:\/\/gbnet.com.br\/v3\/#website","url":"http:\/\/gbnet.com.br\/v3\/","name":"","description":"Transformamos dados em informa\u00e7\u00f5es - GB Network &amp; Print","publisher":{"@id":"http:\/\/gbnet.com.br\/v3\/#organization"},"potentialAction":[{"@type":"SearchAction","target":{"@type":"EntryPoint","urlTemplate":"http:\/\/gbnet.com.br\/v3\/?s={search_term_string}"},"query-input":{"@type":"PropertyValueSpecification","valueRequired":true,"valueName":"search_term_string"}}],"inLanguage":"pt-BR"},{"@type":"Organization","@id":"http:\/\/gbnet.com.br\/v3\/#organization","name":"GB Network & Print","url":"http:\/\/gbnet.com.br\/v3\/","logo":{"@type":"ImageObject","inLanguage":"pt-BR","@id":"http:\/\/gbnet.com.br\/v3\/#\/schema\/logo\/image\/","url":"https:\/\/i0.wp.com\/gbnet.com.br\/v3\/wp-content\/uploads\/2018\/03\/logoGB-OK-e1521838575299.png?fit=120%2C122","contentUrl":"https:\/\/i0.wp.com\/gbnet.com.br\/v3\/wp-content\/uploads\/2018\/03\/logoGB-OK-e1521838575299.png?fit=120%2C122","width":120,"height":122,"caption":"GB Network & Print"},"image":{"@id":"http:\/\/gbnet.com.br\/v3\/#\/schema\/logo\/image\/"}}]}},"jetpack_sharing_enabled":true,"jetpack_shortlink":"https:\/\/wp.me\/Pagaz2-ok","jetpack-related-posts":[{"id":1707,"url":"http:\/\/gbnet.com.br\/v3\/modulos-para-impressao-de-codigo-de-barras\/","url_meta":{"origin":1508,"position":0},"title":"M\u00f3dulos para impress\u00e3o de C\u00f3digo de Barras","author":"","date":false,"format":false,"excerpt":"A solu\u00e7\u00e3o de m\u00f3dulos para impress\u00e3o de c\u00f3digo de barras, distribuida no Brasil pela GB Network & Print, \u00e9 o caminho mais f\u00e1cil e rent\u00e1vel para produzir etiquetas de alta qualidade com c\u00f3digos de barras ou documentos que contenham um ou mais tipos diferentes de c\u00f3digo de barras. M\u00f3dulo interno:\u2026","rel":"","context":"Post similar","block_context":{"text":"Post similar","link":""},"img":{"alt_text":"BarcodeJet Bardimm SAP","src":"https:\/\/i0.wp.com\/www.gbnet.com.br\/v2\/images\/barcodejet_interno.jpg?resize=350%2C200","width":350,"height":200},"classes":[]},{"id":1589,"url":"http:\/\/gbnet.com.br\/v3\/solucoes-lrs\/","url_meta":{"origin":1508,"position":1},"title":"Solu\u00e7\u00f5es LRS","author":"","date":false,"format":false,"excerpt":"\"Desde o in\u00edcio de 2014 GB Network & Print se tornou Distribudor das solu\u00e7\u00f5es LRS no Brasil.\" Em 1979,\u00a0tr\u00eas consultores independentes juntaram esfor\u00e7os para estabelecer a Levi, Ray & Shoup, Inc. - LRS\u00ae. Juntos, eles constru\u00edram uma reputa\u00e7\u00e3o como provedores de servi\u00e7os e sistemas para uma variedade de empresas e\u2026","rel":"","context":"Post similar","block_context":{"text":"Post similar","link":""},"img":{"alt_text":"Fonte Barcode","src":"https:\/\/i0.wp.com\/www.gbnet.com.br\/v2\/images\/LRS_VPSX.png?resize=350%2C200","width":350,"height":200},"classes":[]},{"id":2206,"url":"http:\/\/gbnet.com.br\/v3\/bardimm-solucao-para-impressao-de-codigo-de-barras-no-sap-windows-oracle-e-outros-erps\/","url_meta":{"origin":1508,"position":2},"title":"BarDIMM solu\u00e7\u00e3o para impress\u00e3o de c\u00f3digo de barras no SAP, Windows, Oracle e outros ERPs","author":"","date":false,"format":false,"excerpt":"As solu\u00e7\u00f5es Jetmobile BarDIMM Pro e BarDIMM Box s\u00e3o solu\u00e7\u00f5es de c\u00f3digos de barras inteligentes, independentes de plataforma, para impressoras a laser, copiadoras e impressoras a jato de tinta compat\u00edveis com PCL5. Permite imprimir c\u00f3digos de barras no SAP, Windows e outros ERPs com muita facilidade, sem usar nenhum middleware.\u2026","rel":"","context":"Post similar","block_context":{"text":"Post similar","link":""},"img":{"alt_text":"","src":"https:\/\/i0.wp.com\/gbnet.com.br\/v3\/wp-content\/uploads\/2020\/09\/Barcode.jpg?resize=350%2C200","width":350,"height":200,"srcset":"https:\/\/i0.wp.com\/gbnet.com.br\/v3\/wp-content\/uploads\/2020\/09\/Barcode.jpg?resize=350%2C200 1x, https:\/\/i0.wp.com\/gbnet.com.br\/v3\/wp-content\/uploads\/2020\/09\/Barcode.jpg?resize=525%2C300 1.5x, https:\/\/i0.wp.com\/gbnet.com.br\/v3\/wp-content\/uploads\/2020\/09\/Barcode.jpg?resize=700%2C400 2x, https:\/\/i0.wp.com\/gbnet.com.br\/v3\/wp-content\/uploads\/2020\/09\/Barcode.jpg?resize=1050%2C600 3x, https:\/\/i0.wp.com\/gbnet.com.br\/v3\/wp-content\/uploads\/2020\/09\/Barcode.jpg?resize=1400%2C800 4x"},"classes":[]},{"id":2776,"url":"http:\/\/gbnet.com.br\/v3\/transforme-o-microsoft-word-em-um-poderoso-processador-de-dados-variaveis\/","url_meta":{"origin":1508,"position":3},"title":"Transforme o Microsoft Word em um Poderoso Processador de Dados Vari\u00e1veis","author":"","date":false,"format":false,"excerpt":"Imagine a possibilidade de produzir milhares de documentos em PDF personalizados em poucos minutos, diretamente do Microsoft Word. Com nossa nova solu\u00e7\u00e3o, isso n\u00e3o \u00e9 apenas poss\u00edvel \u2014 \u00e9 incrivelmente f\u00e1cil e eficiente. Solu\u00e7\u00e3o R\u00e1pida e Poderosa para Dados Vari\u00e1veis Para quem utiliza o recurso de Correspond\u00eancia do Word para\u2026","rel":"","context":"Post similar","block_context":{"text":"Post similar","link":""},"img":{"alt_text":"Transforme o MS Word em um Poderoso Processador de Dados Vari\u00e1veis","src":"https:\/\/i0.wp.com\/gbnet.com.br\/v3\/wp-content\/uploads\/2025\/01\/Transforme-o-Word-num-Poderoso-Processador-de-Dados-Variaveis.jpg?fit=1080%2C1080&resize=350%2C200","width":350,"height":200,"srcset":"https:\/\/i0.wp.com\/gbnet.com.br\/v3\/wp-content\/uploads\/2025\/01\/Transforme-o-Word-num-Poderoso-Processador-de-Dados-Variaveis.jpg?fit=1080%2C1080&resize=350%2C200 1x, https:\/\/i0.wp.com\/gbnet.com.br\/v3\/wp-content\/uploads\/2025\/01\/Transforme-o-Word-num-Poderoso-Processador-de-Dados-Variaveis.jpg?fit=1080%2C1080&resize=525%2C300 1.5x, https:\/\/i0.wp.com\/gbnet.com.br\/v3\/wp-content\/uploads\/2025\/01\/Transforme-o-Word-num-Poderoso-Processador-de-Dados-Variaveis.jpg?fit=1080%2C1080&resize=700%2C400 2x, https:\/\/i0.wp.com\/gbnet.com.br\/v3\/wp-content\/uploads\/2025\/01\/Transforme-o-Word-num-Poderoso-Processador-de-Dados-Variaveis.jpg?fit=1080%2C1080&resize=1050%2C600 3x"},"classes":[]},{"id":1595,"url":"http:\/\/gbnet.com.br\/v3\/sobre-a-gb\/","url_meta":{"origin":1508,"position":4},"title":"Sobre a GB","author":"","date":false,"format":false,"excerpt":"A GB iniciou suas atividades em 1995 em S\u00e3o Paulo, capital, onde est\u00e1 estabelecida h\u00e1 20 anos, atuando no mercado de consultoria em TI, auxiliando clientes de todos os tamanhos e diversos segmentos. Refer\u00eancia em solu\u00e7\u00f5es de impress\u00e3o, transforma\u00e7\u00e3o de dados e gera\u00e7\u00e3o de informa\u00e7\u00e3o, a GB tem parceria com\u2026","rel":"","context":"Post similar","block_context":{"text":"Post similar","link":""},"img":{"alt_text":"","src":"","width":0,"height":0},"classes":[]},{"id":1492,"url":"http:\/\/gbnet.com.br\/v3\/dadosvariaveis\/","url_meta":{"origin":1508,"position":5},"title":"VDP","author":"","date":false,"format":false,"excerpt":"N\u00e3o importa qual sua necessidade com rela\u00e7\u00e3o gera\u00e7\u00e3o e impress\u00e3o de dados vari\u00e1veis. A GB Network & Print, pioneira e l\u00edder nesse segmento, tem a solu\u00e7\u00e3o que voc\u00ea procura: As solu\u00e7\u00f5es de VDP (Variable Data Print) visam a impress\u00e3o de documentos e formul\u00e1rios com dados vari\u00e1veis facilitando assim a comunica\u00e7\u00e3o\u2026","rel":"","context":"Post similar","block_context":{"text":"Post similar","link":""},"img":{"alt_text":"","src":"https:\/\/i0.wp.com\/www.gbnet.com.br\/v2\/images\/vdp_340x120.png?resize=350%2C200","width":350,"height":200},"classes":[]}],"_links":{"self":[{"href":"http:\/\/gbnet.com.br\/v3\/wp-json\/wp\/v2\/pages\/1508","targetHints":{"allow":["GET"]}}],"collection":[{"href":"http:\/\/gbnet.com.br\/v3\/wp-json\/wp\/v2\/pages"}],"about":[{"href":"http:\/\/gbnet.com.br\/v3\/wp-json\/wp\/v2\/types\/page"}],"author":[{"embeddable":true,"href":"http:\/\/gbnet.com.br\/v3\/wp-json\/wp\/v2\/users\/1"}],"replies":[{"embeddable":true,"href":"http:\/\/gbnet.com.br\/v3\/wp-json\/wp\/v2\/comments?post=1508"}],"version-history":[{"count":27,"href":"http:\/\/gbnet.com.br\/v3\/wp-json\/wp\/v2\/pages\/1508\/revisions"}],"predecessor-version":[{"id":1815,"href":"http:\/\/gbnet.com.br\/v3\/wp-json\/wp\/v2\/pages\/1508\/revisions\/1815"}],"wp:attachment":[{"href":"http:\/\/gbnet.com.br\/v3\/wp-json\/wp\/v2\/media?parent=1508"}],"curies":[{"name":"wp","href":"https:\/\/api.w.org\/{rel}","templated":true}]}}