{"id":1510,"date":"2018-06-29T15:36:52","date_gmt":"2018-06-29T18:36:52","guid":{"rendered":"http:\/\/gbnet.com.br\/v3\/?page_id=1510"},"modified":"2018-12-20T15:37:18","modified_gmt":"2018-12-20T18:37:18","slug":"accuroute","status":"publish","type":"page","link":"http:\/\/gbnet.com.br\/v3\/accuroute\/","title":{"rendered":"AccuRoute"},"content":{"rendered":"<p class=\"TextoNormal\" align=\"center\"><img data-recalc-dims=\"1\" loading=\"lazy\" decoding=\"async\" src=\"https:\/\/i0.wp.com\/www.gbnet.com.br\/v2\/images\/omtool_accuroute_pdf_pesquisavel_OCR_img1.jpg?resize=557%2C80\" width=\"557\" height=\"80\"><\/p>\n<p class=\"TextoBold\"><strong>Upland AccuRoute plataforma de captura de documentos<\/strong><\/p>\n<p class=\"TextoNormal\" align=\"justify\">O software AccuRoute \u00e9 uma solu\u00e7\u00e3o enterprise de workflow, que permite a organiza\u00e7\u00f5es de todos os tamanhos, capturar, processar e guardar documentos de forma centralizada. Excepcionalmente flex\u00edvel, ele faz a captura de documentos distribu\u00eddos atrav\u00e9s de uma infra-estrutura de software altamente escal\u00e1vel, com amplos recursos, flexibilidade de configura\u00e7\u00e3o e opera\u00e7\u00e3o simplificada, adequado para solu\u00e7\u00f5es simples ou sofisticadas, que envolvem centenas ou milh\u00f5es de documentos por m\u00eas: sem ciclos de implementa\u00e7\u00e3o caros e demorados.<\/p>\n<p class=\"TextoNormal\" align=\"center\"><iframe loading=\"lazy\" src=\"https:\/\/www.youtube.com\/embed\/Bx8Cuh_N77c?&amp;autoplay=0&amp;showinfo=0&amp;disablekb=1&amp;autohide=1\" allowfullscreen=\"allowfullscreen\" data-mce-fragment=\"1\" width=\"500\" height=\"281\" frameborder=\"0\"><\/iframe><\/p>\n<p class=\"TextoNormal\">A solu\u00e7\u00e3o AccuRoute atende a toda a gama de necessidades para organiza\u00e7\u00f5es de todos os tamanhos a partir de um \u00fanico departamento, ou empresa&nbsp; de pequeno porte, at\u00e9 grandes empresas com m\u00faltiplas localidades. Fornece uma maneira eficiente e econ\u00f4mica para agilizar os fluxos de trabalho orientados a documentos. Permite assim, integrar documentos impressos e eletr\u00f4nicos com os processos de neg\u00f3cios, de maneira mais r\u00e1pida e eficiente, compatibilizando os documentos e processos, reduzindo os custos associados, a complexidade e os riscos.<\/p>\n<p class=\"TextoNormal\" align=\"center\"><img data-recalc-dims=\"1\" loading=\"lazy\" decoding=\"async\" src=\"https:\/\/i0.wp.com\/www.gbnet.com.br\/v2\/images\/omtool_accuroute_pdf_pesquisavel_OCR_img2.png?resize=683%2C384\" width=\"683\" height=\"384\"><\/p>\n<p class=\"TextoBold\"><strong>Omtool AccuRoute Mobile<\/strong><\/p>\n<p class=\"TextoNormal\">Essa \u00e9 uma extens\u00e3o da solu\u00e7\u00e3o AccuRoute que oferece recursos de captura de documentos para dispositivos port\u00e1teis, aos empregados e colaboradores do escrit\u00f3rio\/empresa, a partir de onde quer que estejam.<\/p>\n<p class=\"TextoNormal\">Esse m\u00f3dulo transforma o seu smartphone ou tablet em um dispositivo de captura de documentos que permite enviar imagens de documentos para digitaliza\u00e7\u00e3o e processamento, incluindo convers\u00f5es de formato, reconhecimento de texto OCR e cria\u00e7\u00e3o de PDFs.<\/p>\n<p class=\"TextoNormal\">Ele vai entregar as imagens para qualquer destino dispon\u00edvel, incluindo fax, e-mail, sistemas de gerenciamento de conte\u00fado, pastas de arquivos de rede, impressoras e muito mais. Voc\u00ea pode capturar documentos e fotos do seu dispositivo m\u00f3vel ou um reposit\u00f3rio baseado em nuvem como &#8220;Dropbox&#8221; ou AccuRoute MyFiles, fornecer informa\u00e7\u00f5es e metadados relevantes com essas imagens e entregar esses pacotes no seu destino.<\/p>\n<h6 class=\"TextoBold\">Principais Fun\u00e7\u00f5es do AccuRoute<\/h6>\n<h6 class=\"TextoNormal\">\u2022&nbsp;<strong>Captura<\/strong>&nbsp;\u2013&nbsp;Funciona com qualquer scanner em rede, impressora multifuncional com digitaliza\u00e7\u00e3o habilitada, copiadora, fax, ou outro dispositvo MFP. Suporta documentos impressos (papel) e documentos eletr\u00f4nicos.<\/h6>\n<h6 class=\"TextoNormal\">\u2022&nbsp;<strong>Processamento<\/strong>&nbsp;&#8211;&nbsp;Converte para PDF, texto pesquis\u00e1vel PDF, DOC, JPG, RTF, TIF, TXT, XLS, e muitos outros formatos. Comprime documentos em at\u00e9 80% do tamanho do arquivo original, para reduzir os requisitos de largura de banda e armazenamento. Extrai metadados valiosos de c\u00f3digos de barras. Atrav\u00e9s de instru\u00e7\u00f5es de impress\u00e3o \/ digitaliza\u00e7\u00e3o permite capturar novas informa\u00e7\u00f5es no painel do MFP e validar os dados em rela\u00e7\u00e3o aos valores pr\u00e9-definidos.<\/h6>\n<p class=\"TextoNormal\"><strong>\u2022 Entrega<\/strong><\/p>\n<ul>\n<li class=\"TextoNormal\">Scan-to-self \u2013&nbsp;Digitaliza\u00e7\u00e3o Simples para E-mail, pasta de rede ou pasta da Web<\/li>\n<li class=\"TextoNormal\">Scan-to-distribute:&nbsp;Digitaliza\u00e7\u00e3o para Distribui\u00e7\u00e3o por E-mail, fax, impressora, lista de distribui\u00e7\u00e3o<\/li>\n<li class=\"TextoNormal\">Scan-to-store \u2013&nbsp;Enterprise Content Management (incluindo gerenciamento de documentos, gerenciamento de registros e sistemas tradicionais de gerenciamento de conte\u00fado corporativo), reposit\u00f3rios, arquivos e pastas de rede<\/li>\n<li class=\"TextoNormal\">Scan-to-business-aplication:&nbsp;Digitaliza\u00e7\u00e3o para sistemas empresariais incluindo ERP, CRM, e bases de dados<\/li>\n<li class=\"TextoNormal\">Scan-to-fax \u2013&nbsp;Nossa integra\u00e7\u00e3o com provedores de fax existentes permite a funcionalidade de fax completo e distribui\u00e7\u00e3o em uma \u00fanica plataforma<\/li>\n<li class=\"TextoNormal\">Distribui\u00e7\u00e3o simult\u00e2nea \u2013&nbsp;Utilize qualquer combina\u00e7\u00e3o de destinos e at\u00e9 mesmo destinos pr\u00e9-determinados, que voc\u00ea pode configurar para serem salvos e reutilizados outras vezes<\/li>\n<\/ul>\n<p class=\"TextoBold\">\n<p class=\"TextoBold\"><strong>Principais Benef\u00edcios do AccuRoute&nbsp;&nbsp;<\/strong><\/p>\n<p class=\"TextoNormal\"><strong>\u2022 Reduzir os custos:<\/strong><\/p>\n<ul>\n<li class=\"TextoNormal\">Criar imagens de documentos que reduzem o uso de papel e consum\u00edveis<\/li>\n<li class=\"TextoNormal\">Diminuir custos e espa\u00e7o com o armazenamento de documentos em papel<\/li>\n<li class=\"TextoNormal\">Eliminar taxas de envio de documentos e servi\u00e7os de m\u00e3o de obra durante a noite<\/li>\n<li class=\"TextoNormal\">Remover linhas de fax anal\u00f3gico e hardware legado<\/li>\n<li class=\"TextoNormal\">Aproveitar os investimentos em infra-estrutura de hardware<\/li>\n<li class=\"TextoNormal\">Suporta ambientes heterog\u00eaneos<\/li>\n<\/ul>\n<p class=\"TextoNormal\"><strong>\u2022 Aumentar a produtividade:<\/strong><\/p>\n<ul>\n<li class=\"TextoNormal\">Simplificar o acesso aos documentos, que antes eram dif\u00edceis de compartilhar, melhorar a colabora\u00e7\u00e3o e velocidade do processo.<\/li>\n<li class=\"TextoNormal\">Criar documentos eletr\u00f4nicos para reduzir a perda de documentos em papel<\/li>\n<li class=\"TextoNormal\">Telas de aplicativos do usu\u00e1rio simples para eliminar a necessidade de aprender novos sistemas<\/li>\n<li class=\"TextoNormal\">Simultaneamente entregar documentos a v\u00e1rios locais e em v\u00e1rios formatos, a partir de uma \u00fanica varredura<\/li>\n<\/ul>\n<p class=\"TextoNormal\"><strong>\u2022 Reduzir o passivo e apoiar iniciativas corporativas:<\/strong><\/p>\n<ul>\n<li class=\"TextoNormal\">Cumprir requisitos e exig\u00eancias do mercado, e do governo de registro de reten\u00e7\u00e3o das empresas<\/li>\n<li class=\"TextoNormal\">Eliminar m\u00faltiplas c\u00f3pias em papel para apoiar iniciativas verdes<\/li>\n<li class=\"TextoNormal\">Preservar c\u00f3pias digitais como backup, para caso de desastres<\/li>\n<li class=\"TextoNormal\">Cumprir com os regulamentos de seguran\u00e7a e de informa\u00e7\u00e3o, como HIPAA \/ HITECH, SEC 17 (a), a Sarbanes-Oxley, e DMIF<\/li>\n<\/ul>\n","protected":false},"excerpt":{"rendered":"<p>Upland AccuRoute plataforma de captura de documentos O software AccuRoute \u00e9 uma solu\u00e7\u00e3o enterprise de workflow, que permite a organiza\u00e7\u00f5es de todos os tamanhos, capturar, processar e guardar documentos de forma centralizada. Excepcionalmente flex\u00edvel, ele faz a captura de documentos distribu\u00eddos atrav\u00e9s de uma infra-estrutura de software altamente escal\u00e1vel, com amplos recursos, flexibilidade de configura\u00e7\u00e3o &hellip;<\/p>\n","protected":false},"author":1,"featured_media":0,"parent":0,"menu_order":0,"comment_status":"closed","ping_status":"closed","template":"","meta":{"_acf_changed":false,"jetpack_post_was_ever_published":false,"_joinchat":[],"footnotes":""},"class_list":["post-1510","page","type-page","status-publish","hentry"],"acf":[],"yoast_head":"<!-- This site is optimized with the Yoast SEO plugin v27.4 - https:\/\/yoast.com\/product\/yoast-seo-wordpress\/ -->\n<title>AccuRoute -<\/title>\n<meta name=\"robots\" content=\"index, follow, max-snippet:-1, max-image-preview:large, max-video-preview:-1\" \/>\n<link rel=\"canonical\" href=\"http:\/\/gbnet.com.br\/v3\/accuroute\/\" \/>\n<meta property=\"og:locale\" content=\"pt_BR\" \/>\n<meta property=\"og:type\" content=\"article\" \/>\n<meta property=\"og:title\" content=\"AccuRoute -\" \/>\n<meta property=\"og:description\" content=\"Upland AccuRoute plataforma de captura de documentos O software AccuRoute \u00e9 uma solu\u00e7\u00e3o enterprise de workflow, que permite a organiza\u00e7\u00f5es de todos os tamanhos, capturar, processar e guardar documentos de forma centralizada. Excepcionalmente flex\u00edvel, ele faz a captura de documentos distribu\u00eddos atrav\u00e9s de uma infra-estrutura de software altamente escal\u00e1vel, com amplos recursos, flexibilidade de configura\u00e7\u00e3o &hellip;\" \/>\n<meta property=\"og:url\" content=\"http:\/\/gbnet.com.br\/v3\/accuroute\/\" \/>\n<meta property=\"article:modified_time\" content=\"2018-12-20T18:37:18+00:00\" \/>\n<meta property=\"og:image\" content=\"http:\/\/www.gbnet.com.br\/v2\/images\/omtool_accuroute_pdf_pesquisavel_OCR_img1.jpg\" \/>\n<meta name=\"twitter:card\" content=\"summary_large_image\" \/>\n<meta name=\"twitter:label1\" content=\"Est. tempo de leitura\" \/>\n\t<meta name=\"twitter:data1\" content=\"4 minutos\" \/>\n<script type=\"application\/ld+json\" class=\"yoast-schema-graph\">{\"@context\":\"https:\\\/\\\/schema.org\",\"@graph\":[{\"@type\":\"WebPage\",\"@id\":\"http:\\\/\\\/gbnet.com.br\\\/v3\\\/accuroute\\\/\",\"url\":\"http:\\\/\\\/gbnet.com.br\\\/v3\\\/accuroute\\\/\",\"name\":\"AccuRoute -\",\"isPartOf\":{\"@id\":\"http:\\\/\\\/gbnet.com.br\\\/v3\\\/#website\"},\"primaryImageOfPage\":{\"@id\":\"http:\\\/\\\/gbnet.com.br\\\/v3\\\/accuroute\\\/#primaryimage\"},\"image\":{\"@id\":\"http:\\\/\\\/gbnet.com.br\\\/v3\\\/accuroute\\\/#primaryimage\"},\"thumbnailUrl\":\"http:\\\/\\\/www.gbnet.com.br\\\/v2\\\/images\\\/omtool_accuroute_pdf_pesquisavel_OCR_img1.jpg\",\"datePublished\":\"2018-06-29T18:36:52+00:00\",\"dateModified\":\"2018-12-20T18:37:18+00:00\",\"breadcrumb\":{\"@id\":\"http:\\\/\\\/gbnet.com.br\\\/v3\\\/accuroute\\\/#breadcrumb\"},\"inLanguage\":\"pt-BR\",\"potentialAction\":[{\"@type\":\"ReadAction\",\"target\":[\"http:\\\/\\\/gbnet.com.br\\\/v3\\\/accuroute\\\/\"]}]},{\"@type\":\"ImageObject\",\"inLanguage\":\"pt-BR\",\"@id\":\"http:\\\/\\\/gbnet.com.br\\\/v3\\\/accuroute\\\/#primaryimage\",\"url\":\"http:\\\/\\\/www.gbnet.com.br\\\/v2\\\/images\\\/omtool_accuroute_pdf_pesquisavel_OCR_img1.jpg\",\"contentUrl\":\"http:\\\/\\\/www.gbnet.com.br\\\/v2\\\/images\\\/omtool_accuroute_pdf_pesquisavel_OCR_img1.jpg\"},{\"@type\":\"BreadcrumbList\",\"@id\":\"http:\\\/\\\/gbnet.com.br\\\/v3\\\/accuroute\\\/#breadcrumb\",\"itemListElement\":[{\"@type\":\"ListItem\",\"position\":1,\"name\":\"In\u00edcio\",\"item\":\"http:\\\/\\\/gbnet.com.br\\\/v3\\\/\"},{\"@type\":\"ListItem\",\"position\":2,\"name\":\"AccuRoute\"}]},{\"@type\":\"WebSite\",\"@id\":\"http:\\\/\\\/gbnet.com.br\\\/v3\\\/#website\",\"url\":\"http:\\\/\\\/gbnet.com.br\\\/v3\\\/\",\"name\":\"\",\"description\":\"Transformamos dados em informa\u00e7\u00f5es - GB Network &amp; Print\",\"publisher\":{\"@id\":\"http:\\\/\\\/gbnet.com.br\\\/v3\\\/#organization\"},\"potentialAction\":[{\"@type\":\"SearchAction\",\"target\":{\"@type\":\"EntryPoint\",\"urlTemplate\":\"http:\\\/\\\/gbnet.com.br\\\/v3\\\/?s={search_term_string}\"},\"query-input\":{\"@type\":\"PropertyValueSpecification\",\"valueRequired\":true,\"valueName\":\"search_term_string\"}}],\"inLanguage\":\"pt-BR\"},{\"@type\":\"Organization\",\"@id\":\"http:\\\/\\\/gbnet.com.br\\\/v3\\\/#organization\",\"name\":\"GB Network & Print\",\"url\":\"http:\\\/\\\/gbnet.com.br\\\/v3\\\/\",\"logo\":{\"@type\":\"ImageObject\",\"inLanguage\":\"pt-BR\",\"@id\":\"http:\\\/\\\/gbnet.com.br\\\/v3\\\/#\\\/schema\\\/logo\\\/image\\\/\",\"url\":\"https:\\\/\\\/i0.wp.com\\\/gbnet.com.br\\\/v3\\\/wp-content\\\/uploads\\\/2018\\\/03\\\/logoGB-OK-e1521838575299.png?fit=120%2C122\",\"contentUrl\":\"https:\\\/\\\/i0.wp.com\\\/gbnet.com.br\\\/v3\\\/wp-content\\\/uploads\\\/2018\\\/03\\\/logoGB-OK-e1521838575299.png?fit=120%2C122\",\"width\":120,\"height\":122,\"caption\":\"GB Network & Print\"},\"image\":{\"@id\":\"http:\\\/\\\/gbnet.com.br\\\/v3\\\/#\\\/schema\\\/logo\\\/image\\\/\"}}]}<\/script>\n<!-- \/ Yoast SEO plugin. -->","yoast_head_json":{"title":"AccuRoute -","robots":{"index":"index","follow":"follow","max-snippet":"max-snippet:-1","max-image-preview":"max-image-preview:large","max-video-preview":"max-video-preview:-1"},"canonical":"http:\/\/gbnet.com.br\/v3\/accuroute\/","og_locale":"pt_BR","og_type":"article","og_title":"AccuRoute -","og_description":"Upland AccuRoute plataforma de captura de documentos O software AccuRoute \u00e9 uma solu\u00e7\u00e3o enterprise de workflow, que permite a organiza\u00e7\u00f5es de todos os tamanhos, capturar, processar e guardar documentos de forma centralizada. Excepcionalmente flex\u00edvel, ele faz a captura de documentos distribu\u00eddos atrav\u00e9s de uma infra-estrutura de software altamente escal\u00e1vel, com amplos recursos, flexibilidade de configura\u00e7\u00e3o &hellip;","og_url":"http:\/\/gbnet.com.br\/v3\/accuroute\/","article_modified_time":"2018-12-20T18:37:18+00:00","og_image":[{"url":"http:\/\/www.gbnet.com.br\/v2\/images\/omtool_accuroute_pdf_pesquisavel_OCR_img1.jpg","type":"","width":"","height":""}],"twitter_card":"summary_large_image","twitter_misc":{"Est. tempo de leitura":"4 minutos"},"schema":{"@context":"https:\/\/schema.org","@graph":[{"@type":"WebPage","@id":"http:\/\/gbnet.com.br\/v3\/accuroute\/","url":"http:\/\/gbnet.com.br\/v3\/accuroute\/","name":"AccuRoute -","isPartOf":{"@id":"http:\/\/gbnet.com.br\/v3\/#website"},"primaryImageOfPage":{"@id":"http:\/\/gbnet.com.br\/v3\/accuroute\/#primaryimage"},"image":{"@id":"http:\/\/gbnet.com.br\/v3\/accuroute\/#primaryimage"},"thumbnailUrl":"http:\/\/www.gbnet.com.br\/v2\/images\/omtool_accuroute_pdf_pesquisavel_OCR_img1.jpg","datePublished":"2018-06-29T18:36:52+00:00","dateModified":"2018-12-20T18:37:18+00:00","breadcrumb":{"@id":"http:\/\/gbnet.com.br\/v3\/accuroute\/#breadcrumb"},"inLanguage":"pt-BR","potentialAction":[{"@type":"ReadAction","target":["http:\/\/gbnet.com.br\/v3\/accuroute\/"]}]},{"@type":"ImageObject","inLanguage":"pt-BR","@id":"http:\/\/gbnet.com.br\/v3\/accuroute\/#primaryimage","url":"http:\/\/www.gbnet.com.br\/v2\/images\/omtool_accuroute_pdf_pesquisavel_OCR_img1.jpg","contentUrl":"http:\/\/www.gbnet.com.br\/v2\/images\/omtool_accuroute_pdf_pesquisavel_OCR_img1.jpg"},{"@type":"BreadcrumbList","@id":"http:\/\/gbnet.com.br\/v3\/accuroute\/#breadcrumb","itemListElement":[{"@type":"ListItem","position":1,"name":"In\u00edcio","item":"http:\/\/gbnet.com.br\/v3\/"},{"@type":"ListItem","position":2,"name":"AccuRoute"}]},{"@type":"WebSite","@id":"http:\/\/gbnet.com.br\/v3\/#website","url":"http:\/\/gbnet.com.br\/v3\/","name":"","description":"Transformamos dados em informa\u00e7\u00f5es - GB Network &amp; Print","publisher":{"@id":"http:\/\/gbnet.com.br\/v3\/#organization"},"potentialAction":[{"@type":"SearchAction","target":{"@type":"EntryPoint","urlTemplate":"http:\/\/gbnet.com.br\/v3\/?s={search_term_string}"},"query-input":{"@type":"PropertyValueSpecification","valueRequired":true,"valueName":"search_term_string"}}],"inLanguage":"pt-BR"},{"@type":"Organization","@id":"http:\/\/gbnet.com.br\/v3\/#organization","name":"GB Network & Print","url":"http:\/\/gbnet.com.br\/v3\/","logo":{"@type":"ImageObject","inLanguage":"pt-BR","@id":"http:\/\/gbnet.com.br\/v3\/#\/schema\/logo\/image\/","url":"https:\/\/i0.wp.com\/gbnet.com.br\/v3\/wp-content\/uploads\/2018\/03\/logoGB-OK-e1521838575299.png?fit=120%2C122","contentUrl":"https:\/\/i0.wp.com\/gbnet.com.br\/v3\/wp-content\/uploads\/2018\/03\/logoGB-OK-e1521838575299.png?fit=120%2C122","width":120,"height":122,"caption":"GB Network & Print"},"image":{"@id":"http:\/\/gbnet.com.br\/v3\/#\/schema\/logo\/image\/"}}]}},"jetpack_sharing_enabled":true,"jetpack_shortlink":"https:\/\/wp.me\/Pagaz2-om","jetpack-related-posts":[{"id":1492,"url":"http:\/\/gbnet.com.br\/v3\/dadosvariaveis\/","url_meta":{"origin":1510,"position":0},"title":"VDP","author":"","date":false,"format":false,"excerpt":"N\u00e3o importa qual sua necessidade com rela\u00e7\u00e3o gera\u00e7\u00e3o e impress\u00e3o de dados vari\u00e1veis. A GB Network & Print, pioneira e l\u00edder nesse segmento, tem a solu\u00e7\u00e3o que voc\u00ea procura: As solu\u00e7\u00f5es de VDP (Variable Data Print) visam a impress\u00e3o de documentos e formul\u00e1rios com dados vari\u00e1veis facilitando assim a comunica\u00e7\u00e3o\u2026","rel":"","context":"Post similar","block_context":{"text":"Post similar","link":""},"img":{"alt_text":"","src":"https:\/\/i0.wp.com\/www.gbnet.com.br\/v2\/images\/vdp_340x120.png?resize=350%2C200","width":350,"height":200},"classes":[]},{"id":1589,"url":"http:\/\/gbnet.com.br\/v3\/solucoes-lrs\/","url_meta":{"origin":1510,"position":1},"title":"Solu\u00e7\u00f5es LRS","author":"","date":false,"format":false,"excerpt":"\"Desde o in\u00edcio de 2014 GB Network & Print se tornou Distribudor das solu\u00e7\u00f5es LRS no Brasil.\" Em 1979,\u00a0tr\u00eas consultores independentes juntaram esfor\u00e7os para estabelecer a Levi, Ray & Shoup, Inc. - LRS\u00ae. Juntos, eles constru\u00edram uma reputa\u00e7\u00e3o como provedores de servi\u00e7os e sistemas para uma variedade de empresas e\u2026","rel":"","context":"Post similar","block_context":{"text":"Post similar","link":""},"img":{"alt_text":"Fonte Barcode","src":"https:\/\/i0.wp.com\/www.gbnet.com.br\/v2\/images\/LRS_VPSX.png?resize=350%2C200","width":350,"height":200},"classes":[]},{"id":1508,"url":"http:\/\/gbnet.com.br\/v3\/gerenciamento-de-documentos\/","url_meta":{"origin":1510,"position":2},"title":"Gerenciamento de Documentos","author":"","date":false,"format":false,"excerpt":"A GB Network & Print, pioneira e l\u00edder nesse segmento, tem a solu\u00e7\u00e3o que voc\u00ea procura: Solu\u00e7\u00e3o processar, compartilhar digitalmente arquivos,\u00a0 extrair e exportar dados, re-imprimir partes de um documento e ainda convert\u00ea-lo para diversos formatos. Clique aqui para mais informa\u00e7\u00f5es... Solu\u00e7\u00e3o que permite compartilhar eletronicamente arquivos PCL, extrair e\u2026","rel":"","context":"Post similar","block_context":{"text":"Post similar","link":""},"img":{"alt_text":"","src":"https:\/\/i0.wp.com\/gbnet.com.br\/v3\/wp-content\/uploads\/2018\/06\/AccuRoute.jpg?resize=350%2C200","width":350,"height":200},"classes":[]},{"id":1502,"url":"http:\/\/gbnet.com.br\/v3\/solsearcher-enterprise\/","url_meta":{"origin":1510,"position":3},"title":"SOLsearcher Enterprise","author":"","date":false,"format":false,"excerpt":"SOLsearcher Enterprise\u00a0\u00e9 um sistema poderoso e altamente seguro de distribui\u00e7\u00e3o eletr\u00f4nica de documentos, com apresenta\u00e7\u00e3o web, que permite \u00e0s organiza\u00e7\u00f5es uma solu\u00e7\u00e3o eficaz para indexa\u00e7\u00e3o, armazenamento, pesquisa e recupera\u00e7\u00e3o de grandes cole\u00e7\u00f5es de documentos transacionais e que podem ser processados em velocidade de produ\u00e7\u00e3o. Projetado para complementar ou substituir processos\u2026","rel":"","context":"Post similar","block_context":{"text":"Post similar","link":""},"img":{"alt_text":"","src":"https:\/\/i0.wp.com\/www.gbnet.com.br\/v2\/images\/logo_solsearcher.png?resize=350%2C200","width":350,"height":200},"classes":[]},{"id":2309,"url":"http:\/\/gbnet.com.br\/v3\/readypdf-software-para-otimizacao-de-documentos-pdf\/","url_meta":{"origin":1510,"position":4},"title":"ReadyPDF \u2013 Software para otimiza\u00e7\u00e3o de documentos PDF","author":"","date":false,"format":false,"excerpt":"ReadyPDF \u00e9 a mais recente inova\u00e7\u00e3o da Solimar, empresa americana l\u00edder em tratamento de dados, a qual a GB \u00e9 distribuidor no Brasil. Com o ReadyPDF voc\u00ea otimiza arquivos PDF para que sejam processados com mais efici\u00eancia, seja para envio por meio eletr\u00f4nico, arquivamento ou impress\u00e3o em produ\u00e7\u00e3o. O ReadyPDF\u2026","rel":"","context":"Post similar","block_context":{"text":"Post similar","link":""},"img":{"alt_text":"","src":"https:\/\/i0.wp.com\/gbnet.com.br\/v3\/wp-content\/uploads\/2021\/02\/ReadyPDF.png?resize=350%2C200","width":350,"height":200,"srcset":"https:\/\/i0.wp.com\/gbnet.com.br\/v3\/wp-content\/uploads\/2021\/02\/ReadyPDF.png?resize=350%2C200 1x, https:\/\/i0.wp.com\/gbnet.com.br\/v3\/wp-content\/uploads\/2021\/02\/ReadyPDF.png?resize=525%2C300 1.5x"},"classes":[]},{"id":2168,"url":"http:\/\/gbnet.com.br\/v3\/planetpress\/","url_meta":{"origin":1510,"position":5},"title":"Servi\u00e7os PlanetPress e OL Connect","author":"","date":false,"format":false,"excerpt":"Treinamento, capacita\u00e7\u00e3o e consultoria de PlanetPress\u00ae Connect A 25 anos no mercado de software de dados vari\u00e1veis, a GB Network \u00e9 revenda autorizada do PlanetPress\u00ae Connect no Brasil. Possu\u00edmos profissionais capacitados e com grande experi\u00eancia no produto, o que nos permitiu implementar centenas de projetos, assim como ministrar diversos treinamentos\u2026","rel":"","context":"Post similar","block_context":{"text":"Post similar","link":""},"img":{"alt_text":"","src":"https:\/\/i0.wp.com\/gbnet.com.br\/v3\/wp-content\/uploads\/2020\/07\/Logos-Planet-Plress-1.png?resize=350%2C200","width":350,"height":200,"srcset":"https:\/\/i0.wp.com\/gbnet.com.br\/v3\/wp-content\/uploads\/2020\/07\/Logos-Planet-Plress-1.png?resize=350%2C200 1x, https:\/\/i0.wp.com\/gbnet.com.br\/v3\/wp-content\/uploads\/2020\/07\/Logos-Planet-Plress-1.png?resize=525%2C300 1.5x"},"classes":[]}],"_links":{"self":[{"href":"http:\/\/gbnet.com.br\/v3\/wp-json\/wp\/v2\/pages\/1510","targetHints":{"allow":["GET"]}}],"collection":[{"href":"http:\/\/gbnet.com.br\/v3\/wp-json\/wp\/v2\/pages"}],"about":[{"href":"http:\/\/gbnet.com.br\/v3\/wp-json\/wp\/v2\/types\/page"}],"author":[{"embeddable":true,"href":"http:\/\/gbnet.com.br\/v3\/wp-json\/wp\/v2\/users\/1"}],"replies":[{"embeddable":true,"href":"http:\/\/gbnet.com.br\/v3\/wp-json\/wp\/v2\/comments?post=1510"}],"version-history":[{"count":2,"href":"http:\/\/gbnet.com.br\/v3\/wp-json\/wp\/v2\/pages\/1510\/revisions"}],"predecessor-version":[{"id":1805,"href":"http:\/\/gbnet.com.br\/v3\/wp-json\/wp\/v2\/pages\/1510\/revisions\/1805"}],"wp:attachment":[{"href":"http:\/\/gbnet.com.br\/v3\/wp-json\/wp\/v2\/media?parent=1510"}],"curies":[{"name":"wp","href":"https:\/\/api.w.org\/{rel}","templated":true}]}}