{"id":1547,"date":"2018-07-16T11:48:05","date_gmt":"2018-07-16T14:48:05","guid":{"rendered":"http:\/\/gbnet.com.br\/v3\/?page_id=1547"},"modified":"2019-01-22T14:35:18","modified_gmt":"2019-01-22T17:35:18","slug":"codigo-de-barras-codabar","status":"publish","type":"page","link":"http:\/\/gbnet.com.br\/v3\/codigo-de-barras-codabar\/","title":{"rendered":"C\u00f3digo de Barras Codabar"},"content":{"rendered":"<p class=\"TituloGrande\" align=\"center\">CODABAR<\/p>\n<p align=\"center\"><img data-recalc-dims=\"1\" loading=\"lazy\" decoding=\"async\" src=\"https:\/\/i0.wp.com\/gbnet.com.br\/v2\/images\/barcode_codabar.png?resize=350%2C116\" alt=\"codigo de barras boleto, codigo de barras febraban, barcode febraban, c\u00f3digos de barras, c\u00f3digo de barras, Interleaved 2 of 5, Febraban, Intercalado 2 de 5, c\u00f3digo de barras de boleto banc\u00e1rio, barcode boleto banc\u00e1rio, I 2 de 5, I 2 of 5, I2 de 5, I2 of 5, c\u00f3digo de barras febraban, c\u00f3digo do boleto\" width=\"350\" height=\"116\" \/><\/p>\n<p class=\"TextoNormal\">O c\u00f3digo de barras Codabar foi desenvolvido em 1972 pela Pitney Bowes, Inc.<br \/>\n\u00c9 uma simbologia que permite codificar 16 caracteres diferentes, mais uns quatro caracteres adicionais.<br \/>\nTamb\u00e9m conhecido pelos termos ABC Codabar, CodaBar, USD-4, NW-7, Code 2 of 7, Monarch, Code-27, Ames code, Rationalized Codabar, 2 of 7 Code, ANSI\/AIM Codabar, Uniform Symbology Specification Codabar, USS Codabar (terminologias originais em ingl\u00eas), esta simbologia \u00e9 usada por bancos de sangue dos Estados Unidos, laborat\u00f3rios de fotografias, e em airbills da Fedex.<\/p>\n<p class=\"TextoNormal\"><span class=\"Subtitulo\">Solu\u00e7\u00f5es GB para gera\u00e7\u00e3o e impress\u00e3o do C\u00f3digo de Barras Modelo CODABAR<\/span>:<\/p>\n<p class=\"TextoNormal\">1. Fontes de c\u00f3digo de barras nos formatos:<\/p>\n<ul>\n<li style=\"list-style-type: none\">\n<ul>\n<li class=\"ItemLista\">Windows Truetype (TTF) com ou sem convers\u00e3o via DLL;<\/li>\n<\/ul>\n<\/li>\n<\/ul>\n<ul>\n<li style=\"list-style-type: none\">\n<ul>\n<li class=\"ItemLista\">PCL Laser Jet fonts, compat\u00edveis com impressoras laser PCL5;<\/li>\n<\/ul>\n<\/li>\n<\/ul>\n<ul>\n<li style=\"list-style-type: none\">\n<ul>\n<li class=\"ItemLista\">Postscript (PS) Adobe;<\/li>\n<\/ul>\n<\/li>\n<\/ul>\n<ul>\n<li class=\"ItemLista\">Fontes em outros formatos: AFP, Open Type<\/li>\n<\/ul>\n<p><span class=\"TextoNormal\">2. <a href=\"http:\/\/gbnet.com.br\/v3\/modulos-para-impressao-de-codigo-de-barras\/\">BarDIMM: M\u00f3dulos inteligentes de c\u00f3digos de Barras para SAP e outros ERPs;<\/a><\/span><\/p>\n<p class=\"TextoNormal\" align=\"center\">Veja os nossos casos de sucesso!<\/p>\n<p class=\"TextoNormal\" align=\"center\"><a href=\"https:\/\/i0.wp.com\/gbnet.com.br\/v2\/images\/gb_representa_barcode.png\" rel=\"lightbox\"><img data-recalc-dims=\"1\" loading=\"lazy\" decoding=\"async\" src=\"https:\/\/i0.wp.com\/gbnet.com.br\/v2\/images\/gb_representa_barcode.png?resize=308%2C219\" alt=\"Casos de Sucesso\" width=\"308\" height=\"219\" border=\"0\" \/><\/a><\/p>\n","protected":false},"excerpt":{"rendered":"<p>CODABAR O c\u00f3digo de barras Codabar foi desenvolvido em 1972 pela Pitney Bowes, Inc. \u00c9 uma simbologia que permite codificar 16 caracteres diferentes, mais uns quatro caracteres adicionais. Tamb\u00e9m conhecido pelos termos ABC Codabar, CodaBar, USD-4, NW-7, Code 2 of 7, Monarch, Code-27, Ames code, Rationalized Codabar, 2 of 7 Code, ANSI\/AIM Codabar, Uniform Symbology &hellip;<\/p>\n","protected":false},"author":1,"featured_media":0,"parent":0,"menu_order":0,"comment_status":"closed","ping_status":"closed","template":"","meta":{"_acf_changed":false,"jetpack_post_was_ever_published":false,"_joinchat":[],"footnotes":""},"class_list":["post-1547","page","type-page","status-publish","hentry"],"acf":[],"yoast_head":"<!-- This site is optimized with the Yoast SEO plugin v27.4 - https:\/\/yoast.com\/product\/yoast-seo-wordpress\/ -->\n<title>C\u00f3digo de Barras Codabar -<\/title>\n<meta name=\"robots\" content=\"index, follow, max-snippet:-1, max-image-preview:large, max-video-preview:-1\" \/>\n<link rel=\"canonical\" href=\"http:\/\/gbnet.com.br\/v3\/codigo-de-barras-codabar\/\" \/>\n<meta property=\"og:locale\" content=\"pt_BR\" \/>\n<meta property=\"og:type\" content=\"article\" \/>\n<meta property=\"og:title\" content=\"C\u00f3digo de Barras Codabar -\" \/>\n<meta property=\"og:description\" content=\"CODABAR O c\u00f3digo de barras Codabar foi desenvolvido em 1972 pela Pitney Bowes, Inc. \u00c9 uma simbologia que permite codificar 16 caracteres diferentes, mais uns quatro caracteres adicionais. Tamb\u00e9m conhecido pelos termos ABC Codabar, CodaBar, USD-4, NW-7, Code 2 of 7, Monarch, Code-27, Ames code, Rationalized Codabar, 2 of 7 Code, ANSI\/AIM Codabar, Uniform Symbology &hellip;\" \/>\n<meta property=\"og:url\" content=\"http:\/\/gbnet.com.br\/v3\/codigo-de-barras-codabar\/\" \/>\n<meta property=\"article:modified_time\" content=\"2019-01-22T17:35:18+00:00\" \/>\n<meta property=\"og:image\" content=\"http:\/\/gbnet.com.br\/v2\/images\/barcode_codabar.png\" \/>\n<meta name=\"twitter:card\" content=\"summary_large_image\" \/>\n<meta name=\"twitter:label1\" content=\"Est. tempo de leitura\" \/>\n\t<meta name=\"twitter:data1\" content=\"1 minuto\" \/>\n<script type=\"application\/ld+json\" class=\"yoast-schema-graph\">{\"@context\":\"https:\\\/\\\/schema.org\",\"@graph\":[{\"@type\":\"WebPage\",\"@id\":\"http:\\\/\\\/gbnet.com.br\\\/v3\\\/codigo-de-barras-codabar\\\/\",\"url\":\"http:\\\/\\\/gbnet.com.br\\\/v3\\\/codigo-de-barras-codabar\\\/\",\"name\":\"C\u00f3digo de Barras Codabar -\",\"isPartOf\":{\"@id\":\"http:\\\/\\\/gbnet.com.br\\\/v3\\\/#website\"},\"primaryImageOfPage\":{\"@id\":\"http:\\\/\\\/gbnet.com.br\\\/v3\\\/codigo-de-barras-codabar\\\/#primaryimage\"},\"image\":{\"@id\":\"http:\\\/\\\/gbnet.com.br\\\/v3\\\/codigo-de-barras-codabar\\\/#primaryimage\"},\"thumbnailUrl\":\"http:\\\/\\\/gbnet.com.br\\\/v2\\\/images\\\/barcode_codabar.png\",\"datePublished\":\"2018-07-16T14:48:05+00:00\",\"dateModified\":\"2019-01-22T17:35:18+00:00\",\"breadcrumb\":{\"@id\":\"http:\\\/\\\/gbnet.com.br\\\/v3\\\/codigo-de-barras-codabar\\\/#breadcrumb\"},\"inLanguage\":\"pt-BR\",\"potentialAction\":[{\"@type\":\"ReadAction\",\"target\":[\"http:\\\/\\\/gbnet.com.br\\\/v3\\\/codigo-de-barras-codabar\\\/\"]}]},{\"@type\":\"ImageObject\",\"inLanguage\":\"pt-BR\",\"@id\":\"http:\\\/\\\/gbnet.com.br\\\/v3\\\/codigo-de-barras-codabar\\\/#primaryimage\",\"url\":\"http:\\\/\\\/gbnet.com.br\\\/v2\\\/images\\\/barcode_codabar.png\",\"contentUrl\":\"http:\\\/\\\/gbnet.com.br\\\/v2\\\/images\\\/barcode_codabar.png\"},{\"@type\":\"BreadcrumbList\",\"@id\":\"http:\\\/\\\/gbnet.com.br\\\/v3\\\/codigo-de-barras-codabar\\\/#breadcrumb\",\"itemListElement\":[{\"@type\":\"ListItem\",\"position\":1,\"name\":\"In\u00edcio\",\"item\":\"http:\\\/\\\/gbnet.com.br\\\/v3\\\/\"},{\"@type\":\"ListItem\",\"position\":2,\"name\":\"C\u00f3digo de Barras Codabar\"}]},{\"@type\":\"WebSite\",\"@id\":\"http:\\\/\\\/gbnet.com.br\\\/v3\\\/#website\",\"url\":\"http:\\\/\\\/gbnet.com.br\\\/v3\\\/\",\"name\":\"\",\"description\":\"Transformamos dados em informa\u00e7\u00f5es - GB Network &amp; Print\",\"publisher\":{\"@id\":\"http:\\\/\\\/gbnet.com.br\\\/v3\\\/#organization\"},\"potentialAction\":[{\"@type\":\"SearchAction\",\"target\":{\"@type\":\"EntryPoint\",\"urlTemplate\":\"http:\\\/\\\/gbnet.com.br\\\/v3\\\/?s={search_term_string}\"},\"query-input\":{\"@type\":\"PropertyValueSpecification\",\"valueRequired\":true,\"valueName\":\"search_term_string\"}}],\"inLanguage\":\"pt-BR\"},{\"@type\":\"Organization\",\"@id\":\"http:\\\/\\\/gbnet.com.br\\\/v3\\\/#organization\",\"name\":\"GB Network & Print\",\"url\":\"http:\\\/\\\/gbnet.com.br\\\/v3\\\/\",\"logo\":{\"@type\":\"ImageObject\",\"inLanguage\":\"pt-BR\",\"@id\":\"http:\\\/\\\/gbnet.com.br\\\/v3\\\/#\\\/schema\\\/logo\\\/image\\\/\",\"url\":\"https:\\\/\\\/i0.wp.com\\\/gbnet.com.br\\\/v3\\\/wp-content\\\/uploads\\\/2018\\\/03\\\/logoGB-OK-e1521838575299.png?fit=120%2C122\",\"contentUrl\":\"https:\\\/\\\/i0.wp.com\\\/gbnet.com.br\\\/v3\\\/wp-content\\\/uploads\\\/2018\\\/03\\\/logoGB-OK-e1521838575299.png?fit=120%2C122\",\"width\":120,\"height\":122,\"caption\":\"GB Network & Print\"},\"image\":{\"@id\":\"http:\\\/\\\/gbnet.com.br\\\/v3\\\/#\\\/schema\\\/logo\\\/image\\\/\"}}]}<\/script>\n<!-- \/ Yoast SEO plugin. -->","yoast_head_json":{"title":"C\u00f3digo de Barras Codabar -","robots":{"index":"index","follow":"follow","max-snippet":"max-snippet:-1","max-image-preview":"max-image-preview:large","max-video-preview":"max-video-preview:-1"},"canonical":"http:\/\/gbnet.com.br\/v3\/codigo-de-barras-codabar\/","og_locale":"pt_BR","og_type":"article","og_title":"C\u00f3digo de Barras Codabar -","og_description":"CODABAR O c\u00f3digo de barras Codabar foi desenvolvido em 1972 pela Pitney Bowes, Inc. \u00c9 uma simbologia que permite codificar 16 caracteres diferentes, mais uns quatro caracteres adicionais. Tamb\u00e9m conhecido pelos termos ABC Codabar, CodaBar, USD-4, NW-7, Code 2 of 7, Monarch, Code-27, Ames code, Rationalized Codabar, 2 of 7 Code, ANSI\/AIM Codabar, Uniform Symbology &hellip;","og_url":"http:\/\/gbnet.com.br\/v3\/codigo-de-barras-codabar\/","article_modified_time":"2019-01-22T17:35:18+00:00","og_image":[{"url":"http:\/\/gbnet.com.br\/v2\/images\/barcode_codabar.png","type":"","width":"","height":""}],"twitter_card":"summary_large_image","twitter_misc":{"Est. tempo de leitura":"1 minuto"},"schema":{"@context":"https:\/\/schema.org","@graph":[{"@type":"WebPage","@id":"http:\/\/gbnet.com.br\/v3\/codigo-de-barras-codabar\/","url":"http:\/\/gbnet.com.br\/v3\/codigo-de-barras-codabar\/","name":"C\u00f3digo de Barras Codabar -","isPartOf":{"@id":"http:\/\/gbnet.com.br\/v3\/#website"},"primaryImageOfPage":{"@id":"http:\/\/gbnet.com.br\/v3\/codigo-de-barras-codabar\/#primaryimage"},"image":{"@id":"http:\/\/gbnet.com.br\/v3\/codigo-de-barras-codabar\/#primaryimage"},"thumbnailUrl":"http:\/\/gbnet.com.br\/v2\/images\/barcode_codabar.png","datePublished":"2018-07-16T14:48:05+00:00","dateModified":"2019-01-22T17:35:18+00:00","breadcrumb":{"@id":"http:\/\/gbnet.com.br\/v3\/codigo-de-barras-codabar\/#breadcrumb"},"inLanguage":"pt-BR","potentialAction":[{"@type":"ReadAction","target":["http:\/\/gbnet.com.br\/v3\/codigo-de-barras-codabar\/"]}]},{"@type":"ImageObject","inLanguage":"pt-BR","@id":"http:\/\/gbnet.com.br\/v3\/codigo-de-barras-codabar\/#primaryimage","url":"http:\/\/gbnet.com.br\/v2\/images\/barcode_codabar.png","contentUrl":"http:\/\/gbnet.com.br\/v2\/images\/barcode_codabar.png"},{"@type":"BreadcrumbList","@id":"http:\/\/gbnet.com.br\/v3\/codigo-de-barras-codabar\/#breadcrumb","itemListElement":[{"@type":"ListItem","position":1,"name":"In\u00edcio","item":"http:\/\/gbnet.com.br\/v3\/"},{"@type":"ListItem","position":2,"name":"C\u00f3digo de Barras Codabar"}]},{"@type":"WebSite","@id":"http:\/\/gbnet.com.br\/v3\/#website","url":"http:\/\/gbnet.com.br\/v3\/","name":"","description":"Transformamos dados em informa\u00e7\u00f5es - GB Network &amp; Print","publisher":{"@id":"http:\/\/gbnet.com.br\/v3\/#organization"},"potentialAction":[{"@type":"SearchAction","target":{"@type":"EntryPoint","urlTemplate":"http:\/\/gbnet.com.br\/v3\/?s={search_term_string}"},"query-input":{"@type":"PropertyValueSpecification","valueRequired":true,"valueName":"search_term_string"}}],"inLanguage":"pt-BR"},{"@type":"Organization","@id":"http:\/\/gbnet.com.br\/v3\/#organization","name":"GB Network & Print","url":"http:\/\/gbnet.com.br\/v3\/","logo":{"@type":"ImageObject","inLanguage":"pt-BR","@id":"http:\/\/gbnet.com.br\/v3\/#\/schema\/logo\/image\/","url":"https:\/\/i0.wp.com\/gbnet.com.br\/v3\/wp-content\/uploads\/2018\/03\/logoGB-OK-e1521838575299.png?fit=120%2C122","contentUrl":"https:\/\/i0.wp.com\/gbnet.com.br\/v3\/wp-content\/uploads\/2018\/03\/logoGB-OK-e1521838575299.png?fit=120%2C122","width":120,"height":122,"caption":"GB Network & Print"},"image":{"@id":"http:\/\/gbnet.com.br\/v3\/#\/schema\/logo\/image\/"}}]}},"jetpack_sharing_enabled":true,"jetpack_shortlink":"https:\/\/wp.me\/Pagaz2-oX","jetpack-related-posts":[{"id":1568,"url":"http:\/\/gbnet.com.br\/v3\/codigo-de-barras-datamatrix\/","url_meta":{"origin":1547,"position":0},"title":"C\u00f3digo de Barras DataMatrix","author":"","date":false,"format":false,"excerpt":"DATAMATRIX DataMatrix \u00e9 uma simbologia de c\u00f3digo de barras 2D (bidimensional) e que pode armazenar at\u00e9 cerca de 2.000 caracteres. Tamb\u00e9m conhecido por Data Matrix, ECC200 (terminologias em ingl\u00eas). A vers\u00e3o DataMatrix ECC200 suporta a verifica\u00e7\u00e3o de erros de codifica\u00e7\u00e3o avan\u00e7ada e algoritmos de corre\u00e7\u00e3o (reed-solomon). Esses algoritmos permitem o\u2026","rel":"","context":"Post similar","block_context":{"text":"Post similar","link":""},"img":{"alt_text":"codigo de barras boleto, codigo de barras febraban, barcode febraban, c\u00f3digos de barras, c\u00f3digo de barras, Interleaved 2 of 5, Febraban, Intercalado 2 de 5, c\u00f3digo de barras de boleto banc\u00e1rio, barcode boleto banc\u00e1rio, I 2 de 5, I 2 of 5, I2 de 5, I2 of 5, c\u00f3digo de barras febraban, c\u00f3digo do boleto","src":"https:\/\/i0.wp.com\/www.gbnet.com.br\/v2\/images\/codigo_de_barras_fontes_DATAMATRIX-gb.png?resize=350%2C200","width":350,"height":200},"classes":[]},{"id":1560,"url":"http:\/\/gbnet.com.br\/v3\/codigo-de-barras-intercalado-2-de-5\/","url_meta":{"origin":1547,"position":1},"title":"C\u00f3digo de Barras Intercalado 2 de 5 FEBRABAN","author":"","date":false,"format":false,"excerpt":"O INTERCALADO 2 DE 5 \u00e9 o c\u00f3digo de barras padr\u00e3o da FEBRABAN no Brasil para utiliza\u00e7\u00e3o em boletos banc\u00e1rios e documentos de cobran\u00e7a. Este \u00e9 um c\u00f3digo de barras num\u00e9rico usado para codifica\u00e7\u00e3o de pares de n\u00fameros em um formato de c\u00f3digo de barras de alta densidade. Cada par\u2026","rel":"","context":"Post similar","block_context":{"text":"Post similar","link":""},"img":{"alt_text":"","src":"https:\/\/i0.wp.com\/gbnet.com.br\/v3\/wp-content\/uploads\/2022\/10\/Geracao-codigo-de-barras-caso-sucesso-fontes-bardimm-vdp-pcl-julho-22.jpg?resize=350%2C200","width":350,"height":200,"srcset":"https:\/\/i0.wp.com\/gbnet.com.br\/v3\/wp-content\/uploads\/2022\/10\/Geracao-codigo-de-barras-caso-sucesso-fontes-bardimm-vdp-pcl-julho-22.jpg?resize=350%2C200 1x, https:\/\/i0.wp.com\/gbnet.com.br\/v3\/wp-content\/uploads\/2022\/10\/Geracao-codigo-de-barras-caso-sucesso-fontes-bardimm-vdp-pcl-julho-22.jpg?resize=525%2C300 1.5x, https:\/\/i0.wp.com\/gbnet.com.br\/v3\/wp-content\/uploads\/2022\/10\/Geracao-codigo-de-barras-caso-sucesso-fontes-bardimm-vdp-pcl-julho-22.jpg?resize=700%2C400 2x, https:\/\/i0.wp.com\/gbnet.com.br\/v3\/wp-content\/uploads\/2022\/10\/Geracao-codigo-de-barras-caso-sucesso-fontes-bardimm-vdp-pcl-julho-22.jpg?resize=1050%2C600 3x"},"classes":[]},{"id":1566,"url":"http:\/\/gbnet.com.br\/v3\/codigo-de-barras-aztec\/","url_meta":{"origin":1547,"position":2},"title":"C\u00f3digo de Barras AZTEC","author":"","date":false,"format":false,"excerpt":"AZTEC O c\u00f3digo de barras bidimensional (2D) Aztec\u00a0\u00e9 um tipo de\u00a0c\u00f3digo de barras\u00a0em\u00a0matriz bidimensional\u00a0de\u00a0dom\u00ednio p\u00fablico. O s\u00edmbolo \u00e9 constru\u00eddo numa grelha quadrada com um padr\u00e3o \"olho de boi\" ao centro para coloca\u00e7\u00e3o do c\u00f3digo. Os\u00a0dados\u00a0s\u00e3o codificados numa s\u00e9rie de c\u00edrculos ao redor do padr\u00e3o olho de boi. Cada c\u00edrculo adicional\u2026","rel":"","context":"Post similar","block_context":{"text":"Post similar","link":""},"img":{"alt_text":"codigo de barras boleto, codigo de barras febraban, barcode febraban, c\u00f3digos de barras, c\u00f3digo de barras, Interleaved 2 of 5, Febraban, Intercalado 2 de 5, c\u00f3digo de barras de boleto banc\u00e1rio, barcode boleto banc\u00e1rio, I 2 de 5, I 2 of 5, I2 de 5, I2 of 5, c\u00f3digo de barras febraban, c\u00f3digo do boleto","src":"https:\/\/i0.wp.com\/www.gbnet.com.br\/v2\/images\/barcode_aztec.png?resize=350%2C200","width":350,"height":200},"classes":[]},{"id":1572,"url":"http:\/\/gbnet.com.br\/v3\/codigo-de-barras-pdf-417\/","url_meta":{"origin":1547,"position":3},"title":"C\u00f3digo de Barras PDF 417","author":"","date":false,"format":false,"excerpt":"PDF-417 A nova fonte de c\u00f3digo de barras PDF 417 apresenta uma grande vantagem por sua capacidade de impress\u00e3o bidimensional e a possibilidade de trabalhar com at\u00e9 1000 caracteres em uma \u00e1rea de impress\u00e3o pequena, aproximadamente 24mm x 61mm. Dispon\u00edvel para MS Windows, UNIX e outros sistemas operacionais; nos padr\u00f5es\u2026","rel":"","context":"Post similar","block_context":{"text":"Post similar","link":""},"img":{"alt_text":"codigo de barras pdf417, c\u00f3digos de barras pdf 417, c\u00f3digo de barras 2d, EAN, pdf 417, barcode bidimensional, c\u00f3digo de barras 2, PDF 417, fonts, fonte PCL, fonte truetype","src":"https:\/\/i0.wp.com\/www.gbnet.com.br\/v2\/images\/barcode_pdf417.png?resize=350%2C200","width":350,"height":200},"classes":[]},{"id":1551,"url":"http:\/\/gbnet.com.br\/v3\/codigo-de-barras-code-39-codigo-3-de-9\/","url_meta":{"origin":1547,"position":4},"title":"C\u00f3digo de Barras Code 39 \/ C\u00f3digo 3 de 9","author":"","date":false,"format":false,"excerpt":"CODE 39 Tamb\u00e9m chamado de CODE 3 0F 9 ou LOGMARS. O c\u00f3digo de barras CODE 39 \u00e9 utilizado geralmente em etiquetas na \u00e1rea de invent\u00e1rios e aplica\u00e7\u00f5es industriais. Alfanum\u00e9rico e de f\u00e1cil utiliza\u00e7\u00e3o, foi projetado sem a necessidade do c\u00e1lculo do d\u00edgito verificador. A Fonte da GB, tanto TTF\u2026","rel":"","context":"Post similar","block_context":{"text":"Post similar","link":""},"img":{"alt_text":"codigo de barras code39, c\u00f3digos de barras code 39, c\u00f3digo de barras, EAN,CODE 3 0F 9, LOGMARS, code 39, c\u00f3digo de barras code 39, fonts, fonte PCL, fonte truetype, xerox","src":"https:\/\/i0.wp.com\/www.gbnet.com.br\/v2\/fonte_code_39_codigo_barras_true_type_gbnet_380.fw.png?resize=350%2C200","width":350,"height":200},"classes":[]},{"id":1549,"url":"http:\/\/gbnet.com.br\/v3\/codigo-de-barras-code-128-gs1-128\/","url_meta":{"origin":1547,"position":5},"title":"C\u00f3digo de Barras Code 128 \/ GS1-128","author":"","date":false,"format":false,"excerpt":"Fonte de c\u00f3digo de barras GS1 128 \u00e9 tamb\u00e9m conhecido como EAN 128, UPC 128 ou CODE 128. Formatos Windows Truetype (TTF), PCL Laser Jet fonts, compat\u00edveis com impressoras laser PCL5, Postscript","rel":"","context":"Post similar","block_context":{"text":"Post similar","link":""},"img":{"alt_text":"comprar fonte ean 128 gs1","src":"https:\/\/i0.wp.com\/gbnet.com.br\/v2\/comprar-2.png?resize=350%2C200","width":350,"height":200},"classes":[]}],"_links":{"self":[{"href":"http:\/\/gbnet.com.br\/v3\/wp-json\/wp\/v2\/pages\/1547","targetHints":{"allow":["GET"]}}],"collection":[{"href":"http:\/\/gbnet.com.br\/v3\/wp-json\/wp\/v2\/pages"}],"about":[{"href":"http:\/\/gbnet.com.br\/v3\/wp-json\/wp\/v2\/types\/page"}],"author":[{"embeddable":true,"href":"http:\/\/gbnet.com.br\/v3\/wp-json\/wp\/v2\/users\/1"}],"replies":[{"embeddable":true,"href":"http:\/\/gbnet.com.br\/v3\/wp-json\/wp\/v2\/comments?post=1547"}],"version-history":[{"count":3,"href":"http:\/\/gbnet.com.br\/v3\/wp-json\/wp\/v2\/pages\/1547\/revisions"}],"predecessor-version":[{"id":1905,"href":"http:\/\/gbnet.com.br\/v3\/wp-json\/wp\/v2\/pages\/1547\/revisions\/1905"}],"wp:attachment":[{"href":"http:\/\/gbnet.com.br\/v3\/wp-json\/wp\/v2\/media?parent=1547"}],"curies":[{"name":"wp","href":"https:\/\/api.w.org\/{rel}","templated":true}]}}