{"id":1551,"date":"2018-07-16T11:58:17","date_gmt":"2018-07-16T14:58:17","guid":{"rendered":"http:\/\/gbnet.com.br\/v3\/?page_id=1551"},"modified":"2022-08-21T13:26:49","modified_gmt":"2022-08-21T16:26:49","slug":"codigo-de-barras-code-39-codigo-3-de-9","status":"publish","type":"page","link":"http:\/\/gbnet.com.br\/v3\/codigo-de-barras-code-39-codigo-3-de-9\/","title":{"rendered":"C\u00f3digo de Barras Code 39 \/ C\u00f3digo 3 de 9"},"content":{"rendered":"<p class=\"TituloGrande\" align=\"center\">CODE 39<\/p>\n<p align=\"center\"><img data-recalc-dims=\"1\" loading=\"lazy\" decoding=\"async\" src=\"https:\/\/i0.wp.com\/www.gbnet.com.br\/v2\/fonte_code_39_codigo_barras_true_type_gbnet_380.fw.png?resize=336%2C336\" alt=\"codigo de barras code39, c\u00f3digos de barras code 39, c\u00f3digo de barras, EAN,CODE 3 0F 9, LOGMARS, code 39, c\u00f3digo de barras code 39, fonts, fonte PCL, fonte truetype, xerox\" width=\"336\" height=\"336\" \/><\/p>\n<p align=\"center\"><a href=\"http:\/\/gbnet.com.br\/v3\/comprar-fonte-de-codigo-de-barras\/\" target=\"_blank\" rel=\"noopener\"><img data-recalc-dims=\"1\" loading=\"lazy\" decoding=\"async\" class=\"alignnone\" src=\"https:\/\/i0.wp.com\/gbnet.com.br\/v2\/comprar-2.png?resize=174%2C54\" alt=\"comprar fonte ean 128 gs1\" width=\"174\" height=\"54\" \/><\/a><\/p>\n<p class=\"TextoNormal\">Tamb\u00e9m chamado de CODE 3 0F 9 ou LOGMARS. O c\u00f3digo de barras CODE 39 \u00e9 utilizado geralmente em etiquetas na \u00e1rea de invent\u00e1rios e aplica\u00e7\u00f5es industriais. Alfanum\u00e9rico e de f\u00e1cil utiliza\u00e7\u00e3o, foi projetado sem a necessidade do c\u00e1lculo do d\u00edgito verificador. A Fonte da GB, tanto TTF como PCL, n\u00e3o necessita de convers\u00e3o da s\u00e9rie num\u00e9rica. Isso n\u00e3o s\u00f3 facilita a aplica\u00e7\u00e3o como agiliza o uso da fonte.<\/p>\n<p class=\"TextoNormal\">Exemplos:<\/p>\n<ul class=\"TextoNormal\">\n<li>Controle Interno de empresas<\/li>\n<\/ul>\n<p class=\"TextoNormal\"><span class=\"Subtitulo\">Solu\u00e7\u00f5es GB para gera\u00e7\u00e3o e impress\u00e3o do C\u00f3digo de Barras Modelo CODE39<\/span><\/p>\n<p class=\"TextoNormal\">1. Fontes de c\u00f3digo de barras nos formatos:<\/p>\n<ul>\n<li style=\"list-style-type: none;\">\n<ul>\n<li class=\"ItemLista\">Windows Truetype (TTF) com ou sem convers\u00e3o via DLL;<\/li>\n<\/ul>\n<\/li>\n<\/ul>\n<ul>\n<li style=\"list-style-type: none;\">\n<ul>\n<li class=\"ItemLista\">PCL Laser Jet fonts, compat\u00edveis com impressoras laser PCL5;<\/li>\n<\/ul>\n<\/li>\n<\/ul>\n<ul>\n<li style=\"list-style-type: none;\">\n<ul>\n<li class=\"ItemLista\">Postscript (PS) Adobe;<\/li>\n<\/ul>\n<\/li>\n<\/ul>\n<ul>\n<li style=\"list-style-type: none;\">\n<ul>\n<li class=\"ItemLista\">Fontes em outros formatos: AFP, Open Type<\/li>\n<\/ul>\n<\/li>\n<\/ul>\n<p><strong>Solicite uma DEMO<\/strong><\/p>\n<ul>\n<li style=\"list-style-type: none;\"><\/li>\n<\/ul>\n<p><span class=\"TextoNormal\">2.\u00a0<a href=\"http:\/\/gbnet.com.br\/v3\/modulos-para-impressao-de-codigo-de-barras\/\">BarDIMM: M\u00f3dulos inteligentes de c\u00f3digos de Barras para SAP e outros ERPs;<\/a><\/span><\/p>\n<div align=\"center\">\n<p><a href=\"http:\/\/gbnet.com.br\/v3\/comprar-fonte-de-codigo-de-barras\/\" target=\"_blank\" rel=\"noopener\"><img data-recalc-dims=\"1\" loading=\"lazy\" decoding=\"async\" class=\"alignnone\" src=\"https:\/\/i0.wp.com\/gbnet.com.br\/v2\/comprar-2.png?resize=174%2C54\" alt=\"comprar fonte ean 128 gs1\" width=\"174\" height=\"54\" \/><\/a><\/p>\n<div>\n<p class=\"TextoNormal\" align=\"center\">Veja os nossos casos de sucesso!<\/p>\n<p class=\"TextoNormal\" align=\"center\"><a href=\"https:\/\/i0.wp.com\/www.gbnet.com.br\/v2\/images\/gb_representa_barcode.png\" rel=\"lightbox\"><img data-recalc-dims=\"1\" loading=\"lazy\" decoding=\"async\" src=\"https:\/\/i0.wp.com\/www.gbnet.com.br\/v2\/images\/gb_representa_barcode.png?resize=308%2C219\" alt=\"Casos de Sucesso\" width=\"308\" height=\"219\" border=\"0\" \/><\/a><\/p>\n<\/div>\n<\/div>\n","protected":false},"excerpt":{"rendered":"<p>CODE 39 Tamb\u00e9m chamado de CODE 3 0F 9 ou LOGMARS. O c\u00f3digo de barras CODE 39 \u00e9 utilizado geralmente em etiquetas na \u00e1rea de invent\u00e1rios e aplica\u00e7\u00f5es industriais. Alfanum\u00e9rico e de f\u00e1cil utiliza\u00e7\u00e3o, foi projetado sem a necessidade do c\u00e1lculo do d\u00edgito verificador. A Fonte da GB, tanto TTF como PCL, n\u00e3o necessita de &hellip;<\/p>\n","protected":false},"author":1,"featured_media":0,"parent":0,"menu_order":0,"comment_status":"closed","ping_status":"closed","template":"","meta":{"_acf_changed":false,"jetpack_post_was_ever_published":false,"_joinchat":[],"footnotes":""},"class_list":["post-1551","page","type-page","status-publish","hentry"],"acf":[],"yoast_head":"<!-- This site is optimized with the Yoast SEO plugin v27.4 - https:\/\/yoast.com\/product\/yoast-seo-wordpress\/ -->\n<title>C\u00f3digo de Barras Code 39 \/ C\u00f3digo 3 de 9 -<\/title>\n<meta name=\"robots\" content=\"index, follow, max-snippet:-1, max-image-preview:large, max-video-preview:-1\" \/>\n<link rel=\"canonical\" href=\"http:\/\/gbnet.com.br\/v3\/codigo-de-barras-code-39-codigo-3-de-9\/\" \/>\n<meta property=\"og:locale\" content=\"pt_BR\" \/>\n<meta property=\"og:type\" content=\"article\" \/>\n<meta property=\"og:title\" content=\"C\u00f3digo de Barras Code 39 \/ C\u00f3digo 3 de 9 -\" \/>\n<meta property=\"og:description\" content=\"CODE 39 Tamb\u00e9m chamado de CODE 3 0F 9 ou LOGMARS. O c\u00f3digo de barras CODE 39 \u00e9 utilizado geralmente em etiquetas na \u00e1rea de invent\u00e1rios e aplica\u00e7\u00f5es industriais. Alfanum\u00e9rico e de f\u00e1cil utiliza\u00e7\u00e3o, foi projetado sem a necessidade do c\u00e1lculo do d\u00edgito verificador. A Fonte da GB, tanto TTF como PCL, n\u00e3o necessita de &hellip;\" \/>\n<meta property=\"og:url\" content=\"http:\/\/gbnet.com.br\/v3\/codigo-de-barras-code-39-codigo-3-de-9\/\" \/>\n<meta property=\"article:modified_time\" content=\"2022-08-21T16:26:49+00:00\" \/>\n<meta property=\"og:image\" content=\"http:\/\/www.gbnet.com.br\/v2\/fonte_code_39_codigo_barras_true_type_gbnet_380.fw.png\" \/>\n<meta name=\"twitter:card\" content=\"summary_large_image\" \/>\n<meta name=\"twitter:label1\" content=\"Est. tempo de leitura\" \/>\n\t<meta name=\"twitter:data1\" content=\"2 minutos\" \/>\n<script type=\"application\/ld+json\" class=\"yoast-schema-graph\">{\"@context\":\"https:\\\/\\\/schema.org\",\"@graph\":[{\"@type\":\"WebPage\",\"@id\":\"http:\\\/\\\/gbnet.com.br\\\/v3\\\/codigo-de-barras-code-39-codigo-3-de-9\\\/\",\"url\":\"http:\\\/\\\/gbnet.com.br\\\/v3\\\/codigo-de-barras-code-39-codigo-3-de-9\\\/\",\"name\":\"C\u00f3digo de Barras Code 39 \\\/ C\u00f3digo 3 de 9 -\",\"isPartOf\":{\"@id\":\"http:\\\/\\\/gbnet.com.br\\\/v3\\\/#website\"},\"primaryImageOfPage\":{\"@id\":\"http:\\\/\\\/gbnet.com.br\\\/v3\\\/codigo-de-barras-code-39-codigo-3-de-9\\\/#primaryimage\"},\"image\":{\"@id\":\"http:\\\/\\\/gbnet.com.br\\\/v3\\\/codigo-de-barras-code-39-codigo-3-de-9\\\/#primaryimage\"},\"thumbnailUrl\":\"http:\\\/\\\/www.gbnet.com.br\\\/v2\\\/fonte_code_39_codigo_barras_true_type_gbnet_380.fw.png\",\"datePublished\":\"2018-07-16T14:58:17+00:00\",\"dateModified\":\"2022-08-21T16:26:49+00:00\",\"breadcrumb\":{\"@id\":\"http:\\\/\\\/gbnet.com.br\\\/v3\\\/codigo-de-barras-code-39-codigo-3-de-9\\\/#breadcrumb\"},\"inLanguage\":\"pt-BR\",\"potentialAction\":[{\"@type\":\"ReadAction\",\"target\":[\"http:\\\/\\\/gbnet.com.br\\\/v3\\\/codigo-de-barras-code-39-codigo-3-de-9\\\/\"]}]},{\"@type\":\"ImageObject\",\"inLanguage\":\"pt-BR\",\"@id\":\"http:\\\/\\\/gbnet.com.br\\\/v3\\\/codigo-de-barras-code-39-codigo-3-de-9\\\/#primaryimage\",\"url\":\"http:\\\/\\\/www.gbnet.com.br\\\/v2\\\/fonte_code_39_codigo_barras_true_type_gbnet_380.fw.png\",\"contentUrl\":\"http:\\\/\\\/www.gbnet.com.br\\\/v2\\\/fonte_code_39_codigo_barras_true_type_gbnet_380.fw.png\"},{\"@type\":\"BreadcrumbList\",\"@id\":\"http:\\\/\\\/gbnet.com.br\\\/v3\\\/codigo-de-barras-code-39-codigo-3-de-9\\\/#breadcrumb\",\"itemListElement\":[{\"@type\":\"ListItem\",\"position\":1,\"name\":\"In\u00edcio\",\"item\":\"http:\\\/\\\/gbnet.com.br\\\/v3\\\/\"},{\"@type\":\"ListItem\",\"position\":2,\"name\":\"C\u00f3digo de Barras Code 39 \\\/ C\u00f3digo 3 de 9\"}]},{\"@type\":\"WebSite\",\"@id\":\"http:\\\/\\\/gbnet.com.br\\\/v3\\\/#website\",\"url\":\"http:\\\/\\\/gbnet.com.br\\\/v3\\\/\",\"name\":\"\",\"description\":\"Transformamos dados em informa\u00e7\u00f5es - GB Network &amp; Print\",\"publisher\":{\"@id\":\"http:\\\/\\\/gbnet.com.br\\\/v3\\\/#organization\"},\"potentialAction\":[{\"@type\":\"SearchAction\",\"target\":{\"@type\":\"EntryPoint\",\"urlTemplate\":\"http:\\\/\\\/gbnet.com.br\\\/v3\\\/?s={search_term_string}\"},\"query-input\":{\"@type\":\"PropertyValueSpecification\",\"valueRequired\":true,\"valueName\":\"search_term_string\"}}],\"inLanguage\":\"pt-BR\"},{\"@type\":\"Organization\",\"@id\":\"http:\\\/\\\/gbnet.com.br\\\/v3\\\/#organization\",\"name\":\"GB Network & Print\",\"url\":\"http:\\\/\\\/gbnet.com.br\\\/v3\\\/\",\"logo\":{\"@type\":\"ImageObject\",\"inLanguage\":\"pt-BR\",\"@id\":\"http:\\\/\\\/gbnet.com.br\\\/v3\\\/#\\\/schema\\\/logo\\\/image\\\/\",\"url\":\"https:\\\/\\\/i0.wp.com\\\/gbnet.com.br\\\/v3\\\/wp-content\\\/uploads\\\/2018\\\/03\\\/logoGB-OK-e1521838575299.png?fit=120%2C122\",\"contentUrl\":\"https:\\\/\\\/i0.wp.com\\\/gbnet.com.br\\\/v3\\\/wp-content\\\/uploads\\\/2018\\\/03\\\/logoGB-OK-e1521838575299.png?fit=120%2C122\",\"width\":120,\"height\":122,\"caption\":\"GB Network & Print\"},\"image\":{\"@id\":\"http:\\\/\\\/gbnet.com.br\\\/v3\\\/#\\\/schema\\\/logo\\\/image\\\/\"}}]}<\/script>\n<!-- \/ Yoast SEO plugin. -->","yoast_head_json":{"title":"C\u00f3digo de Barras Code 39 \/ C\u00f3digo 3 de 9 -","robots":{"index":"index","follow":"follow","max-snippet":"max-snippet:-1","max-image-preview":"max-image-preview:large","max-video-preview":"max-video-preview:-1"},"canonical":"http:\/\/gbnet.com.br\/v3\/codigo-de-barras-code-39-codigo-3-de-9\/","og_locale":"pt_BR","og_type":"article","og_title":"C\u00f3digo de Barras Code 39 \/ C\u00f3digo 3 de 9 -","og_description":"CODE 39 Tamb\u00e9m chamado de CODE 3 0F 9 ou LOGMARS. O c\u00f3digo de barras CODE 39 \u00e9 utilizado geralmente em etiquetas na \u00e1rea de invent\u00e1rios e aplica\u00e7\u00f5es industriais. Alfanum\u00e9rico e de f\u00e1cil utiliza\u00e7\u00e3o, foi projetado sem a necessidade do c\u00e1lculo do d\u00edgito verificador. A Fonte da GB, tanto TTF como PCL, n\u00e3o necessita de &hellip;","og_url":"http:\/\/gbnet.com.br\/v3\/codigo-de-barras-code-39-codigo-3-de-9\/","article_modified_time":"2022-08-21T16:26:49+00:00","og_image":[{"url":"http:\/\/www.gbnet.com.br\/v2\/fonte_code_39_codigo_barras_true_type_gbnet_380.fw.png","type":"","width":"","height":""}],"twitter_card":"summary_large_image","twitter_misc":{"Est. tempo de leitura":"2 minutos"},"schema":{"@context":"https:\/\/schema.org","@graph":[{"@type":"WebPage","@id":"http:\/\/gbnet.com.br\/v3\/codigo-de-barras-code-39-codigo-3-de-9\/","url":"http:\/\/gbnet.com.br\/v3\/codigo-de-barras-code-39-codigo-3-de-9\/","name":"C\u00f3digo de Barras Code 39 \/ C\u00f3digo 3 de 9 -","isPartOf":{"@id":"http:\/\/gbnet.com.br\/v3\/#website"},"primaryImageOfPage":{"@id":"http:\/\/gbnet.com.br\/v3\/codigo-de-barras-code-39-codigo-3-de-9\/#primaryimage"},"image":{"@id":"http:\/\/gbnet.com.br\/v3\/codigo-de-barras-code-39-codigo-3-de-9\/#primaryimage"},"thumbnailUrl":"http:\/\/www.gbnet.com.br\/v2\/fonte_code_39_codigo_barras_true_type_gbnet_380.fw.png","datePublished":"2018-07-16T14:58:17+00:00","dateModified":"2022-08-21T16:26:49+00:00","breadcrumb":{"@id":"http:\/\/gbnet.com.br\/v3\/codigo-de-barras-code-39-codigo-3-de-9\/#breadcrumb"},"inLanguage":"pt-BR","potentialAction":[{"@type":"ReadAction","target":["http:\/\/gbnet.com.br\/v3\/codigo-de-barras-code-39-codigo-3-de-9\/"]}]},{"@type":"ImageObject","inLanguage":"pt-BR","@id":"http:\/\/gbnet.com.br\/v3\/codigo-de-barras-code-39-codigo-3-de-9\/#primaryimage","url":"http:\/\/www.gbnet.com.br\/v2\/fonte_code_39_codigo_barras_true_type_gbnet_380.fw.png","contentUrl":"http:\/\/www.gbnet.com.br\/v2\/fonte_code_39_codigo_barras_true_type_gbnet_380.fw.png"},{"@type":"BreadcrumbList","@id":"http:\/\/gbnet.com.br\/v3\/codigo-de-barras-code-39-codigo-3-de-9\/#breadcrumb","itemListElement":[{"@type":"ListItem","position":1,"name":"In\u00edcio","item":"http:\/\/gbnet.com.br\/v3\/"},{"@type":"ListItem","position":2,"name":"C\u00f3digo de Barras Code 39 \/ C\u00f3digo 3 de 9"}]},{"@type":"WebSite","@id":"http:\/\/gbnet.com.br\/v3\/#website","url":"http:\/\/gbnet.com.br\/v3\/","name":"","description":"Transformamos dados em informa\u00e7\u00f5es - GB Network &amp; Print","publisher":{"@id":"http:\/\/gbnet.com.br\/v3\/#organization"},"potentialAction":[{"@type":"SearchAction","target":{"@type":"EntryPoint","urlTemplate":"http:\/\/gbnet.com.br\/v3\/?s={search_term_string}"},"query-input":{"@type":"PropertyValueSpecification","valueRequired":true,"valueName":"search_term_string"}}],"inLanguage":"pt-BR"},{"@type":"Organization","@id":"http:\/\/gbnet.com.br\/v3\/#organization","name":"GB Network & Print","url":"http:\/\/gbnet.com.br\/v3\/","logo":{"@type":"ImageObject","inLanguage":"pt-BR","@id":"http:\/\/gbnet.com.br\/v3\/#\/schema\/logo\/image\/","url":"https:\/\/i0.wp.com\/gbnet.com.br\/v3\/wp-content\/uploads\/2018\/03\/logoGB-OK-e1521838575299.png?fit=120%2C122","contentUrl":"https:\/\/i0.wp.com\/gbnet.com.br\/v3\/wp-content\/uploads\/2018\/03\/logoGB-OK-e1521838575299.png?fit=120%2C122","width":120,"height":122,"caption":"GB Network & Print"},"image":{"@id":"http:\/\/gbnet.com.br\/v3\/#\/schema\/logo\/image\/"}}]}},"jetpack_sharing_enabled":true,"jetpack_shortlink":"https:\/\/wp.me\/Pagaz2-p1","jetpack-related-posts":[{"id":1480,"url":"http:\/\/gbnet.com.br\/v3\/codigodebarras\/","url_meta":{"origin":1551,"position":0},"title":"Fonte de C\u00f3digo de Barras DUN 14 para Windows TTF, PCL, Xerox","author":"","date":false,"format":false,"excerpt":"A GB Network & Print \u00e9 uma empresa nacional l\u00edder em solu\u00e7\u00f5es de c\u00f3digos de barras para impressoras laser ou jato de tinta. Atuando no mercado desde 1995, as solu\u00e7\u00f5es da GB j\u00e1 foram implantadas em milhares de clientes no Brasil, desde microempresas at\u00e9 grandes corpora\u00e7\u00f5es. Selecione o modelo de\u2026","rel":"","context":"Post similar","block_context":{"text":"Post similar","link":""},"img":{"alt_text":"codigos barcodes","src":"https:\/\/i0.wp.com\/www.gbnet.com.br\/v2\/images\/code39_GB.gif?resize=350%2C200","width":350,"height":200},"classes":[]},{"id":2492,"url":"http:\/\/gbnet.com.br\/v3\/comprar-fonte-de-codigo-de-barras\/","url_meta":{"origin":1551,"position":1},"title":"Como comprar nossa fonte de c\u00f3digo de barras","author":"","date":false,"format":false,"excerpt":"Comprar fontes de c\u00f3digos de barras intercalado 2 de 5, FEBRABAN, Interleaved 2 of 5, code 128, code39, QR-code, CMC7, et","rel":"","context":"Post similar","block_context":{"text":"Post similar","link":""},"img":{"alt_text":"","src":"https:\/\/i0.wp.com\/gbnet.com.br\/v3\/wp-content\/uploads\/2022\/08\/formas_pagamento_fontes_codigo_barra_gb-com-paypal.png?resize=350%2C200","width":350,"height":200,"srcset":"https:\/\/i0.wp.com\/gbnet.com.br\/v3\/wp-content\/uploads\/2022\/08\/formas_pagamento_fontes_codigo_barra_gb-com-paypal.png?resize=350%2C200 1x, https:\/\/i0.wp.com\/gbnet.com.br\/v3\/wp-content\/uploads\/2022\/08\/formas_pagamento_fontes_codigo_barra_gb-com-paypal.png?resize=525%2C300 1.5x, https:\/\/i0.wp.com\/gbnet.com.br\/v3\/wp-content\/uploads\/2022\/08\/formas_pagamento_fontes_codigo_barra_gb-com-paypal.png?resize=700%2C400 2x"},"classes":[]},{"id":1549,"url":"http:\/\/gbnet.com.br\/v3\/codigo-de-barras-code-128-gs1-128\/","url_meta":{"origin":1551,"position":2},"title":"C\u00f3digo de Barras Code 128 \/ GS1-128","author":"","date":false,"format":false,"excerpt":"Fonte de c\u00f3digo de barras GS1 128 \u00e9 tamb\u00e9m conhecido como EAN 128, UPC 128 ou CODE 128. Formatos Windows Truetype (TTF), PCL Laser Jet fonts, compat\u00edveis com impressoras laser PCL5, Postscript","rel":"","context":"Post similar","block_context":{"text":"Post similar","link":""},"img":{"alt_text":"comprar fonte ean 128 gs1","src":"https:\/\/i0.wp.com\/gbnet.com.br\/v2\/comprar-2.png?resize=350%2C200","width":350,"height":200},"classes":[]},{"id":2277,"url":"http:\/\/gbnet.com.br\/v3\/codigo-de-barras-qr-code-pix-para-windows-ttf-opentype-postsript-e-pcl\/","url_meta":{"origin":1551,"position":3},"title":"C\u00f3digo de Barras QR Code Pix para Windows TTF, Opentype, Postscript e PCL","author":"","date":false,"format":false,"excerpt":"Adicione facilmente c\u00f3digos de barras QR Code a aplicativos que suportam fontes TrueType, PostScript, OpenType ou PCL com este pacote de fontes de alta qualidade. C\u00f3digo de barras QR Code - PIX - GS1 O QRCode \u00e9 utilizado no sistema de pagamento eletr\u00f4nico PIX e em outras aplica\u00e7\u00f5es. - Gere\u2026","rel":"","context":"Post similar","block_context":{"text":"Post similar","link":""},"img":{"alt_text":"QR-Code Font and Encoder Suite","src":"https:\/\/www.idautomation.com\/GetImage.ashx?Path=%7e%2fAssets%2fProductImages%2fqrcode-example-shadow.png&maintainAspectRatio=true","width":350,"height":200},"classes":[]},{"id":1560,"url":"http:\/\/gbnet.com.br\/v3\/codigo-de-barras-intercalado-2-de-5\/","url_meta":{"origin":1551,"position":4},"title":"C\u00f3digo de Barras Intercalado 2 de 5 FEBRABAN","author":"","date":false,"format":false,"excerpt":"O INTERCALADO 2 DE 5 \u00e9 o c\u00f3digo de barras padr\u00e3o da FEBRABAN no Brasil para utiliza\u00e7\u00e3o em boletos banc\u00e1rios e documentos de cobran\u00e7a. Este \u00e9 um c\u00f3digo de barras num\u00e9rico usado para codifica\u00e7\u00e3o de pares de n\u00fameros em um formato de c\u00f3digo de barras de alta densidade. Cada par\u2026","rel":"","context":"Post similar","block_context":{"text":"Post similar","link":""},"img":{"alt_text":"","src":"https:\/\/i0.wp.com\/gbnet.com.br\/v3\/wp-content\/uploads\/2022\/10\/Geracao-codigo-de-barras-caso-sucesso-fontes-bardimm-vdp-pcl-julho-22.jpg?resize=350%2C200","width":350,"height":200,"srcset":"https:\/\/i0.wp.com\/gbnet.com.br\/v3\/wp-content\/uploads\/2022\/10\/Geracao-codigo-de-barras-caso-sucesso-fontes-bardimm-vdp-pcl-julho-22.jpg?resize=350%2C200 1x, https:\/\/i0.wp.com\/gbnet.com.br\/v3\/wp-content\/uploads\/2022\/10\/Geracao-codigo-de-barras-caso-sucesso-fontes-bardimm-vdp-pcl-julho-22.jpg?resize=525%2C300 1.5x, https:\/\/i0.wp.com\/gbnet.com.br\/v3\/wp-content\/uploads\/2022\/10\/Geracao-codigo-de-barras-caso-sucesso-fontes-bardimm-vdp-pcl-julho-22.jpg?resize=700%2C400 2x, https:\/\/i0.wp.com\/gbnet.com.br\/v3\/wp-content\/uploads\/2022\/10\/Geracao-codigo-de-barras-caso-sucesso-fontes-bardimm-vdp-pcl-julho-22.jpg?resize=1050%2C600 3x"},"classes":[]},{"id":2253,"url":"http:\/\/gbnet.com.br\/v3\/codigo-de-barras-2d\/","url_meta":{"origin":1551,"position":5},"title":"C\u00f3digo de Barras 2D &#8211; Revenda Oficial da ID Automation no Brasil","author":"","date":false,"format":false,"excerpt":"Com 25 anos de experi\u00eancia no Brasil a GB tem as melhores solu\u00e7\u00f5es do mercado para gera\u00e7\u00e3o de c\u00f3digo de barras de 2 dimens\u00f5es, modelos DATAMATRIX, PDF417 e QRCODE . Somos especialistas em solu\u00e7\u00f5es de c\u00f3digo de barras e automa\u00e7\u00e3o de processos, contamos com o apoio da empresa ID Automation.\u2026","rel":"","context":"Post similar","block_context":{"text":"Post similar","link":""},"img":{"alt_text":"Data Matrix Font and Encoder Suite","src":"https:\/\/www.idautomation.com\/GetImage.ashx?Path=%7e%2fAssets%2fProductImages%2fdatamatrix-store-image.png&maintainAspectRatio=true","width":350,"height":200},"classes":[]}],"_links":{"self":[{"href":"http:\/\/gbnet.com.br\/v3\/wp-json\/wp\/v2\/pages\/1551","targetHints":{"allow":["GET"]}}],"collection":[{"href":"http:\/\/gbnet.com.br\/v3\/wp-json\/wp\/v2\/pages"}],"about":[{"href":"http:\/\/gbnet.com.br\/v3\/wp-json\/wp\/v2\/types\/page"}],"author":[{"embeddable":true,"href":"http:\/\/gbnet.com.br\/v3\/wp-json\/wp\/v2\/users\/1"}],"replies":[{"embeddable":true,"href":"http:\/\/gbnet.com.br\/v3\/wp-json\/wp\/v2\/comments?post=1551"}],"version-history":[{"count":6,"href":"http:\/\/gbnet.com.br\/v3\/wp-json\/wp\/v2\/pages\/1551\/revisions"}],"predecessor-version":[{"id":2509,"href":"http:\/\/gbnet.com.br\/v3\/wp-json\/wp\/v2\/pages\/1551\/revisions\/2509"}],"wp:attachment":[{"href":"http:\/\/gbnet.com.br\/v3\/wp-json\/wp\/v2\/media?parent=1551"}],"curies":[{"name":"wp","href":"https:\/\/api.w.org\/{rel}","templated":true}]}}