{"id":1556,"date":"2018-07-16T13:18:44","date_gmt":"2018-07-16T16:18:44","guid":{"rendered":"http:\/\/gbnet.com.br\/v3\/?page_id=1556"},"modified":"2022-08-21T13:29:44","modified_gmt":"2022-08-21T16:29:44","slug":"codigo-de-barras-ean-13-gs1-13","status":"publish","type":"page","link":"http:\/\/gbnet.com.br\/v3\/codigo-de-barras-ean-13-gs1-13\/","title":{"rendered":"C\u00f3digo de Barras Ean 13 \/ GS1 13"},"content":{"rendered":"<p class=\"TituloGrande\" align=\"center\">EAN\/UPC 13<\/p>\n<p align=\"center\"><img data-recalc-dims=\"1\" decoding=\"async\" src=\"https:\/\/i0.wp.com\/gbnet.com.br\/v2\/ean13-gs1-codigo-barras-produto-gbnet-380.jpg?w=1140\" alt=\"fonte codigo de barras gs1 ean 13 windows true type\" \/><\/p>\n<p align=\"center\"><a href=\"http:\/\/gbnet.com.br\/v3\/comprar-fonte-de-codigo-de-barras\/\" target=\"_blank\" rel=\"noopener\"><img data-recalc-dims=\"1\" loading=\"lazy\" decoding=\"async\" class=\"alignnone\" src=\"https:\/\/i0.wp.com\/gbnet.com.br\/v2\/comprar-2.png?resize=174%2C54\" alt=\"comprar fonte ean 13 gs1\" width=\"174\" height=\"54\" \/><\/a><\/p>\n<p class=\"TextoNormal\">A estrutura deste s\u00edmbolo, utilizado para codifica\u00e7\u00e3o de produtos de bens de consumo, segue a seguinte ordem:<\/p>\n<ul class=\"TextoNormal\">\n<li>os dois ou tr\u00eas primeiros d\u00edgitos representam o pa\u00eds de origem. No caso do Brasil \u00e9 789;<\/li>\n<li>os quatro ou cinco d\u00edgitos seguintes identificam a empresa;<\/li>\n<li>mais quatro ou cinco d\u00edgitos para numerar diferentemente cada produto, considerando suas varia\u00e7\u00f5es, essa especifica\u00e7\u00e3o cabe \u00e0 empresa;<\/li>\n<li>o \u00faltimo \u00e9 o d\u00edgito verificador.<\/li>\n<\/ul>\n<p class=\"TextoNormal\">Exemplos:<\/p>\n<ul class=\"TextoNormal\">\n<li>Produtos comercializados (de prateleira)<\/li>\n<li>Controle Interno de empresas<\/li>\n<\/ul>\n<p><span class=\"Subtitulo\">Solu\u00e7\u00f5es GB para gera\u00e7\u00e3o e impress\u00e3o do C\u00f3digo de Barras Modelo EAN13<\/span><\/p>\n<p class=\"TextoNormal\">1. Fontes de c\u00f3digo de barras nos formatos:<\/p>\n<ul>\n<li style=\"list-style-type: none;\">\n<ul>\n<li class=\"ItemLista\">Windows Truetype (TTF) com ou sem convers\u00e3o via DLL;<\/li>\n<\/ul>\n<\/li>\n<\/ul>\n<ul>\n<li style=\"list-style-type: none;\">\n<ul>\n<li class=\"ItemLista\">PCL Laser Jet fonts, compat\u00edveis com impressoras laser PCL5;<\/li>\n<\/ul>\n<\/li>\n<\/ul>\n<ul>\n<li style=\"list-style-type: none;\">\n<ul>\n<li class=\"ItemLista\">Postscript (PS) Adobe;<\/li>\n<\/ul>\n<\/li>\n<\/ul>\n<ul>\n<li style=\"list-style-type: none;\">\n<ul>\n<li class=\"ItemLista\">Fontes em outros formatos: AFP, Open Type<\/li>\n<\/ul>\n<\/li>\n<\/ul>\n<p><strong>Solicite uma DEMO<\/strong><\/p>\n<ul>\n<li style=\"list-style-type: none;\"><\/li>\n<\/ul>\n<p><span class=\"TextoNormal\">2.\u00a0<a href=\"http:\/\/gbnet.com.br\/v3\/modulos-para-impressao-de-codigo-de-barras\/\">BarDIMM: M\u00f3dulos inteligentes de c\u00f3digos de Barras para SAP e outros ERPs;<\/a><\/span><\/p>\n<div align=\"center\"><a href=\"http:\/\/gbnet.com.br\/v3\/comprar-fonte-de-codigo-de-barras\/\" target=\"_blank\" rel=\"noopener\"><img data-recalc-dims=\"1\" loading=\"lazy\" decoding=\"async\" class=\"alignnone\" src=\"https:\/\/i0.wp.com\/gbnet.com.br\/v2\/comprar-2.png?resize=174%2C54\" alt=\"comprar fonte ean 13 gs1\" width=\"174\" height=\"54\" \/><\/a><\/div>\n<div>\n<p class=\"TextoNormal\" align=\"center\">Veja os nossos casos de sucesso!<\/p>\n<p class=\"TextoNormal\" align=\"center\"><a href=\"https:\/\/i0.wp.com\/www.gbnet.com.br\/v2\/images\/gb_representa_barcode.png\" rel=\"lightbox\"><img data-recalc-dims=\"1\" loading=\"lazy\" decoding=\"async\" src=\"https:\/\/i0.wp.com\/www.gbnet.com.br\/v2\/images\/gb_representa_barcode.png?resize=308%2C219\" alt=\"Casos de Sucesso\" width=\"308\" height=\"219\" border=\"0\" \/><\/a><\/p>\n<\/div>\n","protected":false},"excerpt":{"rendered":"<p>EAN\/UPC 13 A estrutura deste s\u00edmbolo, utilizado para codifica\u00e7\u00e3o de produtos de bens de consumo, segue a seguinte ordem: os dois ou tr\u00eas primeiros d\u00edgitos representam o pa\u00eds de origem. No caso do Brasil \u00e9 789; os quatro ou cinco d\u00edgitos seguintes identificam a empresa; mais quatro ou cinco d\u00edgitos para numerar diferentemente cada produto, &hellip;<\/p>\n","protected":false},"author":1,"featured_media":0,"parent":0,"menu_order":0,"comment_status":"closed","ping_status":"closed","template":"","meta":{"_acf_changed":false,"jetpack_post_was_ever_published":false,"_joinchat":[],"footnotes":""},"class_list":["post-1556","page","type-page","status-publish","hentry"],"acf":[],"yoast_head":"<!-- This site is optimized with the Yoast SEO plugin v27.4 - https:\/\/yoast.com\/product\/yoast-seo-wordpress\/ -->\n<title>C\u00f3digo de Barras Ean 13 \/ GS1 13 -<\/title>\n<meta name=\"robots\" content=\"index, follow, max-snippet:-1, max-image-preview:large, max-video-preview:-1\" \/>\n<link rel=\"canonical\" href=\"http:\/\/gbnet.com.br\/v3\/codigo-de-barras-ean-13-gs1-13\/\" \/>\n<meta property=\"og:locale\" content=\"pt_BR\" \/>\n<meta property=\"og:type\" content=\"article\" \/>\n<meta property=\"og:title\" content=\"C\u00f3digo de Barras Ean 13 \/ GS1 13 -\" \/>\n<meta property=\"og:description\" content=\"EAN\/UPC 13 A estrutura deste s\u00edmbolo, utilizado para codifica\u00e7\u00e3o de produtos de bens de consumo, segue a seguinte ordem: os dois ou tr\u00eas primeiros d\u00edgitos representam o pa\u00eds de origem. No caso do Brasil \u00e9 789; os quatro ou cinco d\u00edgitos seguintes identificam a empresa; mais quatro ou cinco d\u00edgitos para numerar diferentemente cada produto, &hellip;\" \/>\n<meta property=\"og:url\" content=\"http:\/\/gbnet.com.br\/v3\/codigo-de-barras-ean-13-gs1-13\/\" \/>\n<meta property=\"article:modified_time\" content=\"2022-08-21T16:29:44+00:00\" \/>\n<meta property=\"og:image\" content=\"http:\/\/gbnet.com.br\/v2\/ean13-gs1-codigo-barras-produto-gbnet-380.jpg\" \/>\n<meta name=\"twitter:card\" content=\"summary_large_image\" \/>\n<meta name=\"twitter:label1\" content=\"Est. tempo de leitura\" \/>\n\t<meta name=\"twitter:data1\" content=\"2 minutos\" \/>\n<script type=\"application\/ld+json\" class=\"yoast-schema-graph\">{\"@context\":\"https:\\\/\\\/schema.org\",\"@graph\":[{\"@type\":\"WebPage\",\"@id\":\"http:\\\/\\\/gbnet.com.br\\\/v3\\\/codigo-de-barras-ean-13-gs1-13\\\/\",\"url\":\"http:\\\/\\\/gbnet.com.br\\\/v3\\\/codigo-de-barras-ean-13-gs1-13\\\/\",\"name\":\"C\u00f3digo de Barras Ean 13 \\\/ GS1 13 -\",\"isPartOf\":{\"@id\":\"http:\\\/\\\/gbnet.com.br\\\/v3\\\/#website\"},\"primaryImageOfPage\":{\"@id\":\"http:\\\/\\\/gbnet.com.br\\\/v3\\\/codigo-de-barras-ean-13-gs1-13\\\/#primaryimage\"},\"image\":{\"@id\":\"http:\\\/\\\/gbnet.com.br\\\/v3\\\/codigo-de-barras-ean-13-gs1-13\\\/#primaryimage\"},\"thumbnailUrl\":\"http:\\\/\\\/gbnet.com.br\\\/v2\\\/ean13-gs1-codigo-barras-produto-gbnet-380.jpg\",\"datePublished\":\"2018-07-16T16:18:44+00:00\",\"dateModified\":\"2022-08-21T16:29:44+00:00\",\"breadcrumb\":{\"@id\":\"http:\\\/\\\/gbnet.com.br\\\/v3\\\/codigo-de-barras-ean-13-gs1-13\\\/#breadcrumb\"},\"inLanguage\":\"pt-BR\",\"potentialAction\":[{\"@type\":\"ReadAction\",\"target\":[\"http:\\\/\\\/gbnet.com.br\\\/v3\\\/codigo-de-barras-ean-13-gs1-13\\\/\"]}]},{\"@type\":\"ImageObject\",\"inLanguage\":\"pt-BR\",\"@id\":\"http:\\\/\\\/gbnet.com.br\\\/v3\\\/codigo-de-barras-ean-13-gs1-13\\\/#primaryimage\",\"url\":\"http:\\\/\\\/gbnet.com.br\\\/v2\\\/ean13-gs1-codigo-barras-produto-gbnet-380.jpg\",\"contentUrl\":\"http:\\\/\\\/gbnet.com.br\\\/v2\\\/ean13-gs1-codigo-barras-produto-gbnet-380.jpg\"},{\"@type\":\"BreadcrumbList\",\"@id\":\"http:\\\/\\\/gbnet.com.br\\\/v3\\\/codigo-de-barras-ean-13-gs1-13\\\/#breadcrumb\",\"itemListElement\":[{\"@type\":\"ListItem\",\"position\":1,\"name\":\"In\u00edcio\",\"item\":\"http:\\\/\\\/gbnet.com.br\\\/v3\\\/\"},{\"@type\":\"ListItem\",\"position\":2,\"name\":\"C\u00f3digo de Barras Ean 13 \\\/ GS1 13\"}]},{\"@type\":\"WebSite\",\"@id\":\"http:\\\/\\\/gbnet.com.br\\\/v3\\\/#website\",\"url\":\"http:\\\/\\\/gbnet.com.br\\\/v3\\\/\",\"name\":\"\",\"description\":\"Transformamos dados em informa\u00e7\u00f5es - GB Network &amp; Print\",\"publisher\":{\"@id\":\"http:\\\/\\\/gbnet.com.br\\\/v3\\\/#organization\"},\"potentialAction\":[{\"@type\":\"SearchAction\",\"target\":{\"@type\":\"EntryPoint\",\"urlTemplate\":\"http:\\\/\\\/gbnet.com.br\\\/v3\\\/?s={search_term_string}\"},\"query-input\":{\"@type\":\"PropertyValueSpecification\",\"valueRequired\":true,\"valueName\":\"search_term_string\"}}],\"inLanguage\":\"pt-BR\"},{\"@type\":\"Organization\",\"@id\":\"http:\\\/\\\/gbnet.com.br\\\/v3\\\/#organization\",\"name\":\"GB Network & Print\",\"url\":\"http:\\\/\\\/gbnet.com.br\\\/v3\\\/\",\"logo\":{\"@type\":\"ImageObject\",\"inLanguage\":\"pt-BR\",\"@id\":\"http:\\\/\\\/gbnet.com.br\\\/v3\\\/#\\\/schema\\\/logo\\\/image\\\/\",\"url\":\"https:\\\/\\\/i0.wp.com\\\/gbnet.com.br\\\/v3\\\/wp-content\\\/uploads\\\/2018\\\/03\\\/logoGB-OK-e1521838575299.png?fit=120%2C122\",\"contentUrl\":\"https:\\\/\\\/i0.wp.com\\\/gbnet.com.br\\\/v3\\\/wp-content\\\/uploads\\\/2018\\\/03\\\/logoGB-OK-e1521838575299.png?fit=120%2C122\",\"width\":120,\"height\":122,\"caption\":\"GB Network & Print\"},\"image\":{\"@id\":\"http:\\\/\\\/gbnet.com.br\\\/v3\\\/#\\\/schema\\\/logo\\\/image\\\/\"}}]}<\/script>\n<!-- \/ Yoast SEO plugin. -->","yoast_head_json":{"title":"C\u00f3digo de Barras Ean 13 \/ GS1 13 -","robots":{"index":"index","follow":"follow","max-snippet":"max-snippet:-1","max-image-preview":"max-image-preview:large","max-video-preview":"max-video-preview:-1"},"canonical":"http:\/\/gbnet.com.br\/v3\/codigo-de-barras-ean-13-gs1-13\/","og_locale":"pt_BR","og_type":"article","og_title":"C\u00f3digo de Barras Ean 13 \/ GS1 13 -","og_description":"EAN\/UPC 13 A estrutura deste s\u00edmbolo, utilizado para codifica\u00e7\u00e3o de produtos de bens de consumo, segue a seguinte ordem: os dois ou tr\u00eas primeiros d\u00edgitos representam o pa\u00eds de origem. No caso do Brasil \u00e9 789; os quatro ou cinco d\u00edgitos seguintes identificam a empresa; mais quatro ou cinco d\u00edgitos para numerar diferentemente cada produto, &hellip;","og_url":"http:\/\/gbnet.com.br\/v3\/codigo-de-barras-ean-13-gs1-13\/","article_modified_time":"2022-08-21T16:29:44+00:00","og_image":[{"url":"http:\/\/gbnet.com.br\/v2\/ean13-gs1-codigo-barras-produto-gbnet-380.jpg","type":"","width":"","height":""}],"twitter_card":"summary_large_image","twitter_misc":{"Est. tempo de leitura":"2 minutos"},"schema":{"@context":"https:\/\/schema.org","@graph":[{"@type":"WebPage","@id":"http:\/\/gbnet.com.br\/v3\/codigo-de-barras-ean-13-gs1-13\/","url":"http:\/\/gbnet.com.br\/v3\/codigo-de-barras-ean-13-gs1-13\/","name":"C\u00f3digo de Barras Ean 13 \/ GS1 13 -","isPartOf":{"@id":"http:\/\/gbnet.com.br\/v3\/#website"},"primaryImageOfPage":{"@id":"http:\/\/gbnet.com.br\/v3\/codigo-de-barras-ean-13-gs1-13\/#primaryimage"},"image":{"@id":"http:\/\/gbnet.com.br\/v3\/codigo-de-barras-ean-13-gs1-13\/#primaryimage"},"thumbnailUrl":"http:\/\/gbnet.com.br\/v2\/ean13-gs1-codigo-barras-produto-gbnet-380.jpg","datePublished":"2018-07-16T16:18:44+00:00","dateModified":"2022-08-21T16:29:44+00:00","breadcrumb":{"@id":"http:\/\/gbnet.com.br\/v3\/codigo-de-barras-ean-13-gs1-13\/#breadcrumb"},"inLanguage":"pt-BR","potentialAction":[{"@type":"ReadAction","target":["http:\/\/gbnet.com.br\/v3\/codigo-de-barras-ean-13-gs1-13\/"]}]},{"@type":"ImageObject","inLanguage":"pt-BR","@id":"http:\/\/gbnet.com.br\/v3\/codigo-de-barras-ean-13-gs1-13\/#primaryimage","url":"http:\/\/gbnet.com.br\/v2\/ean13-gs1-codigo-barras-produto-gbnet-380.jpg","contentUrl":"http:\/\/gbnet.com.br\/v2\/ean13-gs1-codigo-barras-produto-gbnet-380.jpg"},{"@type":"BreadcrumbList","@id":"http:\/\/gbnet.com.br\/v3\/codigo-de-barras-ean-13-gs1-13\/#breadcrumb","itemListElement":[{"@type":"ListItem","position":1,"name":"In\u00edcio","item":"http:\/\/gbnet.com.br\/v3\/"},{"@type":"ListItem","position":2,"name":"C\u00f3digo de Barras Ean 13 \/ GS1 13"}]},{"@type":"WebSite","@id":"http:\/\/gbnet.com.br\/v3\/#website","url":"http:\/\/gbnet.com.br\/v3\/","name":"","description":"Transformamos dados em informa\u00e7\u00f5es - GB Network &amp; Print","publisher":{"@id":"http:\/\/gbnet.com.br\/v3\/#organization"},"potentialAction":[{"@type":"SearchAction","target":{"@type":"EntryPoint","urlTemplate":"http:\/\/gbnet.com.br\/v3\/?s={search_term_string}"},"query-input":{"@type":"PropertyValueSpecification","valueRequired":true,"valueName":"search_term_string"}}],"inLanguage":"pt-BR"},{"@type":"Organization","@id":"http:\/\/gbnet.com.br\/v3\/#organization","name":"GB Network & Print","url":"http:\/\/gbnet.com.br\/v3\/","logo":{"@type":"ImageObject","inLanguage":"pt-BR","@id":"http:\/\/gbnet.com.br\/v3\/#\/schema\/logo\/image\/","url":"https:\/\/i0.wp.com\/gbnet.com.br\/v3\/wp-content\/uploads\/2018\/03\/logoGB-OK-e1521838575299.png?fit=120%2C122","contentUrl":"https:\/\/i0.wp.com\/gbnet.com.br\/v3\/wp-content\/uploads\/2018\/03\/logoGB-OK-e1521838575299.png?fit=120%2C122","width":120,"height":122,"caption":"GB Network & Print"},"image":{"@id":"http:\/\/gbnet.com.br\/v3\/#\/schema\/logo\/image\/"}}]}},"jetpack_sharing_enabled":true,"jetpack_shortlink":"https:\/\/wp.me\/Pagaz2-p6","jetpack-related-posts":[{"id":1558,"url":"http:\/\/gbnet.com.br\/v3\/codigo-de-barras-ean-8-gs1-8\/","url_meta":{"origin":1556,"position":0},"title":"C\u00f3digo de Barras Ean 8 \/ GS1 8","author":"","date":false,"format":false,"excerpt":"EAN\/UPC 8 Tamb\u00e9m utilizado para a codifica\u00e7\u00e3o de produtos de bens de consumo, traz em sua estrutura: os tr\u00eas primeiros d\u00edgitos que identificam o pa\u00eds de origem; os quatro seguintes identificam o produto; o \u00faltimo \u00e9 o d\u00edgito verificador. Essa vers\u00e3o \u00e9 somente utilizada em embalagens, que n\u00e3o tenham espa\u00e7o\u2026","rel":"","context":"Post similar","block_context":{"text":"Post similar","link":""},"img":{"alt_text":"fonte codigo de barras, c\u00f3digos de barras ean8, c\u00f3digo de barras upc8, EAN,EAN 08, C\u00f3digo de Barras ean8 , fonts, fonte PCL, fonte truetype, xerox, GS1, EAN 8, ean 8, gtin 8,GTIN 8, UCC 8, UPC 8, ucc 8, upc 8, itf 8, ITF 8, EAN-8, ean-8, gtin-8,GTIN-8, UCC-8, UPC-8, ucc-8, upc-8, itf-8, ITF-8","src":"https:\/\/i0.wp.com\/www.gbnet.com.br\/v2\/ean-8-gs1_codigo_barras_fonte_gbnet.fw.png?resize=350%2C200","width":350,"height":200},"classes":[]},{"id":1480,"url":"http:\/\/gbnet.com.br\/v3\/codigodebarras\/","url_meta":{"origin":1556,"position":1},"title":"Fonte de C\u00f3digo de Barras DUN 14 para Windows TTF, PCL, Xerox","author":"","date":false,"format":false,"excerpt":"A GB Network & Print \u00e9 uma empresa nacional l\u00edder em solu\u00e7\u00f5es de c\u00f3digos de barras para impressoras laser ou jato de tinta. Atuando no mercado desde 1995, as solu\u00e7\u00f5es da GB j\u00e1 foram implantadas em milhares de clientes no Brasil, desde microempresas at\u00e9 grandes corpora\u00e7\u00f5es. Selecione o modelo de\u2026","rel":"","context":"Post similar","block_context":{"text":"Post similar","link":""},"img":{"alt_text":"codigos barcodes","src":"https:\/\/i0.wp.com\/www.gbnet.com.br\/v2\/images\/code39_GB.gif?resize=350%2C200","width":350,"height":200},"classes":[]},{"id":1554,"url":"http:\/\/gbnet.com.br\/v3\/codigo-de-barras-dun-14-itf-14-gs1-14\/","url_meta":{"origin":1556,"position":2},"title":"C\u00f3digo de Barras Dun 14 \/ ITF 14 \/ GS1 14","author":"","date":false,"format":false,"excerpt":"DUN-14 DUN-14 \u00e9 um c\u00f3digo de barras, num\u00e9rico, utilizado internacionalmente. \u00e9 tamb\u00e9m conhecido como SCC 14 (Shipping Container Code), GS1-14, EAN\/UCC-14, DUN-14, EAN 14, UCC-14 ou c\u00f3digo de unidade de distribui\u00e7\u00e3o. Geralmente este c\u00f3digo destina-se as caixas e fardos dos produtos adquiridos pelo com\u00e9rcio, como por exemplo nos supermercados e\u2026","rel":"","context":"Post similar","block_context":{"text":"Post similar","link":""},"img":{"alt_text":"codigo de barras DUN14, codigo de barras EAN14 , c\u00f3digos de barras EAN 14, c\u00f3digo de barras DUN 14, BARCODE EAN 14, BARCODE DUN 14, fonte truetype, Shipping Container Code, C\u00f3digo de barras container, DUN 14, dun14, fonte dun14, codigo barras dun14, GS1, EAN 14, ean 14, gtin 14,GTIN 14, UCC 14, UPC 14, ucc 14, upc 14, itf 14, ITF 14, EAN-14, ean-14, gtin-14,GTIN-14, UCC-14, UPC-14, ucc-14, upc-14, itf-14, ITF-14","src":"https:\/\/i0.wp.com\/www.gbnet.com.br\/v2\/fonte_itf_dun_14_codigo_barras_gbnet_ttf_380.fw.png?resize=350%2C200","width":350,"height":200},"classes":[]},{"id":2492,"url":"http:\/\/gbnet.com.br\/v3\/comprar-fonte-de-codigo-de-barras\/","url_meta":{"origin":1556,"position":3},"title":"Como comprar nossa fonte de c\u00f3digo de barras","author":"","date":false,"format":false,"excerpt":"Comprar fontes de c\u00f3digos de barras intercalado 2 de 5, FEBRABAN, Interleaved 2 of 5, code 128, code39, QR-code, CMC7, et","rel":"","context":"Post similar","block_context":{"text":"Post similar","link":""},"img":{"alt_text":"","src":"https:\/\/i0.wp.com\/gbnet.com.br\/v3\/wp-content\/uploads\/2022\/08\/formas_pagamento_fontes_codigo_barra_gb-com-paypal.png?resize=350%2C200","width":350,"height":200,"srcset":"https:\/\/i0.wp.com\/gbnet.com.br\/v3\/wp-content\/uploads\/2022\/08\/formas_pagamento_fontes_codigo_barra_gb-com-paypal.png?resize=350%2C200 1x, https:\/\/i0.wp.com\/gbnet.com.br\/v3\/wp-content\/uploads\/2022\/08\/formas_pagamento_fontes_codigo_barra_gb-com-paypal.png?resize=525%2C300 1.5x, https:\/\/i0.wp.com\/gbnet.com.br\/v3\/wp-content\/uploads\/2022\/08\/formas_pagamento_fontes_codigo_barra_gb-com-paypal.png?resize=700%2C400 2x"},"classes":[]},{"id":1549,"url":"http:\/\/gbnet.com.br\/v3\/codigo-de-barras-code-128-gs1-128\/","url_meta":{"origin":1556,"position":4},"title":"C\u00f3digo de Barras Code 128 \/ GS1-128","author":"","date":false,"format":false,"excerpt":"Fonte de c\u00f3digo de barras GS1 128 \u00e9 tamb\u00e9m conhecido como EAN 128, UPC 128 ou CODE 128. Formatos Windows Truetype (TTF), PCL Laser Jet fonts, compat\u00edveis com impressoras laser PCL5, Postscript","rel":"","context":"Post similar","block_context":{"text":"Post similar","link":""},"img":{"alt_text":"comprar fonte ean 128 gs1","src":"https:\/\/i0.wp.com\/gbnet.com.br\/v2\/comprar-2.png?resize=350%2C200","width":350,"height":200},"classes":[]},{"id":1560,"url":"http:\/\/gbnet.com.br\/v3\/codigo-de-barras-intercalado-2-de-5\/","url_meta":{"origin":1556,"position":5},"title":"C\u00f3digo de Barras Intercalado 2 de 5 FEBRABAN","author":"","date":false,"format":false,"excerpt":"O INTERCALADO 2 DE 5 \u00e9 o c\u00f3digo de barras padr\u00e3o da FEBRABAN no Brasil para utiliza\u00e7\u00e3o em boletos banc\u00e1rios e documentos de cobran\u00e7a. Este \u00e9 um c\u00f3digo de barras num\u00e9rico usado para codifica\u00e7\u00e3o de pares de n\u00fameros em um formato de c\u00f3digo de barras de alta densidade. Cada par\u2026","rel":"","context":"Post similar","block_context":{"text":"Post similar","link":""},"img":{"alt_text":"","src":"https:\/\/i0.wp.com\/gbnet.com.br\/v3\/wp-content\/uploads\/2022\/10\/Geracao-codigo-de-barras-caso-sucesso-fontes-bardimm-vdp-pcl-julho-22.jpg?resize=350%2C200","width":350,"height":200,"srcset":"https:\/\/i0.wp.com\/gbnet.com.br\/v3\/wp-content\/uploads\/2022\/10\/Geracao-codigo-de-barras-caso-sucesso-fontes-bardimm-vdp-pcl-julho-22.jpg?resize=350%2C200 1x, https:\/\/i0.wp.com\/gbnet.com.br\/v3\/wp-content\/uploads\/2022\/10\/Geracao-codigo-de-barras-caso-sucesso-fontes-bardimm-vdp-pcl-julho-22.jpg?resize=525%2C300 1.5x, https:\/\/i0.wp.com\/gbnet.com.br\/v3\/wp-content\/uploads\/2022\/10\/Geracao-codigo-de-barras-caso-sucesso-fontes-bardimm-vdp-pcl-julho-22.jpg?resize=700%2C400 2x, https:\/\/i0.wp.com\/gbnet.com.br\/v3\/wp-content\/uploads\/2022\/10\/Geracao-codigo-de-barras-caso-sucesso-fontes-bardimm-vdp-pcl-julho-22.jpg?resize=1050%2C600 3x"},"classes":[]}],"_links":{"self":[{"href":"http:\/\/gbnet.com.br\/v3\/wp-json\/wp\/v2\/pages\/1556","targetHints":{"allow":["GET"]}}],"collection":[{"href":"http:\/\/gbnet.com.br\/v3\/wp-json\/wp\/v2\/pages"}],"about":[{"href":"http:\/\/gbnet.com.br\/v3\/wp-json\/wp\/v2\/types\/page"}],"author":[{"embeddable":true,"href":"http:\/\/gbnet.com.br\/v3\/wp-json\/wp\/v2\/users\/1"}],"replies":[{"embeddable":true,"href":"http:\/\/gbnet.com.br\/v3\/wp-json\/wp\/v2\/comments?post=1556"}],"version-history":[{"count":5,"href":"http:\/\/gbnet.com.br\/v3\/wp-json\/wp\/v2\/pages\/1556\/revisions"}],"predecessor-version":[{"id":2513,"href":"http:\/\/gbnet.com.br\/v3\/wp-json\/wp\/v2\/pages\/1556\/revisions\/2513"}],"wp:attachment":[{"href":"http:\/\/gbnet.com.br\/v3\/wp-json\/wp\/v2\/media?parent=1556"}],"curies":[{"name":"wp","href":"https:\/\/api.w.org\/{rel}","templated":true}]}}