{"id":1560,"date":"2018-07-16T13:21:38","date_gmt":"2018-07-16T16:21:38","guid":{"rendered":"http:\/\/gbnet.com.br\/v3\/?page_id=1560"},"modified":"2022-11-15T20:37:32","modified_gmt":"2022-11-15T23:37:32","slug":"codigo-de-barras-intercalado-2-de-5","status":"publish","type":"page","link":"http:\/\/gbnet.com.br\/v3\/codigo-de-barras-intercalado-2-de-5\/","title":{"rendered":"C\u00f3digo de Barras Intercalado 2 de 5 FEBRABAN"},"content":{"rendered":"\n<p class=\"has-text-align-left\">O INTERCALADO 2 DE 5 \u00e9 o c\u00f3digo de barras padr\u00e3o da FEBRABAN no Brasil para utiliza\u00e7\u00e3o em boletos banc\u00e1rios e documentos de cobran\u00e7a. Este \u00e9 um c\u00f3digo de barras num\u00e9rico usado para codifica\u00e7\u00e3o de pares de n\u00fameros em um formato de c\u00f3digo de barras de alta densidade. Cada par num\u00e9rico \u00e9 convertido em 5 barras.<\/p>\n\n\n<div class=\"wp-block-image\">\n<figure class=\"aligncenter\"><img data-recalc-dims=\"1\" decoding=\"async\" src=\"https:\/\/i0.wp.com\/www.gbnet.com.br\/v2\/fonte_codigo_barras_intercalado_2_de_5_ttf_febraban_gbnet.fw.png?w=1140\" alt=\"codigo de barras code 128, c\u00f3digos de barras ean128, c\u00f3digo de barras, EAN, EAN 128, danfe, dacte, CTe, NFe, NF e, CT e, code 128, codigo 128, barcode,barcode 128 Subset C, c\u00f3digo de barras 128 Subset C, fonts, fonte PCL, fonte truetype, xerox, GS1-128, GS1 128\"\/><figcaption class=\"wp-element-caption\">INTERCALADO 2 DE 5 (FEBRABAN)<\/figcaption><\/figure>\n<\/div>\n\n\n<p>Este c\u00f3digo de barras foi projetado para que os caracteres possuam uma auto checagem, eliminando a exig\u00eancia de caracteres de verifica\u00e7\u00e3o. A verifica\u00e7\u00e3o pode ser adicionada como \u00faltimo d\u00edgito, mas neste caso o c\u00f3digo a ser convertido ser\u00e1 um n\u00famero \u00edmpar de caracteres.<br>\u00c9 utilizado em armaz\u00e9ns e em toda a cadeia de fornecimento global. Em transporte de mercadorias, formul\u00e1rios, faturas, conhecimentos de embarque, em recipientes, embalagens de papel\u00e3o ondulado, caixas e pallets.<br>Ele tamb\u00e9m \u00e9 utilizado em laborat\u00f3rios e pela ind\u00fastria m\u00e9dica.<\/p>\n\n\n\n<p><span class=\"Subtitulo\">A GB \u00e9 lider no mercado brasileiro em solu\u00e7\u00f5es para gera\u00e7\u00e3o e impress\u00e3o do C\u00f3digo de Barras no modelo Intercalado 2 de 5:<\/span><\/p>\n\n\n\n<p>1. Fontes de c\u00f3digo de barras nos formatos:<\/p>\n\n\n\n<ul class=\"wp-block-list\">\n<li>Windows Truetype (TTF) com ou sem convers\u00e3o via DLL;<\/li>\n\n\n\n<li>Fonte Truetype compat\u00edvel com <strong>Oracle Reports<\/strong>;<\/li>\n\n\n\n<li>PCL Laser Jet fonts, compat\u00edveis com impressoras laser PCL5;<\/li>\n\n\n\n<li>Postscript (PS) Adobe;<\/li>\n\n\n\n<li>Fontes em outros formatos: AFP, Open Type<\/li>\n<\/ul>\n\n\n\n<p><strong>Para solicitar uma DEMO<\/strong> <a href=\"http:\/\/gbnet.com.br\/v3\/contato\/\">clique aqui<\/a>.<\/p>\n\n\n\n<p><span class=\"TextoNormal\">2.&nbsp;<a href=\"http:\/\/gbnet.com.br\/v3\/modulos-para-impressao-de-codigo-de-barras\/\">BarDIMM: M\u00f3dulos inteligentes de c\u00f3digos de Barras para SAP e outros ERPs;<\/a><\/span><\/p>\n\n\n\n<p>3. Solu\u00e7\u00f5es de software que podem inserir c\u00f3digos de barras em documentos ou arquivos que devem ser impressos.<\/p>\n\n\n<div class=\"wp-block-image\">\n<figure class=\"aligncenter\"><a href=\"http:\/\/gbnet.com.br\/v3\/comprar-fonte-de-codigo-de-barras\/\" target=\"_blank\" rel=\"noopener\"><img data-recalc-dims=\"1\" decoding=\"async\" src=\"https:\/\/i0.wp.com\/gbnet.com.br\/v2\/comprar-2.png?w=1140\" alt=\"comprar fonte ean 128 gs1\"\/><\/a><\/figure>\n<\/div>\n\n\n<p>Veja alguns casos de sucesso de clientes que hoje geram c\u00f3digos de barras com nossas solu\u00e7\u00f5es:<\/p>\n\n\n<div class=\"wp-block-image\">\n<figure class=\"aligncenter size-large\"><img data-recalc-dims=\"1\" loading=\"lazy\" decoding=\"async\" width=\"1024\" height=\"576\" data-attachment-id=\"2550\" data-permalink=\"http:\/\/gbnet.com.br\/v3\/codigo-de-barras-intercalado-2-de-5\/attachment\/geracao-codigo-de-barras-caso-sucesso-fontes-bardimm-vdp-pcl-julho-22\/\" data-orig-file=\"https:\/\/i0.wp.com\/gbnet.com.br\/v3\/wp-content\/uploads\/2022\/10\/Geracao-codigo-de-barras-caso-sucesso-fontes-bardimm-vdp-pcl-julho-22.jpg?fit=1280%2C720\" data-orig-size=\"1280,720\" data-comments-opened=\"1\" data-image-meta=\"{&quot;aperture&quot;:&quot;0&quot;,&quot;credit&quot;:&quot;&quot;,&quot;camera&quot;:&quot;&quot;,&quot;caption&quot;:&quot;&quot;,&quot;created_timestamp&quot;:&quot;0&quot;,&quot;copyright&quot;:&quot;&quot;,&quot;focal_length&quot;:&quot;0&quot;,&quot;iso&quot;:&quot;0&quot;,&quot;shutter_speed&quot;:&quot;0&quot;,&quot;title&quot;:&quot;&quot;,&quot;orientation&quot;:&quot;0&quot;}\" data-image-title=\"Geracao-codigo-de-barras-caso-sucesso-fontes-bardimm-vdp-pcl-julho-22\" data-image-description=\"\" data-image-caption=\"\" data-large-file=\"https:\/\/i0.wp.com\/gbnet.com.br\/v3\/wp-content\/uploads\/2022\/10\/Geracao-codigo-de-barras-caso-sucesso-fontes-bardimm-vdp-pcl-julho-22.jpg?fit=1024%2C576\" src=\"https:\/\/i0.wp.com\/gbnet.com.br\/v3\/wp-content\/uploads\/2022\/10\/Geracao-codigo-de-barras-caso-sucesso-fontes-bardimm-vdp-pcl-julho-22.jpg?resize=1024%2C576\" alt=\"\" class=\"wp-image-2550\" srcset=\"https:\/\/i0.wp.com\/gbnet.com.br\/v3\/wp-content\/uploads\/2022\/10\/Geracao-codigo-de-barras-caso-sucesso-fontes-bardimm-vdp-pcl-julho-22.jpg?resize=1024%2C576 1024w, https:\/\/i0.wp.com\/gbnet.com.br\/v3\/wp-content\/uploads\/2022\/10\/Geracao-codigo-de-barras-caso-sucesso-fontes-bardimm-vdp-pcl-julho-22.jpg?resize=300%2C169 300w, https:\/\/i0.wp.com\/gbnet.com.br\/v3\/wp-content\/uploads\/2022\/10\/Geracao-codigo-de-barras-caso-sucesso-fontes-bardimm-vdp-pcl-julho-22.jpg?resize=768%2C432 768w, https:\/\/i0.wp.com\/gbnet.com.br\/v3\/wp-content\/uploads\/2022\/10\/Geracao-codigo-de-barras-caso-sucesso-fontes-bardimm-vdp-pcl-julho-22.jpg?resize=540%2C304 540w, https:\/\/i0.wp.com\/gbnet.com.br\/v3\/wp-content\/uploads\/2022\/10\/Geracao-codigo-de-barras-caso-sucesso-fontes-bardimm-vdp-pcl-julho-22.jpg?resize=360%2C204 360w, https:\/\/i0.wp.com\/gbnet.com.br\/v3\/wp-content\/uploads\/2022\/10\/Geracao-codigo-de-barras-caso-sucesso-fontes-bardimm-vdp-pcl-julho-22.jpg?w=1280 1280w\" sizes=\"auto, (max-width: 1024px) 100vw, 1024px\" \/><\/figure>\n<\/div>","protected":false},"excerpt":{"rendered":"<p>O INTERCALADO 2 DE 5 \u00e9 o c\u00f3digo de barras padr\u00e3o da FEBRABAN no Brasil para utiliza\u00e7\u00e3o em boletos banc\u00e1rios e documentos de cobran\u00e7a. Este \u00e9 um c\u00f3digo de barras num\u00e9rico usado para codifica\u00e7\u00e3o de pares de n\u00fameros em um formato de c\u00f3digo de barras de alta densidade. Cada par num\u00e9rico \u00e9 convertido em 5 &hellip;<\/p>\n","protected":false},"author":1,"featured_media":0,"parent":0,"menu_order":0,"comment_status":"closed","ping_status":"closed","template":"","meta":{"_acf_changed":false,"jetpack_post_was_ever_published":false,"_joinchat":[],"footnotes":""},"class_list":["post-1560","page","type-page","status-publish","hentry"],"acf":[],"yoast_head":"<!-- This site is optimized with the Yoast SEO plugin v27.5 - https:\/\/yoast.com\/product\/yoast-seo-wordpress\/ -->\n<title>C\u00f3digo de Barras Intercalado 2 de 5 FEBRABAN -<\/title>\n<meta name=\"description\" content=\"Compre sua fonte de c\u00f3digo de barras intercalado 2 de 5 Febraban no padr\u00e3o true type windows\" \/>\n<meta name=\"robots\" content=\"index, follow, max-snippet:-1, max-image-preview:large, max-video-preview:-1\" \/>\n<link rel=\"canonical\" href=\"https:\/\/gbnet.com.br\/v3\/codigo-de-barras-intercalado-2-de-5\/\" \/>\n<meta property=\"og:locale\" content=\"pt_BR\" \/>\n<meta property=\"og:type\" content=\"article\" \/>\n<meta property=\"og:title\" content=\"C\u00f3digo de Barras Intercalado 2 de 5 FEBRABAN -\" \/>\n<meta property=\"og:description\" content=\"Compre sua fonte de c\u00f3digo de barras intercalado 2 de 5 Febraban no padr\u00e3o true type windows\" \/>\n<meta property=\"og:url\" content=\"https:\/\/gbnet.com.br\/v3\/codigo-de-barras-intercalado-2-de-5\/\" \/>\n<meta property=\"article:modified_time\" content=\"2022-11-15T23:37:32+00:00\" \/>\n<meta property=\"og:image\" content=\"http:\/\/www.gbnet.com.br\/v2\/fonte_codigo_barras_intercalado_2_de_5_ttf_febraban_gbnet.fw.png\" \/>\n<meta name=\"twitter:card\" content=\"summary_large_image\" \/>\n<meta name=\"twitter:label1\" content=\"Est. tempo de leitura\" \/>\n\t<meta name=\"twitter:data1\" content=\"3 minutos\" \/>\n<script type=\"application\/ld+json\" class=\"yoast-schema-graph\">{\"@context\":\"https:\\\/\\\/schema.org\",\"@graph\":[{\"@type\":\"WebPage\",\"@id\":\"https:\\\/\\\/gbnet.com.br\\\/v3\\\/codigo-de-barras-intercalado-2-de-5\\\/\",\"url\":\"https:\\\/\\\/gbnet.com.br\\\/v3\\\/codigo-de-barras-intercalado-2-de-5\\\/\",\"name\":\"C\u00f3digo de Barras Intercalado 2 de 5 FEBRABAN -\",\"isPartOf\":{\"@id\":\"http:\\\/\\\/gbnet.com.br\\\/v3\\\/#website\"},\"primaryImageOfPage\":{\"@id\":\"https:\\\/\\\/gbnet.com.br\\\/v3\\\/codigo-de-barras-intercalado-2-de-5\\\/#primaryimage\"},\"image\":{\"@id\":\"https:\\\/\\\/gbnet.com.br\\\/v3\\\/codigo-de-barras-intercalado-2-de-5\\\/#primaryimage\"},\"thumbnailUrl\":\"http:\\\/\\\/www.gbnet.com.br\\\/v2\\\/fonte_codigo_barras_intercalado_2_de_5_ttf_febraban_gbnet.fw.png\",\"datePublished\":\"2018-07-16T16:21:38+00:00\",\"dateModified\":\"2022-11-15T23:37:32+00:00\",\"description\":\"Compre sua fonte de c\u00f3digo de barras intercalado 2 de 5 Febraban no padr\u00e3o true type windows\",\"breadcrumb\":{\"@id\":\"https:\\\/\\\/gbnet.com.br\\\/v3\\\/codigo-de-barras-intercalado-2-de-5\\\/#breadcrumb\"},\"inLanguage\":\"pt-BR\",\"potentialAction\":[{\"@type\":\"ReadAction\",\"target\":[\"https:\\\/\\\/gbnet.com.br\\\/v3\\\/codigo-de-barras-intercalado-2-de-5\\\/\"]}]},{\"@type\":\"ImageObject\",\"inLanguage\":\"pt-BR\",\"@id\":\"https:\\\/\\\/gbnet.com.br\\\/v3\\\/codigo-de-barras-intercalado-2-de-5\\\/#primaryimage\",\"url\":\"http:\\\/\\\/www.gbnet.com.br\\\/v2\\\/fonte_codigo_barras_intercalado_2_de_5_ttf_febraban_gbnet.fw.png\",\"contentUrl\":\"http:\\\/\\\/www.gbnet.com.br\\\/v2\\\/fonte_codigo_barras_intercalado_2_de_5_ttf_febraban_gbnet.fw.png\"},{\"@type\":\"BreadcrumbList\",\"@id\":\"https:\\\/\\\/gbnet.com.br\\\/v3\\\/codigo-de-barras-intercalado-2-de-5\\\/#breadcrumb\",\"itemListElement\":[{\"@type\":\"ListItem\",\"position\":1,\"name\":\"In\u00edcio\",\"item\":\"http:\\\/\\\/gbnet.com.br\\\/v3\\\/\"},{\"@type\":\"ListItem\",\"position\":2,\"name\":\"C\u00f3digo de Barras Intercalado 2 de 5 FEBRABAN\"}]},{\"@type\":\"WebSite\",\"@id\":\"http:\\\/\\\/gbnet.com.br\\\/v3\\\/#website\",\"url\":\"http:\\\/\\\/gbnet.com.br\\\/v3\\\/\",\"name\":\"\",\"description\":\"Transformamos dados em informa\u00e7\u00f5es - GB Network &amp; Print\",\"publisher\":{\"@id\":\"http:\\\/\\\/gbnet.com.br\\\/v3\\\/#organization\"},\"potentialAction\":[{\"@type\":\"SearchAction\",\"target\":{\"@type\":\"EntryPoint\",\"urlTemplate\":\"http:\\\/\\\/gbnet.com.br\\\/v3\\\/?s={search_term_string}\"},\"query-input\":{\"@type\":\"PropertyValueSpecification\",\"valueRequired\":true,\"valueName\":\"search_term_string\"}}],\"inLanguage\":\"pt-BR\"},{\"@type\":\"Organization\",\"@id\":\"http:\\\/\\\/gbnet.com.br\\\/v3\\\/#organization\",\"name\":\"GB Network & Print\",\"url\":\"http:\\\/\\\/gbnet.com.br\\\/v3\\\/\",\"logo\":{\"@type\":\"ImageObject\",\"inLanguage\":\"pt-BR\",\"@id\":\"http:\\\/\\\/gbnet.com.br\\\/v3\\\/#\\\/schema\\\/logo\\\/image\\\/\",\"url\":\"https:\\\/\\\/i0.wp.com\\\/gbnet.com.br\\\/v3\\\/wp-content\\\/uploads\\\/2018\\\/03\\\/logoGB-OK-e1521838575299.png?fit=120%2C122\",\"contentUrl\":\"https:\\\/\\\/i0.wp.com\\\/gbnet.com.br\\\/v3\\\/wp-content\\\/uploads\\\/2018\\\/03\\\/logoGB-OK-e1521838575299.png?fit=120%2C122\",\"width\":120,\"height\":122,\"caption\":\"GB Network & Print\"},\"image\":{\"@id\":\"http:\\\/\\\/gbnet.com.br\\\/v3\\\/#\\\/schema\\\/logo\\\/image\\\/\"}}]}<\/script>\n<!-- \/ Yoast SEO plugin. -->","yoast_head_json":{"title":"C\u00f3digo de Barras Intercalado 2 de 5 FEBRABAN -","description":"Compre sua fonte de c\u00f3digo de barras intercalado 2 de 5 Febraban no padr\u00e3o true type windows","robots":{"index":"index","follow":"follow","max-snippet":"max-snippet:-1","max-image-preview":"max-image-preview:large","max-video-preview":"max-video-preview:-1"},"canonical":"https:\/\/gbnet.com.br\/v3\/codigo-de-barras-intercalado-2-de-5\/","og_locale":"pt_BR","og_type":"article","og_title":"C\u00f3digo de Barras Intercalado 2 de 5 FEBRABAN -","og_description":"Compre sua fonte de c\u00f3digo de barras intercalado 2 de 5 Febraban no padr\u00e3o true type windows","og_url":"https:\/\/gbnet.com.br\/v3\/codigo-de-barras-intercalado-2-de-5\/","article_modified_time":"2022-11-15T23:37:32+00:00","og_image":[{"url":"http:\/\/www.gbnet.com.br\/v2\/fonte_codigo_barras_intercalado_2_de_5_ttf_febraban_gbnet.fw.png","type":"","width":"","height":""}],"twitter_card":"summary_large_image","twitter_misc":{"Est. tempo de leitura":"3 minutos"},"schema":{"@context":"https:\/\/schema.org","@graph":[{"@type":"WebPage","@id":"https:\/\/gbnet.com.br\/v3\/codigo-de-barras-intercalado-2-de-5\/","url":"https:\/\/gbnet.com.br\/v3\/codigo-de-barras-intercalado-2-de-5\/","name":"C\u00f3digo de Barras Intercalado 2 de 5 FEBRABAN -","isPartOf":{"@id":"http:\/\/gbnet.com.br\/v3\/#website"},"primaryImageOfPage":{"@id":"https:\/\/gbnet.com.br\/v3\/codigo-de-barras-intercalado-2-de-5\/#primaryimage"},"image":{"@id":"https:\/\/gbnet.com.br\/v3\/codigo-de-barras-intercalado-2-de-5\/#primaryimage"},"thumbnailUrl":"http:\/\/www.gbnet.com.br\/v2\/fonte_codigo_barras_intercalado_2_de_5_ttf_febraban_gbnet.fw.png","datePublished":"2018-07-16T16:21:38+00:00","dateModified":"2022-11-15T23:37:32+00:00","description":"Compre sua fonte de c\u00f3digo de barras intercalado 2 de 5 Febraban no padr\u00e3o true type windows","breadcrumb":{"@id":"https:\/\/gbnet.com.br\/v3\/codigo-de-barras-intercalado-2-de-5\/#breadcrumb"},"inLanguage":"pt-BR","potentialAction":[{"@type":"ReadAction","target":["https:\/\/gbnet.com.br\/v3\/codigo-de-barras-intercalado-2-de-5\/"]}]},{"@type":"ImageObject","inLanguage":"pt-BR","@id":"https:\/\/gbnet.com.br\/v3\/codigo-de-barras-intercalado-2-de-5\/#primaryimage","url":"http:\/\/www.gbnet.com.br\/v2\/fonte_codigo_barras_intercalado_2_de_5_ttf_febraban_gbnet.fw.png","contentUrl":"http:\/\/www.gbnet.com.br\/v2\/fonte_codigo_barras_intercalado_2_de_5_ttf_febraban_gbnet.fw.png"},{"@type":"BreadcrumbList","@id":"https:\/\/gbnet.com.br\/v3\/codigo-de-barras-intercalado-2-de-5\/#breadcrumb","itemListElement":[{"@type":"ListItem","position":1,"name":"In\u00edcio","item":"http:\/\/gbnet.com.br\/v3\/"},{"@type":"ListItem","position":2,"name":"C\u00f3digo de Barras Intercalado 2 de 5 FEBRABAN"}]},{"@type":"WebSite","@id":"http:\/\/gbnet.com.br\/v3\/#website","url":"http:\/\/gbnet.com.br\/v3\/","name":"","description":"Transformamos dados em informa\u00e7\u00f5es - GB Network &amp; Print","publisher":{"@id":"http:\/\/gbnet.com.br\/v3\/#organization"},"potentialAction":[{"@type":"SearchAction","target":{"@type":"EntryPoint","urlTemplate":"http:\/\/gbnet.com.br\/v3\/?s={search_term_string}"},"query-input":{"@type":"PropertyValueSpecification","valueRequired":true,"valueName":"search_term_string"}}],"inLanguage":"pt-BR"},{"@type":"Organization","@id":"http:\/\/gbnet.com.br\/v3\/#organization","name":"GB Network & Print","url":"http:\/\/gbnet.com.br\/v3\/","logo":{"@type":"ImageObject","inLanguage":"pt-BR","@id":"http:\/\/gbnet.com.br\/v3\/#\/schema\/logo\/image\/","url":"https:\/\/i0.wp.com\/gbnet.com.br\/v3\/wp-content\/uploads\/2018\/03\/logoGB-OK-e1521838575299.png?fit=120%2C122","contentUrl":"https:\/\/i0.wp.com\/gbnet.com.br\/v3\/wp-content\/uploads\/2018\/03\/logoGB-OK-e1521838575299.png?fit=120%2C122","width":120,"height":122,"caption":"GB Network & Print"},"image":{"@id":"http:\/\/gbnet.com.br\/v3\/#\/schema\/logo\/image\/"}}]}},"jetpack_sharing_enabled":true,"jetpack_shortlink":"https:\/\/wp.me\/Pagaz2-pa","jetpack-related-posts":[{"id":1570,"url":"http:\/\/gbnet.com.br\/v3\/codigo-de-barras-qrcode\/","url_meta":{"origin":1560,"position":0},"title":"C\u00f3digo de Barras QRCode","author":"","date":false,"format":false,"excerpt":"QRCODE O C\u00f3digo de barras QR\u00a0CODE \u00e9 um c\u00f3digo de barras bidimensional que pode ser facilmente escaneado usando a maioria dos celulares modernos equipados com c\u00e2mera. Esse c\u00f3digo \u00e9 convertido num peda\u00e7o de texto (interativo), um endere\u00e7o\u00a0URL, um n\u00famero de telefone, uma localiza\u00e7\u00e3o\u00a0georreferenciada, um e-mail, um contato ou um SMS.\u2026","rel":"","context":"Post similar","block_context":{"text":"Post similar","link":""},"img":{"alt_text":"codigo de barras boleto, codigo de barras febraban, barcode febraban, c\u00f3digos de barras, c\u00f3digo de barras, Interleaved 2 of 5, Febraban, Intercalado 2 de 5, c\u00f3digo de barras de boleto banc\u00e1rio, barcode boleto banc\u00e1rio, I 2 de 5, I 2 of 5, I2 de 5, I2 of 5, c\u00f3digo de barras febraban, c\u00f3digo do boleto","src":"https:\/\/i0.wp.com\/www.gbnet.com.br\/v2\/images\/barcode_qrcode.png?resize=350%2C200","width":350,"height":200},"classes":[]},{"id":1566,"url":"http:\/\/gbnet.com.br\/v3\/codigo-de-barras-aztec\/","url_meta":{"origin":1560,"position":1},"title":"C\u00f3digo de Barras AZTEC","author":"","date":false,"format":false,"excerpt":"AZTEC O c\u00f3digo de barras bidimensional (2D) Aztec\u00a0\u00e9 um tipo de\u00a0c\u00f3digo de barras\u00a0em\u00a0matriz bidimensional\u00a0de\u00a0dom\u00ednio p\u00fablico. O s\u00edmbolo \u00e9 constru\u00eddo numa grelha quadrada com um padr\u00e3o \"olho de boi\" ao centro para coloca\u00e7\u00e3o do c\u00f3digo. Os\u00a0dados\u00a0s\u00e3o codificados numa s\u00e9rie de c\u00edrculos ao redor do padr\u00e3o olho de boi. Cada c\u00edrculo adicional\u2026","rel":"","context":"Post similar","block_context":{"text":"Post similar","link":""},"img":{"alt_text":"codigo de barras boleto, codigo de barras febraban, barcode febraban, c\u00f3digos de barras, c\u00f3digo de barras, Interleaved 2 of 5, Febraban, Intercalado 2 de 5, c\u00f3digo de barras de boleto banc\u00e1rio, barcode boleto banc\u00e1rio, I 2 de 5, I 2 of 5, I2 de 5, I2 of 5, c\u00f3digo de barras febraban, c\u00f3digo do boleto","src":"https:\/\/i0.wp.com\/www.gbnet.com.br\/v2\/images\/barcode_aztec.png?resize=350%2C200","width":350,"height":200},"classes":[]},{"id":1547,"url":"http:\/\/gbnet.com.br\/v3\/codigo-de-barras-codabar\/","url_meta":{"origin":1560,"position":2},"title":"C\u00f3digo de Barras Codabar","author":"","date":false,"format":false,"excerpt":"CODABAR O c\u00f3digo de barras Codabar foi desenvolvido em 1972 pela Pitney Bowes, Inc. \u00c9 uma simbologia que permite codificar 16 caracteres diferentes, mais uns quatro caracteres adicionais. Tamb\u00e9m conhecido pelos termos ABC Codabar, CodaBar, USD-4, NW-7, Code 2 of 7, Monarch, Code-27, Ames code, Rationalized Codabar, 2 of 7\u2026","rel":"","context":"Post similar","block_context":{"text":"Post similar","link":""},"img":{"alt_text":"codigo de barras boleto, codigo de barras febraban, barcode febraban, c\u00f3digos de barras, c\u00f3digo de barras, Interleaved 2 of 5, Febraban, Intercalado 2 de 5, c\u00f3digo de barras de boleto banc\u00e1rio, barcode boleto banc\u00e1rio, I 2 de 5, I 2 of 5, I2 de 5, I2 of 5, c\u00f3digo de barras febraban, c\u00f3digo do boleto","src":"https:\/\/i0.wp.com\/gbnet.com.br\/v2\/images\/barcode_codabar.png?resize=350%2C200","width":350,"height":200},"classes":[]},{"id":1568,"url":"http:\/\/gbnet.com.br\/v3\/codigo-de-barras-datamatrix\/","url_meta":{"origin":1560,"position":3},"title":"C\u00f3digo de Barras DataMatrix","author":"","date":false,"format":false,"excerpt":"DATAMATRIX DataMatrix \u00e9 uma simbologia de c\u00f3digo de barras 2D (bidimensional) e que pode armazenar at\u00e9 cerca de 2.000 caracteres. Tamb\u00e9m conhecido por Data Matrix, ECC200 (terminologias em ingl\u00eas). A vers\u00e3o DataMatrix ECC200 suporta a verifica\u00e7\u00e3o de erros de codifica\u00e7\u00e3o avan\u00e7ada e algoritmos de corre\u00e7\u00e3o (reed-solomon). Esses algoritmos permitem o\u2026","rel":"","context":"Post similar","block_context":{"text":"Post similar","link":""},"img":{"alt_text":"codigo de barras boleto, codigo de barras febraban, barcode febraban, c\u00f3digos de barras, c\u00f3digo de barras, Interleaved 2 of 5, Febraban, Intercalado 2 de 5, c\u00f3digo de barras de boleto banc\u00e1rio, barcode boleto banc\u00e1rio, I 2 de 5, I 2 of 5, I2 de 5, I2 of 5, c\u00f3digo de barras febraban, c\u00f3digo do boleto","src":"https:\/\/i0.wp.com\/www.gbnet.com.br\/v2\/images\/codigo_de_barras_fontes_DATAMATRIX-gb.png?resize=350%2C200","width":350,"height":200},"classes":[]},{"id":2492,"url":"http:\/\/gbnet.com.br\/v3\/comprar-fonte-de-codigo-de-barras\/","url_meta":{"origin":1560,"position":4},"title":"Como comprar nossa fonte de c\u00f3digo de barras","author":"","date":false,"format":false,"excerpt":"Comprar fontes de c\u00f3digos de barras intercalado 2 de 5, FEBRABAN, Interleaved 2 of 5, code 128, code39, QR-code, CMC7, et","rel":"","context":"Post similar","block_context":{"text":"Post similar","link":""},"img":{"alt_text":"","src":"https:\/\/i0.wp.com\/gbnet.com.br\/v3\/wp-content\/uploads\/2022\/08\/formas_pagamento_fontes_codigo_barra_gb-com-paypal.png?resize=350%2C200","width":350,"height":200,"srcset":"https:\/\/i0.wp.com\/gbnet.com.br\/v3\/wp-content\/uploads\/2022\/08\/formas_pagamento_fontes_codigo_barra_gb-com-paypal.png?resize=350%2C200 1x, https:\/\/i0.wp.com\/gbnet.com.br\/v3\/wp-content\/uploads\/2022\/08\/formas_pagamento_fontes_codigo_barra_gb-com-paypal.png?resize=525%2C300 1.5x, https:\/\/i0.wp.com\/gbnet.com.br\/v3\/wp-content\/uploads\/2022\/08\/formas_pagamento_fontes_codigo_barra_gb-com-paypal.png?resize=700%2C400 2x"},"classes":[]},{"id":2206,"url":"http:\/\/gbnet.com.br\/v3\/bardimm-solucao-para-impressao-de-codigo-de-barras-no-sap-windows-oracle-e-outros-erps\/","url_meta":{"origin":1560,"position":5},"title":"BarDIMM solu\u00e7\u00e3o para impress\u00e3o de c\u00f3digo de barras no SAP, Windows, Oracle e outros ERPs","author":"","date":false,"format":false,"excerpt":"As solu\u00e7\u00f5es Jetmobile BarDIMM Pro e BarDIMM Box s\u00e3o solu\u00e7\u00f5es de c\u00f3digos de barras inteligentes, independentes de plataforma, para impressoras a laser, copiadoras e impressoras a jato de tinta compat\u00edveis com PCL5. Permite imprimir c\u00f3digos de barras no SAP, Windows e outros ERPs com muita facilidade, sem usar nenhum middleware.\u2026","rel":"","context":"Post similar","block_context":{"text":"Post similar","link":""},"img":{"alt_text":"","src":"https:\/\/i0.wp.com\/gbnet.com.br\/v3\/wp-content\/uploads\/2020\/09\/Barcode.jpg?resize=350%2C200","width":350,"height":200,"srcset":"https:\/\/i0.wp.com\/gbnet.com.br\/v3\/wp-content\/uploads\/2020\/09\/Barcode.jpg?resize=350%2C200 1x, https:\/\/i0.wp.com\/gbnet.com.br\/v3\/wp-content\/uploads\/2020\/09\/Barcode.jpg?resize=525%2C300 1.5x, https:\/\/i0.wp.com\/gbnet.com.br\/v3\/wp-content\/uploads\/2020\/09\/Barcode.jpg?resize=700%2C400 2x, https:\/\/i0.wp.com\/gbnet.com.br\/v3\/wp-content\/uploads\/2020\/09\/Barcode.jpg?resize=1050%2C600 3x, https:\/\/i0.wp.com\/gbnet.com.br\/v3\/wp-content\/uploads\/2020\/09\/Barcode.jpg?resize=1400%2C800 4x"},"classes":[]}],"_links":{"self":[{"href":"http:\/\/gbnet.com.br\/v3\/wp-json\/wp\/v2\/pages\/1560","targetHints":{"allow":["GET"]}}],"collection":[{"href":"http:\/\/gbnet.com.br\/v3\/wp-json\/wp\/v2\/pages"}],"about":[{"href":"http:\/\/gbnet.com.br\/v3\/wp-json\/wp\/v2\/types\/page"}],"author":[{"embeddable":true,"href":"http:\/\/gbnet.com.br\/v3\/wp-json\/wp\/v2\/users\/1"}],"replies":[{"embeddable":true,"href":"http:\/\/gbnet.com.br\/v3\/wp-json\/wp\/v2\/comments?post=1560"}],"version-history":[{"count":10,"href":"http:\/\/gbnet.com.br\/v3\/wp-json\/wp\/v2\/pages\/1560\/revisions"}],"predecessor-version":[{"id":2564,"href":"http:\/\/gbnet.com.br\/v3\/wp-json\/wp\/v2\/pages\/1560\/revisions\/2564"}],"wp:attachment":[{"href":"http:\/\/gbnet.com.br\/v3\/wp-json\/wp\/v2\/media?parent=1560"}],"curies":[{"name":"wp","href":"https:\/\/api.w.org\/{rel}","templated":true}]}}