{"id":1566,"date":"2018-07-16T13:27:45","date_gmt":"2018-07-16T16:27:45","guid":{"rendered":"http:\/\/gbnet.com.br\/v3\/?page_id=1566"},"modified":"2022-08-21T13:28:39","modified_gmt":"2022-08-21T16:28:39","slug":"codigo-de-barras-aztec","status":"publish","type":"page","link":"http:\/\/gbnet.com.br\/v3\/codigo-de-barras-aztec\/","title":{"rendered":"C\u00f3digo de Barras AZTEC"},"content":{"rendered":"<p class=\"TituloGrande\" align=\"center\">AZTEC<\/p>\n<p align=\"center\"><img data-recalc-dims=\"1\" loading=\"lazy\" decoding=\"async\" src=\"https:\/\/i0.wp.com\/www.gbnet.com.br\/v2\/images\/barcode_aztec.png?resize=350%2C116\" alt=\"codigo de barras boleto, codigo de barras febraban, barcode febraban, c\u00f3digos de barras, c\u00f3digo de barras, Interleaved 2 of 5, Febraban, Intercalado 2 de 5, c\u00f3digo de barras de boleto banc\u00e1rio, barcode boleto banc\u00e1rio, I 2 de 5, I 2 of 5, I2 de 5, I2 of 5, c\u00f3digo de barras febraban, c\u00f3digo do boleto\" width=\"350\" height=\"116\" \/><\/p>\n<p class=\"TextoNormal\">O c\u00f3digo de barras bidimensional (2D) Aztec\u00a0\u00e9 um tipo de\u00a0<a title=\"C\u00f3digo de barras\" href=\"http:\/\/pt.wikipedia.org\/wiki\/C%C3%B3digo_de_barras\">c\u00f3digo de barras<\/a>\u00a0em\u00a0<a title=\"Matriz\" href=\"http:\/\/pt.wikipedia.org\/wiki\/Matriz\">matriz bidimensional<\/a>\u00a0de\u00a0<a title=\"Dom\u00ednio p\u00fablico\" href=\"http:\/\/pt.wikipedia.org\/wiki\/Dom%C3%ADnio_p%C3%BAblico\">dom\u00ednio p\u00fablico<\/a>.<br \/>\nO s\u00edmbolo \u00e9 constru\u00eddo numa grelha quadrada com um padr\u00e3o &#8220;olho de boi&#8221; ao centro para coloca\u00e7\u00e3o do c\u00f3digo. Os\u00a0<a title=\"Dados\" href=\"http:\/\/pt.wikipedia.org\/wiki\/Dados\">dados<\/a>\u00a0s\u00e3o codificados numa s\u00e9rie de c\u00edrculos ao redor do padr\u00e3o olho de boi. Cada c\u00edrculo adicional circunda completamente o c\u00edrculo precedente fazendo com que o s\u00edmbolo cres\u00e7a em tamanho a medida que mais dados s\u00e3o codificados. Um m\u00f3dulo escuro representa o\u00a0<a title=\"Bin\u00e1rio\" href=\"http:\/\/pt.wikipedia.org\/wiki\/Bin%C3%A1rio\">bin\u00e1rio<\/a>\u00a01 e um m\u00f3dulo claro o bin\u00e1rio 0. O c\u00f3digo independe de orienta\u00e7\u00e3o.<br \/>\nO menor s\u00edmbolo em c\u00f3digo Aztec \u00e9 um quadrado de 15&#215;15 m\u00f3dulos, e o maior mede 151&#215;151. O menor s\u00edmbolo Aztec codifica 13 caracteres num\u00e9ricos ou 12 caracteres alfab\u00e9ticos, enquanto o maior codifica 3832 caracteres num\u00e9ricos, 3067 caracteres alfab\u00e9ticos ou 1914\u00a0bytes\u00a0de dadoso. N\u00e3o \u00e9 necess\u00e1rio o uso de uma \u00e1rea vazia fora dos limites do s\u00edmbolo.<br \/>\nO n\u00edvel da\u00a0corre\u00e7\u00e3o de erro Reed\u2013Solomon<a href=\"http:\/\/pt.wikipedia.org\/wiki\/C%C3%B3digo_Aztec#cite_note-0\">[1]<\/a>\u00a0\u00e9 configur\u00e1vel, de 5% a 95% da regi\u00e3o de dados. O n\u00edvel recomend\u00e1vel \u00e9 de 23% da capacidade do s\u00edmbolo, mais\u00a0palavras-c\u00f3digo.<\/p>\n<p class=\"TextoNormal\"><span class=\"Subtitulo\">Solu\u00e7\u00f5es GB para gera\u00e7\u00e3o e impress\u00e3o do C\u00f3digo de Barras Modelo AZTEC:<\/span><\/p>\n<p class=\"TextoNormal\">1. Fontes de c\u00f3digo de barras nos formatos:<\/p>\n<ul>\n<li style=\"list-style-type: none;\">\n<ul>\n<li class=\"ItemLista\">Windows Truetype (TTF) com ou sem convers\u00e3o via DLL;<\/li>\n<\/ul>\n<\/li>\n<\/ul>\n<ul>\n<li style=\"list-style-type: none;\">\n<ul>\n<li class=\"ItemLista\">PCL Laser Jet fonts, compat\u00edveis com impressoras laser PCL5;<\/li>\n<\/ul>\n<\/li>\n<\/ul>\n<ul>\n<li style=\"list-style-type: none;\">\n<ul>\n<li class=\"ItemLista\">Postscript (PS) Adobe;<\/li>\n<\/ul>\n<\/li>\n<\/ul>\n<ul>\n<li class=\"ItemLista\">Fontes em outros formatos: AFP, Open Type<\/li>\n<\/ul>\n<p><span class=\"TextoNormal\">2.\u00a0<a href=\"http:\/\/gbnet.com.br\/v3\/modulos-para-impressao-de-codigo-de-barras\/\">BarDIMM: M\u00f3dulos inteligentes de c\u00f3digos de Barras para SAP e outros ERPs;<\/a><\/span><\/p>\n<div align=\"center\">\n<p><a href=\"http:\/\/gbnet.com.br\/v3\/comprar-fonte-de-codigo-de-barras\/\" rel=\"lightbox\"><img data-recalc-dims=\"1\" loading=\"lazy\" decoding=\"async\" class=\"alignnone\" src=\"https:\/\/i0.wp.com\/www.gbnet.com.br\/v2\/images\/intern_buynow.png?resize=133%2C25\" alt=\"\" width=\"133\" height=\"25\" border=\"0\" \/><\/a><\/p>\n<div>\n<p class=\"TextoNormal\" align=\"center\">Veja os nossos casos de sucesso!<\/p>\n<p class=\"TextoNormal\" align=\"center\"><a href=\"https:\/\/i0.wp.com\/www.gbnet.com.br\/v2\/images\/gb_representa_barcode.png\" rel=\"lightbox\"><img data-recalc-dims=\"1\" loading=\"lazy\" decoding=\"async\" src=\"https:\/\/i0.wp.com\/www.gbnet.com.br\/v2\/images\/gb_representa_barcode.png?resize=308%2C219\" alt=\"Casos de Sucesso\" width=\"308\" height=\"219\" border=\"0\" \/><\/a><\/p>\n<\/div>\n<\/div>\n","protected":false},"excerpt":{"rendered":"<p>AZTEC O c\u00f3digo de barras bidimensional (2D) Aztec\u00a0\u00e9 um tipo de\u00a0c\u00f3digo de barras\u00a0em\u00a0matriz bidimensional\u00a0de\u00a0dom\u00ednio p\u00fablico. O s\u00edmbolo \u00e9 constru\u00eddo numa grelha quadrada com um padr\u00e3o &#8220;olho de boi&#8221; ao centro para coloca\u00e7\u00e3o do c\u00f3digo. Os\u00a0dados\u00a0s\u00e3o codificados numa s\u00e9rie de c\u00edrculos ao redor do padr\u00e3o olho de boi. Cada c\u00edrculo adicional circunda completamente o c\u00edrculo precedente &hellip;<\/p>\n","protected":false},"author":1,"featured_media":0,"parent":0,"menu_order":0,"comment_status":"closed","ping_status":"closed","template":"","meta":{"_acf_changed":false,"jetpack_post_was_ever_published":false,"_joinchat":[],"footnotes":""},"class_list":["post-1566","page","type-page","status-publish","hentry"],"acf":[],"yoast_head":"<!-- This site is optimized with the Yoast SEO plugin v27.4 - https:\/\/yoast.com\/product\/yoast-seo-wordpress\/ -->\n<title>C\u00f3digo de Barras AZTEC -<\/title>\n<meta name=\"robots\" content=\"index, follow, max-snippet:-1, max-image-preview:large, max-video-preview:-1\" \/>\n<link rel=\"canonical\" href=\"http:\/\/gbnet.com.br\/v3\/codigo-de-barras-aztec\/\" \/>\n<meta property=\"og:locale\" content=\"pt_BR\" \/>\n<meta property=\"og:type\" content=\"article\" \/>\n<meta property=\"og:title\" content=\"C\u00f3digo de Barras AZTEC -\" \/>\n<meta property=\"og:description\" content=\"AZTEC O c\u00f3digo de barras bidimensional (2D) Aztec\u00a0\u00e9 um tipo de\u00a0c\u00f3digo de barras\u00a0em\u00a0matriz bidimensional\u00a0de\u00a0dom\u00ednio p\u00fablico. O s\u00edmbolo \u00e9 constru\u00eddo numa grelha quadrada com um padr\u00e3o &#8220;olho de boi&#8221; ao centro para coloca\u00e7\u00e3o do c\u00f3digo. Os\u00a0dados\u00a0s\u00e3o codificados numa s\u00e9rie de c\u00edrculos ao redor do padr\u00e3o olho de boi. Cada c\u00edrculo adicional circunda completamente o c\u00edrculo precedente &hellip;\" \/>\n<meta property=\"og:url\" content=\"http:\/\/gbnet.com.br\/v3\/codigo-de-barras-aztec\/\" \/>\n<meta property=\"article:modified_time\" content=\"2022-08-21T16:28:39+00:00\" \/>\n<meta property=\"og:image\" content=\"http:\/\/www.gbnet.com.br\/v2\/images\/barcode_aztec.png\" \/>\n<meta name=\"twitter:card\" content=\"summary_large_image\" \/>\n<meta name=\"twitter:label1\" content=\"Est. tempo de leitura\" \/>\n\t<meta name=\"twitter:data1\" content=\"2 minutos\" \/>\n<script type=\"application\/ld+json\" class=\"yoast-schema-graph\">{\"@context\":\"https:\\\/\\\/schema.org\",\"@graph\":[{\"@type\":\"WebPage\",\"@id\":\"http:\\\/\\\/gbnet.com.br\\\/v3\\\/codigo-de-barras-aztec\\\/\",\"url\":\"http:\\\/\\\/gbnet.com.br\\\/v3\\\/codigo-de-barras-aztec\\\/\",\"name\":\"C\u00f3digo de Barras AZTEC -\",\"isPartOf\":{\"@id\":\"http:\\\/\\\/gbnet.com.br\\\/v3\\\/#website\"},\"primaryImageOfPage\":{\"@id\":\"http:\\\/\\\/gbnet.com.br\\\/v3\\\/codigo-de-barras-aztec\\\/#primaryimage\"},\"image\":{\"@id\":\"http:\\\/\\\/gbnet.com.br\\\/v3\\\/codigo-de-barras-aztec\\\/#primaryimage\"},\"thumbnailUrl\":\"http:\\\/\\\/www.gbnet.com.br\\\/v2\\\/images\\\/barcode_aztec.png\",\"datePublished\":\"2018-07-16T16:27:45+00:00\",\"dateModified\":\"2022-08-21T16:28:39+00:00\",\"breadcrumb\":{\"@id\":\"http:\\\/\\\/gbnet.com.br\\\/v3\\\/codigo-de-barras-aztec\\\/#breadcrumb\"},\"inLanguage\":\"pt-BR\",\"potentialAction\":[{\"@type\":\"ReadAction\",\"target\":[\"http:\\\/\\\/gbnet.com.br\\\/v3\\\/codigo-de-barras-aztec\\\/\"]}]},{\"@type\":\"ImageObject\",\"inLanguage\":\"pt-BR\",\"@id\":\"http:\\\/\\\/gbnet.com.br\\\/v3\\\/codigo-de-barras-aztec\\\/#primaryimage\",\"url\":\"http:\\\/\\\/www.gbnet.com.br\\\/v2\\\/images\\\/barcode_aztec.png\",\"contentUrl\":\"http:\\\/\\\/www.gbnet.com.br\\\/v2\\\/images\\\/barcode_aztec.png\"},{\"@type\":\"BreadcrumbList\",\"@id\":\"http:\\\/\\\/gbnet.com.br\\\/v3\\\/codigo-de-barras-aztec\\\/#breadcrumb\",\"itemListElement\":[{\"@type\":\"ListItem\",\"position\":1,\"name\":\"In\u00edcio\",\"item\":\"http:\\\/\\\/gbnet.com.br\\\/v3\\\/\"},{\"@type\":\"ListItem\",\"position\":2,\"name\":\"C\u00f3digo de Barras AZTEC\"}]},{\"@type\":\"WebSite\",\"@id\":\"http:\\\/\\\/gbnet.com.br\\\/v3\\\/#website\",\"url\":\"http:\\\/\\\/gbnet.com.br\\\/v3\\\/\",\"name\":\"\",\"description\":\"Transformamos dados em informa\u00e7\u00f5es - GB Network &amp; Print\",\"publisher\":{\"@id\":\"http:\\\/\\\/gbnet.com.br\\\/v3\\\/#organization\"},\"potentialAction\":[{\"@type\":\"SearchAction\",\"target\":{\"@type\":\"EntryPoint\",\"urlTemplate\":\"http:\\\/\\\/gbnet.com.br\\\/v3\\\/?s={search_term_string}\"},\"query-input\":{\"@type\":\"PropertyValueSpecification\",\"valueRequired\":true,\"valueName\":\"search_term_string\"}}],\"inLanguage\":\"pt-BR\"},{\"@type\":\"Organization\",\"@id\":\"http:\\\/\\\/gbnet.com.br\\\/v3\\\/#organization\",\"name\":\"GB Network & Print\",\"url\":\"http:\\\/\\\/gbnet.com.br\\\/v3\\\/\",\"logo\":{\"@type\":\"ImageObject\",\"inLanguage\":\"pt-BR\",\"@id\":\"http:\\\/\\\/gbnet.com.br\\\/v3\\\/#\\\/schema\\\/logo\\\/image\\\/\",\"url\":\"https:\\\/\\\/i0.wp.com\\\/gbnet.com.br\\\/v3\\\/wp-content\\\/uploads\\\/2018\\\/03\\\/logoGB-OK-e1521838575299.png?fit=120%2C122\",\"contentUrl\":\"https:\\\/\\\/i0.wp.com\\\/gbnet.com.br\\\/v3\\\/wp-content\\\/uploads\\\/2018\\\/03\\\/logoGB-OK-e1521838575299.png?fit=120%2C122\",\"width\":120,\"height\":122,\"caption\":\"GB Network & Print\"},\"image\":{\"@id\":\"http:\\\/\\\/gbnet.com.br\\\/v3\\\/#\\\/schema\\\/logo\\\/image\\\/\"}}]}<\/script>\n<!-- \/ Yoast SEO plugin. -->","yoast_head_json":{"title":"C\u00f3digo de Barras AZTEC -","robots":{"index":"index","follow":"follow","max-snippet":"max-snippet:-1","max-image-preview":"max-image-preview:large","max-video-preview":"max-video-preview:-1"},"canonical":"http:\/\/gbnet.com.br\/v3\/codigo-de-barras-aztec\/","og_locale":"pt_BR","og_type":"article","og_title":"C\u00f3digo de Barras AZTEC -","og_description":"AZTEC O c\u00f3digo de barras bidimensional (2D) Aztec\u00a0\u00e9 um tipo de\u00a0c\u00f3digo de barras\u00a0em\u00a0matriz bidimensional\u00a0de\u00a0dom\u00ednio p\u00fablico. O s\u00edmbolo \u00e9 constru\u00eddo numa grelha quadrada com um padr\u00e3o &#8220;olho de boi&#8221; ao centro para coloca\u00e7\u00e3o do c\u00f3digo. Os\u00a0dados\u00a0s\u00e3o codificados numa s\u00e9rie de c\u00edrculos ao redor do padr\u00e3o olho de boi. Cada c\u00edrculo adicional circunda completamente o c\u00edrculo precedente &hellip;","og_url":"http:\/\/gbnet.com.br\/v3\/codigo-de-barras-aztec\/","article_modified_time":"2022-08-21T16:28:39+00:00","og_image":[{"url":"http:\/\/www.gbnet.com.br\/v2\/images\/barcode_aztec.png","type":"","width":"","height":""}],"twitter_card":"summary_large_image","twitter_misc":{"Est. tempo de leitura":"2 minutos"},"schema":{"@context":"https:\/\/schema.org","@graph":[{"@type":"WebPage","@id":"http:\/\/gbnet.com.br\/v3\/codigo-de-barras-aztec\/","url":"http:\/\/gbnet.com.br\/v3\/codigo-de-barras-aztec\/","name":"C\u00f3digo de Barras AZTEC -","isPartOf":{"@id":"http:\/\/gbnet.com.br\/v3\/#website"},"primaryImageOfPage":{"@id":"http:\/\/gbnet.com.br\/v3\/codigo-de-barras-aztec\/#primaryimage"},"image":{"@id":"http:\/\/gbnet.com.br\/v3\/codigo-de-barras-aztec\/#primaryimage"},"thumbnailUrl":"http:\/\/www.gbnet.com.br\/v2\/images\/barcode_aztec.png","datePublished":"2018-07-16T16:27:45+00:00","dateModified":"2022-08-21T16:28:39+00:00","breadcrumb":{"@id":"http:\/\/gbnet.com.br\/v3\/codigo-de-barras-aztec\/#breadcrumb"},"inLanguage":"pt-BR","potentialAction":[{"@type":"ReadAction","target":["http:\/\/gbnet.com.br\/v3\/codigo-de-barras-aztec\/"]}]},{"@type":"ImageObject","inLanguage":"pt-BR","@id":"http:\/\/gbnet.com.br\/v3\/codigo-de-barras-aztec\/#primaryimage","url":"http:\/\/www.gbnet.com.br\/v2\/images\/barcode_aztec.png","contentUrl":"http:\/\/www.gbnet.com.br\/v2\/images\/barcode_aztec.png"},{"@type":"BreadcrumbList","@id":"http:\/\/gbnet.com.br\/v3\/codigo-de-barras-aztec\/#breadcrumb","itemListElement":[{"@type":"ListItem","position":1,"name":"In\u00edcio","item":"http:\/\/gbnet.com.br\/v3\/"},{"@type":"ListItem","position":2,"name":"C\u00f3digo de Barras AZTEC"}]},{"@type":"WebSite","@id":"http:\/\/gbnet.com.br\/v3\/#website","url":"http:\/\/gbnet.com.br\/v3\/","name":"","description":"Transformamos dados em informa\u00e7\u00f5es - GB Network &amp; Print","publisher":{"@id":"http:\/\/gbnet.com.br\/v3\/#organization"},"potentialAction":[{"@type":"SearchAction","target":{"@type":"EntryPoint","urlTemplate":"http:\/\/gbnet.com.br\/v3\/?s={search_term_string}"},"query-input":{"@type":"PropertyValueSpecification","valueRequired":true,"valueName":"search_term_string"}}],"inLanguage":"pt-BR"},{"@type":"Organization","@id":"http:\/\/gbnet.com.br\/v3\/#organization","name":"GB Network & Print","url":"http:\/\/gbnet.com.br\/v3\/","logo":{"@type":"ImageObject","inLanguage":"pt-BR","@id":"http:\/\/gbnet.com.br\/v3\/#\/schema\/logo\/image\/","url":"https:\/\/i0.wp.com\/gbnet.com.br\/v3\/wp-content\/uploads\/2018\/03\/logoGB-OK-e1521838575299.png?fit=120%2C122","contentUrl":"https:\/\/i0.wp.com\/gbnet.com.br\/v3\/wp-content\/uploads\/2018\/03\/logoGB-OK-e1521838575299.png?fit=120%2C122","width":120,"height":122,"caption":"GB Network & Print"},"image":{"@id":"http:\/\/gbnet.com.br\/v3\/#\/schema\/logo\/image\/"}}]}},"jetpack_sharing_enabled":true,"jetpack_shortlink":"https:\/\/wp.me\/Pagaz2-pg","jetpack-related-posts":[{"id":1572,"url":"http:\/\/gbnet.com.br\/v3\/codigo-de-barras-pdf-417\/","url_meta":{"origin":1566,"position":0},"title":"C\u00f3digo de Barras PDF 417","author":"","date":false,"format":false,"excerpt":"PDF-417 A nova fonte de c\u00f3digo de barras PDF 417 apresenta uma grande vantagem por sua capacidade de impress\u00e3o bidimensional e a possibilidade de trabalhar com at\u00e9 1000 caracteres em uma \u00e1rea de impress\u00e3o pequena, aproximadamente 24mm x 61mm. Dispon\u00edvel para MS Windows, UNIX e outros sistemas operacionais; nos padr\u00f5es\u2026","rel":"","context":"Post similar","block_context":{"text":"Post similar","link":""},"img":{"alt_text":"codigo de barras pdf417, c\u00f3digos de barras pdf 417, c\u00f3digo de barras 2d, EAN, pdf 417, barcode bidimensional, c\u00f3digo de barras 2, PDF 417, fonts, fonte PCL, fonte truetype","src":"https:\/\/i0.wp.com\/www.gbnet.com.br\/v2\/images\/barcode_pdf417.png?resize=350%2C200","width":350,"height":200},"classes":[]},{"id":1570,"url":"http:\/\/gbnet.com.br\/v3\/codigo-de-barras-qrcode\/","url_meta":{"origin":1566,"position":1},"title":"C\u00f3digo de Barras QRCode","author":"","date":false,"format":false,"excerpt":"QRCODE O C\u00f3digo de barras QR\u00a0CODE \u00e9 um c\u00f3digo de barras bidimensional que pode ser facilmente escaneado usando a maioria dos celulares modernos equipados com c\u00e2mera. Esse c\u00f3digo \u00e9 convertido num peda\u00e7o de texto (interativo), um endere\u00e7o\u00a0URL, um n\u00famero de telefone, uma localiza\u00e7\u00e3o\u00a0georreferenciada, um e-mail, um contato ou um SMS.\u2026","rel":"","context":"Post similar","block_context":{"text":"Post similar","link":""},"img":{"alt_text":"codigo de barras boleto, codigo de barras febraban, barcode febraban, c\u00f3digos de barras, c\u00f3digo de barras, Interleaved 2 of 5, Febraban, Intercalado 2 de 5, c\u00f3digo de barras de boleto banc\u00e1rio, barcode boleto banc\u00e1rio, I 2 de 5, I 2 of 5, I2 de 5, I2 of 5, c\u00f3digo de barras febraban, c\u00f3digo do boleto","src":"https:\/\/i0.wp.com\/www.gbnet.com.br\/v2\/images\/barcode_qrcode.png?resize=350%2C200","width":350,"height":200},"classes":[]},{"id":1568,"url":"http:\/\/gbnet.com.br\/v3\/codigo-de-barras-datamatrix\/","url_meta":{"origin":1566,"position":2},"title":"C\u00f3digo de Barras DataMatrix","author":"","date":false,"format":false,"excerpt":"DATAMATRIX DataMatrix \u00e9 uma simbologia de c\u00f3digo de barras 2D (bidimensional) e que pode armazenar at\u00e9 cerca de 2.000 caracteres. Tamb\u00e9m conhecido por Data Matrix, ECC200 (terminologias em ingl\u00eas). A vers\u00e3o DataMatrix ECC200 suporta a verifica\u00e7\u00e3o de erros de codifica\u00e7\u00e3o avan\u00e7ada e algoritmos de corre\u00e7\u00e3o (reed-solomon). Esses algoritmos permitem o\u2026","rel":"","context":"Post similar","block_context":{"text":"Post similar","link":""},"img":{"alt_text":"codigo de barras boleto, codigo de barras febraban, barcode febraban, c\u00f3digos de barras, c\u00f3digo de barras, Interleaved 2 of 5, Febraban, Intercalado 2 de 5, c\u00f3digo de barras de boleto banc\u00e1rio, barcode boleto banc\u00e1rio, I 2 de 5, I 2 of 5, I2 de 5, I2 of 5, c\u00f3digo de barras febraban, c\u00f3digo do boleto","src":"https:\/\/i0.wp.com\/www.gbnet.com.br\/v2\/images\/codigo_de_barras_fontes_DATAMATRIX-gb.png?resize=350%2C200","width":350,"height":200},"classes":[]},{"id":2492,"url":"http:\/\/gbnet.com.br\/v3\/comprar-fonte-de-codigo-de-barras\/","url_meta":{"origin":1566,"position":3},"title":"Como comprar nossa fonte de c\u00f3digo de barras","author":"","date":false,"format":false,"excerpt":"Comprar fontes de c\u00f3digos de barras intercalado 2 de 5, FEBRABAN, Interleaved 2 of 5, code 128, code39, QR-code, CMC7, et","rel":"","context":"Post similar","block_context":{"text":"Post similar","link":""},"img":{"alt_text":"","src":"https:\/\/i0.wp.com\/gbnet.com.br\/v3\/wp-content\/uploads\/2022\/08\/formas_pagamento_fontes_codigo_barra_gb-com-paypal.png?resize=350%2C200","width":350,"height":200,"srcset":"https:\/\/i0.wp.com\/gbnet.com.br\/v3\/wp-content\/uploads\/2022\/08\/formas_pagamento_fontes_codigo_barra_gb-com-paypal.png?resize=350%2C200 1x, https:\/\/i0.wp.com\/gbnet.com.br\/v3\/wp-content\/uploads\/2022\/08\/formas_pagamento_fontes_codigo_barra_gb-com-paypal.png?resize=525%2C300 1.5x, https:\/\/i0.wp.com\/gbnet.com.br\/v3\/wp-content\/uploads\/2022\/08\/formas_pagamento_fontes_codigo_barra_gb-com-paypal.png?resize=700%2C400 2x"},"classes":[]},{"id":1560,"url":"http:\/\/gbnet.com.br\/v3\/codigo-de-barras-intercalado-2-de-5\/","url_meta":{"origin":1566,"position":4},"title":"C\u00f3digo de Barras Intercalado 2 de 5 FEBRABAN","author":"","date":false,"format":false,"excerpt":"O INTERCALADO 2 DE 5 \u00e9 o c\u00f3digo de barras padr\u00e3o da FEBRABAN no Brasil para utiliza\u00e7\u00e3o em boletos banc\u00e1rios e documentos de cobran\u00e7a. Este \u00e9 um c\u00f3digo de barras num\u00e9rico usado para codifica\u00e7\u00e3o de pares de n\u00fameros em um formato de c\u00f3digo de barras de alta densidade. Cada par\u2026","rel":"","context":"Post similar","block_context":{"text":"Post similar","link":""},"img":{"alt_text":"","src":"https:\/\/i0.wp.com\/gbnet.com.br\/v3\/wp-content\/uploads\/2022\/10\/Geracao-codigo-de-barras-caso-sucesso-fontes-bardimm-vdp-pcl-julho-22.jpg?resize=350%2C200","width":350,"height":200,"srcset":"https:\/\/i0.wp.com\/gbnet.com.br\/v3\/wp-content\/uploads\/2022\/10\/Geracao-codigo-de-barras-caso-sucesso-fontes-bardimm-vdp-pcl-julho-22.jpg?resize=350%2C200 1x, https:\/\/i0.wp.com\/gbnet.com.br\/v3\/wp-content\/uploads\/2022\/10\/Geracao-codigo-de-barras-caso-sucesso-fontes-bardimm-vdp-pcl-julho-22.jpg?resize=525%2C300 1.5x, https:\/\/i0.wp.com\/gbnet.com.br\/v3\/wp-content\/uploads\/2022\/10\/Geracao-codigo-de-barras-caso-sucesso-fontes-bardimm-vdp-pcl-julho-22.jpg?resize=700%2C400 2x, https:\/\/i0.wp.com\/gbnet.com.br\/v3\/wp-content\/uploads\/2022\/10\/Geracao-codigo-de-barras-caso-sucesso-fontes-bardimm-vdp-pcl-julho-22.jpg?resize=1050%2C600 3x"},"classes":[]},{"id":1707,"url":"http:\/\/gbnet.com.br\/v3\/modulos-para-impressao-de-codigo-de-barras\/","url_meta":{"origin":1566,"position":5},"title":"M\u00f3dulos para impress\u00e3o de C\u00f3digo de Barras","author":"","date":false,"format":false,"excerpt":"A solu\u00e7\u00e3o de m\u00f3dulos para impress\u00e3o de c\u00f3digo de barras, distribuida no Brasil pela GB Network & Print, \u00e9 o caminho mais f\u00e1cil e rent\u00e1vel para produzir etiquetas de alta qualidade com c\u00f3digos de barras ou documentos que contenham um ou mais tipos diferentes de c\u00f3digo de barras. M\u00f3dulo interno:\u2026","rel":"","context":"Post similar","block_context":{"text":"Post similar","link":""},"img":{"alt_text":"BarcodeJet Bardimm SAP","src":"https:\/\/i0.wp.com\/www.gbnet.com.br\/v2\/images\/barcodejet_interno.jpg?resize=350%2C200","width":350,"height":200},"classes":[]}],"_links":{"self":[{"href":"http:\/\/gbnet.com.br\/v3\/wp-json\/wp\/v2\/pages\/1566","targetHints":{"allow":["GET"]}}],"collection":[{"href":"http:\/\/gbnet.com.br\/v3\/wp-json\/wp\/v2\/pages"}],"about":[{"href":"http:\/\/gbnet.com.br\/v3\/wp-json\/wp\/v2\/types\/page"}],"author":[{"embeddable":true,"href":"http:\/\/gbnet.com.br\/v3\/wp-json\/wp\/v2\/users\/1"}],"replies":[{"embeddable":true,"href":"http:\/\/gbnet.com.br\/v3\/wp-json\/wp\/v2\/comments?post=1566"}],"version-history":[{"count":4,"href":"http:\/\/gbnet.com.br\/v3\/wp-json\/wp\/v2\/pages\/1566\/revisions"}],"predecessor-version":[{"id":2511,"href":"http:\/\/gbnet.com.br\/v3\/wp-json\/wp\/v2\/pages\/1566\/revisions\/2511"}],"wp:attachment":[{"href":"http:\/\/gbnet.com.br\/v3\/wp-json\/wp\/v2\/media?parent=1566"}],"curies":[{"name":"wp","href":"https:\/\/api.w.org\/{rel}","templated":true}]}}