{"id":1570,"date":"2018-07-16T13:29:07","date_gmt":"2018-07-16T16:29:07","guid":{"rendered":"http:\/\/gbnet.com.br\/v3\/?page_id=1570"},"modified":"2022-08-21T13:32:54","modified_gmt":"2022-08-21T16:32:54","slug":"codigo-de-barras-qrcode","status":"publish","type":"page","link":"http:\/\/gbnet.com.br\/v3\/codigo-de-barras-qrcode\/","title":{"rendered":"C\u00f3digo de Barras QRCode"},"content":{"rendered":"<p class=\"TituloGrande\" align=\"center\">QRCODE<\/p>\n<p align=\"center\"><img data-recalc-dims=\"1\" loading=\"lazy\" decoding=\"async\" src=\"https:\/\/i0.wp.com\/www.gbnet.com.br\/v2\/images\/barcode_qrcode.png?resize=350%2C116\" alt=\"codigo de barras boleto, codigo de barras febraban, barcode febraban, c\u00f3digos de barras, c\u00f3digo de barras, Interleaved 2 of 5, Febraban, Intercalado 2 de 5, c\u00f3digo de barras de boleto banc\u00e1rio, barcode boleto banc\u00e1rio, I 2 de 5, I 2 of 5, I2 de 5, I2 of 5, c\u00f3digo de barras febraban, c\u00f3digo do boleto\" width=\"350\" height=\"116\" \/><\/p>\n<p class=\"TextoNormal\">O C\u00f3digo de barras QR\u00a0CODE \u00e9 um c\u00f3digo de barras bidimensional que pode ser facilmente escaneado usando a maioria dos celulares modernos equipados com c\u00e2mera. Esse c\u00f3digo \u00e9 convertido num peda\u00e7o de texto (interativo), um endere\u00e7o\u00a0<a title=\"URI\" href=\"http:\/\/pt.wikipedia.org\/wiki\/URI\">URL<\/a>, um n\u00famero de telefone, uma localiza\u00e7\u00e3o\u00a0<a title=\"Georreferenciamento\" href=\"http:\/\/pt.wikipedia.org\/wiki\/Georreferenciamento\">georreferenciada<\/a>, um e-mail, um contato ou um SMS.<br \/>\nInicialmente usados para catalogar diferentes partes na constru\u00e7\u00e3o de ve\u00edculos, hoje o c\u00f3digo QR (QR \u00e9 o acr\u00f4nimo do ingl\u00eas\u00a0<strong>Q<\/strong>uick\u00a0<strong>R<\/strong>esponse) \u00e9 usado no gerenciamento de invent\u00e1rio em uma grande variedade de ind\u00fastrias. Desde 2003, est\u00e3o sendo desenvolvidas aplica\u00e7\u00f5es direcionadas para ajudar os usu\u00e1rios na tarefa de adicionar dados em telefones celulares usando a c\u00e2mera fotogr\u00e1fica. Os c\u00f3digos QR s\u00e3o muito comuns tamb\u00e9m em revistas e propagandas, onde se usam para guardar endere\u00e7os e\u00a0<a title=\"URI\" href=\"http:\/\/pt.wikipedia.org\/wiki\/URI\">URIs<\/a>, al\u00e9m de informa\u00e7\u00f5es pessoais detalhadas, por exemplo no caso de cart\u00f5es-de-visita, facilitando muito a inser\u00e7\u00e3o destes dados em agendas de telefones celulares.<\/p>\n<p class=\"TextoNormal\"><span class=\"Subtitulo\">Solu\u00e7\u00f5es GB para gera\u00e7\u00e3o e impress\u00e3o do C\u00f3digo de Barras Modelo QRCODE:<\/span><\/p>\n<p class=\"TextoNormal\">1. Fontes de c\u00f3digo de barras nos formatos:<\/p>\n<ul>\n<li style=\"list-style-type: none;\">\n<ul>\n<li class=\"ItemLista\">Windows Truetype (TTF) com ou sem convers\u00e3o via DLL;<\/li>\n<\/ul>\n<\/li>\n<\/ul>\n<ul>\n<li style=\"list-style-type: none;\">\n<ul>\n<li class=\"ItemLista\">PCL Laser Jet fonts, compat\u00edveis com impressoras laser PCL5;<\/li>\n<\/ul>\n<\/li>\n<\/ul>\n<ul>\n<li style=\"list-style-type: none;\">\n<ul>\n<li class=\"ItemLista\">Postscript (PS) Adobe;<\/li>\n<\/ul>\n<\/li>\n<\/ul>\n<ul>\n<li class=\"ItemLista\">Fontes em outros formatos: AFP, Open Type<\/li>\n<\/ul>\n<p><strong>Exemplo de utiliza\u00e7\u00e3o do c\u00f3digo de barras QR Code no Word<\/strong><\/p>\n<p><iframe loading=\"lazy\" src=\"https:\/\/www.youtube.com\/embed\/f79EjSEj5QY\" width=\"956\" height=\"538\" frameborder=\"0\" allowfullscreen=\"allowfullscreen\"><\/iframe><\/p>\n<p><span class=\"TextoNormal\">2.\u00a0<a href=\"http:\/\/gbnet.com.br\/v3\/modulos-para-impressao-de-codigo-de-barras\/\" data-wplink-edit=\"true\">BarDIMM: M\u00f3dulos inteligentes de c\u00f3digos de Barras para SAP e outros ERPs;<\/a><\/span><\/p>\n<div align=\"center\">\n<p><a href=\"http:\/\/gbnet.com.br\/v3\/comprar-fonte-de-codigo-de-barras\/\" rel=\"lightbox\"><img data-recalc-dims=\"1\" loading=\"lazy\" decoding=\"async\" class=\"alignnone\" src=\"https:\/\/i0.wp.com\/www.gbnet.com.br\/v2\/images\/intern_buynow.png?resize=133%2C25\" alt=\"\" width=\"133\" height=\"25\" border=\"0\" \/><\/a><\/p>\n<div>\n<p class=\"TextoNormal\" align=\"center\">Veja os nossos casos de sucesso!<\/p>\n<p class=\"TextoNormal\" align=\"center\"><a href=\"https:\/\/i0.wp.com\/www.gbnet.com.br\/v2\/images\/gb_representa_barcode.png\" rel=\"lightbox\"><img data-recalc-dims=\"1\" loading=\"lazy\" decoding=\"async\" src=\"https:\/\/i0.wp.com\/www.gbnet.com.br\/v2\/images\/gb_representa_barcode.png?resize=308%2C219\" alt=\"Casos de Sucesso\" width=\"308\" height=\"219\" border=\"0\" \/><\/a><\/p>\n<\/div>\n<\/div>\n","protected":false},"excerpt":{"rendered":"<p>QRCODE O C\u00f3digo de barras QR\u00a0CODE \u00e9 um c\u00f3digo de barras bidimensional que pode ser facilmente escaneado usando a maioria dos celulares modernos equipados com c\u00e2mera. Esse c\u00f3digo \u00e9 convertido num peda\u00e7o de texto (interativo), um endere\u00e7o\u00a0URL, um n\u00famero de telefone, uma localiza\u00e7\u00e3o\u00a0georreferenciada, um e-mail, um contato ou um SMS. Inicialmente usados para catalogar diferentes &hellip;<\/p>\n","protected":false},"author":1,"featured_media":0,"parent":0,"menu_order":0,"comment_status":"closed","ping_status":"closed","template":"","meta":{"_acf_changed":false,"jetpack_post_was_ever_published":false,"_joinchat":[],"footnotes":""},"class_list":["post-1570","page","type-page","status-publish","hentry"],"acf":[],"yoast_head":"<!-- This site is optimized with the Yoast SEO plugin v27.4 - https:\/\/yoast.com\/product\/yoast-seo-wordpress\/ -->\n<title>C\u00f3digo de Barras QRCode -<\/title>\n<meta name=\"robots\" content=\"index, follow, max-snippet:-1, max-image-preview:large, max-video-preview:-1\" \/>\n<link rel=\"canonical\" href=\"http:\/\/gbnet.com.br\/v3\/codigo-de-barras-qrcode\/\" \/>\n<meta property=\"og:locale\" content=\"pt_BR\" \/>\n<meta property=\"og:type\" content=\"article\" \/>\n<meta property=\"og:title\" content=\"C\u00f3digo de Barras QRCode -\" \/>\n<meta property=\"og:description\" content=\"QRCODE O C\u00f3digo de barras QR\u00a0CODE \u00e9 um c\u00f3digo de barras bidimensional que pode ser facilmente escaneado usando a maioria dos celulares modernos equipados com c\u00e2mera. Esse c\u00f3digo \u00e9 convertido num peda\u00e7o de texto (interativo), um endere\u00e7o\u00a0URL, um n\u00famero de telefone, uma localiza\u00e7\u00e3o\u00a0georreferenciada, um e-mail, um contato ou um SMS. Inicialmente usados para catalogar diferentes &hellip;\" \/>\n<meta property=\"og:url\" content=\"http:\/\/gbnet.com.br\/v3\/codigo-de-barras-qrcode\/\" \/>\n<meta property=\"article:modified_time\" content=\"2022-08-21T16:32:54+00:00\" \/>\n<meta property=\"og:image\" content=\"http:\/\/www.gbnet.com.br\/v2\/images\/barcode_qrcode.png\" \/>\n<meta name=\"twitter:card\" content=\"summary_large_image\" \/>\n<meta name=\"twitter:label1\" content=\"Est. tempo de leitura\" \/>\n\t<meta name=\"twitter:data1\" content=\"2 minutos\" \/>\n<script type=\"application\/ld+json\" class=\"yoast-schema-graph\">{\"@context\":\"https:\\\/\\\/schema.org\",\"@graph\":[{\"@type\":\"WebPage\",\"@id\":\"http:\\\/\\\/gbnet.com.br\\\/v3\\\/codigo-de-barras-qrcode\\\/\",\"url\":\"http:\\\/\\\/gbnet.com.br\\\/v3\\\/codigo-de-barras-qrcode\\\/\",\"name\":\"C\u00f3digo de Barras QRCode -\",\"isPartOf\":{\"@id\":\"http:\\\/\\\/gbnet.com.br\\\/v3\\\/#website\"},\"primaryImageOfPage\":{\"@id\":\"http:\\\/\\\/gbnet.com.br\\\/v3\\\/codigo-de-barras-qrcode\\\/#primaryimage\"},\"image\":{\"@id\":\"http:\\\/\\\/gbnet.com.br\\\/v3\\\/codigo-de-barras-qrcode\\\/#primaryimage\"},\"thumbnailUrl\":\"http:\\\/\\\/www.gbnet.com.br\\\/v2\\\/images\\\/barcode_qrcode.png\",\"datePublished\":\"2018-07-16T16:29:07+00:00\",\"dateModified\":\"2022-08-21T16:32:54+00:00\",\"breadcrumb\":{\"@id\":\"http:\\\/\\\/gbnet.com.br\\\/v3\\\/codigo-de-barras-qrcode\\\/#breadcrumb\"},\"inLanguage\":\"pt-BR\",\"potentialAction\":[{\"@type\":\"ReadAction\",\"target\":[\"http:\\\/\\\/gbnet.com.br\\\/v3\\\/codigo-de-barras-qrcode\\\/\"]}]},{\"@type\":\"ImageObject\",\"inLanguage\":\"pt-BR\",\"@id\":\"http:\\\/\\\/gbnet.com.br\\\/v3\\\/codigo-de-barras-qrcode\\\/#primaryimage\",\"url\":\"http:\\\/\\\/www.gbnet.com.br\\\/v2\\\/images\\\/barcode_qrcode.png\",\"contentUrl\":\"http:\\\/\\\/www.gbnet.com.br\\\/v2\\\/images\\\/barcode_qrcode.png\"},{\"@type\":\"BreadcrumbList\",\"@id\":\"http:\\\/\\\/gbnet.com.br\\\/v3\\\/codigo-de-barras-qrcode\\\/#breadcrumb\",\"itemListElement\":[{\"@type\":\"ListItem\",\"position\":1,\"name\":\"In\u00edcio\",\"item\":\"http:\\\/\\\/gbnet.com.br\\\/v3\\\/\"},{\"@type\":\"ListItem\",\"position\":2,\"name\":\"C\u00f3digo de Barras QRCode\"}]},{\"@type\":\"WebSite\",\"@id\":\"http:\\\/\\\/gbnet.com.br\\\/v3\\\/#website\",\"url\":\"http:\\\/\\\/gbnet.com.br\\\/v3\\\/\",\"name\":\"\",\"description\":\"Transformamos dados em informa\u00e7\u00f5es - GB Network &amp; Print\",\"publisher\":{\"@id\":\"http:\\\/\\\/gbnet.com.br\\\/v3\\\/#organization\"},\"potentialAction\":[{\"@type\":\"SearchAction\",\"target\":{\"@type\":\"EntryPoint\",\"urlTemplate\":\"http:\\\/\\\/gbnet.com.br\\\/v3\\\/?s={search_term_string}\"},\"query-input\":{\"@type\":\"PropertyValueSpecification\",\"valueRequired\":true,\"valueName\":\"search_term_string\"}}],\"inLanguage\":\"pt-BR\"},{\"@type\":\"Organization\",\"@id\":\"http:\\\/\\\/gbnet.com.br\\\/v3\\\/#organization\",\"name\":\"GB Network & Print\",\"url\":\"http:\\\/\\\/gbnet.com.br\\\/v3\\\/\",\"logo\":{\"@type\":\"ImageObject\",\"inLanguage\":\"pt-BR\",\"@id\":\"http:\\\/\\\/gbnet.com.br\\\/v3\\\/#\\\/schema\\\/logo\\\/image\\\/\",\"url\":\"https:\\\/\\\/i0.wp.com\\\/gbnet.com.br\\\/v3\\\/wp-content\\\/uploads\\\/2018\\\/03\\\/logoGB-OK-e1521838575299.png?fit=120%2C122\",\"contentUrl\":\"https:\\\/\\\/i0.wp.com\\\/gbnet.com.br\\\/v3\\\/wp-content\\\/uploads\\\/2018\\\/03\\\/logoGB-OK-e1521838575299.png?fit=120%2C122\",\"width\":120,\"height\":122,\"caption\":\"GB Network & Print\"},\"image\":{\"@id\":\"http:\\\/\\\/gbnet.com.br\\\/v3\\\/#\\\/schema\\\/logo\\\/image\\\/\"}}]}<\/script>\n<!-- \/ Yoast SEO plugin. -->","yoast_head_json":{"title":"C\u00f3digo de Barras QRCode -","robots":{"index":"index","follow":"follow","max-snippet":"max-snippet:-1","max-image-preview":"max-image-preview:large","max-video-preview":"max-video-preview:-1"},"canonical":"http:\/\/gbnet.com.br\/v3\/codigo-de-barras-qrcode\/","og_locale":"pt_BR","og_type":"article","og_title":"C\u00f3digo de Barras QRCode -","og_description":"QRCODE O C\u00f3digo de barras QR\u00a0CODE \u00e9 um c\u00f3digo de barras bidimensional que pode ser facilmente escaneado usando a maioria dos celulares modernos equipados com c\u00e2mera. Esse c\u00f3digo \u00e9 convertido num peda\u00e7o de texto (interativo), um endere\u00e7o\u00a0URL, um n\u00famero de telefone, uma localiza\u00e7\u00e3o\u00a0georreferenciada, um e-mail, um contato ou um SMS. Inicialmente usados para catalogar diferentes &hellip;","og_url":"http:\/\/gbnet.com.br\/v3\/codigo-de-barras-qrcode\/","article_modified_time":"2022-08-21T16:32:54+00:00","og_image":[{"url":"http:\/\/www.gbnet.com.br\/v2\/images\/barcode_qrcode.png","type":"","width":"","height":""}],"twitter_card":"summary_large_image","twitter_misc":{"Est. tempo de leitura":"2 minutos"},"schema":{"@context":"https:\/\/schema.org","@graph":[{"@type":"WebPage","@id":"http:\/\/gbnet.com.br\/v3\/codigo-de-barras-qrcode\/","url":"http:\/\/gbnet.com.br\/v3\/codigo-de-barras-qrcode\/","name":"C\u00f3digo de Barras QRCode -","isPartOf":{"@id":"http:\/\/gbnet.com.br\/v3\/#website"},"primaryImageOfPage":{"@id":"http:\/\/gbnet.com.br\/v3\/codigo-de-barras-qrcode\/#primaryimage"},"image":{"@id":"http:\/\/gbnet.com.br\/v3\/codigo-de-barras-qrcode\/#primaryimage"},"thumbnailUrl":"http:\/\/www.gbnet.com.br\/v2\/images\/barcode_qrcode.png","datePublished":"2018-07-16T16:29:07+00:00","dateModified":"2022-08-21T16:32:54+00:00","breadcrumb":{"@id":"http:\/\/gbnet.com.br\/v3\/codigo-de-barras-qrcode\/#breadcrumb"},"inLanguage":"pt-BR","potentialAction":[{"@type":"ReadAction","target":["http:\/\/gbnet.com.br\/v3\/codigo-de-barras-qrcode\/"]}]},{"@type":"ImageObject","inLanguage":"pt-BR","@id":"http:\/\/gbnet.com.br\/v3\/codigo-de-barras-qrcode\/#primaryimage","url":"http:\/\/www.gbnet.com.br\/v2\/images\/barcode_qrcode.png","contentUrl":"http:\/\/www.gbnet.com.br\/v2\/images\/barcode_qrcode.png"},{"@type":"BreadcrumbList","@id":"http:\/\/gbnet.com.br\/v3\/codigo-de-barras-qrcode\/#breadcrumb","itemListElement":[{"@type":"ListItem","position":1,"name":"In\u00edcio","item":"http:\/\/gbnet.com.br\/v3\/"},{"@type":"ListItem","position":2,"name":"C\u00f3digo de Barras QRCode"}]},{"@type":"WebSite","@id":"http:\/\/gbnet.com.br\/v3\/#website","url":"http:\/\/gbnet.com.br\/v3\/","name":"","description":"Transformamos dados em informa\u00e7\u00f5es - GB Network &amp; Print","publisher":{"@id":"http:\/\/gbnet.com.br\/v3\/#organization"},"potentialAction":[{"@type":"SearchAction","target":{"@type":"EntryPoint","urlTemplate":"http:\/\/gbnet.com.br\/v3\/?s={search_term_string}"},"query-input":{"@type":"PropertyValueSpecification","valueRequired":true,"valueName":"search_term_string"}}],"inLanguage":"pt-BR"},{"@type":"Organization","@id":"http:\/\/gbnet.com.br\/v3\/#organization","name":"GB Network & Print","url":"http:\/\/gbnet.com.br\/v3\/","logo":{"@type":"ImageObject","inLanguage":"pt-BR","@id":"http:\/\/gbnet.com.br\/v3\/#\/schema\/logo\/image\/","url":"https:\/\/i0.wp.com\/gbnet.com.br\/v3\/wp-content\/uploads\/2018\/03\/logoGB-OK-e1521838575299.png?fit=120%2C122","contentUrl":"https:\/\/i0.wp.com\/gbnet.com.br\/v3\/wp-content\/uploads\/2018\/03\/logoGB-OK-e1521838575299.png?fit=120%2C122","width":120,"height":122,"caption":"GB Network & Print"},"image":{"@id":"http:\/\/gbnet.com.br\/v3\/#\/schema\/logo\/image\/"}}]}},"jetpack_sharing_enabled":true,"jetpack_shortlink":"https:\/\/wp.me\/Pagaz2-pk","jetpack-related-posts":[{"id":2277,"url":"http:\/\/gbnet.com.br\/v3\/codigo-de-barras-qr-code-pix-para-windows-ttf-opentype-postsript-e-pcl\/","url_meta":{"origin":1570,"position":0},"title":"C\u00f3digo de Barras QR Code Pix para Windows TTF, Opentype, Postscript e PCL","author":"","date":false,"format":false,"excerpt":"Adicione facilmente c\u00f3digos de barras QR Code a aplicativos que suportam fontes TrueType, PostScript, OpenType ou PCL com este pacote de fontes de alta qualidade. C\u00f3digo de barras QR Code - PIX - GS1 O QRCode \u00e9 utilizado no sistema de pagamento eletr\u00f4nico PIX e em outras aplica\u00e7\u00f5es. - Gere\u2026","rel":"","context":"Post similar","block_context":{"text":"Post similar","link":""},"img":{"alt_text":"QR-Code Font and Encoder Suite","src":"https:\/\/www.idautomation.com\/GetImage.ashx?Path=%7e%2fAssets%2fProductImages%2fqrcode-example-shadow.png&maintainAspectRatio=true","width":350,"height":200},"classes":[]},{"id":2253,"url":"http:\/\/gbnet.com.br\/v3\/codigo-de-barras-2d\/","url_meta":{"origin":1570,"position":1},"title":"C\u00f3digo de Barras 2D &#8211; Revenda Oficial da ID Automation no Brasil","author":"","date":false,"format":false,"excerpt":"Com 25 anos de experi\u00eancia no Brasil a GB tem as melhores solu\u00e7\u00f5es do mercado para gera\u00e7\u00e3o de c\u00f3digo de barras de 2 dimens\u00f5es, modelos DATAMATRIX, PDF417 e QRCODE . Somos especialistas em solu\u00e7\u00f5es de c\u00f3digo de barras e automa\u00e7\u00e3o de processos, contamos com o apoio da empresa ID Automation.\u2026","rel":"","context":"Post similar","block_context":{"text":"Post similar","link":""},"img":{"alt_text":"Data Matrix Font and Encoder Suite","src":"https:\/\/www.idautomation.com\/GetImage.ashx?Path=%7e%2fAssets%2fProductImages%2fdatamatrix-store-image.png&maintainAspectRatio=true","width":350,"height":200},"classes":[]},{"id":1566,"url":"http:\/\/gbnet.com.br\/v3\/codigo-de-barras-aztec\/","url_meta":{"origin":1570,"position":2},"title":"C\u00f3digo de Barras AZTEC","author":"","date":false,"format":false,"excerpt":"AZTEC O c\u00f3digo de barras bidimensional (2D) Aztec\u00a0\u00e9 um tipo de\u00a0c\u00f3digo de barras\u00a0em\u00a0matriz bidimensional\u00a0de\u00a0dom\u00ednio p\u00fablico. O s\u00edmbolo \u00e9 constru\u00eddo numa grelha quadrada com um padr\u00e3o \"olho de boi\" ao centro para coloca\u00e7\u00e3o do c\u00f3digo. Os\u00a0dados\u00a0s\u00e3o codificados numa s\u00e9rie de c\u00edrculos ao redor do padr\u00e3o olho de boi. Cada c\u00edrculo adicional\u2026","rel":"","context":"Post similar","block_context":{"text":"Post similar","link":""},"img":{"alt_text":"codigo de barras boleto, codigo de barras febraban, barcode febraban, c\u00f3digos de barras, c\u00f3digo de barras, Interleaved 2 of 5, Febraban, Intercalado 2 de 5, c\u00f3digo de barras de boleto banc\u00e1rio, barcode boleto banc\u00e1rio, I 2 de 5, I 2 of 5, I2 de 5, I2 of 5, c\u00f3digo de barras febraban, c\u00f3digo do boleto","src":"https:\/\/i0.wp.com\/www.gbnet.com.br\/v2\/images\/barcode_aztec.png?resize=350%2C200","width":350,"height":200},"classes":[]},{"id":1560,"url":"http:\/\/gbnet.com.br\/v3\/codigo-de-barras-intercalado-2-de-5\/","url_meta":{"origin":1570,"position":3},"title":"C\u00f3digo de Barras Intercalado 2 de 5 FEBRABAN","author":"","date":false,"format":false,"excerpt":"O INTERCALADO 2 DE 5 \u00e9 o c\u00f3digo de barras padr\u00e3o da FEBRABAN no Brasil para utiliza\u00e7\u00e3o em boletos banc\u00e1rios e documentos de cobran\u00e7a. Este \u00e9 um c\u00f3digo de barras num\u00e9rico usado para codifica\u00e7\u00e3o de pares de n\u00fameros em um formato de c\u00f3digo de barras de alta densidade. Cada par\u2026","rel":"","context":"Post similar","block_context":{"text":"Post similar","link":""},"img":{"alt_text":"","src":"https:\/\/i0.wp.com\/gbnet.com.br\/v3\/wp-content\/uploads\/2022\/10\/Geracao-codigo-de-barras-caso-sucesso-fontes-bardimm-vdp-pcl-julho-22.jpg?resize=350%2C200","width":350,"height":200,"srcset":"https:\/\/i0.wp.com\/gbnet.com.br\/v3\/wp-content\/uploads\/2022\/10\/Geracao-codigo-de-barras-caso-sucesso-fontes-bardimm-vdp-pcl-julho-22.jpg?resize=350%2C200 1x, https:\/\/i0.wp.com\/gbnet.com.br\/v3\/wp-content\/uploads\/2022\/10\/Geracao-codigo-de-barras-caso-sucesso-fontes-bardimm-vdp-pcl-julho-22.jpg?resize=525%2C300 1.5x, https:\/\/i0.wp.com\/gbnet.com.br\/v3\/wp-content\/uploads\/2022\/10\/Geracao-codigo-de-barras-caso-sucesso-fontes-bardimm-vdp-pcl-julho-22.jpg?resize=700%2C400 2x, https:\/\/i0.wp.com\/gbnet.com.br\/v3\/wp-content\/uploads\/2022\/10\/Geracao-codigo-de-barras-caso-sucesso-fontes-bardimm-vdp-pcl-julho-22.jpg?resize=1050%2C600 3x"},"classes":[]},{"id":2492,"url":"http:\/\/gbnet.com.br\/v3\/comprar-fonte-de-codigo-de-barras\/","url_meta":{"origin":1570,"position":4},"title":"Como comprar nossa fonte de c\u00f3digo de barras","author":"","date":false,"format":false,"excerpt":"Comprar fontes de c\u00f3digos de barras intercalado 2 de 5, FEBRABAN, Interleaved 2 of 5, code 128, code39, QR-code, CMC7, et","rel":"","context":"Post similar","block_context":{"text":"Post similar","link":""},"img":{"alt_text":"","src":"https:\/\/i0.wp.com\/gbnet.com.br\/v3\/wp-content\/uploads\/2022\/08\/formas_pagamento_fontes_codigo_barra_gb-com-paypal.png?resize=350%2C200","width":350,"height":200,"srcset":"https:\/\/i0.wp.com\/gbnet.com.br\/v3\/wp-content\/uploads\/2022\/08\/formas_pagamento_fontes_codigo_barra_gb-com-paypal.png?resize=350%2C200 1x, https:\/\/i0.wp.com\/gbnet.com.br\/v3\/wp-content\/uploads\/2022\/08\/formas_pagamento_fontes_codigo_barra_gb-com-paypal.png?resize=525%2C300 1.5x, https:\/\/i0.wp.com\/gbnet.com.br\/v3\/wp-content\/uploads\/2022\/08\/formas_pagamento_fontes_codigo_barra_gb-com-paypal.png?resize=700%2C400 2x"},"classes":[]},{"id":1707,"url":"http:\/\/gbnet.com.br\/v3\/modulos-para-impressao-de-codigo-de-barras\/","url_meta":{"origin":1570,"position":5},"title":"M\u00f3dulos para impress\u00e3o de C\u00f3digo de Barras","author":"","date":false,"format":false,"excerpt":"A solu\u00e7\u00e3o de m\u00f3dulos para impress\u00e3o de c\u00f3digo de barras, distribuida no Brasil pela GB Network & Print, \u00e9 o caminho mais f\u00e1cil e rent\u00e1vel para produzir etiquetas de alta qualidade com c\u00f3digos de barras ou documentos que contenham um ou mais tipos diferentes de c\u00f3digo de barras. M\u00f3dulo interno:\u2026","rel":"","context":"Post similar","block_context":{"text":"Post similar","link":""},"img":{"alt_text":"BarcodeJet Bardimm SAP","src":"https:\/\/i0.wp.com\/www.gbnet.com.br\/v2\/images\/barcodejet_interno.jpg?resize=350%2C200","width":350,"height":200},"classes":[]}],"_links":{"self":[{"href":"http:\/\/gbnet.com.br\/v3\/wp-json\/wp\/v2\/pages\/1570","targetHints":{"allow":["GET"]}}],"collection":[{"href":"http:\/\/gbnet.com.br\/v3\/wp-json\/wp\/v2\/pages"}],"about":[{"href":"http:\/\/gbnet.com.br\/v3\/wp-json\/wp\/v2\/types\/page"}],"author":[{"embeddable":true,"href":"http:\/\/gbnet.com.br\/v3\/wp-json\/wp\/v2\/users\/1"}],"replies":[{"embeddable":true,"href":"http:\/\/gbnet.com.br\/v3\/wp-json\/wp\/v2\/comments?post=1570"}],"version-history":[{"count":8,"href":"http:\/\/gbnet.com.br\/v3\/wp-json\/wp\/v2\/pages\/1570\/revisions"}],"predecessor-version":[{"id":2517,"href":"http:\/\/gbnet.com.br\/v3\/wp-json\/wp\/v2\/pages\/1570\/revisions\/2517"}],"wp:attachment":[{"href":"http:\/\/gbnet.com.br\/v3\/wp-json\/wp\/v2\/media?parent=1570"}],"curies":[{"name":"wp","href":"https:\/\/api.w.org\/{rel}","templated":true}]}}