{"id":1572,"date":"2018-07-16T13:29:58","date_gmt":"2018-07-16T16:29:58","guid":{"rendered":"http:\/\/gbnet.com.br\/v3\/?page_id=1572"},"modified":"2022-08-21T13:31:08","modified_gmt":"2022-08-21T16:31:08","slug":"codigo-de-barras-pdf-417","status":"publish","type":"page","link":"http:\/\/gbnet.com.br\/v3\/codigo-de-barras-pdf-417\/","title":{"rendered":"C\u00f3digo de Barras PDF 417"},"content":{"rendered":"<p class=\"TituloGrande\" align=\"center\">PDF-417<\/p>\n<p align=\"center\"><img data-recalc-dims=\"1\" loading=\"lazy\" decoding=\"async\" src=\"https:\/\/i0.wp.com\/www.gbnet.com.br\/v2\/images\/barcode_pdf417.png?resize=283%2C150\" alt=\"codigo de barras pdf417, c\u00f3digos de barras pdf 417, c\u00f3digo de barras 2d, EAN, pdf 417, barcode bidimensional, c\u00f3digo de barras 2, PDF 417, fonts, fonte PCL, fonte truetype\" width=\"283\" height=\"150\" \/><\/p>\n<p class=\"TextoNormal\">A nova fonte de c\u00f3digo de barras PDF 417 apresenta uma grande vantagem por sua capacidade de impress\u00e3o bidimensional e a possibilidade de trabalhar com at\u00e9 1000 caracteres em uma \u00e1rea de impress\u00e3o pequena, aproximadamente 24mm x 61mm.<\/p>\n<p class=\"TextoNormal\">Dispon\u00edvel para MS Windows, UNIX e outros sistemas operacionais; nos padr\u00f5es True Type, PostScript e PCL.<\/p>\n<div align=\"center\">\n<p align=\"center\"><span class=\"Subtitulo\">Solu\u00e7\u00f5es GB para gera\u00e7\u00e3o e impress\u00e3o do C\u00f3digo de Barras Modelo PDF417<\/span>:<\/p>\n<\/div>\n<p class=\"TextoNormal\">1. Fontes de c\u00f3digo de barras nos formatos:<\/p>\n<ul>\n<li style=\"list-style-type: none;\">\n<ul>\n<li class=\"ItemLista\">Windows Truetype (TTF) com ou sem convers\u00e3o via DLL;<\/li>\n<\/ul>\n<\/li>\n<\/ul>\n<ul>\n<li style=\"list-style-type: none;\">\n<ul>\n<li class=\"ItemLista\">PCL Laser Jet fonts, compat\u00edveis com impressoras laser PCL5;<\/li>\n<\/ul>\n<\/li>\n<\/ul>\n<ul>\n<li style=\"list-style-type: none;\">\n<ul>\n<li class=\"ItemLista\">Postscript (PS) Adobe;<\/li>\n<\/ul>\n<\/li>\n<\/ul>\n<ul>\n<li class=\"ItemLista\">Fontes em outros formatos: AFP, Open Type<\/li>\n<\/ul>\n<p><span class=\"TextoNormal\">2.\u00a0<a href=\"http:\/\/gbnet.com.br\/v3\/modulos-para-impressao-de-codigo-de-barras\/\">BarDIMM: M\u00f3dulos inteligentes de c\u00f3digos de Barras para SAP e outros ERPs;<\/a><\/span><\/p>\n<div align=\"center\">\n<p><a href=\"http:\/\/gbnet.com.br\/v3\/comprar-fonte-de-codigo-de-barras\/\" rel=\"lightbox\"><img data-recalc-dims=\"1\" loading=\"lazy\" decoding=\"async\" class=\"alignnone\" src=\"https:\/\/i0.wp.com\/www.gbnet.com.br\/v2\/images\/intern_buynow.png?resize=133%2C25\" alt=\"Comprar\" width=\"133\" height=\"25\" border=\"0\" \/><\/a><\/p>\n<div>\n<p class=\"TextoNormal\" align=\"center\">Veja os nossos casos de sucesso!<\/p>\n<p class=\"TextoNormal\" align=\"center\"><a href=\"https:\/\/i0.wp.com\/www.gbnet.com.br\/v2\/images\/gb_representa_barcode.png\" rel=\"lightbox\"><img data-recalc-dims=\"1\" loading=\"lazy\" decoding=\"async\" src=\"https:\/\/i0.wp.com\/www.gbnet.com.br\/v2\/images\/gb_representa_barcode.png?resize=308%2C219\" alt=\"Casos de Sucesso\" width=\"308\" height=\"219\" border=\"0\" \/><\/a><\/p>\n<\/div>\n<\/div>\n","protected":false},"excerpt":{"rendered":"<p>PDF-417 A nova fonte de c\u00f3digo de barras PDF 417 apresenta uma grande vantagem por sua capacidade de impress\u00e3o bidimensional e a possibilidade de trabalhar com at\u00e9 1000 caracteres em uma \u00e1rea de impress\u00e3o pequena, aproximadamente 24mm x 61mm. Dispon\u00edvel para MS Windows, UNIX e outros sistemas operacionais; nos padr\u00f5es True Type, PostScript e PCL. &hellip;<\/p>\n","protected":false},"author":1,"featured_media":0,"parent":0,"menu_order":0,"comment_status":"closed","ping_status":"closed","template":"","meta":{"_acf_changed":false,"jetpack_post_was_ever_published":false,"_joinchat":[],"footnotes":""},"class_list":["post-1572","page","type-page","status-publish","hentry"],"acf":[],"yoast_head":"<!-- This site is optimized with the Yoast SEO plugin v27.4 - https:\/\/yoast.com\/product\/yoast-seo-wordpress\/ -->\n<title>C\u00f3digo de Barras PDF 417 -<\/title>\n<meta name=\"robots\" content=\"index, follow, max-snippet:-1, max-image-preview:large, max-video-preview:-1\" \/>\n<link rel=\"canonical\" href=\"http:\/\/gbnet.com.br\/v3\/codigo-de-barras-pdf-417\/\" \/>\n<meta property=\"og:locale\" content=\"pt_BR\" \/>\n<meta property=\"og:type\" content=\"article\" \/>\n<meta property=\"og:title\" content=\"C\u00f3digo de Barras PDF 417 -\" \/>\n<meta property=\"og:description\" content=\"PDF-417 A nova fonte de c\u00f3digo de barras PDF 417 apresenta uma grande vantagem por sua capacidade de impress\u00e3o bidimensional e a possibilidade de trabalhar com at\u00e9 1000 caracteres em uma \u00e1rea de impress\u00e3o pequena, aproximadamente 24mm x 61mm. Dispon\u00edvel para MS Windows, UNIX e outros sistemas operacionais; nos padr\u00f5es True Type, PostScript e PCL. &hellip;\" \/>\n<meta property=\"og:url\" content=\"http:\/\/gbnet.com.br\/v3\/codigo-de-barras-pdf-417\/\" \/>\n<meta property=\"article:modified_time\" content=\"2022-08-21T16:31:08+00:00\" \/>\n<meta property=\"og:image\" content=\"http:\/\/www.gbnet.com.br\/v2\/images\/barcode_pdf417.png\" \/>\n<meta name=\"twitter:card\" content=\"summary_large_image\" \/>\n<meta name=\"twitter:label1\" content=\"Est. tempo de leitura\" \/>\n\t<meta name=\"twitter:data1\" content=\"2 minutos\" \/>\n<script type=\"application\/ld+json\" class=\"yoast-schema-graph\">{\"@context\":\"https:\\\/\\\/schema.org\",\"@graph\":[{\"@type\":\"WebPage\",\"@id\":\"http:\\\/\\\/gbnet.com.br\\\/v3\\\/codigo-de-barras-pdf-417\\\/\",\"url\":\"http:\\\/\\\/gbnet.com.br\\\/v3\\\/codigo-de-barras-pdf-417\\\/\",\"name\":\"C\u00f3digo de Barras PDF 417 -\",\"isPartOf\":{\"@id\":\"http:\\\/\\\/gbnet.com.br\\\/v3\\\/#website\"},\"primaryImageOfPage\":{\"@id\":\"http:\\\/\\\/gbnet.com.br\\\/v3\\\/codigo-de-barras-pdf-417\\\/#primaryimage\"},\"image\":{\"@id\":\"http:\\\/\\\/gbnet.com.br\\\/v3\\\/codigo-de-barras-pdf-417\\\/#primaryimage\"},\"thumbnailUrl\":\"http:\\\/\\\/www.gbnet.com.br\\\/v2\\\/images\\\/barcode_pdf417.png\",\"datePublished\":\"2018-07-16T16:29:58+00:00\",\"dateModified\":\"2022-08-21T16:31:08+00:00\",\"breadcrumb\":{\"@id\":\"http:\\\/\\\/gbnet.com.br\\\/v3\\\/codigo-de-barras-pdf-417\\\/#breadcrumb\"},\"inLanguage\":\"pt-BR\",\"potentialAction\":[{\"@type\":\"ReadAction\",\"target\":[\"http:\\\/\\\/gbnet.com.br\\\/v3\\\/codigo-de-barras-pdf-417\\\/\"]}]},{\"@type\":\"ImageObject\",\"inLanguage\":\"pt-BR\",\"@id\":\"http:\\\/\\\/gbnet.com.br\\\/v3\\\/codigo-de-barras-pdf-417\\\/#primaryimage\",\"url\":\"http:\\\/\\\/www.gbnet.com.br\\\/v2\\\/images\\\/barcode_pdf417.png\",\"contentUrl\":\"http:\\\/\\\/www.gbnet.com.br\\\/v2\\\/images\\\/barcode_pdf417.png\"},{\"@type\":\"BreadcrumbList\",\"@id\":\"http:\\\/\\\/gbnet.com.br\\\/v3\\\/codigo-de-barras-pdf-417\\\/#breadcrumb\",\"itemListElement\":[{\"@type\":\"ListItem\",\"position\":1,\"name\":\"In\u00edcio\",\"item\":\"http:\\\/\\\/gbnet.com.br\\\/v3\\\/\"},{\"@type\":\"ListItem\",\"position\":2,\"name\":\"C\u00f3digo de Barras PDF 417\"}]},{\"@type\":\"WebSite\",\"@id\":\"http:\\\/\\\/gbnet.com.br\\\/v3\\\/#website\",\"url\":\"http:\\\/\\\/gbnet.com.br\\\/v3\\\/\",\"name\":\"\",\"description\":\"Transformamos dados em informa\u00e7\u00f5es - GB Network &amp; Print\",\"publisher\":{\"@id\":\"http:\\\/\\\/gbnet.com.br\\\/v3\\\/#organization\"},\"potentialAction\":[{\"@type\":\"SearchAction\",\"target\":{\"@type\":\"EntryPoint\",\"urlTemplate\":\"http:\\\/\\\/gbnet.com.br\\\/v3\\\/?s={search_term_string}\"},\"query-input\":{\"@type\":\"PropertyValueSpecification\",\"valueRequired\":true,\"valueName\":\"search_term_string\"}}],\"inLanguage\":\"pt-BR\"},{\"@type\":\"Organization\",\"@id\":\"http:\\\/\\\/gbnet.com.br\\\/v3\\\/#organization\",\"name\":\"GB Network & Print\",\"url\":\"http:\\\/\\\/gbnet.com.br\\\/v3\\\/\",\"logo\":{\"@type\":\"ImageObject\",\"inLanguage\":\"pt-BR\",\"@id\":\"http:\\\/\\\/gbnet.com.br\\\/v3\\\/#\\\/schema\\\/logo\\\/image\\\/\",\"url\":\"https:\\\/\\\/i0.wp.com\\\/gbnet.com.br\\\/v3\\\/wp-content\\\/uploads\\\/2018\\\/03\\\/logoGB-OK-e1521838575299.png?fit=120%2C122\",\"contentUrl\":\"https:\\\/\\\/i0.wp.com\\\/gbnet.com.br\\\/v3\\\/wp-content\\\/uploads\\\/2018\\\/03\\\/logoGB-OK-e1521838575299.png?fit=120%2C122\",\"width\":120,\"height\":122,\"caption\":\"GB Network & Print\"},\"image\":{\"@id\":\"http:\\\/\\\/gbnet.com.br\\\/v3\\\/#\\\/schema\\\/logo\\\/image\\\/\"}}]}<\/script>\n<!-- \/ Yoast SEO plugin. -->","yoast_head_json":{"title":"C\u00f3digo de Barras PDF 417 -","robots":{"index":"index","follow":"follow","max-snippet":"max-snippet:-1","max-image-preview":"max-image-preview:large","max-video-preview":"max-video-preview:-1"},"canonical":"http:\/\/gbnet.com.br\/v3\/codigo-de-barras-pdf-417\/","og_locale":"pt_BR","og_type":"article","og_title":"C\u00f3digo de Barras PDF 417 -","og_description":"PDF-417 A nova fonte de c\u00f3digo de barras PDF 417 apresenta uma grande vantagem por sua capacidade de impress\u00e3o bidimensional e a possibilidade de trabalhar com at\u00e9 1000 caracteres em uma \u00e1rea de impress\u00e3o pequena, aproximadamente 24mm x 61mm. Dispon\u00edvel para MS Windows, UNIX e outros sistemas operacionais; nos padr\u00f5es True Type, PostScript e PCL. &hellip;","og_url":"http:\/\/gbnet.com.br\/v3\/codigo-de-barras-pdf-417\/","article_modified_time":"2022-08-21T16:31:08+00:00","og_image":[{"url":"http:\/\/www.gbnet.com.br\/v2\/images\/barcode_pdf417.png","type":"","width":"","height":""}],"twitter_card":"summary_large_image","twitter_misc":{"Est. tempo de leitura":"2 minutos"},"schema":{"@context":"https:\/\/schema.org","@graph":[{"@type":"WebPage","@id":"http:\/\/gbnet.com.br\/v3\/codigo-de-barras-pdf-417\/","url":"http:\/\/gbnet.com.br\/v3\/codigo-de-barras-pdf-417\/","name":"C\u00f3digo de Barras PDF 417 -","isPartOf":{"@id":"http:\/\/gbnet.com.br\/v3\/#website"},"primaryImageOfPage":{"@id":"http:\/\/gbnet.com.br\/v3\/codigo-de-barras-pdf-417\/#primaryimage"},"image":{"@id":"http:\/\/gbnet.com.br\/v3\/codigo-de-barras-pdf-417\/#primaryimage"},"thumbnailUrl":"http:\/\/www.gbnet.com.br\/v2\/images\/barcode_pdf417.png","datePublished":"2018-07-16T16:29:58+00:00","dateModified":"2022-08-21T16:31:08+00:00","breadcrumb":{"@id":"http:\/\/gbnet.com.br\/v3\/codigo-de-barras-pdf-417\/#breadcrumb"},"inLanguage":"pt-BR","potentialAction":[{"@type":"ReadAction","target":["http:\/\/gbnet.com.br\/v3\/codigo-de-barras-pdf-417\/"]}]},{"@type":"ImageObject","inLanguage":"pt-BR","@id":"http:\/\/gbnet.com.br\/v3\/codigo-de-barras-pdf-417\/#primaryimage","url":"http:\/\/www.gbnet.com.br\/v2\/images\/barcode_pdf417.png","contentUrl":"http:\/\/www.gbnet.com.br\/v2\/images\/barcode_pdf417.png"},{"@type":"BreadcrumbList","@id":"http:\/\/gbnet.com.br\/v3\/codigo-de-barras-pdf-417\/#breadcrumb","itemListElement":[{"@type":"ListItem","position":1,"name":"In\u00edcio","item":"http:\/\/gbnet.com.br\/v3\/"},{"@type":"ListItem","position":2,"name":"C\u00f3digo de Barras PDF 417"}]},{"@type":"WebSite","@id":"http:\/\/gbnet.com.br\/v3\/#website","url":"http:\/\/gbnet.com.br\/v3\/","name":"","description":"Transformamos dados em informa\u00e7\u00f5es - GB Network &amp; Print","publisher":{"@id":"http:\/\/gbnet.com.br\/v3\/#organization"},"potentialAction":[{"@type":"SearchAction","target":{"@type":"EntryPoint","urlTemplate":"http:\/\/gbnet.com.br\/v3\/?s={search_term_string}"},"query-input":{"@type":"PropertyValueSpecification","valueRequired":true,"valueName":"search_term_string"}}],"inLanguage":"pt-BR"},{"@type":"Organization","@id":"http:\/\/gbnet.com.br\/v3\/#organization","name":"GB Network & Print","url":"http:\/\/gbnet.com.br\/v3\/","logo":{"@type":"ImageObject","inLanguage":"pt-BR","@id":"http:\/\/gbnet.com.br\/v3\/#\/schema\/logo\/image\/","url":"https:\/\/i0.wp.com\/gbnet.com.br\/v3\/wp-content\/uploads\/2018\/03\/logoGB-OK-e1521838575299.png?fit=120%2C122","contentUrl":"https:\/\/i0.wp.com\/gbnet.com.br\/v3\/wp-content\/uploads\/2018\/03\/logoGB-OK-e1521838575299.png?fit=120%2C122","width":120,"height":122,"caption":"GB Network & Print"},"image":{"@id":"http:\/\/gbnet.com.br\/v3\/#\/schema\/logo\/image\/"}}]}},"jetpack_sharing_enabled":true,"jetpack_shortlink":"https:\/\/wp.me\/Pagaz2-pm","jetpack-related-posts":[{"id":1562,"url":"http:\/\/gbnet.com.br\/v3\/codigo-de-barras-postnet\/","url_meta":{"origin":1572,"position":0},"title":"C\u00f3digo de barras PostNet","author":"","date":false,"format":false,"excerpt":"POSTNET O c\u00f3digo de barras utilizado mundialmente para a postagem de correspond\u00eancias. Recentemente o Correio Brasileiro adotou o uso deste modelo. Solu\u00e7\u00f5es GB para gera\u00e7\u00e3o e impress\u00e3o do C\u00f3digo de Barras Modelo POSTNET 1. Fontes de c\u00f3digo de barras nos formatos: Windows Truetype (TTF) com ou sem convers\u00e3o via DLL;\u2026","rel":"","context":"Post similar","block_context":{"text":"Post similar","link":""},"img":{"alt_text":"codigo de barras correios, c\u00f3digos de barras, c\u00f3digo de barras, Post Net, Correios, Postnet, c\u00f3digo de barras dos Correios, barcode postnet, barcode correios","src":"https:\/\/i0.wp.com\/www.gbnet.com.br\/v2\/images\/fonte_cepnet_postnet_codigo_barras_correios_true_type_gbnet_380.fw.png?resize=350%2C200","width":350,"height":200},"classes":[]},{"id":1707,"url":"http:\/\/gbnet.com.br\/v3\/modulos-para-impressao-de-codigo-de-barras\/","url_meta":{"origin":1572,"position":1},"title":"M\u00f3dulos para impress\u00e3o de C\u00f3digo de Barras","author":"","date":false,"format":false,"excerpt":"A solu\u00e7\u00e3o de m\u00f3dulos para impress\u00e3o de c\u00f3digo de barras, distribuida no Brasil pela GB Network & Print, \u00e9 o caminho mais f\u00e1cil e rent\u00e1vel para produzir etiquetas de alta qualidade com c\u00f3digos de barras ou documentos que contenham um ou mais tipos diferentes de c\u00f3digo de barras. M\u00f3dulo interno:\u2026","rel":"","context":"Post similar","block_context":{"text":"Post similar","link":""},"img":{"alt_text":"BarcodeJet Bardimm SAP","src":"https:\/\/i0.wp.com\/www.gbnet.com.br\/v2\/images\/barcodejet_interno.jpg?resize=350%2C200","width":350,"height":200},"classes":[]},{"id":1758,"url":"http:\/\/gbnet.com.br\/v3\/fontes-e-modulos-para-impressao-de-codigo-de-barras-1d-e-2-d\/","url_meta":{"origin":1572,"position":2},"title":"Fontes e m\u00f3dulos para impress\u00e3o de c\u00f3digo de barras 1D e 2 D","author":"","date":false,"format":false,"excerpt":"Para impress\u00e3o de c\u00f3digo de barras temos diversas solu\u00e7\u00f5es, fontes no padr\u00e3o TrueType ou PCL, m\u00f3dulos interno em impressoras ou externos que s\u00e3o acoplados na rede, Maquina Virtual para fazer essa convers\u00e3o usando a tecnologia BARDIMM e software de dados vari\u00e1veis. Entre em contato para entendermos melhor a sua necessidade\u2026","rel":"","context":"Post similar","block_context":{"text":"Post similar","link":""},"img":{"alt_text":"","src":"https:\/\/i0.wp.com\/gbnet.com.br\/v3\/wp-content\/uploads\/2018\/12\/Solu%C3%A7%C3%B5esCodigodeBarras2.fw_.png?resize=350%2C200","width":350,"height":200,"srcset":"https:\/\/i0.wp.com\/gbnet.com.br\/v3\/wp-content\/uploads\/2018\/12\/Solu%C3%A7%C3%B5esCodigodeBarras2.fw_.png?resize=350%2C200 1x, https:\/\/i0.wp.com\/gbnet.com.br\/v3\/wp-content\/uploads\/2018\/12\/Solu%C3%A7%C3%B5esCodigodeBarras2.fw_.png?resize=525%2C300 1.5x"},"classes":[]},{"id":2206,"url":"http:\/\/gbnet.com.br\/v3\/bardimm-solucao-para-impressao-de-codigo-de-barras-no-sap-windows-oracle-e-outros-erps\/","url_meta":{"origin":1572,"position":3},"title":"BarDIMM solu\u00e7\u00e3o para impress\u00e3o de c\u00f3digo de barras no SAP, Windows, Oracle e outros ERPs","author":"","date":false,"format":false,"excerpt":"As solu\u00e7\u00f5es Jetmobile BarDIMM Pro e BarDIMM Box s\u00e3o solu\u00e7\u00f5es de c\u00f3digos de barras inteligentes, independentes de plataforma, para impressoras a laser, copiadoras e impressoras a jato de tinta compat\u00edveis com PCL5. Permite imprimir c\u00f3digos de barras no SAP, Windows e outros ERPs com muita facilidade, sem usar nenhum middleware.\u2026","rel":"","context":"Post similar","block_context":{"text":"Post similar","link":""},"img":{"alt_text":"","src":"https:\/\/i0.wp.com\/gbnet.com.br\/v3\/wp-content\/uploads\/2020\/09\/Barcode.jpg?resize=350%2C200","width":350,"height":200,"srcset":"https:\/\/i0.wp.com\/gbnet.com.br\/v3\/wp-content\/uploads\/2020\/09\/Barcode.jpg?resize=350%2C200 1x, https:\/\/i0.wp.com\/gbnet.com.br\/v3\/wp-content\/uploads\/2020\/09\/Barcode.jpg?resize=525%2C300 1.5x, https:\/\/i0.wp.com\/gbnet.com.br\/v3\/wp-content\/uploads\/2020\/09\/Barcode.jpg?resize=700%2C400 2x, https:\/\/i0.wp.com\/gbnet.com.br\/v3\/wp-content\/uploads\/2020\/09\/Barcode.jpg?resize=1050%2C600 3x, https:\/\/i0.wp.com\/gbnet.com.br\/v3\/wp-content\/uploads\/2020\/09\/Barcode.jpg?resize=1400%2C800 4x"},"classes":[]},{"id":1554,"url":"http:\/\/gbnet.com.br\/v3\/codigo-de-barras-dun-14-itf-14-gs1-14\/","url_meta":{"origin":1572,"position":4},"title":"C\u00f3digo de Barras Dun 14 \/ ITF 14 \/ GS1 14","author":"","date":false,"format":false,"excerpt":"DUN-14 DUN-14 \u00e9 um c\u00f3digo de barras, num\u00e9rico, utilizado internacionalmente. \u00e9 tamb\u00e9m conhecido como SCC 14 (Shipping Container Code), GS1-14, EAN\/UCC-14, DUN-14, EAN 14, UCC-14 ou c\u00f3digo de unidade de distribui\u00e7\u00e3o. Geralmente este c\u00f3digo destina-se as caixas e fardos dos produtos adquiridos pelo com\u00e9rcio, como por exemplo nos supermercados e\u2026","rel":"","context":"Post similar","block_context":{"text":"Post similar","link":""},"img":{"alt_text":"codigo de barras DUN14, codigo de barras EAN14 , c\u00f3digos de barras EAN 14, c\u00f3digo de barras DUN 14, BARCODE EAN 14, BARCODE DUN 14, fonte truetype, Shipping Container Code, C\u00f3digo de barras container, DUN 14, dun14, fonte dun14, codigo barras dun14, GS1, EAN 14, ean 14, gtin 14,GTIN 14, UCC 14, UPC 14, ucc 14, upc 14, itf 14, ITF 14, EAN-14, ean-14, gtin-14,GTIN-14, UCC-14, UPC-14, ucc-14, upc-14, itf-14, ITF-14","src":"https:\/\/i0.wp.com\/www.gbnet.com.br\/v2\/fonte_itf_dun_14_codigo_barras_gbnet_ttf_380.fw.png?resize=350%2C200","width":350,"height":200},"classes":[]},{"id":1556,"url":"http:\/\/gbnet.com.br\/v3\/codigo-de-barras-ean-13-gs1-13\/","url_meta":{"origin":1572,"position":5},"title":"C\u00f3digo de Barras Ean 13 \/ GS1 13","author":"","date":false,"format":false,"excerpt":"EAN\/UPC 13 A estrutura deste s\u00edmbolo, utilizado para codifica\u00e7\u00e3o de produtos de bens de consumo, segue a seguinte ordem: os dois ou tr\u00eas primeiros d\u00edgitos representam o pa\u00eds de origem. No caso do Brasil \u00e9 789; os quatro ou cinco d\u00edgitos seguintes identificam a empresa; mais quatro ou cinco d\u00edgitos\u2026","rel":"","context":"Post similar","block_context":{"text":"Post similar","link":""},"img":{"alt_text":"comprar fonte ean 13 gs1","src":"https:\/\/i0.wp.com\/gbnet.com.br\/v2\/comprar-2.png?resize=350%2C200","width":350,"height":200},"classes":[]}],"_links":{"self":[{"href":"http:\/\/gbnet.com.br\/v3\/wp-json\/wp\/v2\/pages\/1572","targetHints":{"allow":["GET"]}}],"collection":[{"href":"http:\/\/gbnet.com.br\/v3\/wp-json\/wp\/v2\/pages"}],"about":[{"href":"http:\/\/gbnet.com.br\/v3\/wp-json\/wp\/v2\/types\/page"}],"author":[{"embeddable":true,"href":"http:\/\/gbnet.com.br\/v3\/wp-json\/wp\/v2\/users\/1"}],"replies":[{"embeddable":true,"href":"http:\/\/gbnet.com.br\/v3\/wp-json\/wp\/v2\/comments?post=1572"}],"version-history":[{"count":5,"href":"http:\/\/gbnet.com.br\/v3\/wp-json\/wp\/v2\/pages\/1572\/revisions"}],"predecessor-version":[{"id":2515,"href":"http:\/\/gbnet.com.br\/v3\/wp-json\/wp\/v2\/pages\/1572\/revisions\/2515"}],"wp:attachment":[{"href":"http:\/\/gbnet.com.br\/v3\/wp-json\/wp\/v2\/media?parent=1572"}],"curies":[{"name":"wp","href":"https:\/\/api.w.org\/{rel}","templated":true}]}}