{"id":1580,"date":"2018-07-16T14:15:44","date_gmt":"2018-07-16T17:15:44","guid":{"rendered":"http:\/\/gbnet.com.br\/v3\/?page_id=1580"},"modified":"2018-07-16T14:15:44","modified_gmt":"2018-07-16T17:15:44","slug":"fontes-especiais","status":"publish","type":"page","link":"http:\/\/gbnet.com.br\/v3\/fontes-especiais\/","title":{"rendered":"Fontes Especiais"},"content":{"rendered":"<p><strong>Desenvolvimento de Fontes Especiais<\/strong><\/p>\n<p class=\"textoNormal\">Com uma vasta experi\u00eancia em programa\u00e7\u00e3o PCL a GB oferece o desenvolvimento dos seguintes recursos:<\/p>\n<div>\n<ul class=\"ItemLista3\">\n<li>\u00a0Fontes especiais;<\/li>\n<li>\u00a0Fontes personalizadas;<\/li>\n<li>\u00a0Logotipos;<\/li>\n<li>\u00a0Assinaturas Eletr\u00f4nicas.<\/li>\n<\/ul>\n<\/div>\n<p class=\"textoNormal\">Qualquer que seja a sua necessidade, independentemente do seu sistema, a GB ir\u00e1 desenvolver a fonte certa, para impress\u00e3o em equipamentos laser, com velocidade e qualidade.<\/p>\n<p>Exemplos<\/p>\n<p class=\"Subtitulo\">Etiquetas para o Grupo P\u00e3o de A\u00e7\u00facar<\/p>\n<p align=\"center\"><a href=\"https:\/\/i0.wp.com\/www.gbnet.com.br\/v2\/images\/fontesp_etiquetas_big.png\" rel=\"lightbox\"><img data-recalc-dims=\"1\" loading=\"lazy\" decoding=\"async\" src=\"https:\/\/i0.wp.com\/www.gbnet.com.br\/v2\/images\/fontesp_etiquetas_small.png?resize=320%2C135\" width=\"320\" height=\"135\" border=\"0\" \/><\/a><\/p>\n<p class=\"Subtitulo\">C\u00f3digo de Barras para o DANFE<\/p>\n<p align=\"center\"><a href=\"https:\/\/i0.wp.com\/www.gbnet.com.br\/v2\/images\/fontesp_danfe_big.png\" rel=\"lightbox\"><img data-recalc-dims=\"1\" loading=\"lazy\" decoding=\"async\" src=\"https:\/\/i0.wp.com\/www.gbnet.com.br\/v2\/images\/fontesp_danfe_small.png?resize=320%2C106\" width=\"320\" height=\"106\" border=\"0\" \/><\/a><\/p>\n<p class=\"Subtitulo\">Microfonte<\/p>\n<p align=\"center\"><a href=\"https:\/\/i0.wp.com\/www.gbnet.com.br\/v2\/images\/fontesp_micro_big.png\" rel=\"lightbox\"><img data-recalc-dims=\"1\" loading=\"lazy\" decoding=\"async\" src=\"https:\/\/i0.wp.com\/www.gbnet.com.br\/v2\/images\/fontesp_micro_small.png?resize=240%2C172\" width=\"240\" height=\"172\" border=\"0\" \/><\/a><\/p>\n","protected":false},"excerpt":{"rendered":"<p>Desenvolvimento de Fontes Especiais Com uma vasta experi\u00eancia em programa\u00e7\u00e3o PCL a GB oferece o desenvolvimento dos seguintes recursos: \u00a0Fontes especiais; \u00a0Fontes personalizadas; \u00a0Logotipos; \u00a0Assinaturas Eletr\u00f4nicas. Qualquer que seja a sua necessidade, independentemente do seu sistema, a GB ir\u00e1 desenvolver a fonte certa, para impress\u00e3o em equipamentos laser, com velocidade e qualidade. Exemplos Etiquetas para &hellip;<\/p>\n","protected":false},"author":1,"featured_media":0,"parent":0,"menu_order":0,"comment_status":"closed","ping_status":"closed","template":"","meta":{"_acf_changed":false,"jetpack_post_was_ever_published":false,"_joinchat":[],"footnotes":""},"class_list":["post-1580","page","type-page","status-publish","hentry"],"acf":[],"yoast_head":"<!-- This site is optimized with the Yoast SEO plugin v27.4 - https:\/\/yoast.com\/product\/yoast-seo-wordpress\/ -->\n<title>Fontes Especiais -<\/title>\n<meta name=\"robots\" content=\"index, follow, max-snippet:-1, max-image-preview:large, max-video-preview:-1\" \/>\n<link rel=\"canonical\" href=\"http:\/\/gbnet.com.br\/v3\/fontes-especiais\/\" \/>\n<meta property=\"og:locale\" content=\"pt_BR\" \/>\n<meta property=\"og:type\" content=\"article\" \/>\n<meta property=\"og:title\" content=\"Fontes Especiais -\" \/>\n<meta property=\"og:description\" content=\"Desenvolvimento de Fontes Especiais Com uma vasta experi\u00eancia em programa\u00e7\u00e3o PCL a GB oferece o desenvolvimento dos seguintes recursos: \u00a0Fontes especiais; \u00a0Fontes personalizadas; \u00a0Logotipos; \u00a0Assinaturas Eletr\u00f4nicas. Qualquer que seja a sua necessidade, independentemente do seu sistema, a GB ir\u00e1 desenvolver a fonte certa, para impress\u00e3o em equipamentos laser, com velocidade e qualidade. Exemplos Etiquetas para &hellip;\" \/>\n<meta property=\"og:url\" content=\"http:\/\/gbnet.com.br\/v3\/fontes-especiais\/\" \/>\n<meta property=\"og:image\" content=\"http:\/\/www.gbnet.com.br\/v2\/images\/fontesp_etiquetas_small.png\" \/>\n<meta name=\"twitter:card\" content=\"summary_large_image\" \/>\n<script type=\"application\/ld+json\" class=\"yoast-schema-graph\">{\"@context\":\"https:\\\/\\\/schema.org\",\"@graph\":[{\"@type\":\"WebPage\",\"@id\":\"http:\\\/\\\/gbnet.com.br\\\/v3\\\/fontes-especiais\\\/\",\"url\":\"http:\\\/\\\/gbnet.com.br\\\/v3\\\/fontes-especiais\\\/\",\"name\":\"Fontes Especiais -\",\"isPartOf\":{\"@id\":\"http:\\\/\\\/gbnet.com.br\\\/v3\\\/#website\"},\"primaryImageOfPage\":{\"@id\":\"http:\\\/\\\/gbnet.com.br\\\/v3\\\/fontes-especiais\\\/#primaryimage\"},\"image\":{\"@id\":\"http:\\\/\\\/gbnet.com.br\\\/v3\\\/fontes-especiais\\\/#primaryimage\"},\"thumbnailUrl\":\"http:\\\/\\\/www.gbnet.com.br\\\/v2\\\/images\\\/fontesp_etiquetas_small.png\",\"datePublished\":\"2018-07-16T17:15:44+00:00\",\"breadcrumb\":{\"@id\":\"http:\\\/\\\/gbnet.com.br\\\/v3\\\/fontes-especiais\\\/#breadcrumb\"},\"inLanguage\":\"pt-BR\",\"potentialAction\":[{\"@type\":\"ReadAction\",\"target\":[\"http:\\\/\\\/gbnet.com.br\\\/v3\\\/fontes-especiais\\\/\"]}]},{\"@type\":\"ImageObject\",\"inLanguage\":\"pt-BR\",\"@id\":\"http:\\\/\\\/gbnet.com.br\\\/v3\\\/fontes-especiais\\\/#primaryimage\",\"url\":\"http:\\\/\\\/www.gbnet.com.br\\\/v2\\\/images\\\/fontesp_etiquetas_small.png\",\"contentUrl\":\"http:\\\/\\\/www.gbnet.com.br\\\/v2\\\/images\\\/fontesp_etiquetas_small.png\"},{\"@type\":\"BreadcrumbList\",\"@id\":\"http:\\\/\\\/gbnet.com.br\\\/v3\\\/fontes-especiais\\\/#breadcrumb\",\"itemListElement\":[{\"@type\":\"ListItem\",\"position\":1,\"name\":\"In\u00edcio\",\"item\":\"http:\\\/\\\/gbnet.com.br\\\/v3\\\/\"},{\"@type\":\"ListItem\",\"position\":2,\"name\":\"Fontes Especiais\"}]},{\"@type\":\"WebSite\",\"@id\":\"http:\\\/\\\/gbnet.com.br\\\/v3\\\/#website\",\"url\":\"http:\\\/\\\/gbnet.com.br\\\/v3\\\/\",\"name\":\"\",\"description\":\"Transformamos dados em informa\u00e7\u00f5es - GB Network &amp; Print\",\"publisher\":{\"@id\":\"http:\\\/\\\/gbnet.com.br\\\/v3\\\/#organization\"},\"potentialAction\":[{\"@type\":\"SearchAction\",\"target\":{\"@type\":\"EntryPoint\",\"urlTemplate\":\"http:\\\/\\\/gbnet.com.br\\\/v3\\\/?s={search_term_string}\"},\"query-input\":{\"@type\":\"PropertyValueSpecification\",\"valueRequired\":true,\"valueName\":\"search_term_string\"}}],\"inLanguage\":\"pt-BR\"},{\"@type\":\"Organization\",\"@id\":\"http:\\\/\\\/gbnet.com.br\\\/v3\\\/#organization\",\"name\":\"GB Network & Print\",\"url\":\"http:\\\/\\\/gbnet.com.br\\\/v3\\\/\",\"logo\":{\"@type\":\"ImageObject\",\"inLanguage\":\"pt-BR\",\"@id\":\"http:\\\/\\\/gbnet.com.br\\\/v3\\\/#\\\/schema\\\/logo\\\/image\\\/\",\"url\":\"https:\\\/\\\/i0.wp.com\\\/gbnet.com.br\\\/v3\\\/wp-content\\\/uploads\\\/2018\\\/03\\\/logoGB-OK-e1521838575299.png?fit=120%2C122\",\"contentUrl\":\"https:\\\/\\\/i0.wp.com\\\/gbnet.com.br\\\/v3\\\/wp-content\\\/uploads\\\/2018\\\/03\\\/logoGB-OK-e1521838575299.png?fit=120%2C122\",\"width\":120,\"height\":122,\"caption\":\"GB Network & Print\"},\"image\":{\"@id\":\"http:\\\/\\\/gbnet.com.br\\\/v3\\\/#\\\/schema\\\/logo\\\/image\\\/\"}}]}<\/script>\n<!-- \/ Yoast SEO plugin. -->","yoast_head_json":{"title":"Fontes Especiais -","robots":{"index":"index","follow":"follow","max-snippet":"max-snippet:-1","max-image-preview":"max-image-preview:large","max-video-preview":"max-video-preview:-1"},"canonical":"http:\/\/gbnet.com.br\/v3\/fontes-especiais\/","og_locale":"pt_BR","og_type":"article","og_title":"Fontes Especiais -","og_description":"Desenvolvimento de Fontes Especiais Com uma vasta experi\u00eancia em programa\u00e7\u00e3o PCL a GB oferece o desenvolvimento dos seguintes recursos: \u00a0Fontes especiais; \u00a0Fontes personalizadas; \u00a0Logotipos; \u00a0Assinaturas Eletr\u00f4nicas. Qualquer que seja a sua necessidade, independentemente do seu sistema, a GB ir\u00e1 desenvolver a fonte certa, para impress\u00e3o em equipamentos laser, com velocidade e qualidade. Exemplos Etiquetas para &hellip;","og_url":"http:\/\/gbnet.com.br\/v3\/fontes-especiais\/","og_image":[{"url":"http:\/\/www.gbnet.com.br\/v2\/images\/fontesp_etiquetas_small.png","type":"","width":"","height":""}],"twitter_card":"summary_large_image","schema":{"@context":"https:\/\/schema.org","@graph":[{"@type":"WebPage","@id":"http:\/\/gbnet.com.br\/v3\/fontes-especiais\/","url":"http:\/\/gbnet.com.br\/v3\/fontes-especiais\/","name":"Fontes Especiais -","isPartOf":{"@id":"http:\/\/gbnet.com.br\/v3\/#website"},"primaryImageOfPage":{"@id":"http:\/\/gbnet.com.br\/v3\/fontes-especiais\/#primaryimage"},"image":{"@id":"http:\/\/gbnet.com.br\/v3\/fontes-especiais\/#primaryimage"},"thumbnailUrl":"http:\/\/www.gbnet.com.br\/v2\/images\/fontesp_etiquetas_small.png","datePublished":"2018-07-16T17:15:44+00:00","breadcrumb":{"@id":"http:\/\/gbnet.com.br\/v3\/fontes-especiais\/#breadcrumb"},"inLanguage":"pt-BR","potentialAction":[{"@type":"ReadAction","target":["http:\/\/gbnet.com.br\/v3\/fontes-especiais\/"]}]},{"@type":"ImageObject","inLanguage":"pt-BR","@id":"http:\/\/gbnet.com.br\/v3\/fontes-especiais\/#primaryimage","url":"http:\/\/www.gbnet.com.br\/v2\/images\/fontesp_etiquetas_small.png","contentUrl":"http:\/\/www.gbnet.com.br\/v2\/images\/fontesp_etiquetas_small.png"},{"@type":"BreadcrumbList","@id":"http:\/\/gbnet.com.br\/v3\/fontes-especiais\/#breadcrumb","itemListElement":[{"@type":"ListItem","position":1,"name":"In\u00edcio","item":"http:\/\/gbnet.com.br\/v3\/"},{"@type":"ListItem","position":2,"name":"Fontes Especiais"}]},{"@type":"WebSite","@id":"http:\/\/gbnet.com.br\/v3\/#website","url":"http:\/\/gbnet.com.br\/v3\/","name":"","description":"Transformamos dados em informa\u00e7\u00f5es - GB Network &amp; Print","publisher":{"@id":"http:\/\/gbnet.com.br\/v3\/#organization"},"potentialAction":[{"@type":"SearchAction","target":{"@type":"EntryPoint","urlTemplate":"http:\/\/gbnet.com.br\/v3\/?s={search_term_string}"},"query-input":{"@type":"PropertyValueSpecification","valueRequired":true,"valueName":"search_term_string"}}],"inLanguage":"pt-BR"},{"@type":"Organization","@id":"http:\/\/gbnet.com.br\/v3\/#organization","name":"GB Network & Print","url":"http:\/\/gbnet.com.br\/v3\/","logo":{"@type":"ImageObject","inLanguage":"pt-BR","@id":"http:\/\/gbnet.com.br\/v3\/#\/schema\/logo\/image\/","url":"https:\/\/i0.wp.com\/gbnet.com.br\/v3\/wp-content\/uploads\/2018\/03\/logoGB-OK-e1521838575299.png?fit=120%2C122","contentUrl":"https:\/\/i0.wp.com\/gbnet.com.br\/v3\/wp-content\/uploads\/2018\/03\/logoGB-OK-e1521838575299.png?fit=120%2C122","width":120,"height":122,"caption":"GB Network & Print"},"image":{"@id":"http:\/\/gbnet.com.br\/v3\/#\/schema\/logo\/image\/"}}]}},"jetpack_sharing_enabled":true,"jetpack_shortlink":"https:\/\/wp.me\/Pagaz2-pu","jetpack-related-posts":[{"id":1868,"url":"http:\/\/gbnet.com.br\/v3\/programacao-e-desenvolvimento-em-linguagem-post-script\/","url_meta":{"origin":1580,"position":0},"title":"Programa\u00e7\u00e3o e Desenvolvimento em Linguagem Post Script","author":"","date":false,"format":false,"excerpt":"A GB, pioneira e sem concorr\u00eancia em termos de mercado na \u00e1rea de impress\u00e3o eletr\u00f4nica, destaca-se na realiza\u00e7\u00e3o de servi\u00e7os onde adquire-se solu\u00e7\u00e3o de impress\u00e3o com qualidade e baixo custo. Tudo que a tecnologia nos permitir, unido \u00e0s necessidades do cliente. \u00a0 \u00a0Consultoria em programa\u00e7\u00e3o Post Script; \u00a0Convers\u00e3o em Post\u2026","rel":"","context":"Post similar","block_context":{"text":"Post similar","link":""},"img":{"alt_text":"","src":"https:\/\/i0.wp.com\/www.gbnet.com.br\/v2\/images\/postscript3.png?resize=350%2C200","width":350,"height":200},"classes":[]},{"id":1866,"url":"http:\/\/gbnet.com.br\/v3\/desenvolvimento-em-linguagem-pcl\/","url_meta":{"origin":1580,"position":1},"title":"Desenvolvimento em Linguagem PCL","author":"","date":false,"format":false,"excerpt":"A GB Network & Print \u00e9 a empresa Brasileira n\u00famero 1 no desenvolvimento de aplica\u00e7\u00f5es PCL para impressoras laser. Com mais de 17 anos mercado e profissionais com mais de 20 anos de conhecimento nessa linguagem, nossa empresa pode oferecer os seguintes servi\u00e7os: \u00a0Consultoria em programa\u00e7\u00e3o PCL; \u00a0Convers\u00e3o para PCL\u2026","rel":"","context":"Post similar","block_context":{"text":"Post similar","link":""},"img":{"alt_text":"","src":"https:\/\/i0.wp.com\/www.gbnet.com.br\/v2\/images\/PCL_diagram_small.png?resize=350%2C200","width":350,"height":200},"classes":[]},{"id":2253,"url":"http:\/\/gbnet.com.br\/v3\/codigo-de-barras-2d\/","url_meta":{"origin":1580,"position":2},"title":"C\u00f3digo de Barras 2D &#8211; Revenda Oficial da ID Automation no Brasil","author":"","date":false,"format":false,"excerpt":"Com 25 anos de experi\u00eancia no Brasil a GB tem as melhores solu\u00e7\u00f5es do mercado para gera\u00e7\u00e3o de c\u00f3digo de barras de 2 dimens\u00f5es, modelos DATAMATRIX, PDF417 e QRCODE . Somos especialistas em solu\u00e7\u00f5es de c\u00f3digo de barras e automa\u00e7\u00e3o de processos, contamos com o apoio da empresa ID Automation.\u2026","rel":"","context":"Post similar","block_context":{"text":"Post similar","link":""},"img":{"alt_text":"Data Matrix Font and Encoder Suite","src":"https:\/\/www.idautomation.com\/GetImage.ashx?Path=%7e%2fAssets%2fProductImages%2fdatamatrix-store-image.png&maintainAspectRatio=true","width":350,"height":200},"classes":[]},{"id":2277,"url":"http:\/\/gbnet.com.br\/v3\/codigo-de-barras-qr-code-pix-para-windows-ttf-opentype-postsript-e-pcl\/","url_meta":{"origin":1580,"position":3},"title":"C\u00f3digo de Barras QR Code Pix para Windows TTF, Opentype, Postscript e PCL","author":"","date":false,"format":false,"excerpt":"Adicione facilmente c\u00f3digos de barras QR Code a aplicativos que suportam fontes TrueType, PostScript, OpenType ou PCL com este pacote de fontes de alta qualidade. C\u00f3digo de barras QR Code - PIX - GS1 O QRCode \u00e9 utilizado no sistema de pagamento eletr\u00f4nico PIX e em outras aplica\u00e7\u00f5es. - Gere\u2026","rel":"","context":"Post similar","block_context":{"text":"Post similar","link":""},"img":{"alt_text":"QR-Code Font and Encoder Suite","src":"https:\/\/www.idautomation.com\/GetImage.ashx?Path=%7e%2fAssets%2fProductImages%2fqrcode-example-shadow.png&maintainAspectRatio=true","width":350,"height":200},"classes":[]},{"id":1758,"url":"http:\/\/gbnet.com.br\/v3\/fontes-e-modulos-para-impressao-de-codigo-de-barras-1d-e-2-d\/","url_meta":{"origin":1580,"position":4},"title":"Fontes e m\u00f3dulos para impress\u00e3o de c\u00f3digo de barras 1D e 2 D","author":"","date":false,"format":false,"excerpt":"Para impress\u00e3o de c\u00f3digo de barras temos diversas solu\u00e7\u00f5es, fontes no padr\u00e3o TrueType ou PCL, m\u00f3dulos interno em impressoras ou externos que s\u00e3o acoplados na rede, Maquina Virtual para fazer essa convers\u00e3o usando a tecnologia BARDIMM e software de dados vari\u00e1veis. Entre em contato para entendermos melhor a sua necessidade\u2026","rel":"","context":"Post similar","block_context":{"text":"Post similar","link":""},"img":{"alt_text":"","src":"https:\/\/i0.wp.com\/gbnet.com.br\/v3\/wp-content\/uploads\/2018\/12\/Solu%C3%A7%C3%B5esCodigodeBarras2.fw_.png?resize=350%2C200","width":350,"height":200,"srcset":"https:\/\/i0.wp.com\/gbnet.com.br\/v3\/wp-content\/uploads\/2018\/12\/Solu%C3%A7%C3%B5esCodigodeBarras2.fw_.png?resize=350%2C200 1x, https:\/\/i0.wp.com\/gbnet.com.br\/v3\/wp-content\/uploads\/2018\/12\/Solu%C3%A7%C3%B5esCodigodeBarras2.fw_.png?resize=525%2C300 1.5x"},"classes":[]},{"id":1562,"url":"http:\/\/gbnet.com.br\/v3\/codigo-de-barras-postnet\/","url_meta":{"origin":1580,"position":5},"title":"C\u00f3digo de barras PostNet","author":"","date":false,"format":false,"excerpt":"POSTNET O c\u00f3digo de barras utilizado mundialmente para a postagem de correspond\u00eancias. Recentemente o Correio Brasileiro adotou o uso deste modelo. Solu\u00e7\u00f5es GB para gera\u00e7\u00e3o e impress\u00e3o do C\u00f3digo de Barras Modelo POSTNET 1. Fontes de c\u00f3digo de barras nos formatos: Windows Truetype (TTF) com ou sem convers\u00e3o via DLL;\u2026","rel":"","context":"Post similar","block_context":{"text":"Post similar","link":""},"img":{"alt_text":"codigo de barras correios, c\u00f3digos de barras, c\u00f3digo de barras, Post Net, Correios, Postnet, c\u00f3digo de barras dos Correios, barcode postnet, barcode correios","src":"https:\/\/i0.wp.com\/www.gbnet.com.br\/v2\/images\/fonte_cepnet_postnet_codigo_barras_correios_true_type_gbnet_380.fw.png?resize=350%2C200","width":350,"height":200},"classes":[]}],"_links":{"self":[{"href":"http:\/\/gbnet.com.br\/v3\/wp-json\/wp\/v2\/pages\/1580","targetHints":{"allow":["GET"]}}],"collection":[{"href":"http:\/\/gbnet.com.br\/v3\/wp-json\/wp\/v2\/pages"}],"about":[{"href":"http:\/\/gbnet.com.br\/v3\/wp-json\/wp\/v2\/types\/page"}],"author":[{"embeddable":true,"href":"http:\/\/gbnet.com.br\/v3\/wp-json\/wp\/v2\/users\/1"}],"replies":[{"embeddable":true,"href":"http:\/\/gbnet.com.br\/v3\/wp-json\/wp\/v2\/comments?post=1580"}],"version-history":[{"count":1,"href":"http:\/\/gbnet.com.br\/v3\/wp-json\/wp\/v2\/pages\/1580\/revisions"}],"predecessor-version":[{"id":1581,"href":"http:\/\/gbnet.com.br\/v3\/wp-json\/wp\/v2\/pages\/1580\/revisions\/1581"}],"wp:attachment":[{"href":"http:\/\/gbnet.com.br\/v3\/wp-json\/wp\/v2\/media?parent=1580"}],"curies":[{"name":"wp","href":"https:\/\/api.w.org\/{rel}","templated":true}]}}