{"id":1747,"date":"2018-12-12T09:55:58","date_gmt":"2018-12-12T12:55:58","guid":{"rendered":"http:\/\/gbnet.com.br\/v3\/?page_id=1747"},"modified":"2023-11-13T14:30:16","modified_gmt":"2023-11-13T17:30:16","slug":"software-para-correcao-automatica-de-provas-e-gabaritos","status":"publish","type":"page","link":"http:\/\/gbnet.com.br\/v3\/software-para-correcao-automatica-de-provas-e-gabaritos\/","title":{"rendered":"Software para corre\u00e7\u00e3o autom\u00e1tica de provas e gabaritos"},"content":{"rendered":"<p>Educa\u00e7\u00e3o de excel\u00eancia pressup\u00f5e avalia\u00e7\u00e3o precisa, e n\u00f3s entendemos que o tempo dos educadores \u00e9 precioso demais para ser gasto em tarefas extensas de corre\u00e7\u00e3o de provas. Por isso, apresentamos o software <strong>Remark<\/strong>, a solu\u00e7\u00e3o inovadora que transforma a forma como escolas e universidades avaliam seus alunos. Este software de corre\u00e7\u00e3o autom\u00e1tica de provas \u00e9 um aliado tecnol\u00f3gico que permite aos professores e administradores focar no que realmente importa: o desenvolvimento e sucesso dos estudantes.<\/p>\n<p>O <strong>Remark<\/strong> \u00e9 um triunfo da efici\u00eancia e da precis\u00e3o, j\u00e1 utilizado por centenas de institui\u00e7\u00f5es de ensino em todo o Brasil. Com ele, esque\u00e7a as longas horas revisando quest\u00f5es de m\u00faltipla escolha. Em poucos cliques, o software reconhece as marca\u00e7\u00f5es em gabaritos de papel e entrega resultados imediatos, que podem ser facilmente exportados para an\u00e1lises detalhadas. Al\u00e9m disso, sua flexibilidade \u00e9 incompar\u00e1vel, aceitando diferentes formatos de quest\u00f5es e gabaritos, e adaptando-se \u00e0 diversidade de m\u00e9todos de ensino.<\/p>\n<p>N\u00e3o apenas a corre\u00e7\u00e3o se torna r\u00e1pida e descomplicada, mas tamb\u00e9m extremamente precisa, minimizando erros humanos e garantindo uma avalia\u00e7\u00e3o justa e equ\u00e2nime para todos os alunos. Com o <strong>Remark<\/strong>, sua institui\u00e7\u00e3o se equipa com um sistema de avalia\u00e7\u00e3o do s\u00e9culo XXI, otimizando processos e destacando-se no cen\u00e1rio educacional pela inova\u00e7\u00e3o e qualidade no ensino. Junte-se \u00e0s centenas de institui\u00e7\u00f5es que j\u00e1 est\u00e3o redefinindo a educa\u00e7\u00e3o com a GBNet e leve a sua maneira de avaliar para o pr\u00f3ximo n\u00edvel.<\/p>\n<p><a href=\"http:\/\/www.remarkoffice.com.br\/\"><img data-recalc-dims=\"1\" loading=\"lazy\" decoding=\"async\" data-attachment-id=\"1749\" data-permalink=\"http:\/\/gbnet.com.br\/v3\/software-para-correcao-automatica-de-provas-e-gabaritos\/attachment\/office-2014\/\" data-orig-file=\"https:\/\/i0.wp.com\/gbnet.com.br\/v3\/wp-content\/uploads\/2018\/12\/office-2014.png?fit=229%2C166\" data-orig-size=\"229,166\" data-comments-opened=\"1\" data-image-meta=\"{&quot;aperture&quot;:&quot;0&quot;,&quot;credit&quot;:&quot;&quot;,&quot;camera&quot;:&quot;&quot;,&quot;caption&quot;:&quot;&quot;,&quot;created_timestamp&quot;:&quot;0&quot;,&quot;copyright&quot;:&quot;&quot;,&quot;focal_length&quot;:&quot;0&quot;,&quot;iso&quot;:&quot;0&quot;,&quot;shutter_speed&quot;:&quot;0&quot;,&quot;title&quot;:&quot;&quot;,&quot;orientation&quot;:&quot;0&quot;}\" data-image-title=\"office-2014\" data-image-description=\"\" data-image-caption=\"\" data-large-file=\"https:\/\/i0.wp.com\/gbnet.com.br\/v3\/wp-content\/uploads\/2018\/12\/office-2014.png?fit=229%2C166\" class=\"alignleft wp-image-1749\" src=\"https:\/\/i0.wp.com\/gbnet.com.br\/v3\/wp-content\/uploads\/2018\/12\/office-2014.png?resize=128%2C93\" alt=\"\" width=\"128\" height=\"93\" \/><\/a><\/p>\n<ul>\n<li style=\"list-style-type: none;\">\n<ul>\n<li>Remark Office OMR \u00e9 a vers\u00e3o do software que pode ser instalada localmente (num notebook ou desktop), para que sua institui\u00e7\u00e3o de ensino posa processar de um pequeno n\u00famero de provas a um grande volume de folhas de respostas. Essa \u00e9 a vers\u00e3o mais completa e flex\u00edvel da ferramenta l\u00edder mundial em corre\u00e7\u00e3o de provas\u00a0 \u00a0 \u00a0 \u00a0 \u00a0 \u00a0 \u00a0 \u00a0 \u00a0 \u00a0<a href=\"http:\/\/www.remarkoffice.com.br\/\">Para mais informa\u00e7\u00f5es clique aqui!<\/a><\/li>\n<\/ul>\n<\/li>\n<\/ul>\n<p><a href=\"http:\/\/www.provao.com.br\/\"><img data-recalc-dims=\"1\" loading=\"lazy\" decoding=\"async\" data-attachment-id=\"1750\" data-permalink=\"http:\/\/gbnet.com.br\/v3\/software-para-correcao-automatica-de-provas-e-gabaritos\/attachment\/remark-test-grading-cloud-logo-e1470397673474\/\" data-orig-file=\"https:\/\/i0.wp.com\/gbnet.com.br\/v3\/wp-content\/uploads\/2018\/12\/Remark-Test-Grading-Cloud-Logo-e1470397673474.jpg?fit=253%2C107\" data-orig-size=\"253,107\" data-comments-opened=\"1\" data-image-meta=\"{&quot;aperture&quot;:&quot;0&quot;,&quot;credit&quot;:&quot;&quot;,&quot;camera&quot;:&quot;&quot;,&quot;caption&quot;:&quot;&quot;,&quot;created_timestamp&quot;:&quot;0&quot;,&quot;copyright&quot;:&quot;&quot;,&quot;focal_length&quot;:&quot;0&quot;,&quot;iso&quot;:&quot;0&quot;,&quot;shutter_speed&quot;:&quot;0&quot;,&quot;title&quot;:&quot;&quot;,&quot;orientation&quot;:&quot;0&quot;}\" data-image-title=\"Remark-Test-Grading-Cloud-Logo-e1470397673474\" data-image-description=\"\" data-image-caption=\"\" data-large-file=\"https:\/\/i0.wp.com\/gbnet.com.br\/v3\/wp-content\/uploads\/2018\/12\/Remark-Test-Grading-Cloud-Logo-e1470397673474.jpg?fit=253%2C107\" class=\"alignright wp-image-1750\" src=\"https:\/\/i0.wp.com\/gbnet.com.br\/v3\/wp-content\/uploads\/2018\/12\/Remark-Test-Grading-Cloud-Logo-e1470397673474.jpg?resize=182%2C77\" alt=\"\" width=\"182\" height=\"77\" \/><\/a><\/p>\n<ul>\n<li style=\"list-style-type: none;\">\n<ul>\n<li>Remark Cloud \u00e9 a vers\u00e3o na nuvem, que permite acessar o sistema de qualquer dispositivo com acesso \u00e0 internet (desde que usando um navegador compat\u00edvel). Similar ao Remark Office, mas com menos recursos que vers\u00e3o office e extremamente simples de usar. <br \/><a href=\"http:\/\/www.provao.com.br\/\" data-wplink-edit=\"true\">Para mais informa\u00e7\u00f5es clique aqui!<\/a><\/li>\n<\/ul>\n<\/li>\n<\/ul>\n<p>Veja abaixo a tabela comparativa entre as duas vers\u00f5es.<\/p>\n\n\n<figure class=\"wp-block-image\"><img data-recalc-dims=\"1\" loading=\"lazy\" decoding=\"async\" width=\"698\" height=\"1024\" data-attachment-id=\"1858\" data-permalink=\"http:\/\/gbnet.com.br\/v3\/software-para-correcao-automatica-de-provas-e-gabaritos\/attachment\/comparacao_v1\/\" data-orig-file=\"https:\/\/i0.wp.com\/gbnet.com.br\/v3\/wp-content\/uploads\/2019\/01\/Compara%C3%A7%C3%A3o_v1.jpg?fit=1676%2C2460\" data-orig-size=\"1676,2460\" data-comments-opened=\"1\" data-image-meta=\"{&quot;aperture&quot;:&quot;0&quot;,&quot;credit&quot;:&quot;&quot;,&quot;camera&quot;:&quot;&quot;,&quot;caption&quot;:&quot;&quot;,&quot;created_timestamp&quot;:&quot;0&quot;,&quot;copyright&quot;:&quot;&quot;,&quot;focal_length&quot;:&quot;0&quot;,&quot;iso&quot;:&quot;0&quot;,&quot;shutter_speed&quot;:&quot;0&quot;,&quot;title&quot;:&quot;&quot;,&quot;orientation&quot;:&quot;1&quot;}\" data-image-title=\"Compara\u00e7\u00e3o_v1\" data-image-description=\"\" data-image-caption=\"\" data-large-file=\"https:\/\/i0.wp.com\/gbnet.com.br\/v3\/wp-content\/uploads\/2019\/01\/Compara%C3%A7%C3%A3o_v1.jpg?fit=698%2C1024\" src=\"https:\/\/i0.wp.com\/gbnet.com.br\/v3\/wp-content\/uploads\/2019\/01\/Compara%C3%A7%C3%A3o_v1.jpg?resize=698%2C1024\" alt=\"\" class=\"wp-image-1858\" srcset=\"https:\/\/i0.wp.com\/gbnet.com.br\/v3\/wp-content\/uploads\/2019\/01\/Compara%C3%A7%C3%A3o_v1.jpg?resize=698%2C1024 698w, https:\/\/i0.wp.com\/gbnet.com.br\/v3\/wp-content\/uploads\/2019\/01\/Compara%C3%A7%C3%A3o_v1.jpg?resize=204%2C300 204w, https:\/\/i0.wp.com\/gbnet.com.br\/v3\/wp-content\/uploads\/2019\/01\/Compara%C3%A7%C3%A3o_v1.jpg?resize=768%2C1127 768w, https:\/\/i0.wp.com\/gbnet.com.br\/v3\/wp-content\/uploads\/2019\/01\/Compara%C3%A7%C3%A3o_v1.jpg?resize=368%2C540 368w, https:\/\/i0.wp.com\/gbnet.com.br\/v3\/wp-content\/uploads\/2019\/01\/Compara%C3%A7%C3%A3o_v1.jpg?w=1676 1676w\" sizes=\"auto, (max-width: 698px) 100vw, 698px\" \/><\/figure>\n","protected":false},"excerpt":{"rendered":"<p>Educa\u00e7\u00e3o de excel\u00eancia pressup\u00f5e avalia\u00e7\u00e3o precisa, e n\u00f3s entendemos que o tempo dos educadores \u00e9 precioso demais para ser gasto em tarefas extensas de corre\u00e7\u00e3o de provas. Por isso, apresentamos o software Remark, a solu\u00e7\u00e3o inovadora que transforma a forma como escolas e universidades avaliam seus alunos. Este software de corre\u00e7\u00e3o autom\u00e1tica de provas \u00e9 &hellip;<\/p>\n","protected":false},"author":1,"featured_media":0,"parent":0,"menu_order":0,"comment_status":"closed","ping_status":"closed","template":"","meta":{"_acf_changed":false,"jetpack_post_was_ever_published":false,"_joinchat":[],"footnotes":""},"class_list":["post-1747","page","type-page","status-publish","hentry"],"acf":[],"yoast_head":"<!-- This site is optimized with the Yoast SEO plugin v27.4 - https:\/\/yoast.com\/product\/yoast-seo-wordpress\/ -->\n<title>Software para corre\u00e7\u00e3o autom\u00e1tica de provas e gabaritos -<\/title>\n<meta name=\"robots\" content=\"index, follow, max-snippet:-1, max-image-preview:large, max-video-preview:-1\" \/>\n<link rel=\"canonical\" href=\"http:\/\/gbnet.com.br\/v3\/software-para-correcao-automatica-de-provas-e-gabaritos\/\" \/>\n<meta property=\"og:locale\" content=\"pt_BR\" \/>\n<meta property=\"og:type\" content=\"article\" \/>\n<meta property=\"og:title\" content=\"Software para corre\u00e7\u00e3o autom\u00e1tica de provas e gabaritos -\" \/>\n<meta property=\"og:description\" content=\"Educa\u00e7\u00e3o de excel\u00eancia pressup\u00f5e avalia\u00e7\u00e3o precisa, e n\u00f3s entendemos que o tempo dos educadores \u00e9 precioso demais para ser gasto em tarefas extensas de corre\u00e7\u00e3o de provas. Por isso, apresentamos o software Remark, a solu\u00e7\u00e3o inovadora que transforma a forma como escolas e universidades avaliam seus alunos. Este software de corre\u00e7\u00e3o autom\u00e1tica de provas \u00e9 &hellip;\" \/>\n<meta property=\"og:url\" content=\"http:\/\/gbnet.com.br\/v3\/software-para-correcao-automatica-de-provas-e-gabaritos\/\" \/>\n<meta property=\"article:modified_time\" content=\"2023-11-13T17:30:16+00:00\" \/>\n<meta property=\"og:image\" content=\"http:\/\/gbnet.com.br\/v3\/wp-content\/uploads\/2018\/12\/office-2014.png\" \/>\n<meta name=\"twitter:card\" content=\"summary_large_image\" \/>\n<meta name=\"twitter:label1\" content=\"Est. tempo de leitura\" \/>\n\t<meta name=\"twitter:data1\" content=\"3 minutos\" \/>\n<script type=\"application\/ld+json\" class=\"yoast-schema-graph\">{\"@context\":\"https:\\\/\\\/schema.org\",\"@graph\":[{\"@type\":\"WebPage\",\"@id\":\"http:\\\/\\\/gbnet.com.br\\\/v3\\\/software-para-correcao-automatica-de-provas-e-gabaritos\\\/\",\"url\":\"http:\\\/\\\/gbnet.com.br\\\/v3\\\/software-para-correcao-automatica-de-provas-e-gabaritos\\\/\",\"name\":\"Software para corre\u00e7\u00e3o autom\u00e1tica de provas e gabaritos -\",\"isPartOf\":{\"@id\":\"http:\\\/\\\/gbnet.com.br\\\/v3\\\/#website\"},\"primaryImageOfPage\":{\"@id\":\"http:\\\/\\\/gbnet.com.br\\\/v3\\\/software-para-correcao-automatica-de-provas-e-gabaritos\\\/#primaryimage\"},\"image\":{\"@id\":\"http:\\\/\\\/gbnet.com.br\\\/v3\\\/software-para-correcao-automatica-de-provas-e-gabaritos\\\/#primaryimage\"},\"thumbnailUrl\":\"http:\\\/\\\/gbnet.com.br\\\/v3\\\/wp-content\\\/uploads\\\/2018\\\/12\\\/office-2014.png\",\"datePublished\":\"2018-12-12T12:55:58+00:00\",\"dateModified\":\"2023-11-13T17:30:16+00:00\",\"breadcrumb\":{\"@id\":\"http:\\\/\\\/gbnet.com.br\\\/v3\\\/software-para-correcao-automatica-de-provas-e-gabaritos\\\/#breadcrumb\"},\"inLanguage\":\"pt-BR\",\"potentialAction\":[{\"@type\":\"ReadAction\",\"target\":[\"http:\\\/\\\/gbnet.com.br\\\/v3\\\/software-para-correcao-automatica-de-provas-e-gabaritos\\\/\"]}]},{\"@type\":\"ImageObject\",\"inLanguage\":\"pt-BR\",\"@id\":\"http:\\\/\\\/gbnet.com.br\\\/v3\\\/software-para-correcao-automatica-de-provas-e-gabaritos\\\/#primaryimage\",\"url\":\"https:\\\/\\\/i0.wp.com\\\/gbnet.com.br\\\/v3\\\/wp-content\\\/uploads\\\/2018\\\/12\\\/office-2014.png?fit=229%2C166\",\"contentUrl\":\"https:\\\/\\\/i0.wp.com\\\/gbnet.com.br\\\/v3\\\/wp-content\\\/uploads\\\/2018\\\/12\\\/office-2014.png?fit=229%2C166\",\"width\":229,\"height\":166},{\"@type\":\"BreadcrumbList\",\"@id\":\"http:\\\/\\\/gbnet.com.br\\\/v3\\\/software-para-correcao-automatica-de-provas-e-gabaritos\\\/#breadcrumb\",\"itemListElement\":[{\"@type\":\"ListItem\",\"position\":1,\"name\":\"In\u00edcio\",\"item\":\"http:\\\/\\\/gbnet.com.br\\\/v3\\\/\"},{\"@type\":\"ListItem\",\"position\":2,\"name\":\"Software para corre\u00e7\u00e3o autom\u00e1tica de provas e gabaritos\"}]},{\"@type\":\"WebSite\",\"@id\":\"http:\\\/\\\/gbnet.com.br\\\/v3\\\/#website\",\"url\":\"http:\\\/\\\/gbnet.com.br\\\/v3\\\/\",\"name\":\"\",\"description\":\"Transformamos dados em informa\u00e7\u00f5es - GB Network &amp; Print\",\"publisher\":{\"@id\":\"http:\\\/\\\/gbnet.com.br\\\/v3\\\/#organization\"},\"potentialAction\":[{\"@type\":\"SearchAction\",\"target\":{\"@type\":\"EntryPoint\",\"urlTemplate\":\"http:\\\/\\\/gbnet.com.br\\\/v3\\\/?s={search_term_string}\"},\"query-input\":{\"@type\":\"PropertyValueSpecification\",\"valueRequired\":true,\"valueName\":\"search_term_string\"}}],\"inLanguage\":\"pt-BR\"},{\"@type\":\"Organization\",\"@id\":\"http:\\\/\\\/gbnet.com.br\\\/v3\\\/#organization\",\"name\":\"GB Network & Print\",\"url\":\"http:\\\/\\\/gbnet.com.br\\\/v3\\\/\",\"logo\":{\"@type\":\"ImageObject\",\"inLanguage\":\"pt-BR\",\"@id\":\"http:\\\/\\\/gbnet.com.br\\\/v3\\\/#\\\/schema\\\/logo\\\/image\\\/\",\"url\":\"https:\\\/\\\/i0.wp.com\\\/gbnet.com.br\\\/v3\\\/wp-content\\\/uploads\\\/2018\\\/03\\\/logoGB-OK-e1521838575299.png?fit=120%2C122\",\"contentUrl\":\"https:\\\/\\\/i0.wp.com\\\/gbnet.com.br\\\/v3\\\/wp-content\\\/uploads\\\/2018\\\/03\\\/logoGB-OK-e1521838575299.png?fit=120%2C122\",\"width\":120,\"height\":122,\"caption\":\"GB Network & Print\"},\"image\":{\"@id\":\"http:\\\/\\\/gbnet.com.br\\\/v3\\\/#\\\/schema\\\/logo\\\/image\\\/\"}}]}<\/script>\n<!-- \/ Yoast SEO plugin. -->","yoast_head_json":{"title":"Software para corre\u00e7\u00e3o autom\u00e1tica de provas e gabaritos -","robots":{"index":"index","follow":"follow","max-snippet":"max-snippet:-1","max-image-preview":"max-image-preview:large","max-video-preview":"max-video-preview:-1"},"canonical":"http:\/\/gbnet.com.br\/v3\/software-para-correcao-automatica-de-provas-e-gabaritos\/","og_locale":"pt_BR","og_type":"article","og_title":"Software para corre\u00e7\u00e3o autom\u00e1tica de provas e gabaritos -","og_description":"Educa\u00e7\u00e3o de excel\u00eancia pressup\u00f5e avalia\u00e7\u00e3o precisa, e n\u00f3s entendemos que o tempo dos educadores \u00e9 precioso demais para ser gasto em tarefas extensas de corre\u00e7\u00e3o de provas. Por isso, apresentamos o software Remark, a solu\u00e7\u00e3o inovadora que transforma a forma como escolas e universidades avaliam seus alunos. Este software de corre\u00e7\u00e3o autom\u00e1tica de provas \u00e9 &hellip;","og_url":"http:\/\/gbnet.com.br\/v3\/software-para-correcao-automatica-de-provas-e-gabaritos\/","article_modified_time":"2023-11-13T17:30:16+00:00","og_image":[{"url":"http:\/\/gbnet.com.br\/v3\/wp-content\/uploads\/2018\/12\/office-2014.png","type":"","width":"","height":""}],"twitter_card":"summary_large_image","twitter_misc":{"Est. tempo de leitura":"3 minutos"},"schema":{"@context":"https:\/\/schema.org","@graph":[{"@type":"WebPage","@id":"http:\/\/gbnet.com.br\/v3\/software-para-correcao-automatica-de-provas-e-gabaritos\/","url":"http:\/\/gbnet.com.br\/v3\/software-para-correcao-automatica-de-provas-e-gabaritos\/","name":"Software para corre\u00e7\u00e3o autom\u00e1tica de provas e gabaritos -","isPartOf":{"@id":"http:\/\/gbnet.com.br\/v3\/#website"},"primaryImageOfPage":{"@id":"http:\/\/gbnet.com.br\/v3\/software-para-correcao-automatica-de-provas-e-gabaritos\/#primaryimage"},"image":{"@id":"http:\/\/gbnet.com.br\/v3\/software-para-correcao-automatica-de-provas-e-gabaritos\/#primaryimage"},"thumbnailUrl":"http:\/\/gbnet.com.br\/v3\/wp-content\/uploads\/2018\/12\/office-2014.png","datePublished":"2018-12-12T12:55:58+00:00","dateModified":"2023-11-13T17:30:16+00:00","breadcrumb":{"@id":"http:\/\/gbnet.com.br\/v3\/software-para-correcao-automatica-de-provas-e-gabaritos\/#breadcrumb"},"inLanguage":"pt-BR","potentialAction":[{"@type":"ReadAction","target":["http:\/\/gbnet.com.br\/v3\/software-para-correcao-automatica-de-provas-e-gabaritos\/"]}]},{"@type":"ImageObject","inLanguage":"pt-BR","@id":"http:\/\/gbnet.com.br\/v3\/software-para-correcao-automatica-de-provas-e-gabaritos\/#primaryimage","url":"https:\/\/i0.wp.com\/gbnet.com.br\/v3\/wp-content\/uploads\/2018\/12\/office-2014.png?fit=229%2C166","contentUrl":"https:\/\/i0.wp.com\/gbnet.com.br\/v3\/wp-content\/uploads\/2018\/12\/office-2014.png?fit=229%2C166","width":229,"height":166},{"@type":"BreadcrumbList","@id":"http:\/\/gbnet.com.br\/v3\/software-para-correcao-automatica-de-provas-e-gabaritos\/#breadcrumb","itemListElement":[{"@type":"ListItem","position":1,"name":"In\u00edcio","item":"http:\/\/gbnet.com.br\/v3\/"},{"@type":"ListItem","position":2,"name":"Software para corre\u00e7\u00e3o autom\u00e1tica de provas e gabaritos"}]},{"@type":"WebSite","@id":"http:\/\/gbnet.com.br\/v3\/#website","url":"http:\/\/gbnet.com.br\/v3\/","name":"","description":"Transformamos dados em informa\u00e7\u00f5es - GB Network &amp; Print","publisher":{"@id":"http:\/\/gbnet.com.br\/v3\/#organization"},"potentialAction":[{"@type":"SearchAction","target":{"@type":"EntryPoint","urlTemplate":"http:\/\/gbnet.com.br\/v3\/?s={search_term_string}"},"query-input":{"@type":"PropertyValueSpecification","valueRequired":true,"valueName":"search_term_string"}}],"inLanguage":"pt-BR"},{"@type":"Organization","@id":"http:\/\/gbnet.com.br\/v3\/#organization","name":"GB Network & Print","url":"http:\/\/gbnet.com.br\/v3\/","logo":{"@type":"ImageObject","inLanguage":"pt-BR","@id":"http:\/\/gbnet.com.br\/v3\/#\/schema\/logo\/image\/","url":"https:\/\/i0.wp.com\/gbnet.com.br\/v3\/wp-content\/uploads\/2018\/03\/logoGB-OK-e1521838575299.png?fit=120%2C122","contentUrl":"https:\/\/i0.wp.com\/gbnet.com.br\/v3\/wp-content\/uploads\/2018\/03\/logoGB-OK-e1521838575299.png?fit=120%2C122","width":120,"height":122,"caption":"GB Network & Print"},"image":{"@id":"http:\/\/gbnet.com.br\/v3\/#\/schema\/logo\/image\/"}}]}},"jetpack_sharing_enabled":true,"jetpack_shortlink":"https:\/\/wp.me\/Pagaz2-sb","jetpack-related-posts":[{"id":1566,"url":"http:\/\/gbnet.com.br\/v3\/codigo-de-barras-aztec\/","url_meta":{"origin":1747,"position":0},"title":"C\u00f3digo de Barras AZTEC","author":"","date":false,"format":false,"excerpt":"AZTEC O c\u00f3digo de barras bidimensional (2D) Aztec\u00a0\u00e9 um tipo de\u00a0c\u00f3digo de barras\u00a0em\u00a0matriz bidimensional\u00a0de\u00a0dom\u00ednio p\u00fablico. O s\u00edmbolo \u00e9 constru\u00eddo numa grelha quadrada com um padr\u00e3o \"olho de boi\" ao centro para coloca\u00e7\u00e3o do c\u00f3digo. Os\u00a0dados\u00a0s\u00e3o codificados numa s\u00e9rie de c\u00edrculos ao redor do padr\u00e3o olho de boi. Cada c\u00edrculo adicional\u2026","rel":"","context":"Post similar","block_context":{"text":"Post similar","link":""},"img":{"alt_text":"codigo de barras boleto, codigo de barras febraban, barcode febraban, c\u00f3digos de barras, c\u00f3digo de barras, Interleaved 2 of 5, Febraban, Intercalado 2 de 5, c\u00f3digo de barras de boleto banc\u00e1rio, barcode boleto banc\u00e1rio, I 2 de 5, I 2 of 5, I2 de 5, I2 of 5, c\u00f3digo de barras febraban, c\u00f3digo do boleto","src":"https:\/\/i0.wp.com\/www.gbnet.com.br\/v2\/images\/barcode_aztec.png?resize=350%2C200","width":350,"height":200},"classes":[]},{"id":2309,"url":"http:\/\/gbnet.com.br\/v3\/readypdf-software-para-otimizacao-de-documentos-pdf\/","url_meta":{"origin":1747,"position":1},"title":"ReadyPDF \u2013 Software para otimiza\u00e7\u00e3o de documentos PDF","author":"","date":false,"format":false,"excerpt":"ReadyPDF \u00e9 a mais recente inova\u00e7\u00e3o da Solimar, empresa americana l\u00edder em tratamento de dados, a qual a GB \u00e9 distribuidor no Brasil. Com o ReadyPDF voc\u00ea otimiza arquivos PDF para que sejam processados com mais efici\u00eancia, seja para envio por meio eletr\u00f4nico, arquivamento ou impress\u00e3o em produ\u00e7\u00e3o. O ReadyPDF\u2026","rel":"","context":"Post similar","block_context":{"text":"Post similar","link":""},"img":{"alt_text":"","src":"https:\/\/i0.wp.com\/gbnet.com.br\/v3\/wp-content\/uploads\/2021\/02\/ReadyPDF.png?resize=350%2C200","width":350,"height":200,"srcset":"https:\/\/i0.wp.com\/gbnet.com.br\/v3\/wp-content\/uploads\/2021\/02\/ReadyPDF.png?resize=350%2C200 1x, https:\/\/i0.wp.com\/gbnet.com.br\/v3\/wp-content\/uploads\/2021\/02\/ReadyPDF.png?resize=525%2C300 1.5x"},"classes":[]},{"id":1589,"url":"http:\/\/gbnet.com.br\/v3\/solucoes-lrs\/","url_meta":{"origin":1747,"position":2},"title":"Solu\u00e7\u00f5es LRS","author":"","date":false,"format":false,"excerpt":"\"Desde o in\u00edcio de 2014 GB Network & Print se tornou Distribudor das solu\u00e7\u00f5es LRS no Brasil.\" Em 1979,\u00a0tr\u00eas consultores independentes juntaram esfor\u00e7os para estabelecer a Levi, Ray & Shoup, Inc. - LRS\u00ae. Juntos, eles constru\u00edram uma reputa\u00e7\u00e3o como provedores de servi\u00e7os e sistemas para uma variedade de empresas e\u2026","rel":"","context":"Post similar","block_context":{"text":"Post similar","link":""},"img":{"alt_text":"Fonte Barcode","src":"https:\/\/i0.wp.com\/www.gbnet.com.br\/v2\/images\/LRS_VPSX.png?resize=350%2C200","width":350,"height":200},"classes":[]},{"id":1568,"url":"http:\/\/gbnet.com.br\/v3\/codigo-de-barras-datamatrix\/","url_meta":{"origin":1747,"position":3},"title":"C\u00f3digo de Barras DataMatrix","author":"","date":false,"format":false,"excerpt":"DATAMATRIX DataMatrix \u00e9 uma simbologia de c\u00f3digo de barras 2D (bidimensional) e que pode armazenar at\u00e9 cerca de 2.000 caracteres. Tamb\u00e9m conhecido por Data Matrix, ECC200 (terminologias em ingl\u00eas). A vers\u00e3o DataMatrix ECC200 suporta a verifica\u00e7\u00e3o de erros de codifica\u00e7\u00e3o avan\u00e7ada e algoritmos de corre\u00e7\u00e3o (reed-solomon). Esses algoritmos permitem o\u2026","rel":"","context":"Post similar","block_context":{"text":"Post similar","link":""},"img":{"alt_text":"codigo de barras boleto, codigo de barras febraban, barcode febraban, c\u00f3digos de barras, c\u00f3digo de barras, Interleaved 2 of 5, Febraban, Intercalado 2 de 5, c\u00f3digo de barras de boleto banc\u00e1rio, barcode boleto banc\u00e1rio, I 2 de 5, I 2 of 5, I2 de 5, I2 of 5, c\u00f3digo de barras febraban, c\u00f3digo do boleto","src":"https:\/\/i0.wp.com\/www.gbnet.com.br\/v2\/images\/codigo_de_barras_fontes_DATAMATRIX-gb.png?resize=350%2C200","width":350,"height":200},"classes":[]},{"id":1560,"url":"http:\/\/gbnet.com.br\/v3\/codigo-de-barras-intercalado-2-de-5\/","url_meta":{"origin":1747,"position":4},"title":"C\u00f3digo de Barras Intercalado 2 de 5 FEBRABAN","author":"","date":false,"format":false,"excerpt":"O INTERCALADO 2 DE 5 \u00e9 o c\u00f3digo de barras padr\u00e3o da FEBRABAN no Brasil para utiliza\u00e7\u00e3o em boletos banc\u00e1rios e documentos de cobran\u00e7a. Este \u00e9 um c\u00f3digo de barras num\u00e9rico usado para codifica\u00e7\u00e3o de pares de n\u00fameros em um formato de c\u00f3digo de barras de alta densidade. Cada par\u2026","rel":"","context":"Post similar","block_context":{"text":"Post similar","link":""},"img":{"alt_text":"","src":"https:\/\/i0.wp.com\/gbnet.com.br\/v3\/wp-content\/uploads\/2022\/10\/Geracao-codigo-de-barras-caso-sucesso-fontes-bardimm-vdp-pcl-julho-22.jpg?resize=350%2C200","width":350,"height":200,"srcset":"https:\/\/i0.wp.com\/gbnet.com.br\/v3\/wp-content\/uploads\/2022\/10\/Geracao-codigo-de-barras-caso-sucesso-fontes-bardimm-vdp-pcl-julho-22.jpg?resize=350%2C200 1x, https:\/\/i0.wp.com\/gbnet.com.br\/v3\/wp-content\/uploads\/2022\/10\/Geracao-codigo-de-barras-caso-sucesso-fontes-bardimm-vdp-pcl-julho-22.jpg?resize=525%2C300 1.5x, https:\/\/i0.wp.com\/gbnet.com.br\/v3\/wp-content\/uploads\/2022\/10\/Geracao-codigo-de-barras-caso-sucesso-fontes-bardimm-vdp-pcl-julho-22.jpg?resize=700%2C400 2x, https:\/\/i0.wp.com\/gbnet.com.br\/v3\/wp-content\/uploads\/2022\/10\/Geracao-codigo-de-barras-caso-sucesso-fontes-bardimm-vdp-pcl-julho-22.jpg?resize=1050%2C600 3x"},"classes":[]},{"id":1473,"url":"http:\/\/gbnet.com.br\/v3\/printevolve\/","url_meta":{"origin":1747,"position":5},"title":"PrintEvolve","author":"","date":false,"format":false,"excerpt":"A Suite PrintEvolve \u00e9 a solu\u00e7\u00e3o \u201call-in-one\u201d para qualquer organiza\u00e7\u00e3o que procura otimizar o seu ambiente de impress\u00e3o e permitir\u00e1 facilmente: Manter uma consci\u00eancia permanente de atividade das impressoras e Multi-funcionais, melhorando o controle e bilhetagem; Gerenciar proativamente a atividade do usu\u00e1rio para diminuir os custos e reduzir o desperd\u00edcio;\u2026","rel":"","context":"Post similar","block_context":{"text":"Post similar","link":""},"img":{"alt_text":"PE-job-accounting","src":"https:\/\/i0.wp.com\/www.gbnet.com.br\/blog\/wp-content\/uploads\/PEjobaccounting_thumb.png?resize=350%2C200","width":350,"height":200},"classes":[]}],"_links":{"self":[{"href":"http:\/\/gbnet.com.br\/v3\/wp-json\/wp\/v2\/pages\/1747","targetHints":{"allow":["GET"]}}],"collection":[{"href":"http:\/\/gbnet.com.br\/v3\/wp-json\/wp\/v2\/pages"}],"about":[{"href":"http:\/\/gbnet.com.br\/v3\/wp-json\/wp\/v2\/types\/page"}],"author":[{"embeddable":true,"href":"http:\/\/gbnet.com.br\/v3\/wp-json\/wp\/v2\/users\/1"}],"replies":[{"embeddable":true,"href":"http:\/\/gbnet.com.br\/v3\/wp-json\/wp\/v2\/comments?post=1747"}],"version-history":[{"count":8,"href":"http:\/\/gbnet.com.br\/v3\/wp-json\/wp\/v2\/pages\/1747\/revisions"}],"predecessor-version":[{"id":2656,"href":"http:\/\/gbnet.com.br\/v3\/wp-json\/wp\/v2\/pages\/1747\/revisions\/2656"}],"wp:attachment":[{"href":"http:\/\/gbnet.com.br\/v3\/wp-json\/wp\/v2\/media?parent=1747"}],"curies":[{"name":"wp","href":"https:\/\/api.w.org\/{rel}","templated":true}]}}