{"id":1758,"date":"2018-12-13T09:21:00","date_gmt":"2018-12-13T12:21:00","guid":{"rendered":"http:\/\/gbnet.com.br\/v3\/?page_id=1758"},"modified":"2018-12-13T11:59:31","modified_gmt":"2018-12-13T14:59:31","slug":"fontes-e-modulos-para-impressao-de-codigo-de-barras-1d-e-2-d","status":"publish","type":"page","link":"http:\/\/gbnet.com.br\/v3\/fontes-e-modulos-para-impressao-de-codigo-de-barras-1d-e-2-d\/","title":{"rendered":"Fontes e m\u00f3dulos para impress\u00e3o de c\u00f3digo de barras 1D e 2 D"},"content":{"rendered":"<p>Para impress\u00e3o de c\u00f3digo de barras temos diversas solu\u00e7\u00f5es, fontes no padr\u00e3o TrueType ou PCL, m\u00f3dulos interno em impressoras ou externos que s\u00e3o acoplados na rede, Maquina Virtual para fazer essa convers\u00e3o usando a tecnologia BARDIMM e software de dados vari\u00e1veis.<\/p>\n<p><img data-recalc-dims=\"1\" loading=\"lazy\" decoding=\"async\" data-attachment-id=\"1767\" data-permalink=\"http:\/\/gbnet.com.br\/v3\/fontes-e-modulos-para-impressao-de-codigo-de-barras-1d-e-2-d\/attachment\/solucoescodigodebarras2-fw\/\" data-orig-file=\"https:\/\/i0.wp.com\/gbnet.com.br\/v3\/wp-content\/uploads\/2018\/12\/Solu%C3%A7%C3%B5esCodigodeBarras2.fw_.png?fit=600%2C300\" data-orig-size=\"600,300\" data-comments-opened=\"1\" data-image-meta=\"{&quot;aperture&quot;:&quot;0&quot;,&quot;credit&quot;:&quot;&quot;,&quot;camera&quot;:&quot;&quot;,&quot;caption&quot;:&quot;&quot;,&quot;created_timestamp&quot;:&quot;0&quot;,&quot;copyright&quot;:&quot;&quot;,&quot;focal_length&quot;:&quot;0&quot;,&quot;iso&quot;:&quot;0&quot;,&quot;shutter_speed&quot;:&quot;0&quot;,&quot;title&quot;:&quot;&quot;,&quot;orientation&quot;:&quot;0&quot;}\" data-image-title=\"Solu\u00e7\u00f5esCodigodeBarras2.fw\" data-image-description=\"\" data-image-caption=\"\" data-large-file=\"https:\/\/i0.wp.com\/gbnet.com.br\/v3\/wp-content\/uploads\/2018\/12\/Solu%C3%A7%C3%B5esCodigodeBarras2.fw_.png?fit=600%2C300\" class=\"wp-image-1767 size-full aligncenter\" src=\"https:\/\/i0.wp.com\/gbnet.com.br\/v3\/wp-content\/uploads\/2018\/12\/Solu%C3%A7%C3%B5esCodigodeBarras2.fw_.png?resize=600%2C300\" alt=\"\" width=\"600\" height=\"300\" srcset=\"https:\/\/i0.wp.com\/gbnet.com.br\/v3\/wp-content\/uploads\/2018\/12\/Solu%C3%A7%C3%B5esCodigodeBarras2.fw_.png?w=600 600w, https:\/\/i0.wp.com\/gbnet.com.br\/v3\/wp-content\/uploads\/2018\/12\/Solu%C3%A7%C3%B5esCodigodeBarras2.fw_.png?resize=300%2C150 300w, https:\/\/i0.wp.com\/gbnet.com.br\/v3\/wp-content\/uploads\/2018\/12\/Solu%C3%A7%C3%B5esCodigodeBarras2.fw_.png?resize=540%2C270 540w, https:\/\/i0.wp.com\/gbnet.com.br\/v3\/wp-content\/uploads\/2018\/12\/Solu%C3%A7%C3%B5esCodigodeBarras2.fw_.png?resize=360%2C180 360w\" sizes=\"auto, (max-width: 600px) 100vw, 600px\" \/><\/p>\n<p><img data-recalc-dims=\"1\" loading=\"lazy\" decoding=\"async\" class=\"aligncenter wp-image-1761 size-full\" src=\"https:\/\/i0.wp.com\/gbnet.com.br\/v3\/wp-content\/uploads\/2018\/12\/Solu%C3%A7%C3%B5esCodigodeBarras.fw_.png?resize=600%2C300\" alt=\"\" width=\"600\" height=\"300\" \/><\/p>\n<p>Entre em contato para entendermos melhor a sua necessidade e indicar a melhor solu\u00e7\u00e3o.<\/p>\n","protected":false},"excerpt":{"rendered":"<p>Para impress\u00e3o de c\u00f3digo de barras temos diversas solu\u00e7\u00f5es, fontes no padr\u00e3o TrueType ou PCL, m\u00f3dulos interno em impressoras ou externos que s\u00e3o acoplados na rede, Maquina Virtual para fazer essa convers\u00e3o usando a tecnologia BARDIMM e software de dados vari\u00e1veis. Entre em contato para entendermos melhor a sua necessidade e indicar a melhor solu\u00e7\u00e3o.<\/p>\n","protected":false},"author":1,"featured_media":0,"parent":0,"menu_order":0,"comment_status":"closed","ping_status":"closed","template":"","meta":{"_acf_changed":false,"jetpack_post_was_ever_published":false,"_joinchat":[],"footnotes":""},"class_list":["post-1758","page","type-page","status-publish","hentry"],"acf":[],"yoast_head":"<!-- This site is optimized with the Yoast SEO plugin v27.4 - https:\/\/yoast.com\/product\/yoast-seo-wordpress\/ -->\n<title>Fontes e m\u00f3dulos para impress\u00e3o de c\u00f3digo de barras 1D e 2 D -<\/title>\n<meta name=\"robots\" content=\"index, follow, max-snippet:-1, max-image-preview:large, max-video-preview:-1\" \/>\n<link rel=\"canonical\" href=\"http:\/\/gbnet.com.br\/v3\/fontes-e-modulos-para-impressao-de-codigo-de-barras-1d-e-2-d\/\" \/>\n<meta property=\"og:locale\" content=\"pt_BR\" \/>\n<meta property=\"og:type\" content=\"article\" \/>\n<meta property=\"og:title\" content=\"Fontes e m\u00f3dulos para impress\u00e3o de c\u00f3digo de barras 1D e 2 D -\" \/>\n<meta property=\"og:description\" content=\"Para impress\u00e3o de c\u00f3digo de barras temos diversas solu\u00e7\u00f5es, fontes no padr\u00e3o TrueType ou PCL, m\u00f3dulos interno em impressoras ou externos que s\u00e3o acoplados na rede, Maquina Virtual para fazer essa convers\u00e3o usando a tecnologia BARDIMM e software de dados vari\u00e1veis. Entre em contato para entendermos melhor a sua necessidade e indicar a melhor solu\u00e7\u00e3o.\" \/>\n<meta property=\"og:url\" content=\"http:\/\/gbnet.com.br\/v3\/fontes-e-modulos-para-impressao-de-codigo-de-barras-1d-e-2-d\/\" \/>\n<meta property=\"article:modified_time\" content=\"2018-12-13T14:59:31+00:00\" \/>\n<meta name=\"twitter:card\" content=\"summary_large_image\" \/>\n<script type=\"application\/ld+json\" class=\"yoast-schema-graph\">{\"@context\":\"https:\\\/\\\/schema.org\",\"@graph\":[{\"@type\":\"WebPage\",\"@id\":\"http:\\\/\\\/gbnet.com.br\\\/v3\\\/fontes-e-modulos-para-impressao-de-codigo-de-barras-1d-e-2-d\\\/\",\"url\":\"http:\\\/\\\/gbnet.com.br\\\/v3\\\/fontes-e-modulos-para-impressao-de-codigo-de-barras-1d-e-2-d\\\/\",\"name\":\"Fontes e m\u00f3dulos para impress\u00e3o de c\u00f3digo de barras 1D e 2 D -\",\"isPartOf\":{\"@id\":\"http:\\\/\\\/gbnet.com.br\\\/v3\\\/#website\"},\"datePublished\":\"2018-12-13T12:21:00+00:00\",\"dateModified\":\"2018-12-13T14:59:31+00:00\",\"breadcrumb\":{\"@id\":\"http:\\\/\\\/gbnet.com.br\\\/v3\\\/fontes-e-modulos-para-impressao-de-codigo-de-barras-1d-e-2-d\\\/#breadcrumb\"},\"inLanguage\":\"pt-BR\",\"potentialAction\":[{\"@type\":\"ReadAction\",\"target\":[\"http:\\\/\\\/gbnet.com.br\\\/v3\\\/fontes-e-modulos-para-impressao-de-codigo-de-barras-1d-e-2-d\\\/\"]}]},{\"@type\":\"BreadcrumbList\",\"@id\":\"http:\\\/\\\/gbnet.com.br\\\/v3\\\/fontes-e-modulos-para-impressao-de-codigo-de-barras-1d-e-2-d\\\/#breadcrumb\",\"itemListElement\":[{\"@type\":\"ListItem\",\"position\":1,\"name\":\"In\u00edcio\",\"item\":\"http:\\\/\\\/gbnet.com.br\\\/v3\\\/\"},{\"@type\":\"ListItem\",\"position\":2,\"name\":\"Fontes e m\u00f3dulos para impress\u00e3o de c\u00f3digo de barras 1D e 2 D\"}]},{\"@type\":\"WebSite\",\"@id\":\"http:\\\/\\\/gbnet.com.br\\\/v3\\\/#website\",\"url\":\"http:\\\/\\\/gbnet.com.br\\\/v3\\\/\",\"name\":\"\",\"description\":\"Transformamos dados em informa\u00e7\u00f5es - GB Network &amp; Print\",\"publisher\":{\"@id\":\"http:\\\/\\\/gbnet.com.br\\\/v3\\\/#organization\"},\"potentialAction\":[{\"@type\":\"SearchAction\",\"target\":{\"@type\":\"EntryPoint\",\"urlTemplate\":\"http:\\\/\\\/gbnet.com.br\\\/v3\\\/?s={search_term_string}\"},\"query-input\":{\"@type\":\"PropertyValueSpecification\",\"valueRequired\":true,\"valueName\":\"search_term_string\"}}],\"inLanguage\":\"pt-BR\"},{\"@type\":\"Organization\",\"@id\":\"http:\\\/\\\/gbnet.com.br\\\/v3\\\/#organization\",\"name\":\"GB Network & Print\",\"url\":\"http:\\\/\\\/gbnet.com.br\\\/v3\\\/\",\"logo\":{\"@type\":\"ImageObject\",\"inLanguage\":\"pt-BR\",\"@id\":\"http:\\\/\\\/gbnet.com.br\\\/v3\\\/#\\\/schema\\\/logo\\\/image\\\/\",\"url\":\"https:\\\/\\\/i0.wp.com\\\/gbnet.com.br\\\/v3\\\/wp-content\\\/uploads\\\/2018\\\/03\\\/logoGB-OK-e1521838575299.png?fit=120%2C122\",\"contentUrl\":\"https:\\\/\\\/i0.wp.com\\\/gbnet.com.br\\\/v3\\\/wp-content\\\/uploads\\\/2018\\\/03\\\/logoGB-OK-e1521838575299.png?fit=120%2C122\",\"width\":120,\"height\":122,\"caption\":\"GB Network & Print\"},\"image\":{\"@id\":\"http:\\\/\\\/gbnet.com.br\\\/v3\\\/#\\\/schema\\\/logo\\\/image\\\/\"}}]}<\/script>\n<!-- \/ Yoast SEO plugin. -->","yoast_head_json":{"title":"Fontes e m\u00f3dulos para impress\u00e3o de c\u00f3digo de barras 1D e 2 D -","robots":{"index":"index","follow":"follow","max-snippet":"max-snippet:-1","max-image-preview":"max-image-preview:large","max-video-preview":"max-video-preview:-1"},"canonical":"http:\/\/gbnet.com.br\/v3\/fontes-e-modulos-para-impressao-de-codigo-de-barras-1d-e-2-d\/","og_locale":"pt_BR","og_type":"article","og_title":"Fontes e m\u00f3dulos para impress\u00e3o de c\u00f3digo de barras 1D e 2 D -","og_description":"Para impress\u00e3o de c\u00f3digo de barras temos diversas solu\u00e7\u00f5es, fontes no padr\u00e3o TrueType ou PCL, m\u00f3dulos interno em impressoras ou externos que s\u00e3o acoplados na rede, Maquina Virtual para fazer essa convers\u00e3o usando a tecnologia BARDIMM e software de dados vari\u00e1veis. Entre em contato para entendermos melhor a sua necessidade e indicar a melhor solu\u00e7\u00e3o.","og_url":"http:\/\/gbnet.com.br\/v3\/fontes-e-modulos-para-impressao-de-codigo-de-barras-1d-e-2-d\/","article_modified_time":"2018-12-13T14:59:31+00:00","twitter_card":"summary_large_image","schema":{"@context":"https:\/\/schema.org","@graph":[{"@type":"WebPage","@id":"http:\/\/gbnet.com.br\/v3\/fontes-e-modulos-para-impressao-de-codigo-de-barras-1d-e-2-d\/","url":"http:\/\/gbnet.com.br\/v3\/fontes-e-modulos-para-impressao-de-codigo-de-barras-1d-e-2-d\/","name":"Fontes e m\u00f3dulos para impress\u00e3o de c\u00f3digo de barras 1D e 2 D -","isPartOf":{"@id":"http:\/\/gbnet.com.br\/v3\/#website"},"datePublished":"2018-12-13T12:21:00+00:00","dateModified":"2018-12-13T14:59:31+00:00","breadcrumb":{"@id":"http:\/\/gbnet.com.br\/v3\/fontes-e-modulos-para-impressao-de-codigo-de-barras-1d-e-2-d\/#breadcrumb"},"inLanguage":"pt-BR","potentialAction":[{"@type":"ReadAction","target":["http:\/\/gbnet.com.br\/v3\/fontes-e-modulos-para-impressao-de-codigo-de-barras-1d-e-2-d\/"]}]},{"@type":"BreadcrumbList","@id":"http:\/\/gbnet.com.br\/v3\/fontes-e-modulos-para-impressao-de-codigo-de-barras-1d-e-2-d\/#breadcrumb","itemListElement":[{"@type":"ListItem","position":1,"name":"In\u00edcio","item":"http:\/\/gbnet.com.br\/v3\/"},{"@type":"ListItem","position":2,"name":"Fontes e m\u00f3dulos para impress\u00e3o de c\u00f3digo de barras 1D e 2 D"}]},{"@type":"WebSite","@id":"http:\/\/gbnet.com.br\/v3\/#website","url":"http:\/\/gbnet.com.br\/v3\/","name":"","description":"Transformamos dados em informa\u00e7\u00f5es - GB Network &amp; Print","publisher":{"@id":"http:\/\/gbnet.com.br\/v3\/#organization"},"potentialAction":[{"@type":"SearchAction","target":{"@type":"EntryPoint","urlTemplate":"http:\/\/gbnet.com.br\/v3\/?s={search_term_string}"},"query-input":{"@type":"PropertyValueSpecification","valueRequired":true,"valueName":"search_term_string"}}],"inLanguage":"pt-BR"},{"@type":"Organization","@id":"http:\/\/gbnet.com.br\/v3\/#organization","name":"GB Network & Print","url":"http:\/\/gbnet.com.br\/v3\/","logo":{"@type":"ImageObject","inLanguage":"pt-BR","@id":"http:\/\/gbnet.com.br\/v3\/#\/schema\/logo\/image\/","url":"https:\/\/i0.wp.com\/gbnet.com.br\/v3\/wp-content\/uploads\/2018\/03\/logoGB-OK-e1521838575299.png?fit=120%2C122","contentUrl":"https:\/\/i0.wp.com\/gbnet.com.br\/v3\/wp-content\/uploads\/2018\/03\/logoGB-OK-e1521838575299.png?fit=120%2C122","width":120,"height":122,"caption":"GB Network & Print"},"image":{"@id":"http:\/\/gbnet.com.br\/v3\/#\/schema\/logo\/image\/"}}]}},"jetpack_sharing_enabled":true,"jetpack_shortlink":"https:\/\/wp.me\/Pagaz2-sm","jetpack-related-posts":[{"id":1572,"url":"http:\/\/gbnet.com.br\/v3\/codigo-de-barras-pdf-417\/","url_meta":{"origin":1758,"position":0},"title":"C\u00f3digo de Barras PDF 417","author":"","date":false,"format":false,"excerpt":"PDF-417 A nova fonte de c\u00f3digo de barras PDF 417 apresenta uma grande vantagem por sua capacidade de impress\u00e3o bidimensional e a possibilidade de trabalhar com at\u00e9 1000 caracteres em uma \u00e1rea de impress\u00e3o pequena, aproximadamente 24mm x 61mm. Dispon\u00edvel para MS Windows, UNIX e outros sistemas operacionais; nos padr\u00f5es\u2026","rel":"","context":"Post similar","block_context":{"text":"Post similar","link":""},"img":{"alt_text":"codigo de barras pdf417, c\u00f3digos de barras pdf 417, c\u00f3digo de barras 2d, EAN, pdf 417, barcode bidimensional, c\u00f3digo de barras 2, PDF 417, fonts, fonte PCL, fonte truetype","src":"https:\/\/i0.wp.com\/www.gbnet.com.br\/v2\/images\/barcode_pdf417.png?resize=350%2C200","width":350,"height":200},"classes":[]},{"id":1562,"url":"http:\/\/gbnet.com.br\/v3\/codigo-de-barras-postnet\/","url_meta":{"origin":1758,"position":1},"title":"C\u00f3digo de barras PostNet","author":"","date":false,"format":false,"excerpt":"POSTNET O c\u00f3digo de barras utilizado mundialmente para a postagem de correspond\u00eancias. Recentemente o Correio Brasileiro adotou o uso deste modelo. Solu\u00e7\u00f5es GB para gera\u00e7\u00e3o e impress\u00e3o do C\u00f3digo de Barras Modelo POSTNET 1. Fontes de c\u00f3digo de barras nos formatos: Windows Truetype (TTF) com ou sem convers\u00e3o via DLL;\u2026","rel":"","context":"Post similar","block_context":{"text":"Post similar","link":""},"img":{"alt_text":"codigo de barras correios, c\u00f3digos de barras, c\u00f3digo de barras, Post Net, Correios, Postnet, c\u00f3digo de barras dos Correios, barcode postnet, barcode correios","src":"https:\/\/i0.wp.com\/www.gbnet.com.br\/v2\/images\/fonte_cepnet_postnet_codigo_barras_correios_true_type_gbnet_380.fw.png?resize=350%2C200","width":350,"height":200},"classes":[]},{"id":1556,"url":"http:\/\/gbnet.com.br\/v3\/codigo-de-barras-ean-13-gs1-13\/","url_meta":{"origin":1758,"position":2},"title":"C\u00f3digo de Barras Ean 13 \/ GS1 13","author":"","date":false,"format":false,"excerpt":"EAN\/UPC 13 A estrutura deste s\u00edmbolo, utilizado para codifica\u00e7\u00e3o de produtos de bens de consumo, segue a seguinte ordem: os dois ou tr\u00eas primeiros d\u00edgitos representam o pa\u00eds de origem. No caso do Brasil \u00e9 789; os quatro ou cinco d\u00edgitos seguintes identificam a empresa; mais quatro ou cinco d\u00edgitos\u2026","rel":"","context":"Post similar","block_context":{"text":"Post similar","link":""},"img":{"alt_text":"comprar fonte ean 13 gs1","src":"https:\/\/i0.wp.com\/gbnet.com.br\/v2\/comprar-2.png?resize=350%2C200","width":350,"height":200},"classes":[]},{"id":1551,"url":"http:\/\/gbnet.com.br\/v3\/codigo-de-barras-code-39-codigo-3-de-9\/","url_meta":{"origin":1758,"position":3},"title":"C\u00f3digo de Barras Code 39 \/ C\u00f3digo 3 de 9","author":"","date":false,"format":false,"excerpt":"CODE 39 Tamb\u00e9m chamado de CODE 3 0F 9 ou LOGMARS. O c\u00f3digo de barras CODE 39 \u00e9 utilizado geralmente em etiquetas na \u00e1rea de invent\u00e1rios e aplica\u00e7\u00f5es industriais. Alfanum\u00e9rico e de f\u00e1cil utiliza\u00e7\u00e3o, foi projetado sem a necessidade do c\u00e1lculo do d\u00edgito verificador. A Fonte da GB, tanto TTF\u2026","rel":"","context":"Post similar","block_context":{"text":"Post similar","link":""},"img":{"alt_text":"codigo de barras code39, c\u00f3digos de barras code 39, c\u00f3digo de barras, EAN,CODE 3 0F 9, LOGMARS, code 39, c\u00f3digo de barras code 39, fonts, fonte PCL, fonte truetype, xerox","src":"https:\/\/i0.wp.com\/www.gbnet.com.br\/v2\/fonte_code_39_codigo_barras_true_type_gbnet_380.fw.png?resize=350%2C200","width":350,"height":200},"classes":[]},{"id":1566,"url":"http:\/\/gbnet.com.br\/v3\/codigo-de-barras-aztec\/","url_meta":{"origin":1758,"position":4},"title":"C\u00f3digo de Barras AZTEC","author":"","date":false,"format":false,"excerpt":"AZTEC O c\u00f3digo de barras bidimensional (2D) Aztec\u00a0\u00e9 um tipo de\u00a0c\u00f3digo de barras\u00a0em\u00a0matriz bidimensional\u00a0de\u00a0dom\u00ednio p\u00fablico. O s\u00edmbolo \u00e9 constru\u00eddo numa grelha quadrada com um padr\u00e3o \"olho de boi\" ao centro para coloca\u00e7\u00e3o do c\u00f3digo. Os\u00a0dados\u00a0s\u00e3o codificados numa s\u00e9rie de c\u00edrculos ao redor do padr\u00e3o olho de boi. Cada c\u00edrculo adicional\u2026","rel":"","context":"Post similar","block_context":{"text":"Post similar","link":""},"img":{"alt_text":"codigo de barras boleto, codigo de barras febraban, barcode febraban, c\u00f3digos de barras, c\u00f3digo de barras, Interleaved 2 of 5, Febraban, Intercalado 2 de 5, c\u00f3digo de barras de boleto banc\u00e1rio, barcode boleto banc\u00e1rio, I 2 de 5, I 2 of 5, I2 de 5, I2 of 5, c\u00f3digo de barras febraban, c\u00f3digo do boleto","src":"https:\/\/i0.wp.com\/www.gbnet.com.br\/v2\/images\/barcode_aztec.png?resize=350%2C200","width":350,"height":200},"classes":[]},{"id":1570,"url":"http:\/\/gbnet.com.br\/v3\/codigo-de-barras-qrcode\/","url_meta":{"origin":1758,"position":5},"title":"C\u00f3digo de Barras QRCode","author":"","date":false,"format":false,"excerpt":"QRCODE O C\u00f3digo de barras QR\u00a0CODE \u00e9 um c\u00f3digo de barras bidimensional que pode ser facilmente escaneado usando a maioria dos celulares modernos equipados com c\u00e2mera. Esse c\u00f3digo \u00e9 convertido num peda\u00e7o de texto (interativo), um endere\u00e7o\u00a0URL, um n\u00famero de telefone, uma localiza\u00e7\u00e3o\u00a0georreferenciada, um e-mail, um contato ou um SMS.\u2026","rel":"","context":"Post similar","block_context":{"text":"Post similar","link":""},"img":{"alt_text":"codigo de barras boleto, codigo de barras febraban, barcode febraban, c\u00f3digos de barras, c\u00f3digo de barras, Interleaved 2 of 5, Febraban, Intercalado 2 de 5, c\u00f3digo de barras de boleto banc\u00e1rio, barcode boleto banc\u00e1rio, I 2 de 5, I 2 of 5, I2 de 5, I2 of 5, c\u00f3digo de barras febraban, c\u00f3digo do boleto","src":"https:\/\/i0.wp.com\/www.gbnet.com.br\/v2\/images\/barcode_qrcode.png?resize=350%2C200","width":350,"height":200},"classes":[]}],"_links":{"self":[{"href":"http:\/\/gbnet.com.br\/v3\/wp-json\/wp\/v2\/pages\/1758","targetHints":{"allow":["GET"]}}],"collection":[{"href":"http:\/\/gbnet.com.br\/v3\/wp-json\/wp\/v2\/pages"}],"about":[{"href":"http:\/\/gbnet.com.br\/v3\/wp-json\/wp\/v2\/types\/page"}],"author":[{"embeddable":true,"href":"http:\/\/gbnet.com.br\/v3\/wp-json\/wp\/v2\/users\/1"}],"replies":[{"embeddable":true,"href":"http:\/\/gbnet.com.br\/v3\/wp-json\/wp\/v2\/comments?post=1758"}],"version-history":[{"count":2,"href":"http:\/\/gbnet.com.br\/v3\/wp-json\/wp\/v2\/pages\/1758\/revisions"}],"predecessor-version":[{"id":1768,"href":"http:\/\/gbnet.com.br\/v3\/wp-json\/wp\/v2\/pages\/1758\/revisions\/1768"}],"wp:attachment":[{"href":"http:\/\/gbnet.com.br\/v3\/wp-json\/wp\/v2\/media?parent=1758"}],"curies":[{"name":"wp","href":"https:\/\/api.w.org\/{rel}","templated":true}]}}