{"id":1866,"date":"2019-01-18T14:44:18","date_gmt":"2019-01-18T17:44:18","guid":{"rendered":"http:\/\/gbnet.com.br\/v3\/?page_id=1866"},"modified":"2019-02-11T09:03:26","modified_gmt":"2019-02-11T12:03:26","slug":"desenvolvimento-em-linguagem-pcl","status":"publish","type":"page","link":"http:\/\/gbnet.com.br\/v3\/desenvolvimento-em-linguagem-pcl\/","title":{"rendered":"Desenvolvimento em Linguagem PCL"},"content":{"rendered":"<p align=\"center\"><a href=\"https:\/\/i0.wp.com\/www.gbnet.com.br\/v2\/images\/PCL_diagram_big.png\" rel=\"lightbox\"><img data-recalc-dims=\"1\" loading=\"lazy\" decoding=\"async\" src=\"https:\/\/i0.wp.com\/www.gbnet.com.br\/v2\/images\/PCL_diagram_small.png?resize=320%2C213\" width=\"320\" height=\"213\" border=\"0\" \/><\/a><\/p>\n<p class=\"TextoNormal\">A GB Network &amp; Print \u00e9 a empresa Brasileira n\u00famero 1 no desenvolvimento de aplica\u00e7\u00f5es PCL para impressoras laser. Com mais de 17 anos mercado e profissionais com mais de 20 anos de conhecimento nessa linguagem, nossa empresa pode oferecer os seguintes servi\u00e7os:<\/p>\n<div>\n<ul class=\"Legendas\">\n<li>\u00a0Consultoria em programa\u00e7\u00e3o PCL;<\/li>\n<li>\u00a0Convers\u00e3o para PCL de logotipos gerados em softwares gr\u00e1ficos (ex.: Corel Draw);<\/li>\n<li>\u00a0Desenvolvimento de formul\u00e1rios em PCL5 para impressoras laser e implanta\u00e7\u00e3o em qualquer sist. operacional e linguagem de programa\u00e7\u00e3o;<\/li>\n<li>\u00a0Formul\u00e1rios com gr\u00e1ficos em Unix, AS\/400 e Mainframe;<\/li>\n<li>\u00a0Desenvolvimento e convers\u00e3o de fontes espec\u00edficos;<\/li>\n<li>\u00a0Convers\u00e3o de fontes desenvolvidos em outras linguagens de impress\u00e3o (DJDE, Metacode, XES, AFP, PCL, etc), para PCL;<\/li>\n<\/ul>\n<p class=\"TextoNormal\">Veja abaixo alguns exemplos de formul\u00e1rios eletr\u00f4nicos desenvolvidos para nossos clientes:<\/p>\n<div>\n<ul class=\"ItemLista3\">\n<li>Danfe<\/li>\n<li>Dacte<\/li>\n<li>Boletos banc\u00e1rios\u00a0\u00a0<a href=\"http:\/\/www.gbnet.com.br\/v2\/pdfs%20&amp;%20zips\/bolsite.pdf\" target=\"_blank\" rel=\"noopener\"><img data-recalc-dims=\"1\" loading=\"lazy\" decoding=\"async\" src=\"https:\/\/i0.wp.com\/www.gbnet.com.br\/v2\/images\/icoPDF.gif?resize=16%2C16\" width=\"16\" height=\"16\" border=\"0\" \/><\/a><\/li>\n<li>Folhas de pagamento<\/li>\n<li>Notas fiscais\u00a0\u00a0<a href=\"http:\/\/www.gbnet.com.br\/v2\/pdfs%20&amp;%20zips\/Mod_nfa4.pdf\" target=\"_blank\" rel=\"noopener\"><img data-recalc-dims=\"1\" loading=\"lazy\" decoding=\"async\" src=\"https:\/\/i0.wp.com\/www.gbnet.com.br\/v2\/images\/icoPDF.gif?resize=16%2C16\" width=\"16\" height=\"16\" border=\"0\" \/><\/a><\/li>\n<li>Pedido de Compra<\/li>\n<li>Relat\u00f3rios internos<\/li>\n<li>Extratos<\/li>\n<li>Duplicatas<\/li>\n<li>Contas, etc.<\/li>\n<\/ul>\n<p>Benef\u00edcios<\/p>\n<div>\n<ul class=\"ItemLista3\">\n<li>Diminui\u00e7\u00e3o do volume de dados enviado \u00e0 impressora pela rede<\/li>\n<li>Melhor performance de impress\u00e3o<\/li>\n<li>Redu\u00e7\u00e3o de custos com a elimina\u00e7\u00e3o de processos convencionais de pr\u00e9-impressos<\/li>\n<li>Racionaliza\u00e7\u00e3o de papel<\/li>\n<li>Melhor apresenta\u00e7\u00e3o dos documentos da empresa<\/li>\n<li>Outros<\/li>\n<\/ul>\n<\/div>\n<p class=\"TextoNormal\">Aumentando assim competitividade de neg\u00f3cios, gerando informa\u00e7\u00f5es para as pessoas certas, no tempo certo, e no pr\u00f3prio local do usu\u00e1rio, numa postura de um mercado mais exigente quanto ao Custo x Performance.<\/p>\n<\/div>\n<\/div>\n","protected":false},"excerpt":{"rendered":"<p>A GB Network &amp; Print \u00e9 a empresa Brasileira n\u00famero 1 no desenvolvimento de aplica\u00e7\u00f5es PCL para impressoras laser. Com mais de 17 anos mercado e profissionais com mais de 20 anos de conhecimento nessa linguagem, nossa empresa pode oferecer os seguintes servi\u00e7os: \u00a0Consultoria em programa\u00e7\u00e3o PCL; \u00a0Convers\u00e3o para PCL de logotipos gerados em softwares &hellip;<\/p>\n","protected":false},"author":1,"featured_media":0,"parent":0,"menu_order":0,"comment_status":"closed","ping_status":"closed","template":"","meta":{"_acf_changed":false,"jetpack_post_was_ever_published":false,"_joinchat":[],"footnotes":""},"class_list":["post-1866","page","type-page","status-publish","hentry"],"acf":[],"yoast_head":"<!-- This site is optimized with the Yoast SEO plugin v27.4 - https:\/\/yoast.com\/product\/yoast-seo-wordpress\/ -->\n<title>Desenvolvimento em Linguagem PCL -<\/title>\n<meta name=\"robots\" content=\"index, follow, max-snippet:-1, max-image-preview:large, max-video-preview:-1\" \/>\n<link rel=\"canonical\" href=\"http:\/\/gbnet.com.br\/v3\/desenvolvimento-em-linguagem-pcl\/\" \/>\n<meta property=\"og:locale\" content=\"pt_BR\" \/>\n<meta property=\"og:type\" content=\"article\" \/>\n<meta property=\"og:title\" content=\"Desenvolvimento em Linguagem PCL -\" \/>\n<meta property=\"og:description\" content=\"A GB Network &amp; Print \u00e9 a empresa Brasileira n\u00famero 1 no desenvolvimento de aplica\u00e7\u00f5es PCL para impressoras laser. Com mais de 17 anos mercado e profissionais com mais de 20 anos de conhecimento nessa linguagem, nossa empresa pode oferecer os seguintes servi\u00e7os: \u00a0Consultoria em programa\u00e7\u00e3o PCL; \u00a0Convers\u00e3o para PCL de logotipos gerados em softwares &hellip;\" \/>\n<meta property=\"og:url\" content=\"http:\/\/gbnet.com.br\/v3\/desenvolvimento-em-linguagem-pcl\/\" \/>\n<meta property=\"article:modified_time\" content=\"2019-02-11T12:03:26+00:00\" \/>\n<meta property=\"og:image\" content=\"http:\/\/www.gbnet.com.br\/v2\/images\/PCL_diagram_small.png\" \/>\n<meta name=\"twitter:card\" content=\"summary_large_image\" \/>\n<meta name=\"twitter:label1\" content=\"Est. tempo de leitura\" \/>\n\t<meta name=\"twitter:data1\" content=\"1 minuto\" \/>\n<script type=\"application\/ld+json\" class=\"yoast-schema-graph\">{\"@context\":\"https:\\\/\\\/schema.org\",\"@graph\":[{\"@type\":\"WebPage\",\"@id\":\"http:\\\/\\\/gbnet.com.br\\\/v3\\\/desenvolvimento-em-linguagem-pcl\\\/\",\"url\":\"http:\\\/\\\/gbnet.com.br\\\/v3\\\/desenvolvimento-em-linguagem-pcl\\\/\",\"name\":\"Desenvolvimento em Linguagem PCL -\",\"isPartOf\":{\"@id\":\"http:\\\/\\\/gbnet.com.br\\\/v3\\\/#website\"},\"primaryImageOfPage\":{\"@id\":\"http:\\\/\\\/gbnet.com.br\\\/v3\\\/desenvolvimento-em-linguagem-pcl\\\/#primaryimage\"},\"image\":{\"@id\":\"http:\\\/\\\/gbnet.com.br\\\/v3\\\/desenvolvimento-em-linguagem-pcl\\\/#primaryimage\"},\"thumbnailUrl\":\"http:\\\/\\\/www.gbnet.com.br\\\/v2\\\/images\\\/PCL_diagram_small.png\",\"datePublished\":\"2019-01-18T17:44:18+00:00\",\"dateModified\":\"2019-02-11T12:03:26+00:00\",\"breadcrumb\":{\"@id\":\"http:\\\/\\\/gbnet.com.br\\\/v3\\\/desenvolvimento-em-linguagem-pcl\\\/#breadcrumb\"},\"inLanguage\":\"pt-BR\",\"potentialAction\":[{\"@type\":\"ReadAction\",\"target\":[\"http:\\\/\\\/gbnet.com.br\\\/v3\\\/desenvolvimento-em-linguagem-pcl\\\/\"]}]},{\"@type\":\"ImageObject\",\"inLanguage\":\"pt-BR\",\"@id\":\"http:\\\/\\\/gbnet.com.br\\\/v3\\\/desenvolvimento-em-linguagem-pcl\\\/#primaryimage\",\"url\":\"http:\\\/\\\/www.gbnet.com.br\\\/v2\\\/images\\\/PCL_diagram_small.png\",\"contentUrl\":\"http:\\\/\\\/www.gbnet.com.br\\\/v2\\\/images\\\/PCL_diagram_small.png\"},{\"@type\":\"BreadcrumbList\",\"@id\":\"http:\\\/\\\/gbnet.com.br\\\/v3\\\/desenvolvimento-em-linguagem-pcl\\\/#breadcrumb\",\"itemListElement\":[{\"@type\":\"ListItem\",\"position\":1,\"name\":\"In\u00edcio\",\"item\":\"http:\\\/\\\/gbnet.com.br\\\/v3\\\/\"},{\"@type\":\"ListItem\",\"position\":2,\"name\":\"Desenvolvimento em Linguagem PCL\"}]},{\"@type\":\"WebSite\",\"@id\":\"http:\\\/\\\/gbnet.com.br\\\/v3\\\/#website\",\"url\":\"http:\\\/\\\/gbnet.com.br\\\/v3\\\/\",\"name\":\"\",\"description\":\"Transformamos dados em informa\u00e7\u00f5es - GB Network &amp; Print\",\"publisher\":{\"@id\":\"http:\\\/\\\/gbnet.com.br\\\/v3\\\/#organization\"},\"potentialAction\":[{\"@type\":\"SearchAction\",\"target\":{\"@type\":\"EntryPoint\",\"urlTemplate\":\"http:\\\/\\\/gbnet.com.br\\\/v3\\\/?s={search_term_string}\"},\"query-input\":{\"@type\":\"PropertyValueSpecification\",\"valueRequired\":true,\"valueName\":\"search_term_string\"}}],\"inLanguage\":\"pt-BR\"},{\"@type\":\"Organization\",\"@id\":\"http:\\\/\\\/gbnet.com.br\\\/v3\\\/#organization\",\"name\":\"GB Network & Print\",\"url\":\"http:\\\/\\\/gbnet.com.br\\\/v3\\\/\",\"logo\":{\"@type\":\"ImageObject\",\"inLanguage\":\"pt-BR\",\"@id\":\"http:\\\/\\\/gbnet.com.br\\\/v3\\\/#\\\/schema\\\/logo\\\/image\\\/\",\"url\":\"https:\\\/\\\/i0.wp.com\\\/gbnet.com.br\\\/v3\\\/wp-content\\\/uploads\\\/2018\\\/03\\\/logoGB-OK-e1521838575299.png?fit=120%2C122\",\"contentUrl\":\"https:\\\/\\\/i0.wp.com\\\/gbnet.com.br\\\/v3\\\/wp-content\\\/uploads\\\/2018\\\/03\\\/logoGB-OK-e1521838575299.png?fit=120%2C122\",\"width\":120,\"height\":122,\"caption\":\"GB Network & Print\"},\"image\":{\"@id\":\"http:\\\/\\\/gbnet.com.br\\\/v3\\\/#\\\/schema\\\/logo\\\/image\\\/\"}}]}<\/script>\n<!-- \/ Yoast SEO plugin. -->","yoast_head_json":{"title":"Desenvolvimento em Linguagem PCL -","robots":{"index":"index","follow":"follow","max-snippet":"max-snippet:-1","max-image-preview":"max-image-preview:large","max-video-preview":"max-video-preview:-1"},"canonical":"http:\/\/gbnet.com.br\/v3\/desenvolvimento-em-linguagem-pcl\/","og_locale":"pt_BR","og_type":"article","og_title":"Desenvolvimento em Linguagem PCL -","og_description":"A GB Network &amp; Print \u00e9 a empresa Brasileira n\u00famero 1 no desenvolvimento de aplica\u00e7\u00f5es PCL para impressoras laser. Com mais de 17 anos mercado e profissionais com mais de 20 anos de conhecimento nessa linguagem, nossa empresa pode oferecer os seguintes servi\u00e7os: \u00a0Consultoria em programa\u00e7\u00e3o PCL; \u00a0Convers\u00e3o para PCL de logotipos gerados em softwares &hellip;","og_url":"http:\/\/gbnet.com.br\/v3\/desenvolvimento-em-linguagem-pcl\/","article_modified_time":"2019-02-11T12:03:26+00:00","og_image":[{"url":"http:\/\/www.gbnet.com.br\/v2\/images\/PCL_diagram_small.png","type":"","width":"","height":""}],"twitter_card":"summary_large_image","twitter_misc":{"Est. tempo de leitura":"1 minuto"},"schema":{"@context":"https:\/\/schema.org","@graph":[{"@type":"WebPage","@id":"http:\/\/gbnet.com.br\/v3\/desenvolvimento-em-linguagem-pcl\/","url":"http:\/\/gbnet.com.br\/v3\/desenvolvimento-em-linguagem-pcl\/","name":"Desenvolvimento em Linguagem PCL -","isPartOf":{"@id":"http:\/\/gbnet.com.br\/v3\/#website"},"primaryImageOfPage":{"@id":"http:\/\/gbnet.com.br\/v3\/desenvolvimento-em-linguagem-pcl\/#primaryimage"},"image":{"@id":"http:\/\/gbnet.com.br\/v3\/desenvolvimento-em-linguagem-pcl\/#primaryimage"},"thumbnailUrl":"http:\/\/www.gbnet.com.br\/v2\/images\/PCL_diagram_small.png","datePublished":"2019-01-18T17:44:18+00:00","dateModified":"2019-02-11T12:03:26+00:00","breadcrumb":{"@id":"http:\/\/gbnet.com.br\/v3\/desenvolvimento-em-linguagem-pcl\/#breadcrumb"},"inLanguage":"pt-BR","potentialAction":[{"@type":"ReadAction","target":["http:\/\/gbnet.com.br\/v3\/desenvolvimento-em-linguagem-pcl\/"]}]},{"@type":"ImageObject","inLanguage":"pt-BR","@id":"http:\/\/gbnet.com.br\/v3\/desenvolvimento-em-linguagem-pcl\/#primaryimage","url":"http:\/\/www.gbnet.com.br\/v2\/images\/PCL_diagram_small.png","contentUrl":"http:\/\/www.gbnet.com.br\/v2\/images\/PCL_diagram_small.png"},{"@type":"BreadcrumbList","@id":"http:\/\/gbnet.com.br\/v3\/desenvolvimento-em-linguagem-pcl\/#breadcrumb","itemListElement":[{"@type":"ListItem","position":1,"name":"In\u00edcio","item":"http:\/\/gbnet.com.br\/v3\/"},{"@type":"ListItem","position":2,"name":"Desenvolvimento em Linguagem PCL"}]},{"@type":"WebSite","@id":"http:\/\/gbnet.com.br\/v3\/#website","url":"http:\/\/gbnet.com.br\/v3\/","name":"","description":"Transformamos dados em informa\u00e7\u00f5es - GB Network &amp; Print","publisher":{"@id":"http:\/\/gbnet.com.br\/v3\/#organization"},"potentialAction":[{"@type":"SearchAction","target":{"@type":"EntryPoint","urlTemplate":"http:\/\/gbnet.com.br\/v3\/?s={search_term_string}"},"query-input":{"@type":"PropertyValueSpecification","valueRequired":true,"valueName":"search_term_string"}}],"inLanguage":"pt-BR"},{"@type":"Organization","@id":"http:\/\/gbnet.com.br\/v3\/#organization","name":"GB Network & Print","url":"http:\/\/gbnet.com.br\/v3\/","logo":{"@type":"ImageObject","inLanguage":"pt-BR","@id":"http:\/\/gbnet.com.br\/v3\/#\/schema\/logo\/image\/","url":"https:\/\/i0.wp.com\/gbnet.com.br\/v3\/wp-content\/uploads\/2018\/03\/logoGB-OK-e1521838575299.png?fit=120%2C122","contentUrl":"https:\/\/i0.wp.com\/gbnet.com.br\/v3\/wp-content\/uploads\/2018\/03\/logoGB-OK-e1521838575299.png?fit=120%2C122","width":120,"height":122,"caption":"GB Network & Print"},"image":{"@id":"http:\/\/gbnet.com.br\/v3\/#\/schema\/logo\/image\/"}}]}},"jetpack_sharing_enabled":true,"jetpack_shortlink":"https:\/\/wp.me\/Pagaz2-u6","jetpack-related-posts":[{"id":1868,"url":"http:\/\/gbnet.com.br\/v3\/programacao-e-desenvolvimento-em-linguagem-post-script\/","url_meta":{"origin":1866,"position":0},"title":"Programa\u00e7\u00e3o e Desenvolvimento em Linguagem Post Script","author":"","date":false,"format":false,"excerpt":"A GB, pioneira e sem concorr\u00eancia em termos de mercado na \u00e1rea de impress\u00e3o eletr\u00f4nica, destaca-se na realiza\u00e7\u00e3o de servi\u00e7os onde adquire-se solu\u00e7\u00e3o de impress\u00e3o com qualidade e baixo custo. Tudo que a tecnologia nos permitir, unido \u00e0s necessidades do cliente. \u00a0 \u00a0Consultoria em programa\u00e7\u00e3o Post Script; \u00a0Convers\u00e3o em Post\u2026","rel":"","context":"Post similar","block_context":{"text":"Post similar","link":""},"img":{"alt_text":"","src":"https:\/\/i0.wp.com\/www.gbnet.com.br\/v2\/images\/postscript3.png?resize=350%2C200","width":350,"height":200},"classes":[]},{"id":1492,"url":"http:\/\/gbnet.com.br\/v3\/dadosvariaveis\/","url_meta":{"origin":1866,"position":1},"title":"VDP","author":"","date":false,"format":false,"excerpt":"N\u00e3o importa qual sua necessidade com rela\u00e7\u00e3o gera\u00e7\u00e3o e impress\u00e3o de dados vari\u00e1veis. A GB Network & Print, pioneira e l\u00edder nesse segmento, tem a solu\u00e7\u00e3o que voc\u00ea procura: As solu\u00e7\u00f5es de VDP (Variable Data Print) visam a impress\u00e3o de documentos e formul\u00e1rios com dados vari\u00e1veis facilitando assim a comunica\u00e7\u00e3o\u2026","rel":"","context":"Post similar","block_context":{"text":"Post similar","link":""},"img":{"alt_text":"","src":"https:\/\/i0.wp.com\/www.gbnet.com.br\/v2\/images\/vdp_340x120.png?resize=350%2C200","width":350,"height":200},"classes":[]},{"id":1580,"url":"http:\/\/gbnet.com.br\/v3\/fontes-especiais\/","url_meta":{"origin":1866,"position":2},"title":"Fontes Especiais","author":"","date":false,"format":false,"excerpt":"Desenvolvimento de Fontes Especiais Com uma vasta experi\u00eancia em programa\u00e7\u00e3o PCL a GB oferece o desenvolvimento dos seguintes recursos: \u00a0Fontes especiais; \u00a0Fontes personalizadas; \u00a0Logotipos; \u00a0Assinaturas Eletr\u00f4nicas. Qualquer que seja a sua necessidade, independentemente do seu sistema, a GB ir\u00e1 desenvolver a fonte certa, para impress\u00e3o em equipamentos laser, com velocidade\u2026","rel":"","context":"Post similar","block_context":{"text":"Post similar","link":""},"img":{"alt_text":"","src":"https:\/\/i0.wp.com\/www.gbnet.com.br\/v2\/images\/fontesp_etiquetas_small.png?resize=350%2C200","width":350,"height":200},"classes":[]},{"id":1572,"url":"http:\/\/gbnet.com.br\/v3\/codigo-de-barras-pdf-417\/","url_meta":{"origin":1866,"position":3},"title":"C\u00f3digo de Barras PDF 417","author":"","date":false,"format":false,"excerpt":"PDF-417 A nova fonte de c\u00f3digo de barras PDF 417 apresenta uma grande vantagem por sua capacidade de impress\u00e3o bidimensional e a possibilidade de trabalhar com at\u00e9 1000 caracteres em uma \u00e1rea de impress\u00e3o pequena, aproximadamente 24mm x 61mm. Dispon\u00edvel para MS Windows, UNIX e outros sistemas operacionais; nos padr\u00f5es\u2026","rel":"","context":"Post similar","block_context":{"text":"Post similar","link":""},"img":{"alt_text":"codigo de barras pdf417, c\u00f3digos de barras pdf 417, c\u00f3digo de barras 2d, EAN, pdf 417, barcode bidimensional, c\u00f3digo de barras 2, PDF 417, fonts, fonte PCL, fonte truetype","src":"https:\/\/i0.wp.com\/www.gbnet.com.br\/v2\/images\/barcode_pdf417.png?resize=350%2C200","width":350,"height":200},"classes":[]},{"id":1551,"url":"http:\/\/gbnet.com.br\/v3\/codigo-de-barras-code-39-codigo-3-de-9\/","url_meta":{"origin":1866,"position":4},"title":"C\u00f3digo de Barras Code 39 \/ C\u00f3digo 3 de 9","author":"","date":false,"format":false,"excerpt":"CODE 39 Tamb\u00e9m chamado de CODE 3 0F 9 ou LOGMARS. O c\u00f3digo de barras CODE 39 \u00e9 utilizado geralmente em etiquetas na \u00e1rea de invent\u00e1rios e aplica\u00e7\u00f5es industriais. Alfanum\u00e9rico e de f\u00e1cil utiliza\u00e7\u00e3o, foi projetado sem a necessidade do c\u00e1lculo do d\u00edgito verificador. A Fonte da GB, tanto TTF\u2026","rel":"","context":"Post similar","block_context":{"text":"Post similar","link":""},"img":{"alt_text":"codigo de barras code39, c\u00f3digos de barras code 39, c\u00f3digo de barras, EAN,CODE 3 0F 9, LOGMARS, code 39, c\u00f3digo de barras code 39, fonts, fonte PCL, fonte truetype, xerox","src":"https:\/\/i0.wp.com\/www.gbnet.com.br\/v2\/fonte_code_39_codigo_barras_true_type_gbnet_380.fw.png?resize=350%2C200","width":350,"height":200},"classes":[]},{"id":1758,"url":"http:\/\/gbnet.com.br\/v3\/fontes-e-modulos-para-impressao-de-codigo-de-barras-1d-e-2-d\/","url_meta":{"origin":1866,"position":5},"title":"Fontes e m\u00f3dulos para impress\u00e3o de c\u00f3digo de barras 1D e 2 D","author":"","date":false,"format":false,"excerpt":"Para impress\u00e3o de c\u00f3digo de barras temos diversas solu\u00e7\u00f5es, fontes no padr\u00e3o TrueType ou PCL, m\u00f3dulos interno em impressoras ou externos que s\u00e3o acoplados na rede, Maquina Virtual para fazer essa convers\u00e3o usando a tecnologia BARDIMM e software de dados vari\u00e1veis. Entre em contato para entendermos melhor a sua necessidade\u2026","rel":"","context":"Post similar","block_context":{"text":"Post similar","link":""},"img":{"alt_text":"","src":"https:\/\/i0.wp.com\/gbnet.com.br\/v3\/wp-content\/uploads\/2018\/12\/Solu%C3%A7%C3%B5esCodigodeBarras2.fw_.png?resize=350%2C200","width":350,"height":200,"srcset":"https:\/\/i0.wp.com\/gbnet.com.br\/v3\/wp-content\/uploads\/2018\/12\/Solu%C3%A7%C3%B5esCodigodeBarras2.fw_.png?resize=350%2C200 1x, https:\/\/i0.wp.com\/gbnet.com.br\/v3\/wp-content\/uploads\/2018\/12\/Solu%C3%A7%C3%B5esCodigodeBarras2.fw_.png?resize=525%2C300 1.5x"},"classes":[]}],"_links":{"self":[{"href":"http:\/\/gbnet.com.br\/v3\/wp-json\/wp\/v2\/pages\/1866","targetHints":{"allow":["GET"]}}],"collection":[{"href":"http:\/\/gbnet.com.br\/v3\/wp-json\/wp\/v2\/pages"}],"about":[{"href":"http:\/\/gbnet.com.br\/v3\/wp-json\/wp\/v2\/types\/page"}],"author":[{"embeddable":true,"href":"http:\/\/gbnet.com.br\/v3\/wp-json\/wp\/v2\/users\/1"}],"replies":[{"embeddable":true,"href":"http:\/\/gbnet.com.br\/v3\/wp-json\/wp\/v2\/comments?post=1866"}],"version-history":[{"count":2,"href":"http:\/\/gbnet.com.br\/v3\/wp-json\/wp\/v2\/pages\/1866\/revisions"}],"predecessor-version":[{"id":2056,"href":"http:\/\/gbnet.com.br\/v3\/wp-json\/wp\/v2\/pages\/1866\/revisions\/2056"}],"wp:attachment":[{"href":"http:\/\/gbnet.com.br\/v3\/wp-json\/wp\/v2\/media?parent=1866"}],"curies":[{"name":"wp","href":"https:\/\/api.w.org\/{rel}","templated":true}]}}