{"id":1868,"date":"2019-01-18T14:45:23","date_gmt":"2019-01-18T17:45:23","guid":{"rendered":"http:\/\/gbnet.com.br\/v3\/?page_id=1868"},"modified":"2019-01-18T14:45:23","modified_gmt":"2019-01-18T17:45:23","slug":"programacao-e-desenvolvimento-em-linguagem-post-script","status":"publish","type":"page","link":"http:\/\/gbnet.com.br\/v3\/programacao-e-desenvolvimento-em-linguagem-post-script\/","title":{"rendered":"Programa\u00e7\u00e3o e Desenvolvimento em Linguagem Post Script"},"content":{"rendered":"<p class=\"Subtitulo\"><img data-recalc-dims=\"1\" loading=\"lazy\" decoding=\"async\" src=\"https:\/\/i0.wp.com\/www.gbnet.com.br\/v2\/images\/postscript3.png?resize=149%2C90\" width=\"149\" height=\"90\" \/><br \/>\nA GB, pioneira e sem concorr\u00eancia em termos de mercado na \u00e1rea de impress\u00e3o eletr\u00f4nica, destaca-se na realiza\u00e7\u00e3o de servi\u00e7os onde adquire-se solu\u00e7\u00e3o de impress\u00e3o com qualidade e baixo custo. Tudo que a tecnologia nos permitir, unido \u00e0s necessidades do cliente.<\/p>\n<p>&nbsp;<\/p>\n<div>\n<ul class=\"ItemLista3\">\n<li>\u00a0Consultoria em programa\u00e7\u00e3o Post Script;<\/li>\n<li>\u00a0Convers\u00e3o em Post Script de logotipos gerados em quaisquer softwares de desenvolvimento gr\u00e1fico, como: Corel Draw, Page Maker e outros;<\/li>\n<li>\u00a0Desenvolvimento de formul\u00e1rios em Post Script para impressoras Laser, implanta\u00e7\u00e3o em qualquer sistema operacional e linguagem de programa\u00e7\u00e3o;<\/li>\n<li>\u00a0Formul\u00e1rios com gr\u00e1ficos em Unix, AS\/400 e Mainframe;<\/li>\n<li>\u00a0Desenvolvimento e convers\u00e3o de fontes espec\u00edficos;<\/li>\n<li>\u00a0Convers\u00e3o de fontes desenvolvidos em outras linguagens de impress\u00e3o (DJDE, Metacode, XES, AFP, PCL, etc), para Post Script;<\/li>\n<\/ul>\n<p>&nbsp;<\/p>\n<\/div>\n","protected":false},"excerpt":{"rendered":"<p>A GB, pioneira e sem concorr\u00eancia em termos de mercado na \u00e1rea de impress\u00e3o eletr\u00f4nica, destaca-se na realiza\u00e7\u00e3o de servi\u00e7os onde adquire-se solu\u00e7\u00e3o de impress\u00e3o com qualidade e baixo custo. Tudo que a tecnologia nos permitir, unido \u00e0s necessidades do cliente. &nbsp; \u00a0Consultoria em programa\u00e7\u00e3o Post Script; \u00a0Convers\u00e3o em Post Script de logotipos gerados em &hellip;<\/p>\n","protected":false},"author":1,"featured_media":0,"parent":0,"menu_order":0,"comment_status":"closed","ping_status":"closed","template":"","meta":{"_acf_changed":false,"jetpack_post_was_ever_published":false,"_joinchat":[],"footnotes":""},"class_list":["post-1868","page","type-page","status-publish","hentry"],"acf":[],"yoast_head":"<!-- This site is optimized with the Yoast SEO plugin v27.4 - https:\/\/yoast.com\/product\/yoast-seo-wordpress\/ -->\n<title>Programa\u00e7\u00e3o e Desenvolvimento em Linguagem Post Script -<\/title>\n<meta name=\"robots\" content=\"index, follow, max-snippet:-1, max-image-preview:large, max-video-preview:-1\" \/>\n<link rel=\"canonical\" href=\"http:\/\/gbnet.com.br\/v3\/programacao-e-desenvolvimento-em-linguagem-post-script\/\" \/>\n<meta property=\"og:locale\" content=\"pt_BR\" \/>\n<meta property=\"og:type\" content=\"article\" \/>\n<meta property=\"og:title\" content=\"Programa\u00e7\u00e3o e Desenvolvimento em Linguagem Post Script -\" \/>\n<meta property=\"og:description\" content=\"A GB, pioneira e sem concorr\u00eancia em termos de mercado na \u00e1rea de impress\u00e3o eletr\u00f4nica, destaca-se na realiza\u00e7\u00e3o de servi\u00e7os onde adquire-se solu\u00e7\u00e3o de impress\u00e3o com qualidade e baixo custo. Tudo que a tecnologia nos permitir, unido \u00e0s necessidades do cliente. &nbsp; \u00a0Consultoria em programa\u00e7\u00e3o Post Script; \u00a0Convers\u00e3o em Post Script de logotipos gerados em &hellip;\" \/>\n<meta property=\"og:url\" content=\"http:\/\/gbnet.com.br\/v3\/programacao-e-desenvolvimento-em-linguagem-post-script\/\" \/>\n<meta property=\"og:image\" content=\"http:\/\/www.gbnet.com.br\/v2\/images\/postscript3.png\" \/>\n<meta name=\"twitter:card\" content=\"summary_large_image\" \/>\n<meta name=\"twitter:label1\" content=\"Est. tempo de leitura\" \/>\n\t<meta name=\"twitter:data1\" content=\"1 minuto\" \/>\n<script type=\"application\/ld+json\" class=\"yoast-schema-graph\">{\"@context\":\"https:\\\/\\\/schema.org\",\"@graph\":[{\"@type\":\"WebPage\",\"@id\":\"http:\\\/\\\/gbnet.com.br\\\/v3\\\/programacao-e-desenvolvimento-em-linguagem-post-script\\\/\",\"url\":\"http:\\\/\\\/gbnet.com.br\\\/v3\\\/programacao-e-desenvolvimento-em-linguagem-post-script\\\/\",\"name\":\"Programa\u00e7\u00e3o e Desenvolvimento em Linguagem Post Script -\",\"isPartOf\":{\"@id\":\"http:\\\/\\\/gbnet.com.br\\\/v3\\\/#website\"},\"primaryImageOfPage\":{\"@id\":\"http:\\\/\\\/gbnet.com.br\\\/v3\\\/programacao-e-desenvolvimento-em-linguagem-post-script\\\/#primaryimage\"},\"image\":{\"@id\":\"http:\\\/\\\/gbnet.com.br\\\/v3\\\/programacao-e-desenvolvimento-em-linguagem-post-script\\\/#primaryimage\"},\"thumbnailUrl\":\"http:\\\/\\\/www.gbnet.com.br\\\/v2\\\/images\\\/postscript3.png\",\"datePublished\":\"2019-01-18T17:45:23+00:00\",\"breadcrumb\":{\"@id\":\"http:\\\/\\\/gbnet.com.br\\\/v3\\\/programacao-e-desenvolvimento-em-linguagem-post-script\\\/#breadcrumb\"},\"inLanguage\":\"pt-BR\",\"potentialAction\":[{\"@type\":\"ReadAction\",\"target\":[\"http:\\\/\\\/gbnet.com.br\\\/v3\\\/programacao-e-desenvolvimento-em-linguagem-post-script\\\/\"]}]},{\"@type\":\"ImageObject\",\"inLanguage\":\"pt-BR\",\"@id\":\"http:\\\/\\\/gbnet.com.br\\\/v3\\\/programacao-e-desenvolvimento-em-linguagem-post-script\\\/#primaryimage\",\"url\":\"http:\\\/\\\/www.gbnet.com.br\\\/v2\\\/images\\\/postscript3.png\",\"contentUrl\":\"http:\\\/\\\/www.gbnet.com.br\\\/v2\\\/images\\\/postscript3.png\"},{\"@type\":\"BreadcrumbList\",\"@id\":\"http:\\\/\\\/gbnet.com.br\\\/v3\\\/programacao-e-desenvolvimento-em-linguagem-post-script\\\/#breadcrumb\",\"itemListElement\":[{\"@type\":\"ListItem\",\"position\":1,\"name\":\"In\u00edcio\",\"item\":\"http:\\\/\\\/gbnet.com.br\\\/v3\\\/\"},{\"@type\":\"ListItem\",\"position\":2,\"name\":\"Programa\u00e7\u00e3o e Desenvolvimento em Linguagem Post Script\"}]},{\"@type\":\"WebSite\",\"@id\":\"http:\\\/\\\/gbnet.com.br\\\/v3\\\/#website\",\"url\":\"http:\\\/\\\/gbnet.com.br\\\/v3\\\/\",\"name\":\"\",\"description\":\"Transformamos dados em informa\u00e7\u00f5es - GB Network &amp; Print\",\"publisher\":{\"@id\":\"http:\\\/\\\/gbnet.com.br\\\/v3\\\/#organization\"},\"potentialAction\":[{\"@type\":\"SearchAction\",\"target\":{\"@type\":\"EntryPoint\",\"urlTemplate\":\"http:\\\/\\\/gbnet.com.br\\\/v3\\\/?s={search_term_string}\"},\"query-input\":{\"@type\":\"PropertyValueSpecification\",\"valueRequired\":true,\"valueName\":\"search_term_string\"}}],\"inLanguage\":\"pt-BR\"},{\"@type\":\"Organization\",\"@id\":\"http:\\\/\\\/gbnet.com.br\\\/v3\\\/#organization\",\"name\":\"GB Network & Print\",\"url\":\"http:\\\/\\\/gbnet.com.br\\\/v3\\\/\",\"logo\":{\"@type\":\"ImageObject\",\"inLanguage\":\"pt-BR\",\"@id\":\"http:\\\/\\\/gbnet.com.br\\\/v3\\\/#\\\/schema\\\/logo\\\/image\\\/\",\"url\":\"https:\\\/\\\/i0.wp.com\\\/gbnet.com.br\\\/v3\\\/wp-content\\\/uploads\\\/2018\\\/03\\\/logoGB-OK-e1521838575299.png?fit=120%2C122\",\"contentUrl\":\"https:\\\/\\\/i0.wp.com\\\/gbnet.com.br\\\/v3\\\/wp-content\\\/uploads\\\/2018\\\/03\\\/logoGB-OK-e1521838575299.png?fit=120%2C122\",\"width\":120,\"height\":122,\"caption\":\"GB Network & Print\"},\"image\":{\"@id\":\"http:\\\/\\\/gbnet.com.br\\\/v3\\\/#\\\/schema\\\/logo\\\/image\\\/\"}}]}<\/script>\n<!-- \/ Yoast SEO plugin. -->","yoast_head_json":{"title":"Programa\u00e7\u00e3o e Desenvolvimento em Linguagem Post Script -","robots":{"index":"index","follow":"follow","max-snippet":"max-snippet:-1","max-image-preview":"max-image-preview:large","max-video-preview":"max-video-preview:-1"},"canonical":"http:\/\/gbnet.com.br\/v3\/programacao-e-desenvolvimento-em-linguagem-post-script\/","og_locale":"pt_BR","og_type":"article","og_title":"Programa\u00e7\u00e3o e Desenvolvimento em Linguagem Post Script -","og_description":"A GB, pioneira e sem concorr\u00eancia em termos de mercado na \u00e1rea de impress\u00e3o eletr\u00f4nica, destaca-se na realiza\u00e7\u00e3o de servi\u00e7os onde adquire-se solu\u00e7\u00e3o de impress\u00e3o com qualidade e baixo custo. Tudo que a tecnologia nos permitir, unido \u00e0s necessidades do cliente. &nbsp; \u00a0Consultoria em programa\u00e7\u00e3o Post Script; \u00a0Convers\u00e3o em Post Script de logotipos gerados em &hellip;","og_url":"http:\/\/gbnet.com.br\/v3\/programacao-e-desenvolvimento-em-linguagem-post-script\/","og_image":[{"url":"http:\/\/www.gbnet.com.br\/v2\/images\/postscript3.png","type":"","width":"","height":""}],"twitter_card":"summary_large_image","twitter_misc":{"Est. tempo de leitura":"1 minuto"},"schema":{"@context":"https:\/\/schema.org","@graph":[{"@type":"WebPage","@id":"http:\/\/gbnet.com.br\/v3\/programacao-e-desenvolvimento-em-linguagem-post-script\/","url":"http:\/\/gbnet.com.br\/v3\/programacao-e-desenvolvimento-em-linguagem-post-script\/","name":"Programa\u00e7\u00e3o e Desenvolvimento em Linguagem Post Script -","isPartOf":{"@id":"http:\/\/gbnet.com.br\/v3\/#website"},"primaryImageOfPage":{"@id":"http:\/\/gbnet.com.br\/v3\/programacao-e-desenvolvimento-em-linguagem-post-script\/#primaryimage"},"image":{"@id":"http:\/\/gbnet.com.br\/v3\/programacao-e-desenvolvimento-em-linguagem-post-script\/#primaryimage"},"thumbnailUrl":"http:\/\/www.gbnet.com.br\/v2\/images\/postscript3.png","datePublished":"2019-01-18T17:45:23+00:00","breadcrumb":{"@id":"http:\/\/gbnet.com.br\/v3\/programacao-e-desenvolvimento-em-linguagem-post-script\/#breadcrumb"},"inLanguage":"pt-BR","potentialAction":[{"@type":"ReadAction","target":["http:\/\/gbnet.com.br\/v3\/programacao-e-desenvolvimento-em-linguagem-post-script\/"]}]},{"@type":"ImageObject","inLanguage":"pt-BR","@id":"http:\/\/gbnet.com.br\/v3\/programacao-e-desenvolvimento-em-linguagem-post-script\/#primaryimage","url":"http:\/\/www.gbnet.com.br\/v2\/images\/postscript3.png","contentUrl":"http:\/\/www.gbnet.com.br\/v2\/images\/postscript3.png"},{"@type":"BreadcrumbList","@id":"http:\/\/gbnet.com.br\/v3\/programacao-e-desenvolvimento-em-linguagem-post-script\/#breadcrumb","itemListElement":[{"@type":"ListItem","position":1,"name":"In\u00edcio","item":"http:\/\/gbnet.com.br\/v3\/"},{"@type":"ListItem","position":2,"name":"Programa\u00e7\u00e3o e Desenvolvimento em Linguagem Post Script"}]},{"@type":"WebSite","@id":"http:\/\/gbnet.com.br\/v3\/#website","url":"http:\/\/gbnet.com.br\/v3\/","name":"","description":"Transformamos dados em informa\u00e7\u00f5es - GB Network &amp; Print","publisher":{"@id":"http:\/\/gbnet.com.br\/v3\/#organization"},"potentialAction":[{"@type":"SearchAction","target":{"@type":"EntryPoint","urlTemplate":"http:\/\/gbnet.com.br\/v3\/?s={search_term_string}"},"query-input":{"@type":"PropertyValueSpecification","valueRequired":true,"valueName":"search_term_string"}}],"inLanguage":"pt-BR"},{"@type":"Organization","@id":"http:\/\/gbnet.com.br\/v3\/#organization","name":"GB Network & Print","url":"http:\/\/gbnet.com.br\/v3\/","logo":{"@type":"ImageObject","inLanguage":"pt-BR","@id":"http:\/\/gbnet.com.br\/v3\/#\/schema\/logo\/image\/","url":"https:\/\/i0.wp.com\/gbnet.com.br\/v3\/wp-content\/uploads\/2018\/03\/logoGB-OK-e1521838575299.png?fit=120%2C122","contentUrl":"https:\/\/i0.wp.com\/gbnet.com.br\/v3\/wp-content\/uploads\/2018\/03\/logoGB-OK-e1521838575299.png?fit=120%2C122","width":120,"height":122,"caption":"GB Network & Print"},"image":{"@id":"http:\/\/gbnet.com.br\/v3\/#\/schema\/logo\/image\/"}}]}},"jetpack_sharing_enabled":true,"jetpack_shortlink":"https:\/\/wp.me\/Pagaz2-u8","jetpack-related-posts":[{"id":1866,"url":"http:\/\/gbnet.com.br\/v3\/desenvolvimento-em-linguagem-pcl\/","url_meta":{"origin":1868,"position":0},"title":"Desenvolvimento em Linguagem PCL","author":"","date":false,"format":false,"excerpt":"A GB Network & Print \u00e9 a empresa Brasileira n\u00famero 1 no desenvolvimento de aplica\u00e7\u00f5es PCL para impressoras laser. Com mais de 17 anos mercado e profissionais com mais de 20 anos de conhecimento nessa linguagem, nossa empresa pode oferecer os seguintes servi\u00e7os: \u00a0Consultoria em programa\u00e7\u00e3o PCL; \u00a0Convers\u00e3o para PCL\u2026","rel":"","context":"Post similar","block_context":{"text":"Post similar","link":""},"img":{"alt_text":"","src":"https:\/\/i0.wp.com\/www.gbnet.com.br\/v2\/images\/PCL_diagram_small.png?resize=350%2C200","width":350,"height":200},"classes":[]},{"id":1492,"url":"http:\/\/gbnet.com.br\/v3\/dadosvariaveis\/","url_meta":{"origin":1868,"position":1},"title":"VDP","author":"","date":false,"format":false,"excerpt":"N\u00e3o importa qual sua necessidade com rela\u00e7\u00e3o gera\u00e7\u00e3o e impress\u00e3o de dados vari\u00e1veis. A GB Network & Print, pioneira e l\u00edder nesse segmento, tem a solu\u00e7\u00e3o que voc\u00ea procura: As solu\u00e7\u00f5es de VDP (Variable Data Print) visam a impress\u00e3o de documentos e formul\u00e1rios com dados vari\u00e1veis facilitando assim a comunica\u00e7\u00e3o\u2026","rel":"","context":"Post similar","block_context":{"text":"Post similar","link":""},"img":{"alt_text":"","src":"https:\/\/i0.wp.com\/www.gbnet.com.br\/v2\/images\/vdp_340x120.png?resize=350%2C200","width":350,"height":200},"classes":[]},{"id":1580,"url":"http:\/\/gbnet.com.br\/v3\/fontes-especiais\/","url_meta":{"origin":1868,"position":2},"title":"Fontes Especiais","author":"","date":false,"format":false,"excerpt":"Desenvolvimento de Fontes Especiais Com uma vasta experi\u00eancia em programa\u00e7\u00e3o PCL a GB oferece o desenvolvimento dos seguintes recursos: \u00a0Fontes especiais; \u00a0Fontes personalizadas; \u00a0Logotipos; \u00a0Assinaturas Eletr\u00f4nicas. Qualquer que seja a sua necessidade, independentemente do seu sistema, a GB ir\u00e1 desenvolver a fonte certa, para impress\u00e3o em equipamentos laser, com velocidade\u2026","rel":"","context":"Post similar","block_context":{"text":"Post similar","link":""},"img":{"alt_text":"","src":"https:\/\/i0.wp.com\/www.gbnet.com.br\/v2\/images\/fontesp_etiquetas_small.png?resize=350%2C200","width":350,"height":200},"classes":[]},{"id":1758,"url":"http:\/\/gbnet.com.br\/v3\/fontes-e-modulos-para-impressao-de-codigo-de-barras-1d-e-2-d\/","url_meta":{"origin":1868,"position":3},"title":"Fontes e m\u00f3dulos para impress\u00e3o de c\u00f3digo de barras 1D e 2 D","author":"","date":false,"format":false,"excerpt":"Para impress\u00e3o de c\u00f3digo de barras temos diversas solu\u00e7\u00f5es, fontes no padr\u00e3o TrueType ou PCL, m\u00f3dulos interno em impressoras ou externos que s\u00e3o acoplados na rede, Maquina Virtual para fazer essa convers\u00e3o usando a tecnologia BARDIMM e software de dados vari\u00e1veis. Entre em contato para entendermos melhor a sua necessidade\u2026","rel":"","context":"Post similar","block_context":{"text":"Post similar","link":""},"img":{"alt_text":"","src":"https:\/\/i0.wp.com\/gbnet.com.br\/v3\/wp-content\/uploads\/2018\/12\/Solu%C3%A7%C3%B5esCodigodeBarras2.fw_.png?resize=350%2C200","width":350,"height":200,"srcset":"https:\/\/i0.wp.com\/gbnet.com.br\/v3\/wp-content\/uploads\/2018\/12\/Solu%C3%A7%C3%B5esCodigodeBarras2.fw_.png?resize=350%2C200 1x, https:\/\/i0.wp.com\/gbnet.com.br\/v3\/wp-content\/uploads\/2018\/12\/Solu%C3%A7%C3%B5esCodigodeBarras2.fw_.png?resize=525%2C300 1.5x"},"classes":[]},{"id":2309,"url":"http:\/\/gbnet.com.br\/v3\/readypdf-software-para-otimizacao-de-documentos-pdf\/","url_meta":{"origin":1868,"position":4},"title":"ReadyPDF \u2013 Software para otimiza\u00e7\u00e3o de documentos PDF","author":"","date":false,"format":false,"excerpt":"ReadyPDF \u00e9 a mais recente inova\u00e7\u00e3o da Solimar, empresa americana l\u00edder em tratamento de dados, a qual a GB \u00e9 distribuidor no Brasil. Com o ReadyPDF voc\u00ea otimiza arquivos PDF para que sejam processados com mais efici\u00eancia, seja para envio por meio eletr\u00f4nico, arquivamento ou impress\u00e3o em produ\u00e7\u00e3o. O ReadyPDF\u2026","rel":"","context":"Post similar","block_context":{"text":"Post similar","link":""},"img":{"alt_text":"","src":"https:\/\/i0.wp.com\/gbnet.com.br\/v3\/wp-content\/uploads\/2021\/02\/ReadyPDF.png?resize=350%2C200","width":350,"height":200,"srcset":"https:\/\/i0.wp.com\/gbnet.com.br\/v3\/wp-content\/uploads\/2021\/02\/ReadyPDF.png?resize=350%2C200 1x, https:\/\/i0.wp.com\/gbnet.com.br\/v3\/wp-content\/uploads\/2021\/02\/ReadyPDF.png?resize=525%2C300 1.5x"},"classes":[]},{"id":1516,"url":"http:\/\/gbnet.com.br\/v3\/escapee\/","url_meta":{"origin":1868,"position":5},"title":"EscapeE","author":"","date":false,"format":false,"excerpt":"Al\u00e9m de checar a impress\u00e3o, com o\u00a0EscapeE\u00a0tamb\u00e9m \u00e9 poss\u00edvel compartilhar eletronicamente os arquivos PCL, extrair e exportar dados, re-imprimir partes de um documento e tamb\u00e9m convert\u00ea-lo para diversos formatos, como TIFF e PDF, para arquivamento, ou IMG e AFP, para impress\u00e3o em equipamentos de produ\u00e7\u00e3o Xerox e IBM. Criar um\u2026","rel":"","context":"Post similar","block_context":{"text":"Post similar","link":""},"img":{"alt_text":"","src":"https:\/\/i0.wp.com\/www.gbnet.com.br\/v2\/images\/logo_redtitan_72x60.png?resize=350%2C200","width":350,"height":200},"classes":[]}],"_links":{"self":[{"href":"http:\/\/gbnet.com.br\/v3\/wp-json\/wp\/v2\/pages\/1868","targetHints":{"allow":["GET"]}}],"collection":[{"href":"http:\/\/gbnet.com.br\/v3\/wp-json\/wp\/v2\/pages"}],"about":[{"href":"http:\/\/gbnet.com.br\/v3\/wp-json\/wp\/v2\/types\/page"}],"author":[{"embeddable":true,"href":"http:\/\/gbnet.com.br\/v3\/wp-json\/wp\/v2\/users\/1"}],"replies":[{"embeddable":true,"href":"http:\/\/gbnet.com.br\/v3\/wp-json\/wp\/v2\/comments?post=1868"}],"version-history":[{"count":1,"href":"http:\/\/gbnet.com.br\/v3\/wp-json\/wp\/v2\/pages\/1868\/revisions"}],"predecessor-version":[{"id":1869,"href":"http:\/\/gbnet.com.br\/v3\/wp-json\/wp\/v2\/pages\/1868\/revisions\/1869"}],"wp:attachment":[{"href":"http:\/\/gbnet.com.br\/v3\/wp-json\/wp\/v2\/media?parent=1868"}],"curies":[{"name":"wp","href":"https:\/\/api.w.org\/{rel}","templated":true}]}}