{"id":2206,"date":"2020-09-28T15:55:42","date_gmt":"2020-09-28T18:55:42","guid":{"rendered":"http:\/\/gbnet.com.br\/v3\/?page_id=2206"},"modified":"2021-11-12T08:50:54","modified_gmt":"2021-11-12T11:50:54","slug":"bardimm-solucao-para-impressao-de-codigo-de-barras-no-sap-windows-oracle-e-outros-erps","status":"publish","type":"page","link":"http:\/\/gbnet.com.br\/v3\/bardimm-solucao-para-impressao-de-codigo-de-barras-no-sap-windows-oracle-e-outros-erps\/","title":{"rendered":"BarDIMM solu\u00e7\u00e3o para impress\u00e3o de c\u00f3digo de barras no SAP, Windows, Oracle e outros ERPs"},"content":{"rendered":"\n<figure class=\"wp-block-gallery columns-1 is-cropped wp-block-gallery-1 is-layout-flex wp-block-gallery-is-layout-flex\"><ul class=\"blocks-gallery-grid\"><li class=\"blocks-gallery-item\"><figure><img data-recalc-dims=\"1\" loading=\"lazy\" decoding=\"async\" width=\"1024\" height=\"819\" data-attachment-id=\"2207\" data-permalink=\"http:\/\/gbnet.com.br\/v3\/bardimm-solucao-para-impressao-de-codigo-de-barras-no-sap-windows-oracle-e-outros-erps\/attachment\/barcode\/\" data-orig-file=\"https:\/\/i0.wp.com\/gbnet.com.br\/v3\/wp-content\/uploads\/2020\/09\/Barcode.jpg?fit=1477%2C1181\" data-orig-size=\"1477,1181\" data-comments-opened=\"1\" data-image-meta=\"{&quot;aperture&quot;:&quot;0&quot;,&quot;credit&quot;:&quot;&quot;,&quot;camera&quot;:&quot;&quot;,&quot;caption&quot;:&quot;&quot;,&quot;created_timestamp&quot;:&quot;0&quot;,&quot;copyright&quot;:&quot;&quot;,&quot;focal_length&quot;:&quot;0&quot;,&quot;iso&quot;:&quot;0&quot;,&quot;shutter_speed&quot;:&quot;0&quot;,&quot;title&quot;:&quot;&quot;,&quot;orientation&quot;:&quot;0&quot;}\" data-image-title=\"Barcode\" data-image-description=\"\" data-image-caption=\"\" data-large-file=\"https:\/\/i0.wp.com\/gbnet.com.br\/v3\/wp-content\/uploads\/2020\/09\/Barcode.jpg?fit=1024%2C819\" src=\"https:\/\/i0.wp.com\/gbnet.com.br\/v3\/wp-content\/uploads\/2020\/09\/Barcode.jpg?resize=1024%2C819\" alt=\"\" data-id=\"2207\" data-full-url=\"http:\/\/gbnet.com.br\/v3\/wp-content\/uploads\/2020\/09\/Barcode.jpg\" data-link=\"http:\/\/gbnet.com.br\/v3\/?attachment_id=2207\" class=\"wp-image-2207\" srcset=\"https:\/\/i0.wp.com\/gbnet.com.br\/v3\/wp-content\/uploads\/2020\/09\/Barcode.jpg?resize=1024%2C819 1024w, https:\/\/i0.wp.com\/gbnet.com.br\/v3\/wp-content\/uploads\/2020\/09\/Barcode.jpg?resize=300%2C240 300w, https:\/\/i0.wp.com\/gbnet.com.br\/v3\/wp-content\/uploads\/2020\/09\/Barcode.jpg?resize=768%2C614 768w, https:\/\/i0.wp.com\/gbnet.com.br\/v3\/wp-content\/uploads\/2020\/09\/Barcode.jpg?resize=540%2C432 540w, https:\/\/i0.wp.com\/gbnet.com.br\/v3\/wp-content\/uploads\/2020\/09\/Barcode.jpg?w=1477 1477w\" sizes=\"auto, (max-width: 1024px) 100vw, 1024px\" \/><\/figure><\/li><\/ul><\/figure>\n\n\n<p>As solu\u00e7\u00f5es Jetmobile BarDIMM Pro e BarDIMM Box s\u00e3o solu\u00e7\u00f5es de c\u00f3digos de barras inteligentes, independentes de plataforma, para impressoras a laser, copiadoras e impressoras a jato de tinta compat\u00edveis com PCL5. Permite imprimir c\u00f3digos de barras no SAP, Windows e outros ERPs com muita facilidade, sem usar nenhum middleware.<\/p>\n<p>O BarDIMM \u00e9 Plug &amp; Play com Windows e ERPs como SAP\u00ae.<\/p>\n<p>Essa solu\u00e7\u00e3o aprimora a linguagem de impress\u00e3o PCL5 de suas impressoras, adicionando toda a intelig\u00eancia de c\u00f3digo de barras necess\u00e1ria. A formata\u00e7\u00e3o do c\u00f3digo de barras, a colora\u00e7\u00e3o, o dimensionamento, a detec\u00e7\u00e3o de erros e o c\u00e1lculo da soma de verifica\u00e7\u00e3o s\u00e3o realizados pela intelig\u00eancia BarDIMM, reduzindo a carga no host, na rede e na impressora. Os c\u00f3digos de barras s\u00e3o impressos de forma perfeita e instant\u00e2nea em quase qualquer tamanho ou rota\u00e7\u00e3o, largura de barra e altura.<\/p>\n\n\n<div class=\"wp-block-image\"><figure class=\"alignright size-large\"><img data-recalc-dims=\"1\" loading=\"lazy\" decoding=\"async\" width=\"132\" height=\"134\" data-attachment-id=\"2212\" data-permalink=\"http:\/\/gbnet.com.br\/v3\/bardimm-solucao-para-impressao-de-codigo-de-barras-no-sap-windows-oracle-e-outros-erps\/attachment\/barcode-2d\/\" data-orig-file=\"https:\/\/i0.wp.com\/gbnet.com.br\/v3\/wp-content\/uploads\/2020\/09\/Barcode-2d.jpg?fit=132%2C134\" data-orig-size=\"132,134\" data-comments-opened=\"1\" data-image-meta=\"{&quot;aperture&quot;:&quot;0&quot;,&quot;credit&quot;:&quot;&quot;,&quot;camera&quot;:&quot;&quot;,&quot;caption&quot;:&quot;&quot;,&quot;created_timestamp&quot;:&quot;0&quot;,&quot;copyright&quot;:&quot;&quot;,&quot;focal_length&quot;:&quot;0&quot;,&quot;iso&quot;:&quot;0&quot;,&quot;shutter_speed&quot;:&quot;0&quot;,&quot;title&quot;:&quot;&quot;,&quot;orientation&quot;:&quot;0&quot;}\" data-image-title=\"Barcode-2d\" data-image-description=\"\" data-image-caption=\"\" data-large-file=\"https:\/\/i0.wp.com\/gbnet.com.br\/v3\/wp-content\/uploads\/2020\/09\/Barcode-2d.jpg?fit=132%2C134\" src=\"https:\/\/i0.wp.com\/gbnet.com.br\/v3\/wp-content\/uploads\/2020\/09\/Barcode-2d.jpg?resize=132%2C134\" alt=\"\" class=\"wp-image-2212\"\/><\/figure><\/div>\n\n\n\n<p>Com o BarDIMM sua impressora poder\u00e1 imprimir perfeitamente c\u00f3digos de barra 1D e 2D com alta qualidade e em alta velocidade. S\u00e3o mais de 80 tipos de c\u00f3digos de barras, desde os mais simples (EAN, GS1, Intercalado) at\u00e9 os mais complexos e recentes c\u00f3digos 2D (Qr-Code, PDF417, DataMatrix, etc).<\/p>\n\n\n\n<p>O BarDIMM est\u00e1 dispon\u00edvel em:<\/p>\n\n\n\n<ul class=\"wp-block-list\"><li>M\u00f3dulo Interno: compat\u00edvel com impressoras e multifuncionais laser ou inkjet HP<\/li><li>M\u00f3dulo Externo: compat\u00edvel com qualquer impressora ou multifuncional laser PCL5e.<\/li><\/ul>\n\n\n\n<p>Para mais informa\u00e7\u00f5es entre em contato conosco, somos distribuidor autorizado no Brasil<br><\/p>\n","protected":false},"excerpt":{"rendered":"<p>As solu\u00e7\u00f5es Jetmobile BarDIMM Pro e BarDIMM Box s\u00e3o solu\u00e7\u00f5es de c\u00f3digos de barras inteligentes, independentes de plataforma, para impressoras a laser, copiadoras e impressoras a jato de tinta compat\u00edveis com PCL5. Permite imprimir c\u00f3digos de barras no SAP, Windows e outros ERPs com muita facilidade, sem usar nenhum middleware. O BarDIMM \u00e9 Plug &amp; &hellip;<\/p>\n","protected":false},"author":1,"featured_media":0,"parent":0,"menu_order":0,"comment_status":"closed","ping_status":"closed","template":"","meta":{"_acf_changed":false,"jetpack_post_was_ever_published":false,"_joinchat":[],"footnotes":""},"class_list":["post-2206","page","type-page","status-publish","hentry"],"acf":[],"yoast_head":"<!-- This site is optimized with the Yoast SEO plugin v27.4 - https:\/\/yoast.com\/product\/yoast-seo-wordpress\/ -->\n<title>BarDIMM solu\u00e7\u00e3o para impress\u00e3o de c\u00f3digo de barras no SAP, Windows, Oracle e outros ERPs -<\/title>\n<meta name=\"robots\" content=\"index, follow, max-snippet:-1, max-image-preview:large, max-video-preview:-1\" \/>\n<link rel=\"canonical\" href=\"http:\/\/gbnet.com.br\/v3\/bardimm-solucao-para-impressao-de-codigo-de-barras-no-sap-windows-oracle-e-outros-erps\/\" \/>\n<meta property=\"og:locale\" content=\"pt_BR\" \/>\n<meta property=\"og:type\" content=\"article\" \/>\n<meta property=\"og:title\" content=\"BarDIMM solu\u00e7\u00e3o para impress\u00e3o de c\u00f3digo de barras no SAP, Windows, Oracle e outros ERPs -\" \/>\n<meta property=\"og:description\" content=\"As solu\u00e7\u00f5es Jetmobile BarDIMM Pro e BarDIMM Box s\u00e3o solu\u00e7\u00f5es de c\u00f3digos de barras inteligentes, independentes de plataforma, para impressoras a laser, copiadoras e impressoras a jato de tinta compat\u00edveis com PCL5. Permite imprimir c\u00f3digos de barras no SAP, Windows e outros ERPs com muita facilidade, sem usar nenhum middleware. O BarDIMM \u00e9 Plug &amp; &hellip;\" \/>\n<meta property=\"og:url\" content=\"http:\/\/gbnet.com.br\/v3\/bardimm-solucao-para-impressao-de-codigo-de-barras-no-sap-windows-oracle-e-outros-erps\/\" \/>\n<meta property=\"article:modified_time\" content=\"2021-11-12T11:50:54+00:00\" \/>\n<meta property=\"og:image\" content=\"http:\/\/gbnet.com.br\/v3\/wp-content\/uploads\/2020\/09\/Barcode-1024x819.jpg\" \/>\n<meta name=\"twitter:card\" content=\"summary_large_image\" \/>\n<meta name=\"twitter:label1\" content=\"Est. tempo de leitura\" \/>\n\t<meta name=\"twitter:data1\" content=\"2 minutos\" \/>\n<script type=\"application\/ld+json\" class=\"yoast-schema-graph\">{\"@context\":\"https:\\\/\\\/schema.org\",\"@graph\":[{\"@type\":\"WebPage\",\"@id\":\"http:\\\/\\\/gbnet.com.br\\\/v3\\\/bardimm-solucao-para-impressao-de-codigo-de-barras-no-sap-windows-oracle-e-outros-erps\\\/\",\"url\":\"http:\\\/\\\/gbnet.com.br\\\/v3\\\/bardimm-solucao-para-impressao-de-codigo-de-barras-no-sap-windows-oracle-e-outros-erps\\\/\",\"name\":\"BarDIMM solu\u00e7\u00e3o para impress\u00e3o de c\u00f3digo de barras no SAP, Windows, Oracle e outros ERPs -\",\"isPartOf\":{\"@id\":\"http:\\\/\\\/gbnet.com.br\\\/v3\\\/#website\"},\"primaryImageOfPage\":{\"@id\":\"http:\\\/\\\/gbnet.com.br\\\/v3\\\/bardimm-solucao-para-impressao-de-codigo-de-barras-no-sap-windows-oracle-e-outros-erps\\\/#primaryimage\"},\"image\":{\"@id\":\"http:\\\/\\\/gbnet.com.br\\\/v3\\\/bardimm-solucao-para-impressao-de-codigo-de-barras-no-sap-windows-oracle-e-outros-erps\\\/#primaryimage\"},\"thumbnailUrl\":\"http:\\\/\\\/gbnet.com.br\\\/v3\\\/wp-content\\\/uploads\\\/2020\\\/09\\\/Barcode-1024x819.jpg\",\"datePublished\":\"2020-09-28T18:55:42+00:00\",\"dateModified\":\"2021-11-12T11:50:54+00:00\",\"breadcrumb\":{\"@id\":\"http:\\\/\\\/gbnet.com.br\\\/v3\\\/bardimm-solucao-para-impressao-de-codigo-de-barras-no-sap-windows-oracle-e-outros-erps\\\/#breadcrumb\"},\"inLanguage\":\"pt-BR\",\"potentialAction\":[{\"@type\":\"ReadAction\",\"target\":[\"http:\\\/\\\/gbnet.com.br\\\/v3\\\/bardimm-solucao-para-impressao-de-codigo-de-barras-no-sap-windows-oracle-e-outros-erps\\\/\"]}]},{\"@type\":\"ImageObject\",\"inLanguage\":\"pt-BR\",\"@id\":\"http:\\\/\\\/gbnet.com.br\\\/v3\\\/bardimm-solucao-para-impressao-de-codigo-de-barras-no-sap-windows-oracle-e-outros-erps\\\/#primaryimage\",\"url\":\"https:\\\/\\\/i0.wp.com\\\/gbnet.com.br\\\/v3\\\/wp-content\\\/uploads\\\/2020\\\/09\\\/Barcode.jpg?fit=1477%2C1181\",\"contentUrl\":\"https:\\\/\\\/i0.wp.com\\\/gbnet.com.br\\\/v3\\\/wp-content\\\/uploads\\\/2020\\\/09\\\/Barcode.jpg?fit=1477%2C1181\",\"width\":1477,\"height\":1181},{\"@type\":\"BreadcrumbList\",\"@id\":\"http:\\\/\\\/gbnet.com.br\\\/v3\\\/bardimm-solucao-para-impressao-de-codigo-de-barras-no-sap-windows-oracle-e-outros-erps\\\/#breadcrumb\",\"itemListElement\":[{\"@type\":\"ListItem\",\"position\":1,\"name\":\"In\u00edcio\",\"item\":\"http:\\\/\\\/gbnet.com.br\\\/v3\\\/\"},{\"@type\":\"ListItem\",\"position\":2,\"name\":\"BarDIMM solu\u00e7\u00e3o para impress\u00e3o de c\u00f3digo de barras no SAP, Windows, Oracle e outros ERPs\"}]},{\"@type\":\"WebSite\",\"@id\":\"http:\\\/\\\/gbnet.com.br\\\/v3\\\/#website\",\"url\":\"http:\\\/\\\/gbnet.com.br\\\/v3\\\/\",\"name\":\"\",\"description\":\"Transformamos dados em informa\u00e7\u00f5es - GB Network &amp; Print\",\"publisher\":{\"@id\":\"http:\\\/\\\/gbnet.com.br\\\/v3\\\/#organization\"},\"potentialAction\":[{\"@type\":\"SearchAction\",\"target\":{\"@type\":\"EntryPoint\",\"urlTemplate\":\"http:\\\/\\\/gbnet.com.br\\\/v3\\\/?s={search_term_string}\"},\"query-input\":{\"@type\":\"PropertyValueSpecification\",\"valueRequired\":true,\"valueName\":\"search_term_string\"}}],\"inLanguage\":\"pt-BR\"},{\"@type\":\"Organization\",\"@id\":\"http:\\\/\\\/gbnet.com.br\\\/v3\\\/#organization\",\"name\":\"GB Network & Print\",\"url\":\"http:\\\/\\\/gbnet.com.br\\\/v3\\\/\",\"logo\":{\"@type\":\"ImageObject\",\"inLanguage\":\"pt-BR\",\"@id\":\"http:\\\/\\\/gbnet.com.br\\\/v3\\\/#\\\/schema\\\/logo\\\/image\\\/\",\"url\":\"https:\\\/\\\/i0.wp.com\\\/gbnet.com.br\\\/v3\\\/wp-content\\\/uploads\\\/2018\\\/03\\\/logoGB-OK-e1521838575299.png?fit=120%2C122\",\"contentUrl\":\"https:\\\/\\\/i0.wp.com\\\/gbnet.com.br\\\/v3\\\/wp-content\\\/uploads\\\/2018\\\/03\\\/logoGB-OK-e1521838575299.png?fit=120%2C122\",\"width\":120,\"height\":122,\"caption\":\"GB Network & Print\"},\"image\":{\"@id\":\"http:\\\/\\\/gbnet.com.br\\\/v3\\\/#\\\/schema\\\/logo\\\/image\\\/\"}}]}<\/script>\n<!-- \/ Yoast SEO plugin. -->","yoast_head_json":{"title":"BarDIMM solu\u00e7\u00e3o para impress\u00e3o de c\u00f3digo de barras no SAP, Windows, Oracle e outros ERPs -","robots":{"index":"index","follow":"follow","max-snippet":"max-snippet:-1","max-image-preview":"max-image-preview:large","max-video-preview":"max-video-preview:-1"},"canonical":"http:\/\/gbnet.com.br\/v3\/bardimm-solucao-para-impressao-de-codigo-de-barras-no-sap-windows-oracle-e-outros-erps\/","og_locale":"pt_BR","og_type":"article","og_title":"BarDIMM solu\u00e7\u00e3o para impress\u00e3o de c\u00f3digo de barras no SAP, Windows, Oracle e outros ERPs -","og_description":"As solu\u00e7\u00f5es Jetmobile BarDIMM Pro e BarDIMM Box s\u00e3o solu\u00e7\u00f5es de c\u00f3digos de barras inteligentes, independentes de plataforma, para impressoras a laser, copiadoras e impressoras a jato de tinta compat\u00edveis com PCL5. Permite imprimir c\u00f3digos de barras no SAP, Windows e outros ERPs com muita facilidade, sem usar nenhum middleware. O BarDIMM \u00e9 Plug &amp; &hellip;","og_url":"http:\/\/gbnet.com.br\/v3\/bardimm-solucao-para-impressao-de-codigo-de-barras-no-sap-windows-oracle-e-outros-erps\/","article_modified_time":"2021-11-12T11:50:54+00:00","og_image":[{"url":"http:\/\/gbnet.com.br\/v3\/wp-content\/uploads\/2020\/09\/Barcode-1024x819.jpg","type":"","width":"","height":""}],"twitter_card":"summary_large_image","twitter_misc":{"Est. tempo de leitura":"2 minutos"},"schema":{"@context":"https:\/\/schema.org","@graph":[{"@type":"WebPage","@id":"http:\/\/gbnet.com.br\/v3\/bardimm-solucao-para-impressao-de-codigo-de-barras-no-sap-windows-oracle-e-outros-erps\/","url":"http:\/\/gbnet.com.br\/v3\/bardimm-solucao-para-impressao-de-codigo-de-barras-no-sap-windows-oracle-e-outros-erps\/","name":"BarDIMM solu\u00e7\u00e3o para impress\u00e3o de c\u00f3digo de barras no SAP, Windows, Oracle e outros ERPs -","isPartOf":{"@id":"http:\/\/gbnet.com.br\/v3\/#website"},"primaryImageOfPage":{"@id":"http:\/\/gbnet.com.br\/v3\/bardimm-solucao-para-impressao-de-codigo-de-barras-no-sap-windows-oracle-e-outros-erps\/#primaryimage"},"image":{"@id":"http:\/\/gbnet.com.br\/v3\/bardimm-solucao-para-impressao-de-codigo-de-barras-no-sap-windows-oracle-e-outros-erps\/#primaryimage"},"thumbnailUrl":"http:\/\/gbnet.com.br\/v3\/wp-content\/uploads\/2020\/09\/Barcode-1024x819.jpg","datePublished":"2020-09-28T18:55:42+00:00","dateModified":"2021-11-12T11:50:54+00:00","breadcrumb":{"@id":"http:\/\/gbnet.com.br\/v3\/bardimm-solucao-para-impressao-de-codigo-de-barras-no-sap-windows-oracle-e-outros-erps\/#breadcrumb"},"inLanguage":"pt-BR","potentialAction":[{"@type":"ReadAction","target":["http:\/\/gbnet.com.br\/v3\/bardimm-solucao-para-impressao-de-codigo-de-barras-no-sap-windows-oracle-e-outros-erps\/"]}]},{"@type":"ImageObject","inLanguage":"pt-BR","@id":"http:\/\/gbnet.com.br\/v3\/bardimm-solucao-para-impressao-de-codigo-de-barras-no-sap-windows-oracle-e-outros-erps\/#primaryimage","url":"https:\/\/i0.wp.com\/gbnet.com.br\/v3\/wp-content\/uploads\/2020\/09\/Barcode.jpg?fit=1477%2C1181","contentUrl":"https:\/\/i0.wp.com\/gbnet.com.br\/v3\/wp-content\/uploads\/2020\/09\/Barcode.jpg?fit=1477%2C1181","width":1477,"height":1181},{"@type":"BreadcrumbList","@id":"http:\/\/gbnet.com.br\/v3\/bardimm-solucao-para-impressao-de-codigo-de-barras-no-sap-windows-oracle-e-outros-erps\/#breadcrumb","itemListElement":[{"@type":"ListItem","position":1,"name":"In\u00edcio","item":"http:\/\/gbnet.com.br\/v3\/"},{"@type":"ListItem","position":2,"name":"BarDIMM solu\u00e7\u00e3o para impress\u00e3o de c\u00f3digo de barras no SAP, Windows, Oracle e outros ERPs"}]},{"@type":"WebSite","@id":"http:\/\/gbnet.com.br\/v3\/#website","url":"http:\/\/gbnet.com.br\/v3\/","name":"","description":"Transformamos dados em informa\u00e7\u00f5es - GB Network &amp; Print","publisher":{"@id":"http:\/\/gbnet.com.br\/v3\/#organization"},"potentialAction":[{"@type":"SearchAction","target":{"@type":"EntryPoint","urlTemplate":"http:\/\/gbnet.com.br\/v3\/?s={search_term_string}"},"query-input":{"@type":"PropertyValueSpecification","valueRequired":true,"valueName":"search_term_string"}}],"inLanguage":"pt-BR"},{"@type":"Organization","@id":"http:\/\/gbnet.com.br\/v3\/#organization","name":"GB Network & Print","url":"http:\/\/gbnet.com.br\/v3\/","logo":{"@type":"ImageObject","inLanguage":"pt-BR","@id":"http:\/\/gbnet.com.br\/v3\/#\/schema\/logo\/image\/","url":"https:\/\/i0.wp.com\/gbnet.com.br\/v3\/wp-content\/uploads\/2018\/03\/logoGB-OK-e1521838575299.png?fit=120%2C122","contentUrl":"https:\/\/i0.wp.com\/gbnet.com.br\/v3\/wp-content\/uploads\/2018\/03\/logoGB-OK-e1521838575299.png?fit=120%2C122","width":120,"height":122,"caption":"GB Network & Print"},"image":{"@id":"http:\/\/gbnet.com.br\/v3\/#\/schema\/logo\/image\/"}}]}},"jetpack_sharing_enabled":true,"jetpack_shortlink":"https:\/\/wp.me\/Pagaz2-zA","jetpack-related-posts":[{"id":1562,"url":"http:\/\/gbnet.com.br\/v3\/codigo-de-barras-postnet\/","url_meta":{"origin":2206,"position":0},"title":"C\u00f3digo de barras PostNet","author":"","date":false,"format":false,"excerpt":"POSTNET O c\u00f3digo de barras utilizado mundialmente para a postagem de correspond\u00eancias. Recentemente o Correio Brasileiro adotou o uso deste modelo. Solu\u00e7\u00f5es GB para gera\u00e7\u00e3o e impress\u00e3o do C\u00f3digo de Barras Modelo POSTNET 1. Fontes de c\u00f3digo de barras nos formatos: Windows Truetype (TTF) com ou sem convers\u00e3o via DLL;\u2026","rel":"","context":"Post similar","block_context":{"text":"Post similar","link":""},"img":{"alt_text":"codigo de barras correios, c\u00f3digos de barras, c\u00f3digo de barras, Post Net, Correios, Postnet, c\u00f3digo de barras dos Correios, barcode postnet, barcode correios","src":"https:\/\/i0.wp.com\/www.gbnet.com.br\/v2\/images\/fonte_cepnet_postnet_codigo_barras_correios_true_type_gbnet_380.fw.png?resize=350%2C200","width":350,"height":200},"classes":[]},{"id":1572,"url":"http:\/\/gbnet.com.br\/v3\/codigo-de-barras-pdf-417\/","url_meta":{"origin":2206,"position":1},"title":"C\u00f3digo de Barras PDF 417","author":"","date":false,"format":false,"excerpt":"PDF-417 A nova fonte de c\u00f3digo de barras PDF 417 apresenta uma grande vantagem por sua capacidade de impress\u00e3o bidimensional e a possibilidade de trabalhar com at\u00e9 1000 caracteres em uma \u00e1rea de impress\u00e3o pequena, aproximadamente 24mm x 61mm. Dispon\u00edvel para MS Windows, UNIX e outros sistemas operacionais; nos padr\u00f5es\u2026","rel":"","context":"Post similar","block_context":{"text":"Post similar","link":""},"img":{"alt_text":"codigo de barras pdf417, c\u00f3digos de barras pdf 417, c\u00f3digo de barras 2d, EAN, pdf 417, barcode bidimensional, c\u00f3digo de barras 2, PDF 417, fonts, fonte PCL, fonte truetype","src":"https:\/\/i0.wp.com\/www.gbnet.com.br\/v2\/images\/barcode_pdf417.png?resize=350%2C200","width":350,"height":200},"classes":[]},{"id":1707,"url":"http:\/\/gbnet.com.br\/v3\/modulos-para-impressao-de-codigo-de-barras\/","url_meta":{"origin":2206,"position":2},"title":"M\u00f3dulos para impress\u00e3o de C\u00f3digo de Barras","author":"","date":false,"format":false,"excerpt":"A solu\u00e7\u00e3o de m\u00f3dulos para impress\u00e3o de c\u00f3digo de barras, distribuida no Brasil pela GB Network & Print, \u00e9 o caminho mais f\u00e1cil e rent\u00e1vel para produzir etiquetas de alta qualidade com c\u00f3digos de barras ou documentos que contenham um ou mais tipos diferentes de c\u00f3digo de barras. M\u00f3dulo interno:\u2026","rel":"","context":"Post similar","block_context":{"text":"Post similar","link":""},"img":{"alt_text":"BarcodeJet Bardimm SAP","src":"https:\/\/i0.wp.com\/www.gbnet.com.br\/v2\/images\/barcodejet_interno.jpg?resize=350%2C200","width":350,"height":200},"classes":[]},{"id":1556,"url":"http:\/\/gbnet.com.br\/v3\/codigo-de-barras-ean-13-gs1-13\/","url_meta":{"origin":2206,"position":3},"title":"C\u00f3digo de Barras Ean 13 \/ GS1 13","author":"","date":false,"format":false,"excerpt":"EAN\/UPC 13 A estrutura deste s\u00edmbolo, utilizado para codifica\u00e7\u00e3o de produtos de bens de consumo, segue a seguinte ordem: os dois ou tr\u00eas primeiros d\u00edgitos representam o pa\u00eds de origem. No caso do Brasil \u00e9 789; os quatro ou cinco d\u00edgitos seguintes identificam a empresa; mais quatro ou cinco d\u00edgitos\u2026","rel":"","context":"Post similar","block_context":{"text":"Post similar","link":""},"img":{"alt_text":"comprar fonte ean 13 gs1","src":"https:\/\/i0.wp.com\/gbnet.com.br\/v2\/comprar-2.png?resize=350%2C200","width":350,"height":200},"classes":[]},{"id":1549,"url":"http:\/\/gbnet.com.br\/v3\/codigo-de-barras-code-128-gs1-128\/","url_meta":{"origin":2206,"position":4},"title":"C\u00f3digo de Barras Code 128 \/ GS1-128","author":"","date":false,"format":false,"excerpt":"Fonte de c\u00f3digo de barras GS1 128 \u00e9 tamb\u00e9m conhecido como EAN 128, UPC 128 ou CODE 128. Formatos Windows Truetype (TTF), PCL Laser Jet fonts, compat\u00edveis com impressoras laser PCL5, Postscript","rel":"","context":"Post similar","block_context":{"text":"Post similar","link":""},"img":{"alt_text":"comprar fonte ean 128 gs1","src":"https:\/\/i0.wp.com\/gbnet.com.br\/v2\/comprar-2.png?resize=350%2C200","width":350,"height":200},"classes":[]},{"id":1551,"url":"http:\/\/gbnet.com.br\/v3\/codigo-de-barras-code-39-codigo-3-de-9\/","url_meta":{"origin":2206,"position":5},"title":"C\u00f3digo de Barras Code 39 \/ C\u00f3digo 3 de 9","author":"","date":false,"format":false,"excerpt":"CODE 39 Tamb\u00e9m chamado de CODE 3 0F 9 ou LOGMARS. O c\u00f3digo de barras CODE 39 \u00e9 utilizado geralmente em etiquetas na \u00e1rea de invent\u00e1rios e aplica\u00e7\u00f5es industriais. Alfanum\u00e9rico e de f\u00e1cil utiliza\u00e7\u00e3o, foi projetado sem a necessidade do c\u00e1lculo do d\u00edgito verificador. A Fonte da GB, tanto TTF\u2026","rel":"","context":"Post similar","block_context":{"text":"Post similar","link":""},"img":{"alt_text":"codigo de barras code39, c\u00f3digos de barras code 39, c\u00f3digo de barras, EAN,CODE 3 0F 9, LOGMARS, code 39, c\u00f3digo de barras code 39, fonts, fonte PCL, fonte truetype, xerox","src":"https:\/\/i0.wp.com\/www.gbnet.com.br\/v2\/fonte_code_39_codigo_barras_true_type_gbnet_380.fw.png?resize=350%2C200","width":350,"height":200},"classes":[]}],"_links":{"self":[{"href":"http:\/\/gbnet.com.br\/v3\/wp-json\/wp\/v2\/pages\/2206","targetHints":{"allow":["GET"]}}],"collection":[{"href":"http:\/\/gbnet.com.br\/v3\/wp-json\/wp\/v2\/pages"}],"about":[{"href":"http:\/\/gbnet.com.br\/v3\/wp-json\/wp\/v2\/types\/page"}],"author":[{"embeddable":true,"href":"http:\/\/gbnet.com.br\/v3\/wp-json\/wp\/v2\/users\/1"}],"replies":[{"embeddable":true,"href":"http:\/\/gbnet.com.br\/v3\/wp-json\/wp\/v2\/comments?post=2206"}],"version-history":[{"count":5,"href":"http:\/\/gbnet.com.br\/v3\/wp-json\/wp\/v2\/pages\/2206\/revisions"}],"predecessor-version":[{"id":2424,"href":"http:\/\/gbnet.com.br\/v3\/wp-json\/wp\/v2\/pages\/2206\/revisions\/2424"}],"wp:attachment":[{"href":"http:\/\/gbnet.com.br\/v3\/wp-json\/wp\/v2\/media?parent=2206"}],"curies":[{"name":"wp","href":"https:\/\/api.w.org\/{rel}","templated":true}]}}